{"id":22910,"date":"2022-10-24T16:18:38","date_gmt":"2022-10-24T16:18:38","guid":{"rendered":"http:\/\/www.sakababeauty.com\/?post_type=product&#038;p=22910"},"modified":"2024-08-19T03:40:03","modified_gmt":"2024-08-19T03:40:03","slug":"fenty-beauty-pro-filtr-instant-retouch-setting-powder","status":"publish","type":"product","link":"https:\/\/sakaba.mghosteur.com\/en\/product\/fenty-beauty-pro-filtr-instant-retouch-setting-powder\/","title":{"rendered":"Fenty Beauty Pro Filt&#8217;r Instant Retouch Setting Powder"},"content":{"rendered":"<p>Une poudre libre ultra-fine et l\u00e9g\u00e8re, propos\u00e9e en 8 teintes transparentes pour parfaire et prolonger la tenue du maquillage, pour un fini filtr\u00e9 et pr\u00eat \u00e0 photographier.<\/p>\n<p>Lorsque l&#8217;apparence est le ma\u00eetre mot, votre maquillage doit pouvoir suivre. D\u00e9couvrez la poudre fixatrice Pro Filt&#8217;r Instant Retouch&nbsp;: cette poudre libre ultra-fine et incroyablement soyeuse fixe et prolonge la tenue du maquillage, agissant toute la journ\u00e9e pour estomper l&#8217;apparence des pores, des ridules et des imperfections pour un filtre ultra-lisse qui n&#8217;est pas venu jouer&nbsp;\u2014 alors, place aux paparazzis.<\/p>\n<p>Le meilleur dans tout \u00e7a&nbsp;? Rihanna \u00e9tait obs\u00e9d\u00e9e par la cr\u00e9ation d&#8217;une poudre fixatrice pour tout le monde qui ne se retournerait pas, alors Pro Filt&#8217;r est n\u00e9e en 8 teintes polyvalentes pour se fondre dans votre teint unique, vous permettant de fixer, de parfaire et d&#8217;illuminer sans laisser de trace. Et avec son m\u00e9lange l\u00e9ger comme l&#8217;air de poudres matifiantes qui ne s&#8217;agglutinent pas et ne se d\u00e9posent pas, Pro Filt&#8217;r minimise la brillance tout en laissant la peau ressembler \u00e0 de la peau. Vous pouvez ainsi, pour une fois, obtenir un fini mat, uniforme et conserver votre finition photo pr\u00eate.<\/p>","protected":false},"excerpt":{"rendered":"<p>Une poudre libre ultra-fine et l\u00e9g\u00e8re, propos\u00e9e en 8 teintes transparentes pour parfaire et prolonger la tenue du maquillage, pour un fini filtr\u00e9 et pr\u00eat \u00e0 photographier. Lorsque l&#8217;apparence est le ma\u00eetre mot, votre maquillage doit pouvoir suivre. D\u00e9couvrez la poudre fixatrice Pro Filt&#8217;r Instant Retouch&nbsp;: cette poudre libre ultra-fine et incroyablement soyeuse fixe et<span class=\"read-more-faq\"><a href=\"https:\/\/sakaba.mghosteur.com\/en\/product\/fenty-beauty-pro-filtr-instant-retouch-setting-powder\/\">Read More<\/a><\/span><\/p>","protected":false},"featured_media":0,"comment_status":"open","ping_status":"closed","template":"","meta":[],"product_brand":[],"product_cat":[289,311],"product_tag":[],"class_list":{"0":"post-22910","1":"product","2":"type-product","3":"status-publish","5":"product_cat-aaa-maquillage","6":"product_cat-teint","8":"first","9":"instock","10":"shipping-taxable","11":"product-type-variable"},"jetpack-related-posts":[{"id":34593,"url":"https:\/\/sakaba.mghosteur.com\/en\/product\/fenty-invisimatte-poudre-fixatrice-matifiante\/","url_meta":{"origin":22910,"position":0},"title":"FENTY INVISIMATTE POUDRE FIXATRICE MATIFIANTE","author":"admin","date":"May 29, 2024","format":false,"excerpt":"Ce matifiant instantan\u00e9 est devenu encore meilleur : une poudre de finition universelle rechargeable qui estompe l'apparence des pores, absorbe la brillance et prolonge la tenue du maquillage toute la journ\u00e9e. Description: Teinte universelle pour toutes les carnations Pas de flashback ni d'effet p\u00e2teux Fini mat naturel et prolonge la\u2026","rel":"","context":"Similar post","block_context":{"text":"Similar post","link":""},"img":{"alt_text":"","src":"","width":0,"height":0},"classes":[]},{"id":22992,"url":"https:\/\/sakaba.mghosteur.com\/en\/product\/fenty-beauty-pro-filtr-soft-matte-longwear-foundation\/","url_meta":{"origin":22910,"position":1},"title":"Fenty Beauty Pro Filt&#8217;r Soft Matte Longwear Foundation","author":"admin","date":"October 25, 2022","format":false,"excerpt":"Le fond de teint prim\u00e9 qui a chang\u00e9 la donne pour toujours, d\u00e9sormais disponible en poudre longue tenue, l\u00e9g\u00e8re comme l'air, pour une couvrance l\u00e9g\u00e8re \u00e0 totale dans un fini mat doux et non p\u00e2teux. C'est rapide, impeccable et facile. Description; Longue tenue, l\u00e9g\u00e8re comme l'air, sans effet flashback Complexe\u2026","rel":"","context":"Similar post","block_context":{"text":"Similar post","link":""},"img":{"alt_text":"","src":"","width":0,"height":0},"classes":[]},{"id":34542,"url":"https:\/\/sakaba.mghosteur.com\/en\/product\/fenty-fond-de-teint-poudre-mat-255\/","url_meta":{"origin":22910,"position":2},"title":"FENTY FOND DE TEINT POUDRE MAT","author":"admin","date":"May 29, 2024","format":false,"excerpt":"LUMI\u00c8RE CONSTRUCTIBLE POUR UNE COUVERTURE COMPL\u00c8TE POUR TOUS. LONGUE TENUE, L\u00c9G\u00c8RE COMME L'AIR, INFROISSABLE. Donne-le-moi vite : Le fond de teint prim\u00e9 qui a chang\u00e9 la donne pour toujours, maintenant dans une poudre longue tenue l\u00e9g\u00e8re comme l'air pour offrir une couvrance l\u00e9g\u00e8re \u00e0 compl\u00e8te dans un fini mat doux\u2026","rel":"","context":"Similar post","block_context":{"text":"Similar post","link":""},"img":{"alt_text":"","src":"","width":0,"height":0},"classes":[]},{"id":23075,"url":"https:\/\/sakaba.mghosteur.com\/en\/product\/fenty-beauty-pro-filtr-soft-matte-longwear-foundation-2\/","url_meta":{"origin":22910,"position":3},"title":"Fenty Beauty Pro Filt&#8217;r Soft Matte Longwear Foundation","author":"admin","date":"October 25, 2022","format":false,"excerpt":"D\u00e9couvrez le fond de teint Pro Filt\u2019r Soft Matte Longwear de Fenty Beauty, le choix parfait pour un teint frais et mat tout au long de la journ\u00e9e et de la nuit. Avec sa technologie adaptative au climat, ce fond de teint r\u00e9siste \u00e0 la chaleur, la sueur et les\u2026","rel":"","context":"Similar post","block_context":{"text":"Similar post","link":""},"img":{"alt_text":"","src":"","width":0,"height":0},"classes":[]},{"id":23069,"url":"https:\/\/sakaba.mghosteur.com\/en\/product\/dermablend-poudre-fixatrice-libre\/","url_meta":{"origin":22910,"position":4},"title":"DERMABLEND POUDRE FIXATRICE LIBRE","author":"admin","date":"October 25, 2022","format":false,"excerpt":"","rel":"","context":"Similar post","block_context":{"text":"Similar post","link":""},"img":{"alt_text":"","src":"","width":0,"height":0},"classes":[]},{"id":33854,"url":"https:\/\/sakaba.mghosteur.com\/en\/product\/becca-poudre-de-finition-et-de-retouche-hydra-mist\/","url_meta":{"origin":22910,"position":5},"title":"BECCA POUDRE DE FINITION ET DE RETOUCHE HYDRA MIST","author":"admin","date":"May 23, 2024","format":false,"excerpt":"","rel":"","context":"Similar post","block_context":{"text":"Similar post","link":""},"img":{"alt_text":"","src":"","width":0,"height":0},"classes":[]}],"_links":{"self":[{"href":"https:\/\/sakaba.mghosteur.com\/en\/wp-json\/wp\/v2\/product\/22910","targetHints":{"allow":["GET"]}}],"collection":[{"href":"https:\/\/sakaba.mghosteur.com\/en\/wp-json\/wp\/v2\/product"}],"about":[{"href":"https:\/\/sakaba.mghosteur.com\/en\/wp-json\/wp\/v2\/types\/product"}],"replies":[{"embeddable":true,"href":"https:\/\/sakaba.mghosteur.com\/en\/wp-json\/wp\/v2\/comments?post=22910"}],"version-history":[{"count":0,"href":"https:\/\/sakaba.mghosteur.com\/en\/wp-json\/wp\/v2\/product\/22910\/revisions"}],"wp:attachment":[{"href":"https:\/\/sakaba.mghosteur.com\/en\/wp-json\/wp\/v2\/media?parent=22910"}],"wp:term":[{"taxonomy":"product_brand","embeddable":true,"href":"https:\/\/sakaba.mghosteur.com\/en\/wp-json\/wp\/v2\/product_brand?post=22910"},{"taxonomy":"product_cat","embeddable":true,"href":"https:\/\/sakaba.mghosteur.com\/en\/wp-json\/wp\/v2\/product_cat?post=22910"},{"taxonomy":"product_tag","embeddable":true,"href":"https:\/\/sakaba.mghosteur.com\/en\/wp-json\/wp\/v2\/product_tag?post=22910"}],"curies":[{"name":"wp","href":"https:\/\/api.w.org\/{rel}","templated":true}]}}