{"id":22948,"date":"2022-10-25T10:36:26","date_gmt":"2022-10-25T10:36:26","guid":{"rendered":"http:\/\/www.sakababeauty.com\/?post_type=product&#038;p=22948"},"modified":"2024-06-06T16:59:16","modified_gmt":"2024-06-06T16:59:16","slug":"ake-up-for-ever-ultra-hd-fond-de-teint-foundation","status":"publish","type":"product","link":"https:\/\/sakaba.mghosteur.com\/en\/product\/ake-up-for-ever-ultra-hd-fond-de-teint-foundation\/","title":{"rendered":"ake Up For Ever Ultra Hd Fond de teint Foundation"},"content":{"rendered":"","protected":false},"excerpt":{"rendered":"","protected":false},"featured_media":0,"comment_status":"open","ping_status":"closed","template":"","meta":[],"product_brand":[],"product_cat":[289,311],"product_tag":[],"class_list":{"0":"post-22948","1":"product","2":"type-product","3":"status-publish","5":"product_cat-aaa-maquillage","6":"product_cat-teint","8":"first","9":"instock","10":"shipping-taxable","11":"product-type-variable"},"jetpack-related-posts":[{"id":34992,"url":"https:\/\/sakaba.mghosteur.com\/en\/product\/nars-natural-radiant-longwear-foundation-cadiz\/","url_meta":{"origin":22948,"position":0},"title":"NARS NATURAL RADIANT LONGWEAR FOUNDATION CADIZ","author":"admin","date":"June 5, 2024","format":false,"excerpt":"Il y a la tenue longue dur\u00e9e. Et puis il y a la tenue intense. Voici le premier fond de teint NARS qui tient 16 heures et reste actif gr\u00e2ce au pouvoir de l'\u00e9clat. Ind\u00e9tectable. Inarr\u00eatable. Contrairement \u00e0 tout autre produit. La tenue longue dur\u00e9e est enfin l\u00e9g\u00e8re et \u00e9clatante.\u2026","rel":"","context":"Similar post","block_context":{"text":"Similar post","link":""},"img":{"alt_text":"","src":"","width":0,"height":0},"classes":[]},{"id":34995,"url":"https:\/\/sakaba.mghosteur.com\/en\/product\/nars-natural-radiant-longwear-foundation-caracas\/","url_meta":{"origin":22948,"position":1},"title":"NARS NATURAL RADIANT LONGWEAR FOUNDATION CARACAS","author":"admin","date":"June 5, 2024","format":false,"excerpt":"Il y a la tenue longue dur\u00e9e. Et puis il y a la tenue intense. Voici le premier fond de teint NARS qui tient 16 heures et reste actif gr\u00e2ce au pouvoir de l'\u00e9clat. Ind\u00e9tectable. Inarr\u00eatable. Contrairement \u00e0 tout autre produit. La tenue longue dur\u00e9e est enfin l\u00e9g\u00e8re et \u00e9clatante.\u2026","rel":"","context":"Similar post","block_context":{"text":"Similar post","link":""},"img":{"alt_text":"","src":"","width":0,"height":0},"classes":[]},{"id":34998,"url":"https:\/\/sakaba.mghosteur.com\/en\/product\/nars-natural-radiant-longwear-foundation-huahine\/","url_meta":{"origin":22948,"position":2},"title":"NARS NATURAL RADIANT LONGWEAR FOUNDATION HUAHINE","author":"admin","date":"June 5, 2024","format":false,"excerpt":"Il y a la tenue longue dur\u00e9e. Et puis il y a la tenue intense. Voici le premier fond de teint NARS qui tient 16 heures et reste actif gr\u00e2ce au pouvoir de l'\u00e9clat. Ind\u00e9tectable. Inarr\u00eatable. Contrairement \u00e0 tout autre produit. La tenue longue dur\u00e9e est enfin l\u00e9g\u00e8re et \u00e9clatante.\u2026","rel":"","context":"Similar post","block_context":{"text":"Similar post","link":""},"img":{"alt_text":"","src":"","width":0,"height":0},"classes":[]},{"id":35004,"url":"https:\/\/sakaba.mghosteur.com\/en\/product\/nars-natural-radiant-longwear-foundation-macao\/","url_meta":{"origin":22948,"position":3},"title":"NARS NATURAL RADIANT LONGWEAR FOUNDATION MACAO","author":"admin","date":"June 5, 2024","format":false,"excerpt":"Il y a la tenue longue dur\u00e9e. Et puis il y a la tenue intense. Voici le premier fond de teint NARS qui tient 16 heures et reste actif gr\u00e2ce au pouvoir de l'\u00e9clat. Ind\u00e9tectable. Inarr\u00eatable. Contrairement \u00e0 tout autre produit. La tenue longue dur\u00e9e est enfin l\u00e9g\u00e8re et \u00e9clatante.\u2026","rel":"","context":"Similar post","block_context":{"text":"Similar post","link":""},"img":{"alt_text":"","src":"","width":0,"height":0},"classes":[]},{"id":35007,"url":"https:\/\/sakaba.mghosteur.com\/en\/product\/nars-natural-radiant-longwear-foundation-sahel\/","url_meta":{"origin":22948,"position":4},"title":"NARS NATURAL RADIANT LONGWEAR FOUNDATION SAHEL","author":"admin","date":"June 5, 2024","format":false,"excerpt":"Il y a la tenue longue dur\u00e9e. Et puis il y a la tenue intense. Voici le premier fond de teint NARS qui tient 16 heures et reste actif gr\u00e2ce au pouvoir de l'\u00e9clat. Ind\u00e9tectable. Inarr\u00eatable. Contrairement \u00e0 tout autre produit. La tenue longue dur\u00e9e est enfin l\u00e9g\u00e8re et \u00e9clatante.\u2026","rel":"","context":"Similar post","block_context":{"text":"Similar post","link":""},"img":{"alt_text":"","src":"","width":0,"height":0},"classes":[]},{"id":35001,"url":"https:\/\/sakaba.mghosteur.com\/en\/product\/nars-natural-radiant-longwear-foundation-light-5\/","url_meta":{"origin":22948,"position":5},"title":"NARS NATURAL RADIANT LONGWEAR FOUNDATION LIGHT 5","author":"admin","date":"June 5, 2024","format":false,"excerpt":"Il y a la tenue longue dur\u00e9e. Et puis il y a la tenue intense. Voici le premier fond de teint NARS qui tient 16 heures et reste actif gr\u00e2ce au pouvoir de l'\u00e9clat. Ind\u00e9tectable. Inarr\u00eatable. Contrairement \u00e0 tout autre produit. La tenue longue dur\u00e9e est enfin l\u00e9g\u00e8re et \u00e9clatante.\u2026","rel":"","context":"Similar post","block_context":{"text":"Similar post","link":""},"img":{"alt_text":"","src":"","width":0,"height":0},"classes":[]}],"_links":{"self":[{"href":"https:\/\/sakaba.mghosteur.com\/en\/wp-json\/wp\/v2\/product\/22948","targetHints":{"allow":["GET"]}}],"collection":[{"href":"https:\/\/sakaba.mghosteur.com\/en\/wp-json\/wp\/v2\/product"}],"about":[{"href":"https:\/\/sakaba.mghosteur.com\/en\/wp-json\/wp\/v2\/types\/product"}],"replies":[{"embeddable":true,"href":"https:\/\/sakaba.mghosteur.com\/en\/wp-json\/wp\/v2\/comments?post=22948"}],"version-history":[{"count":0,"href":"https:\/\/sakaba.mghosteur.com\/en\/wp-json\/wp\/v2\/product\/22948\/revisions"}],"wp:attachment":[{"href":"https:\/\/sakaba.mghosteur.com\/en\/wp-json\/wp\/v2\/media?parent=22948"}],"wp:term":[{"taxonomy":"product_brand","embeddable":true,"href":"https:\/\/sakaba.mghosteur.com\/en\/wp-json\/wp\/v2\/product_brand?post=22948"},{"taxonomy":"product_cat","embeddable":true,"href":"https:\/\/sakaba.mghosteur.com\/en\/wp-json\/wp\/v2\/product_cat?post=22948"},{"taxonomy":"product_tag","embeddable":true,"href":"https:\/\/sakaba.mghosteur.com\/en\/wp-json\/wp\/v2\/product_tag?post=22948"}],"curies":[{"name":"wp","href":"https:\/\/api.w.org\/{rel}","templated":true}]}}