{"id":22956,"date":"2022-10-25T10:44:18","date_gmt":"2022-10-25T10:44:18","guid":{"rendered":"http:\/\/www.sakababeauty.com\/?post_type=product&#038;p=22956"},"modified":"2024-09-11T12:24:57","modified_gmt":"2024-09-11T12:24:57","slug":"black-up-paris-fond-de-teint-creme-haute-couvrance","status":"publish","type":"product","link":"https:\/\/sakaba.mghosteur.com\/en\/product\/black-up-paris-fond-de-teint-creme-haute-couvrance\/","title":{"rendered":"BLACK UP PARIS FOND DE TEINT CREME HAUTE COUVRANCE"},"content":{"rendered":"","protected":false},"excerpt":{"rendered":"","protected":false},"featured_media":0,"comment_status":"open","ping_status":"closed","template":"","meta":[],"product_brand":[],"product_cat":[289,311],"product_tag":[],"class_list":{"0":"post-22956","1":"product","2":"type-product","3":"status-publish","5":"product_cat-aaa-maquillage","6":"product_cat-teint","8":"first","9":"instock","10":"shipping-taxable","11":"product-type-variable"},"jetpack-related-posts":[{"id":22967,"url":"https:\/\/sakaba.mghosteur.com\/en\/product\/black-up-paris-fond-de-teint-fluide-matifiant\/","url_meta":{"origin":22956,"position":0},"title":"BLACK UP PARIS FOND DE TEINT FLUIDE MATIFIANT","author":"admin","date":"October 25, 2022","format":false,"excerpt":"","rel":"","context":"Similar post","block_context":{"text":"Similar post","link":""},"img":{"alt_text":"","src":"","width":0,"height":0},"classes":[]},{"id":22964,"url":"https:\/\/sakaba.mghosteur.com\/en\/product\/black-up-paris-poudre-compacte\/","url_meta":{"origin":22956,"position":1},"title":"black up paris poudre compacte","author":"admin","date":"October 25, 2022","format":false,"excerpt":"","rel":"","context":"Similar post","block_context":{"text":"Similar post","link":""},"img":{"alt_text":"","src":"","width":0,"height":0},"classes":[]},{"id":23075,"url":"https:\/\/sakaba.mghosteur.com\/en\/product\/fenty-beauty-pro-filtr-soft-matte-longwear-foundation-2\/","url_meta":{"origin":22956,"position":2},"title":"Fenty Beauty Pro Filt&#8217;r Soft Matte Longwear Foundation","author":"admin","date":"October 25, 2022","format":false,"excerpt":"D\u00e9couvrez le fond de teint Pro Filt\u2019r Soft Matte Longwear de Fenty Beauty, le choix parfait pour un teint frais et mat tout au long de la journ\u00e9e et de la nuit. Avec sa technologie adaptative au climat, ce fond de teint r\u00e9siste \u00e0 la chaleur, la sueur et les\u2026","rel":"","context":"Similar post","block_context":{"text":"Similar post","link":""},"img":{"alt_text":"","src":"","width":0,"height":0},"classes":[]},{"id":34986,"url":"https:\/\/sakaba.mghosteur.com\/en\/product\/nars-light-reflecting-fond-de-teint-medium-deep-5-marquises\/","url_meta":{"origin":22956,"position":3},"title":"NARS LIGHT REFLECTING FOND DE TEINT MEDIUM DEEP 5 MARQUISES","author":"admin","date":"June 5, 2024","format":false,"excerpt":"Ce m\u00e9lange innovant de maquillage et de soin de la peau estompe instantan\u00e9ment les imperfections, lisse l'apparence de la peau textur\u00e9e et aide \u00e0 dissimuler les imperfections, les taches brunes et les rougeurs. Am\u00e9liore visiblement la clart\u00e9 de la peau apr\u00e8s six semaines d'utilisation quotidienne, m\u00eame apr\u00e8s le d\u00e9maquillage. Aliment\u00e9\u2026","rel":"","context":"Similar post","block_context":{"text":"Similar post","link":""},"img":{"alt_text":"","src":"","width":0,"height":0},"classes":[]},{"id":34989,"url":"https:\/\/sakaba.mghosteur.com\/en\/product\/nars-light-reflecting-fond-de-teint-medium-deep-macao\/","url_meta":{"origin":22956,"position":4},"title":"NARS LIGHT REFLECTING FOND DE TEINT MEDIUM DEEP MACAO","author":"admin","date":"June 5, 2024","format":false,"excerpt":"Ce m\u00e9lange innovant de maquillage et de soin de la peau estompe instantan\u00e9ment les imperfections, lisse l'apparence de la peau textur\u00e9e et aide \u00e0 dissimuler les imperfections, les taches brunes et les rougeurs. Am\u00e9liore visiblement la clart\u00e9 de la peau apr\u00e8s six semaines d'utilisation quotidienne, m\u00eame apr\u00e8s le d\u00e9maquillage. Aliment\u00e9\u2026","rel":"","context":"Similar post","block_context":{"text":"Similar post","link":""},"img":{"alt_text":"","src":"","width":0,"height":0},"classes":[]},{"id":34983,"url":"https:\/\/sakaba.mghosteur.com\/en\/product\/nars-light-reflecting-fond-de-teint-medium-deep-2-6-huahine\/","url_meta":{"origin":22956,"position":5},"title":"NARS LIGHT REFLECTING FOND DE TEINT MEDIUM DEEP 2.6 HUAHINE","author":"admin","date":"June 5, 2024","format":false,"excerpt":"Ce m\u00e9lange innovant de maquillage et de soin de la peau estompe instantan\u00e9ment les imperfections, lisse l'apparence de la peau textur\u00e9e et aide \u00e0 dissimuler les imperfections, les taches brunes et les rougeurs. Am\u00e9liore visiblement la clart\u00e9 de la peau apr\u00e8s six semaines d'utilisation quotidienne, m\u00eame apr\u00e8s le d\u00e9maquillage. Aliment\u00e9\u2026","rel":"","context":"Similar post","block_context":{"text":"Similar post","link":""},"img":{"alt_text":"","src":"","width":0,"height":0},"classes":[]}],"_links":{"self":[{"href":"https:\/\/sakaba.mghosteur.com\/en\/wp-json\/wp\/v2\/product\/22956","targetHints":{"allow":["GET"]}}],"collection":[{"href":"https:\/\/sakaba.mghosteur.com\/en\/wp-json\/wp\/v2\/product"}],"about":[{"href":"https:\/\/sakaba.mghosteur.com\/en\/wp-json\/wp\/v2\/types\/product"}],"replies":[{"embeddable":true,"href":"https:\/\/sakaba.mghosteur.com\/en\/wp-json\/wp\/v2\/comments?post=22956"}],"version-history":[{"count":0,"href":"https:\/\/sakaba.mghosteur.com\/en\/wp-json\/wp\/v2\/product\/22956\/revisions"}],"wp:attachment":[{"href":"https:\/\/sakaba.mghosteur.com\/en\/wp-json\/wp\/v2\/media?parent=22956"}],"wp:term":[{"taxonomy":"product_brand","embeddable":true,"href":"https:\/\/sakaba.mghosteur.com\/en\/wp-json\/wp\/v2\/product_brand?post=22956"},{"taxonomy":"product_cat","embeddable":true,"href":"https:\/\/sakaba.mghosteur.com\/en\/wp-json\/wp\/v2\/product_cat?post=22956"},{"taxonomy":"product_tag","embeddable":true,"href":"https:\/\/sakaba.mghosteur.com\/en\/wp-json\/wp\/v2\/product_tag?post=22956"}],"curies":[{"name":"wp","href":"https:\/\/api.w.org\/{rel}","templated":true}]}}