{"id":22992,"date":"2022-10-25T11:15:29","date_gmt":"2022-10-25T11:15:29","guid":{"rendered":"http:\/\/www.sakababeauty.com\/?post_type=product&#038;p=22992"},"modified":"2024-08-19T03:42:08","modified_gmt":"2024-08-19T03:42:08","slug":"fenty-beauty-pro-filtr-soft-matte-longwear-foundation","status":"publish","type":"product","link":"https:\/\/sakaba.mghosteur.com\/en\/product\/fenty-beauty-pro-filtr-soft-matte-longwear-foundation\/","title":{"rendered":"Fenty Beauty Pro Filt&#8217;r Soft Matte Longwear Foundation"},"content":{"rendered":"<p>Le fond de teint prim\u00e9 qui a chang\u00e9 la donne pour toujours, d\u00e9sormais disponible en poudre longue tenue, l\u00e9g\u00e8re comme l&#8217;air, pour une couvrance l\u00e9g\u00e8re \u00e0 totale dans un fini mat doux et non p\u00e2teux. C&#8217;est rapide, impeccable et facile.<\/p>\n<p>Description;<\/p>\n<p>Longue tenue, l\u00e9g\u00e8re comme l&#8217;air, sans effet flashback<\/p>\n<p>Complexe Blur Filt&#8217;r pour un fini flou ultime<\/p>\n<p>R\u00e9siste \u00e0 la transpiration, \u00e0 l&#8217;humidit\u00e9 et aux plis<\/p>\n<p>Formule modulable, \u00e0 couvrance l\u00e9g\u00e8re \u00e0 totale qui aime \u00eatre superpos\u00e9e<\/p>\n<p>Ne s&#8217;installe pas dans les ridules, n&#8217;obstrue pas les pores et ne s&#8217;agglutine pas<\/p>\n<p>R\u00e9duit l&#8217;apparence de la brillance<\/p>\n<p>Poudre compacte chic et portable qui tient dans la main<\/p>","protected":false},"excerpt":{"rendered":"<p>Le fond de teint prim\u00e9 qui a chang\u00e9 la donne pour toujours, d\u00e9sormais disponible en poudre longue tenue, l\u00e9g\u00e8re comme l&#8217;air, pour une couvrance l\u00e9g\u00e8re \u00e0 totale dans un fini mat doux et non p\u00e2teux. C&#8217;est rapide, impeccable et facile. Description; Longue tenue, l\u00e9g\u00e8re comme l&#8217;air, sans effet flashback Complexe Blur Filt&#8217;r pour un fini<span class=\"read-more-faq\"><a href=\"https:\/\/sakaba.mghosteur.com\/en\/product\/fenty-beauty-pro-filtr-soft-matte-longwear-foundation\/\">Read More<\/a><\/span><\/p>","protected":false},"featured_media":0,"comment_status":"open","ping_status":"closed","template":"","meta":[],"product_brand":[],"product_cat":[289,311],"product_tag":[],"class_list":{"0":"post-22992","1":"product","2":"type-product","3":"status-publish","5":"product_cat-aaa-maquillage","6":"product_cat-teint","8":"first","9":"instock","10":"shipping-taxable","11":"product-type-variable"},"jetpack-related-posts":[{"id":34542,"url":"https:\/\/sakaba.mghosteur.com\/en\/product\/fenty-fond-de-teint-poudre-mat-255\/","url_meta":{"origin":22992,"position":0},"title":"FENTY FOND DE TEINT POUDRE MAT","author":"admin","date":"May 29, 2024","format":false,"excerpt":"LUMI\u00c8RE CONSTRUCTIBLE POUR UNE COUVERTURE COMPL\u00c8TE POUR TOUS. LONGUE TENUE, L\u00c9G\u00c8RE COMME L'AIR, INFROISSABLE. Donne-le-moi vite : Le fond de teint prim\u00e9 qui a chang\u00e9 la donne pour toujours, maintenant dans une poudre longue tenue l\u00e9g\u00e8re comme l'air pour offrir une couvrance l\u00e9g\u00e8re \u00e0 compl\u00e8te dans un fini mat doux\u2026","rel":"","context":"Similar post","block_context":{"text":"Similar post","link":""},"img":{"alt_text":"","src":"","width":0,"height":0},"classes":[]},{"id":22910,"url":"https:\/\/sakaba.mghosteur.com\/en\/product\/fenty-beauty-pro-filtr-instant-retouch-setting-powder\/","url_meta":{"origin":22992,"position":1},"title":"Fenty Beauty Pro Filt&#8217;r Instant Retouch Setting Powder","author":"admin","date":"October 24, 2022","format":false,"excerpt":"Une poudre libre ultra-fine et l\u00e9g\u00e8re, propos\u00e9e en 8 teintes transparentes pour parfaire et prolonger la tenue du maquillage, pour un fini filtr\u00e9 et pr\u00eat \u00e0 photographier. Lorsque l'apparence est le ma\u00eetre mot, votre maquillage doit pouvoir suivre. D\u00e9couvrez la poudre fixatrice Pro Filt'r Instant Retouch\u00a0: cette poudre libre ultra-fine\u2026","rel":"","context":"Similar post","block_context":{"text":"Similar post","link":""},"img":{"alt_text":"","src":"","width":0,"height":0},"classes":[]},{"id":23075,"url":"https:\/\/sakaba.mghosteur.com\/en\/product\/fenty-beauty-pro-filtr-soft-matte-longwear-foundation-2\/","url_meta":{"origin":22992,"position":2},"title":"Fenty Beauty Pro Filt&#8217;r Soft Matte Longwear Foundation","author":"admin","date":"October 25, 2022","format":false,"excerpt":"D\u00e9couvrez le fond de teint Pro Filt\u2019r Soft Matte Longwear de Fenty Beauty, le choix parfait pour un teint frais et mat tout au long de la journ\u00e9e et de la nuit. Avec sa technologie adaptative au climat, ce fond de teint r\u00e9siste \u00e0 la chaleur, la sueur et les\u2026","rel":"","context":"Similar post","block_context":{"text":"Similar post","link":""},"img":{"alt_text":"","src":"","width":0,"height":0},"classes":[]},{"id":34670,"url":"https:\/\/sakaba.mghosteur.com\/en\/product\/fenty-trio-conceal-contour-highlight-deep\/","url_meta":{"origin":22992,"position":3},"title":"FENTY TRIO CONCEAL ,CONTOUR ,HIGHLIGHT DEEP","author":"admin","date":"May 30, 2024","format":false,"excerpt":"Un trio magn\u00e9tis\u00e9 de b\u00e2tons de maquillage longue tenue, l\u00e9gers comme l'air, s\u00e9lectionn\u00e9s en fonction du teint, avec deux Match Stix MATTE Skinsticks pour dissimuler et contourner, et un Match Stix SHIMMER Skinstick pour mettre en valeur. Avec les Match Stix Trios, faites passer votre teint au niveau sup\u00e9rieur sans\u2026","rel":"","context":"Similar post","block_context":{"text":"Similar post","link":""},"img":{"alt_text":"","src":"","width":0,"height":0},"classes":[]},{"id":34992,"url":"https:\/\/sakaba.mghosteur.com\/en\/product\/nars-natural-radiant-longwear-foundation-cadiz\/","url_meta":{"origin":22992,"position":4},"title":"NARS NATURAL RADIANT LONGWEAR FOUNDATION CADIZ","author":"admin","date":"June 5, 2024","format":false,"excerpt":"Il y a la tenue longue dur\u00e9e. Et puis il y a la tenue intense. Voici le premier fond de teint NARS qui tient 16 heures et reste actif gr\u00e2ce au pouvoir de l'\u00e9clat. Ind\u00e9tectable. Inarr\u00eatable. Contrairement \u00e0 tout autre produit. La tenue longue dur\u00e9e est enfin l\u00e9g\u00e8re et \u00e9clatante.\u2026","rel":"","context":"Similar post","block_context":{"text":"Similar post","link":""},"img":{"alt_text":"","src":"","width":0,"height":0},"classes":[]},{"id":34995,"url":"https:\/\/sakaba.mghosteur.com\/en\/product\/nars-natural-radiant-longwear-foundation-caracas\/","url_meta":{"origin":22992,"position":5},"title":"NARS NATURAL RADIANT LONGWEAR FOUNDATION CARACAS","author":"admin","date":"June 5, 2024","format":false,"excerpt":"Il y a la tenue longue dur\u00e9e. Et puis il y a la tenue intense. Voici le premier fond de teint NARS qui tient 16 heures et reste actif gr\u00e2ce au pouvoir de l'\u00e9clat. Ind\u00e9tectable. Inarr\u00eatable. Contrairement \u00e0 tout autre produit. La tenue longue dur\u00e9e est enfin l\u00e9g\u00e8re et \u00e9clatante.\u2026","rel":"","context":"Similar post","block_context":{"text":"Similar post","link":""},"img":{"alt_text":"","src":"","width":0,"height":0},"classes":[]}],"_links":{"self":[{"href":"https:\/\/sakaba.mghosteur.com\/en\/wp-json\/wp\/v2\/product\/22992","targetHints":{"allow":["GET"]}}],"collection":[{"href":"https:\/\/sakaba.mghosteur.com\/en\/wp-json\/wp\/v2\/product"}],"about":[{"href":"https:\/\/sakaba.mghosteur.com\/en\/wp-json\/wp\/v2\/types\/product"}],"replies":[{"embeddable":true,"href":"https:\/\/sakaba.mghosteur.com\/en\/wp-json\/wp\/v2\/comments?post=22992"}],"version-history":[{"count":0,"href":"https:\/\/sakaba.mghosteur.com\/en\/wp-json\/wp\/v2\/product\/22992\/revisions"}],"wp:attachment":[{"href":"https:\/\/sakaba.mghosteur.com\/en\/wp-json\/wp\/v2\/media?parent=22992"}],"wp:term":[{"taxonomy":"product_brand","embeddable":true,"href":"https:\/\/sakaba.mghosteur.com\/en\/wp-json\/wp\/v2\/product_brand?post=22992"},{"taxonomy":"product_cat","embeddable":true,"href":"https:\/\/sakaba.mghosteur.com\/en\/wp-json\/wp\/v2\/product_cat?post=22992"},{"taxonomy":"product_tag","embeddable":true,"href":"https:\/\/sakaba.mghosteur.com\/en\/wp-json\/wp\/v2\/product_tag?post=22992"}],"curies":[{"name":"wp","href":"https:\/\/api.w.org\/{rel}","templated":true}]}}