{"id":23004,"date":"2022-10-25T11:36:33","date_gmt":"2022-10-25T11:36:33","guid":{"rendered":"http:\/\/www.sakababeauty.com\/?post_type=product&#038;p=23004"},"modified":"2022-10-25T11:36:33","modified_gmt":"2022-10-25T11:36:33","slug":"skinflex-stick-fondation","status":"publish","type":"product","link":"https:\/\/sakaba.mghosteur.com\/en\/product\/skinflex-stick-fondation\/","title":{"rendered":"SKINFLEX STICK FONDATION"},"content":{"rendered":"","protected":false},"excerpt":{"rendered":"","protected":false},"featured_media":0,"comment_status":"open","ping_status":"closed","template":"","meta":[],"product_brand":[],"product_cat":[289],"product_tag":[],"class_list":{"0":"post-23004","1":"product","2":"type-product","3":"status-publish","5":"product_cat-aaa-maquillage","7":"first","8":"instock","9":"shipping-taxable","10":"product-type-variable"},"jetpack-related-posts":[{"id":27962,"url":"https:\/\/sakaba.mghosteur.com\/en\/product\/skinflex-aha-bha-enzyme-exfoliante-pads\/","url_meta":{"origin":23004,"position":0},"title":"SKINFIX AHA \/BHA ENZYME EXFOLIANTE PADS","author":"admin","date":"November 29, 2022","format":false,"excerpt":"","rel":"","context":"Similar post","block_context":{"text":"Similar post","link":""},"img":{"alt_text":"","src":"","width":0,"height":0},"classes":[]},{"id":25164,"url":"https:\/\/sakaba.mghosteur.com\/en\/product\/bh-cosmetics-bh-liquide-fondation-228-deep-cocao\/","url_meta":{"origin":23004,"position":1},"title":"Bh Cosmetics Bh Liquide Fondation 228 DEEP COCAO","author":"admin","date":"November 11, 2022","format":false,"excerpt":"","rel":"","context":"Similar post","block_context":{"text":"Similar post","link":""},"img":{"alt_text":"","src":"","width":0,"height":0},"classes":[]},{"id":31384,"url":"https:\/\/sakaba.mghosteur.com\/en\/product\/beauty-of-joseon-matte-sun-stick-mugwort-camelia\/","url_meta":{"origin":23004,"position":2},"title":"BEAUTY OF JOSEON MATTE SUN STICK MUGWORT + CAMELIA","author":"admin","date":"May 10, 2024","format":false,"excerpt":"Matte Sun Stick : Mugwort+Camelia (SPF 50+ PA+++) Contrairement \u00e0 la plupart des sticks solaires con\u00e7us principalement pour les activit\u00e9s en ext\u00e9rieur, notre Matte Sun Stick est sp\u00e9cialement formul\u00e9 pour r\u00e9pondre aux besoins des environnements urbains quotidiens. Il est crucial de r\u00e9appliquer r\u00e9guli\u00e8rement une protection solaire toutes les 2 \u00e0\u2026","rel":"","context":"Similar post","block_context":{"text":"Similar post","link":""},"img":{"alt_text":"","src":"","width":0,"height":0},"classes":[]},{"id":27549,"url":"https:\/\/sakaba.mghosteur.com\/en\/product\/gillette-clear-gel-stick\/","url_meta":{"origin":23004,"position":3},"title":"Gillette clear gel stick","author":"admin","date":"November 29, 2022","format":false,"excerpt":"","rel":"","context":"Similar post","block_context":{"text":"Similar post","link":""},"img":{"alt_text":"","src":"","width":0,"height":0},"classes":[]},{"id":28089,"url":"https:\/\/sakaba.mghosteur.com\/en\/product\/upup-sunscreen-stick\/","url_meta":{"origin":23004,"position":4},"title":"up&amp;up sunscreen stick","author":"admin","date":"November 30, 2022","format":false,"excerpt":"","rel":"","context":"Similar post","block_context":{"text":"Similar post","link":""},"img":{"alt_text":"","src":"","width":0,"height":0},"classes":[]},{"id":25492,"url":"https:\/\/sakaba.mghosteur.com\/en\/product\/palmers-cocoa-butter-formula-swilver-stick\/","url_meta":{"origin":23004,"position":5},"title":"Palmers Cocoa Butter Formula Swilver stick","author":"admin","date":"November 14, 2022","format":false,"excerpt":"","rel":"","context":"Similar post","block_context":{"text":"Similar post","link":""},"img":{"alt_text":"","src":"","width":0,"height":0},"classes":[]}],"_links":{"self":[{"href":"https:\/\/sakaba.mghosteur.com\/en\/wp-json\/wp\/v2\/product\/23004","targetHints":{"allow":["GET"]}}],"collection":[{"href":"https:\/\/sakaba.mghosteur.com\/en\/wp-json\/wp\/v2\/product"}],"about":[{"href":"https:\/\/sakaba.mghosteur.com\/en\/wp-json\/wp\/v2\/types\/product"}],"replies":[{"embeddable":true,"href":"https:\/\/sakaba.mghosteur.com\/en\/wp-json\/wp\/v2\/comments?post=23004"}],"version-history":[{"count":0,"href":"https:\/\/sakaba.mghosteur.com\/en\/wp-json\/wp\/v2\/product\/23004\/revisions"}],"wp:attachment":[{"href":"https:\/\/sakaba.mghosteur.com\/en\/wp-json\/wp\/v2\/media?parent=23004"}],"wp:term":[{"taxonomy":"product_brand","embeddable":true,"href":"https:\/\/sakaba.mghosteur.com\/en\/wp-json\/wp\/v2\/product_brand?post=23004"},{"taxonomy":"product_cat","embeddable":true,"href":"https:\/\/sakaba.mghosteur.com\/en\/wp-json\/wp\/v2\/product_cat?post=23004"},{"taxonomy":"product_tag","embeddable":true,"href":"https:\/\/sakaba.mghosteur.com\/en\/wp-json\/wp\/v2\/product_tag?post=23004"}],"curies":[{"name":"wp","href":"https:\/\/api.w.org\/{rel}","templated":true}]}}