{"id":23052,"date":"2022-10-25T13:08:11","date_gmt":"2022-10-25T13:08:11","guid":{"rendered":"http:\/\/www.sakababeauty.com\/?post_type=product&#038;p=23052"},"modified":"2022-10-25T13:08:11","modified_gmt":"2022-10-25T13:08:11","slug":"elizabeth-arden-pure-finish-cream-eye-shadow","status":"publish","type":"product","link":"https:\/\/sakaba.mghosteur.com\/en\/product\/elizabeth-arden-pure-finish-cream-eye-shadow\/","title":{"rendered":"ELIZABETH ARDEN PURE FINISH CREAM EYE SHADOW"},"content":{"rendered":"","protected":false},"excerpt":{"rendered":"","protected":false},"featured_media":0,"comment_status":"open","ping_status":"closed","template":"","meta":[],"product_brand":[],"product_cat":[289],"product_tag":[],"class_list":{"0":"post-23052","1":"product","2":"type-product","3":"status-publish","5":"product_cat-aaa-maquillage","7":"first","8":"instock","9":"shipping-taxable","10":"product-type-simple"},"jetpack-related-posts":[{"id":34003,"url":"https:\/\/sakaba.mghosteur.com\/en\/product\/elizabeth-arden-flawless-finish\/","url_meta":{"origin":23052,"position":0},"title":"ELIZABETH ARDEN FLAWLESS FINISH","author":"admin","date":"May 24, 2024","format":false,"excerpt":"","rel":"","context":"Similar post","block_context":{"text":"Similar post","link":""},"img":{"alt_text":"","src":"","width":0,"height":0},"classes":[]},{"id":34000,"url":"https:\/\/sakaba.mghosteur.com\/en\/product\/elizabeth-arden-beautiful-color-gloss-stick\/","url_meta":{"origin":23052,"position":1},"title":"ELIZABETH ARDEN BEAUTIFUL COLOR GLOSS STICK","author":"admin","date":"May 24, 2024","format":false,"excerpt":"","rel":"","context":"Similar post","block_context":{"text":"Similar post","link":""},"img":{"alt_text":"","src":"","width":0,"height":0},"classes":[]},{"id":34006,"url":"https:\/\/sakaba.mghosteur.com\/en\/product\/elizabeth-arden-interven-makeup-spf-15\/","url_meta":{"origin":23052,"position":2},"title":"ELIZABETH ARDEN INTERVENE MAKEUP SPF 15","author":"admin","date":"May 24, 2024","format":false,"excerpt":"","rel":"","context":"Similar post","block_context":{"text":"Similar post","link":""},"img":{"alt_text":"","src":"","width":0,"height":0},"classes":[]},{"id":34009,"url":"https:\/\/sakaba.mghosteur.com\/en\/product\/elizabeth-arden-nail-lacquer-duo-vernis-a-ongles\/","url_meta":{"origin":23052,"position":3},"title":"ELIZABETH ARDEN NAIL LACQUER DUO  VERNIS A ONGLES","author":"admin","date":"May 24, 2024","format":false,"excerpt":"","rel":"","context":"Similar post","block_context":{"text":"Similar post","link":""},"img":{"alt_text":"","src":"","width":0,"height":0},"classes":[]},{"id":34736,"url":"https:\/\/sakaba.mghosteur.com\/en\/product\/born-this-way-the-natural-nudes-eye-shadow-palette\/","url_meta":{"origin":23052,"position":4},"title":"BORN THIS WAY THE NATURAL NUDES EYE SHADOW PALETTE","author":"admin","date":"May 31, 2024","format":false,"excerpt":"Une palette de fards \u00e0 paupi\u00e8res nudes modernes inspir\u00e9e des belles nuances des vrais tons de peau. Effets : Inspir\u00e9es de la magnifique collection de teintes de fond de teint Born This Way, ces 16 teintes de fards \u00e0 paupi\u00e8res nude modernes et hautement pigment\u00e9es vont des teintes mates flatteuses\u2026","rel":"","context":"Similar post","block_context":{"text":"Similar post","link":""},"img":{"alt_text":"","src":"","width":0,"height":0},"classes":[]},{"id":26770,"url":"https:\/\/sakaba.mghosteur.com\/en\/product\/olay-eyes-collagen-peptide-24-eye-cream\/","url_meta":{"origin":23052,"position":5},"title":"Olay Eyes Collagen Peptide 24 Eye Cream","author":"admin","date":"November 28, 2022","format":false,"excerpt":"","rel":"","context":"Similar post","block_context":{"text":"Similar post","link":""},"img":{"alt_text":"","src":"","width":0,"height":0},"classes":[]}],"_links":{"self":[{"href":"https:\/\/sakaba.mghosteur.com\/en\/wp-json\/wp\/v2\/product\/23052","targetHints":{"allow":["GET"]}}],"collection":[{"href":"https:\/\/sakaba.mghosteur.com\/en\/wp-json\/wp\/v2\/product"}],"about":[{"href":"https:\/\/sakaba.mghosteur.com\/en\/wp-json\/wp\/v2\/types\/product"}],"replies":[{"embeddable":true,"href":"https:\/\/sakaba.mghosteur.com\/en\/wp-json\/wp\/v2\/comments?post=23052"}],"version-history":[{"count":0,"href":"https:\/\/sakaba.mghosteur.com\/en\/wp-json\/wp\/v2\/product\/23052\/revisions"}],"wp:attachment":[{"href":"https:\/\/sakaba.mghosteur.com\/en\/wp-json\/wp\/v2\/media?parent=23052"}],"wp:term":[{"taxonomy":"product_brand","embeddable":true,"href":"https:\/\/sakaba.mghosteur.com\/en\/wp-json\/wp\/v2\/product_brand?post=23052"},{"taxonomy":"product_cat","embeddable":true,"href":"https:\/\/sakaba.mghosteur.com\/en\/wp-json\/wp\/v2\/product_cat?post=23052"},{"taxonomy":"product_tag","embeddable":true,"href":"https:\/\/sakaba.mghosteur.com\/en\/wp-json\/wp\/v2\/product_tag?post=23052"}],"curies":[{"name":"wp","href":"https:\/\/api.w.org\/{rel}","templated":true}]}}