{"id":23069,"date":"2022-10-25T13:35:59","date_gmt":"2022-10-25T13:35:59","guid":{"rendered":"http:\/\/www.sakababeauty.com\/?post_type=product&#038;p=23069"},"modified":"2022-10-25T13:35:59","modified_gmt":"2022-10-25T13:35:59","slug":"dermablend-poudre-fixatrice-libre","status":"publish","type":"product","link":"https:\/\/sakaba.mghosteur.com\/en\/product\/dermablend-poudre-fixatrice-libre\/","title":{"rendered":"DERMABLEND POUDRE FIXATRICE LIBRE"},"content":{"rendered":"","protected":false},"excerpt":{"rendered":"","protected":false},"featured_media":0,"comment_status":"open","ping_status":"closed","template":"","meta":[],"product_brand":[],"product_cat":[289],"product_tag":[],"class_list":{"0":"post-23069","1":"product","2":"type-product","3":"status-publish","5":"product_cat-aaa-maquillage","7":"first","8":"instock","9":"shipping-taxable","10":"product-type-simple"},"jetpack-related-posts":[{"id":32858,"url":"https:\/\/sakaba.mghosteur.com\/en\/product\/dermablend-poudre-fixatrice-libre-illumination-banana\/","url_meta":{"origin":23069,"position":0},"title":"DERMABLEND POUDRE FIXATRICE LIBRE ILLUMINATION BANANA","author":"admin","date":"May 16, 2024","format":false,"excerpt":"","rel":"","context":"Similar post","block_context":{"text":"Similar post","link":""},"img":{"alt_text":"","src":"","width":0,"height":0},"classes":[]},{"id":32861,"url":"https:\/\/sakaba.mghosteur.com\/en\/product\/dermablend-poudre-fixatrice-libre-loose-setting-powder\/","url_meta":{"origin":23069,"position":1},"title":"DERMABLEND POUDRE FIXATRICE LIBRE LOOSE SETTING POWDER","author":"admin","date":"May 16, 2024","format":false,"excerpt":"","rel":"","context":"Similar post","block_context":{"text":"Similar post","link":""},"img":{"alt_text":"","src":"","width":0,"height":0},"classes":[]},{"id":22910,"url":"https:\/\/sakaba.mghosteur.com\/en\/product\/fenty-beauty-pro-filtr-instant-retouch-setting-powder\/","url_meta":{"origin":23069,"position":2},"title":"Fenty Beauty Pro Filt&#8217;r Instant Retouch Setting Powder","author":"admin","date":"October 24, 2022","format":false,"excerpt":"Une poudre libre ultra-fine et l\u00e9g\u00e8re, propos\u00e9e en 8 teintes transparentes pour parfaire et prolonger la tenue du maquillage, pour un fini filtr\u00e9 et pr\u00eat \u00e0 photographier. Lorsque l'apparence est le ma\u00eetre mot, votre maquillage doit pouvoir suivre. D\u00e9couvrez la poudre fixatrice Pro Filt'r Instant Retouch\u00a0: cette poudre libre ultra-fine\u2026","rel":"","context":"Similar post","block_context":{"text":"Similar post","link":""},"img":{"alt_text":"","src":"","width":0,"height":0},"classes":[]},{"id":32867,"url":"https:\/\/sakaba.mghosteur.com\/en\/product\/dermablend-poudre-intense-cocoa\/","url_meta":{"origin":23069,"position":3},"title":"DERMABLEND POUDRE INTENSE COCOA","author":"admin","date":"May 16, 2024","format":false,"excerpt":"","rel":"","context":"Similar post","block_context":{"text":"Similar post","link":""},"img":{"alt_text":"","src":"","width":0,"height":0},"classes":[]},{"id":32864,"url":"https:\/\/sakaba.mghosteur.com\/en\/product\/dermablend-poudre-intense-caramel-35c\/","url_meta":{"origin":23069,"position":4},"title":"DERMABLEND POUDRE INTENSE CARAMEL 35C","author":"admin","date":"May 16, 2024","format":false,"excerpt":"","rel":"","context":"Similar post","block_context":{"text":"Similar post","link":""},"img":{"alt_text":"","src":"","width":0,"height":0},"classes":[]},{"id":32870,"url":"https:\/\/sakaba.mghosteur.com\/en\/product\/dermablend-poudre-intense-toast-35w\/","url_meta":{"origin":23069,"position":5},"title":"DERMABLEND POUDRE INTENSE TOAST 35W","author":"admin","date":"May 16, 2024","format":false,"excerpt":"","rel":"","context":"Similar post","block_context":{"text":"Similar post","link":""},"img":{"alt_text":"","src":"","width":0,"height":0},"classes":[]}],"_links":{"self":[{"href":"https:\/\/sakaba.mghosteur.com\/en\/wp-json\/wp\/v2\/product\/23069","targetHints":{"allow":["GET"]}}],"collection":[{"href":"https:\/\/sakaba.mghosteur.com\/en\/wp-json\/wp\/v2\/product"}],"about":[{"href":"https:\/\/sakaba.mghosteur.com\/en\/wp-json\/wp\/v2\/types\/product"}],"replies":[{"embeddable":true,"href":"https:\/\/sakaba.mghosteur.com\/en\/wp-json\/wp\/v2\/comments?post=23069"}],"version-history":[{"count":0,"href":"https:\/\/sakaba.mghosteur.com\/en\/wp-json\/wp\/v2\/product\/23069\/revisions"}],"wp:attachment":[{"href":"https:\/\/sakaba.mghosteur.com\/en\/wp-json\/wp\/v2\/media?parent=23069"}],"wp:term":[{"taxonomy":"product_brand","embeddable":true,"href":"https:\/\/sakaba.mghosteur.com\/en\/wp-json\/wp\/v2\/product_brand?post=23069"},{"taxonomy":"product_cat","embeddable":true,"href":"https:\/\/sakaba.mghosteur.com\/en\/wp-json\/wp\/v2\/product_cat?post=23069"},{"taxonomy":"product_tag","embeddable":true,"href":"https:\/\/sakaba.mghosteur.com\/en\/wp-json\/wp\/v2\/product_tag?post=23069"}],"curies":[{"name":"wp","href":"https:\/\/api.w.org\/{rel}","templated":true}]}}