{"id":23129,"date":"2022-10-25T17:23:50","date_gmt":"2022-10-25T17:23:50","guid":{"rendered":"http:\/\/www.sakababeauty.com\/?post_type=product&#038;p=23129"},"modified":"2022-10-25T17:23:50","modified_gmt":"2022-10-25T17:23:50","slug":"juvias-place-velvety-matte-foundation","status":"publish","type":"product","link":"https:\/\/sakaba.mghosteur.com\/en\/product\/juvias-place-velvety-matte-foundation\/","title":{"rendered":"JUVIA&#8217;S PLACE Velvety Matte Foundation"},"content":{"rendered":"","protected":false},"excerpt":{"rendered":"","protected":false},"featured_media":0,"comment_status":"open","ping_status":"closed","template":"","meta":[],"product_brand":[],"product_cat":[377],"product_tag":[],"class_list":{"0":"post-23129","1":"product","2":"type-product","3":"status-publish","5":"product_cat-bath-body-works","7":"first","8":"instock","9":"shipping-taxable","10":"product-type-variable"},"jetpack-related-posts":[{"id":33805,"url":"https:\/\/sakaba.mghosteur.com\/en\/product\/juvia-s-place-bronzed-sunkissed\/","url_meta":{"origin":23129,"position":0},"title":"JUVIA S PLACE BRONZED SUNKISSED","author":"admin","date":"May 23, 2024","format":false,"excerpt":"Cr\u00e8me bronzante JUVIA'S PLACE Bronzed Cream Bronzer, votre ticket ultime pour un teint ensoleill\u00e9 et radieux toute l'ann\u00e9e. Am\u00e9liorez votre routine de maquillage avec cette luxueuse cr\u00e8me bronzante qui offre sans effort un \u00e9clat naturel et illumin\u00e9 de l'int\u00e9rieur.","rel":"","context":"Similar post","block_context":{"text":"Similar post","link":""},"img":{"alt_text":"","src":"","width":0,"height":0},"classes":[]},{"id":34936,"url":"https:\/\/sakaba.mghosteur.com\/en\/product\/huda-beauty-matte-foundation-cinnamon-440g\/","url_meta":{"origin":23129,"position":1},"title":"HUDA BEAUTY MATTE FOUNDATION CINNAMON 440G","author":"admin","date":"June 3, 2024","format":false,"excerpt":"","rel":"","context":"Similar post","block_context":{"text":"Similar post","link":""},"img":{"alt_text":"","src":"","width":0,"height":0},"classes":[]},{"id":34784,"url":"https:\/\/sakaba.mghosteur.com\/en\/product\/too-faced-born-this-matte-foundation-honey\/","url_meta":{"origin":23129,"position":2},"title":"TOO FACED BORN THIS MATTE FOUNDATION HONEY","author":"admin","date":"May 31, 2024","format":false,"excerpt":"","rel":"","context":"Similar post","block_context":{"text":"Similar post","link":""},"img":{"alt_text":"","src":"","width":0,"height":0},"classes":[]},{"id":34700,"url":"https:\/\/sakaba.mghosteur.com\/en\/product\/pro-filt-r-soft-matte-powder-foundation-235\/","url_meta":{"origin":23129,"position":3},"title":"PRO FILT R SOFT MATTE POWDER FOUNDATION 235","author":"admin","date":"May 30, 2024","format":false,"excerpt":"","rel":"","context":"Similar post","block_context":{"text":"Similar post","link":""},"img":{"alt_text":"","src":"","width":0,"height":0},"classes":[]},{"id":34778,"url":"https:\/\/sakaba.mghosteur.com\/en\/product\/too-faced-born-this-matte-foundation-golden-24-hour\/","url_meta":{"origin":23129,"position":4},"title":"TOO FACED BORN THIS MATTE FOUNDATION GOLDEN 24 HOUR","author":"admin","date":"May 31, 2024","format":false,"excerpt":"","rel":"","context":"Similar post","block_context":{"text":"Similar post","link":""},"img":{"alt_text":"","src":"","width":0,"height":0},"classes":[]},{"id":24472,"url":"https:\/\/sakaba.mghosteur.com\/en\/product\/juvias-place-loose-highlighter\/","url_meta":{"origin":23129,"position":5},"title":"JUVIA&#8217;S PLACE Loose Highlighter","author":"admin","date":"November 10, 2022","format":false,"excerpt":"","rel":"","context":"Similar post","block_context":{"text":"Similar post","link":""},"img":{"alt_text":"","src":"","width":0,"height":0},"classes":[]}],"_links":{"self":[{"href":"https:\/\/sakaba.mghosteur.com\/en\/wp-json\/wp\/v2\/product\/23129","targetHints":{"allow":["GET"]}}],"collection":[{"href":"https:\/\/sakaba.mghosteur.com\/en\/wp-json\/wp\/v2\/product"}],"about":[{"href":"https:\/\/sakaba.mghosteur.com\/en\/wp-json\/wp\/v2\/types\/product"}],"replies":[{"embeddable":true,"href":"https:\/\/sakaba.mghosteur.com\/en\/wp-json\/wp\/v2\/comments?post=23129"}],"version-history":[{"count":0,"href":"https:\/\/sakaba.mghosteur.com\/en\/wp-json\/wp\/v2\/product\/23129\/revisions"}],"wp:attachment":[{"href":"https:\/\/sakaba.mghosteur.com\/en\/wp-json\/wp\/v2\/media?parent=23129"}],"wp:term":[{"taxonomy":"product_brand","embeddable":true,"href":"https:\/\/sakaba.mghosteur.com\/en\/wp-json\/wp\/v2\/product_brand?post=23129"},{"taxonomy":"product_cat","embeddable":true,"href":"https:\/\/sakaba.mghosteur.com\/en\/wp-json\/wp\/v2\/product_cat?post=23129"},{"taxonomy":"product_tag","embeddable":true,"href":"https:\/\/sakaba.mghosteur.com\/en\/wp-json\/wp\/v2\/product_tag?post=23129"}],"curies":[{"name":"wp","href":"https:\/\/api.w.org\/{rel}","templated":true}]}}