{"id":23175,"date":"2022-10-26T11:50:36","date_gmt":"2022-10-26T11:50:36","guid":{"rendered":"http:\/\/www.sakababeauty.com\/?post_type=product&#038;p=23175"},"modified":"2024-08-09T01:40:02","modified_gmt":"2024-08-09T01:40:02","slug":"victoria-secret-brume-parfumee","status":"publish","type":"product","link":"https:\/\/sakaba.mghosteur.com\/en\/product\/victoria-secret-brume-parfumee\/","title":{"rendered":"VICTORIA SECRET BRUME PARFUMEE"},"content":{"rendered":"","protected":false},"excerpt":{"rendered":"","protected":false},"featured_media":0,"comment_status":"open","ping_status":"closed","template":"","meta":[],"product_brand":[],"product_cat":[283,376],"product_tag":[],"class_list":{"0":"post-23175","1":"product","2":"type-product","3":"status-publish","5":"product_cat-aah-parfums","6":"product_cat-victoria-secret","8":"first","9":"instock","10":"shipping-taxable","11":"product-type-variable"},"jetpack-related-posts":[{"id":32055,"url":"https:\/\/sakaba.mghosteur.com\/en\/product\/victoria-secret-almond-blossom-oat-milk\/","url_meta":{"origin":23175,"position":0},"title":"VICTORIA SECRET ALMOND BLOSSOM OAT MILK","author":"admin","date":"May 13, 2024","format":false,"excerpt":"La Brume parfum\u00e9e corps Natural Beauty Almond Blossom & Oat Milk est le nouveau rituel beaut\u00e9 pour votre corps. R\u00e9veillez vos sens avec notre brume parfum\u00e9e rafra\u00eechissante. Vaporisez-en une touche pour vous mettre de bonne humeur et sentir bon de la t\u00eate aux pieds. Laissez-vous envo\u00fbter par l'odeur du lait\u2026","rel":"","context":"Similar post","block_context":{"text":"Similar post","link":""},"img":{"alt_text":"","src":"","width":0,"height":0},"classes":[]},{"id":32050,"url":"https:\/\/sakaba.mghosteur.com\/en\/product\/victoria-secret-pineapple-high\/","url_meta":{"origin":23175,"position":1},"title":"Victoria Secret PINEAPPLE HIGH","author":"admin","date":"May 13, 2024","format":false,"excerpt":"Impr\u00e9gnez-vous-en, buvez-le. Les fruits juteux ajoutent une touche percutante aux escapades ensoleill\u00e9es. Avec des notes de rhum coco, de chair de melon et d'\u00e9corce de mangue. Amplifiez avec la lotion parfum\u00e9e assortie. Choisissez parmi: ANANAS HAUT Tranche d'ananas. Le kiwi fond. Rush de rhum vanille. Style de parfum\u00a0: Fruit\u00e9 Chaud\u2026","rel":"","context":"Similar post","block_context":{"text":"Similar post","link":""},"img":{"alt_text":"","src":"","width":0,"height":0},"classes":[]},{"id":23228,"url":"https:\/\/sakaba.mghosteur.com\/en\/product\/victoria-secret-coffret\/","url_meta":{"origin":23175,"position":2},"title":"VICTORIA SECRET COFFRET","author":"admin","date":"October 26, 2022","format":false,"excerpt":"","rel":"","context":"Similar post","block_context":{"text":"Similar post","link":""},"img":{"alt_text":"","src":"","width":0,"height":0},"classes":[]},{"id":23447,"url":"https:\/\/sakaba.mghosteur.com\/en\/product\/victoria-secret-coffret-rose\/","url_meta":{"origin":23175,"position":3},"title":"VICTORIA SECRET COFFRET ROSE","author":"admin","date":"October 27, 2022","format":false,"excerpt":"","rel":"","context":"Similar post","block_context":{"text":"Similar post","link":""},"img":{"alt_text":"","src":"","width":0,"height":0},"classes":[]},{"id":23449,"url":"https:\/\/sakaba.mghosteur.com\/en\/product\/victoria-secret-heavenly-summer\/","url_meta":{"origin":23175,"position":4},"title":"Victoria Secret Heavenly Summer","author":"admin","date":"October 27, 2022","format":false,"excerpt":"","rel":"","context":"Similar post","block_context":{"text":"Similar post","link":""},"img":{"alt_text":"","src":"","width":0,"height":0},"classes":[]},{"id":23442,"url":"https:\/\/sakaba.mghosteur.com\/en\/product\/victoria-secret-bombshell-seduction-eau-de-parfum\/","url_meta":{"origin":23175,"position":5},"title":"Victoria Secret Bombshell seduction Eau de Parfum","author":"admin","date":"October 27, 2022","format":false,"excerpt":"","rel":"","context":"Similar post","block_context":{"text":"Similar post","link":""},"img":{"alt_text":"","src":"","width":0,"height":0},"classes":[]}],"_links":{"self":[{"href":"https:\/\/sakaba.mghosteur.com\/en\/wp-json\/wp\/v2\/product\/23175","targetHints":{"allow":["GET"]}}],"collection":[{"href":"https:\/\/sakaba.mghosteur.com\/en\/wp-json\/wp\/v2\/product"}],"about":[{"href":"https:\/\/sakaba.mghosteur.com\/en\/wp-json\/wp\/v2\/types\/product"}],"replies":[{"embeddable":true,"href":"https:\/\/sakaba.mghosteur.com\/en\/wp-json\/wp\/v2\/comments?post=23175"}],"version-history":[{"count":0,"href":"https:\/\/sakaba.mghosteur.com\/en\/wp-json\/wp\/v2\/product\/23175\/revisions"}],"wp:attachment":[{"href":"https:\/\/sakaba.mghosteur.com\/en\/wp-json\/wp\/v2\/media?parent=23175"}],"wp:term":[{"taxonomy":"product_brand","embeddable":true,"href":"https:\/\/sakaba.mghosteur.com\/en\/wp-json\/wp\/v2\/product_brand?post=23175"},{"taxonomy":"product_cat","embeddable":true,"href":"https:\/\/sakaba.mghosteur.com\/en\/wp-json\/wp\/v2\/product_cat?post=23175"},{"taxonomy":"product_tag","embeddable":true,"href":"https:\/\/sakaba.mghosteur.com\/en\/wp-json\/wp\/v2\/product_tag?post=23175"}],"curies":[{"name":"wp","href":"https:\/\/api.w.org\/{rel}","templated":true}]}}