{"id":23355,"date":"2022-10-26T17:46:41","date_gmt":"2022-10-26T17:46:41","guid":{"rendered":"http:\/\/www.sakababeauty.com\/?post_type=product&#038;p=23355"},"modified":"2024-08-08T18:48:50","modified_gmt":"2024-08-08T18:48:50","slug":"bath-body-works-aromatherapy-natural-essential-oil-sleep-lavender-vanilla","status":"publish","type":"product","link":"https:\/\/sakaba.mghosteur.com\/en\/product\/bath-body-works-aromatherapy-natural-essential-oil-sleep-lavender-vanilla\/","title":{"rendered":"Bath &amp; Body Works Aromatherapy Natural Essential Oil Sleep Lavender + vanilla"},"content":{"rendered":"","protected":false},"excerpt":{"rendered":"","protected":false},"featured_media":0,"comment_status":"open","ping_status":"closed","template":"","meta":[],"product_brand":[],"product_cat":[447,1061],"product_tag":[],"class_list":{"0":"post-23355","1":"product","2":"type-product","3":"status-publish","5":"product_cat-aac-bain-et-corps","6":"product_cat-lait-huile_corporelle","8":"first","9":"instock","10":"shipping-taxable","11":"product-type-simple"},"jetpack-related-posts":[{"id":32650,"url":"https:\/\/sakaba.mghosteur.com\/en\/product\/white-barn-lavender-vanilla\/","url_meta":{"origin":23355,"position":0},"title":"WHITE BARN LAVENDER VANILLA","author":"admin","date":"May 15, 2024","format":false,"excerpt":"","rel":"","context":"Similar post","block_context":{"text":"Similar post","link":""},"img":{"alt_text":"","src":"","width":0,"height":0},"classes":[]},{"id":23337,"url":"https:\/\/sakaba.mghosteur.com\/en\/product\/bath-body-works-aromatherapy\/","url_meta":{"origin":23355,"position":1},"title":"Bath &amp; Body Works Aromatherapy","author":"admin","date":"October 26, 2022","format":false,"excerpt":"","rel":"","context":"Similar post","block_context":{"text":"Similar post","link":""},"img":{"alt_text":"","src":"","width":0,"height":0},"classes":[]},{"id":34371,"url":"https:\/\/sakaba.mghosteur.com\/en\/product\/essential-oils-lavender\/","url_meta":{"origin":23355,"position":2},"title":"Essential Oils Lavender","author":"admin","date":"May 28, 2024","format":false,"excerpt":"","rel":"","context":"Similar post","block_context":{"text":"Similar post","link":""},"img":{"alt_text":"","src":"","width":0,"height":0},"classes":[]},{"id":24132,"url":"https:\/\/sakaba.mghosteur.com\/en\/product\/lavender-essential-oil-wet-skin-lotion\/","url_meta":{"origin":23355,"position":3},"title":"LAVENDER essential oil wet skin lotion","author":"admin","date":"November 9, 2022","format":false,"excerpt":"","rel":"","context":"Similar post","block_context":{"text":"Similar post","link":""},"img":{"alt_text":"","src":"","width":0,"height":0},"classes":[]},{"id":33144,"url":"https:\/\/sakaba.mghosteur.com\/en\/product\/bath-body-warm-vanilla-sugar\/","url_meta":{"origin":23355,"position":4},"title":"BATH &amp; BODY WARM VANILLA SUGAR","author":"admin","date":"May 20, 2024","format":false,"excerpt":"","rel":"","context":"Similar post","block_context":{"text":"Similar post","link":""},"img":{"alt_text":"","src":"","width":0,"height":0},"classes":[]},{"id":30165,"url":"https:\/\/sakaba.mghosteur.com\/en\/product\/dr-teals-lavender-essential-oil\/","url_meta":{"origin":23355,"position":5},"title":"Dr Teals LAVENDER ESSENTIAL OIL","author":"admin","date":"May 3, 2023","format":false,"excerpt":"Lotion apaisante pour le corps \u00e0 la lavande La lotion pour le corps hydratante \u00e0 la lavande de Dr Teal offre une hydratation profonde \u00e0 la peau ainsi que tous les avantages de l'aromath\u00e9rapie pour l'esprit.\u00a0Ce riche m\u00e9lange de beurre de cacao, de beurre de karit\u00e9 et de vitamine E\u2026","rel":"","context":"Similar post","block_context":{"text":"Similar post","link":""},"img":{"alt_text":"","src":"","width":0,"height":0},"classes":[]}],"_links":{"self":[{"href":"https:\/\/sakaba.mghosteur.com\/en\/wp-json\/wp\/v2\/product\/23355","targetHints":{"allow":["GET"]}}],"collection":[{"href":"https:\/\/sakaba.mghosteur.com\/en\/wp-json\/wp\/v2\/product"}],"about":[{"href":"https:\/\/sakaba.mghosteur.com\/en\/wp-json\/wp\/v2\/types\/product"}],"replies":[{"embeddable":true,"href":"https:\/\/sakaba.mghosteur.com\/en\/wp-json\/wp\/v2\/comments?post=23355"}],"version-history":[{"count":0,"href":"https:\/\/sakaba.mghosteur.com\/en\/wp-json\/wp\/v2\/product\/23355\/revisions"}],"wp:attachment":[{"href":"https:\/\/sakaba.mghosteur.com\/en\/wp-json\/wp\/v2\/media?parent=23355"}],"wp:term":[{"taxonomy":"product_brand","embeddable":true,"href":"https:\/\/sakaba.mghosteur.com\/en\/wp-json\/wp\/v2\/product_brand?post=23355"},{"taxonomy":"product_cat","embeddable":true,"href":"https:\/\/sakaba.mghosteur.com\/en\/wp-json\/wp\/v2\/product_cat?post=23355"},{"taxonomy":"product_tag","embeddable":true,"href":"https:\/\/sakaba.mghosteur.com\/en\/wp-json\/wp\/v2\/product_tag?post=23355"}],"curies":[{"name":"wp","href":"https:\/\/api.w.org\/{rel}","templated":true}]}}