{"id":23386,"date":"2022-10-27T11:11:46","date_gmt":"2022-10-27T11:11:46","guid":{"rendered":"http:\/\/www.sakababeauty.com\/?post_type=product&#038;p=23386"},"modified":"2022-10-27T11:13:04","modified_gmt":"2022-10-27T11:13:04","slug":"olivia-care-pure","status":"publish","type":"product","link":"https:\/\/sakaba.mghosteur.com\/en\/product\/olivia-care-pure\/","title":{"rendered":"OLIVIA CARE PURE"},"content":{"rendered":"","protected":false},"excerpt":{"rendered":"","protected":false},"featured_media":0,"comment_status":"open","ping_status":"closed","template":"","meta":[],"product_brand":[],"product_cat":[363],"product_tag":[],"class_list":{"0":"post-23386","1":"product","2":"type-product","3":"status-publish","5":"product_cat-soin-des-mains","7":"first","8":"instock","9":"shipping-taxable","10":"product-type-variable"},"jetpack-related-posts":[{"id":25606,"url":"https:\/\/sakaba.mghosteur.com\/en\/product\/now-vegetable-glycerin-pure-versatile-skin-care\/","url_meta":{"origin":23386,"position":0},"title":"NOW VEGETABLE GLYCERIN PURE VERSATILE SKIN CARE","author":"admin","date":"November 14, 2022","format":false,"excerpt":"","rel":"","context":"Similar post","block_context":{"text":"Similar post","link":""},"img":{"alt_text":"","src":"","width":0,"height":0},"classes":[]},{"id":24084,"url":"https:\/\/sakaba.mghosteur.com\/en\/product\/olivia-rose-remover-vacuum\/","url_meta":{"origin":23386,"position":1},"title":"OLIVIA ROSE REMOVER VACUUM","author":"admin","date":"November 9, 2022","format":false,"excerpt":"","rel":"","context":"Similar post","block_context":{"text":"Similar post","link":""},"img":{"alt_text":"","src":"","width":0,"height":0},"classes":[]},{"id":29890,"url":"https:\/\/sakaba.mghosteur.com\/en\/product\/vaseline-100-pure-petroleum-jelly-50g\/","url_meta":{"origin":23386,"position":2},"title":"VASELINE 100% PURE PETROLEUM JELLY 50G","author":"admin","date":"April 27, 2023","format":false,"excerpt":"D\u00e9couvrez la gel\u00e9e de p\u00e9trole Vaseline\u00ae, une solution efficace pour prendre soin de votre peau s\u00e8che, ab\u00eem\u00e9e ou craquel\u00e9e. Sa formule triplement purifi\u00e9e est cliniquement prouv\u00e9e pour aider \u00e0 gu\u00e9rir les dommages cutan\u00e9s en cr\u00e9ant une barri\u00e8re protectrice et en emprisonnant l'humidit\u00e9. Cette gel\u00e9e hypoallerg\u00e9nique et non com\u00e9dog\u00e8ne est parfaite\u2026","rel":"","context":"Similar post","block_context":{"text":"Similar post","link":""},"img":{"alt_text":"","src":"","width":0,"height":0},"classes":[]},{"id":29913,"url":"https:\/\/sakaba.mghosteur.com\/en\/product\/vaseline-cocoa-radiant-body-oil-200-ml\/","url_meta":{"origin":23386,"position":3},"title":"VASELINE COCOA RADIANT BODY OIL 200 ML","author":"admin","date":"April 27, 2023","format":false,"excerpt":"D\u00e9couvrez le gel-huile Vaseline Intensive Care Cocoa Radiant pour une peau \u00e9clatante et saine. Cette formule non grasse et riche combine du beurre de cacao pur et une huile r\u00e9g\u00e9n\u00e9rante pour donner \u00e0 votre peau un \u00e9clat naturel. Ce gel-huile pour le corps revitalise la peau d'apparence terne et am\u00e9liore\u2026","rel":"","context":"Similar post","block_context":{"text":"Similar post","link":""},"img":{"alt_text":"","src":"","width":0,"height":0},"classes":[]},{"id":30072,"url":"https:\/\/sakaba.mghosteur.com\/en\/product\/pure-castile-liquid-soap-peppermint\/","url_meta":{"origin":23386,"position":4},"title":"PURE-CASTILE LIQUID SOAP Peppermint","author":"admin","date":"May 2, 2023","format":false,"excerpt":"D\u00e9couvrez le savon liquide Pure-Castile \u00e0 la menthe poivr\u00e9e de la marque Dr. Bronners. Ce produit est l'un des plus populaires de la gamme, gr\u00e2ce \u00e0 son parfum rafra\u00eechissant et stimulant d'huile de menthe poivr\u00e9e biologique pure. Le savon est concentr\u00e9, biod\u00e9gradable et efficace, et peut \u00eatre utilis\u00e9 de multiples\u2026","rel":"","context":"Similar post","block_context":{"text":"Similar post","link":""},"img":{"alt_text":"","src":"","width":0,"height":0},"classes":[]},{"id":30115,"url":"https:\/\/sakaba.mghosteur.com\/en\/product\/dr-bronners-pure-castile-bar-soap-tea-tree\/","url_meta":{"origin":23386,"position":5},"title":"Dr. Bronners PURE-CASTILE BAR SOAP Tea Tree","author":"admin","date":"May 3, 2023","format":false,"excerpt":"Bois\u00e9 et m\u00e9dicinal, notre pain de savon Pure Castille \u00e0 l'arbre \u00e0 th\u00e9 contient de l'huile d'arbre \u00e0 th\u00e9 pure, id\u00e9ale pour les peaux \u00e0 tendance acn\u00e9ique et les pellicules\u00a0!\u00a0Le savon en barre Pure-Castile de Dr. Bronner's est fabriqu\u00e9 avec des ingr\u00e9dients certifi\u00e9s issus du commerce \u00e9quitable et de l'huile\u2026","rel":"","context":"Similar post","block_context":{"text":"Similar post","link":""},"img":{"alt_text":"","src":"","width":0,"height":0},"classes":[]}],"_links":{"self":[{"href":"https:\/\/sakaba.mghosteur.com\/en\/wp-json\/wp\/v2\/product\/23386","targetHints":{"allow":["GET"]}}],"collection":[{"href":"https:\/\/sakaba.mghosteur.com\/en\/wp-json\/wp\/v2\/product"}],"about":[{"href":"https:\/\/sakaba.mghosteur.com\/en\/wp-json\/wp\/v2\/types\/product"}],"replies":[{"embeddable":true,"href":"https:\/\/sakaba.mghosteur.com\/en\/wp-json\/wp\/v2\/comments?post=23386"}],"version-history":[{"count":0,"href":"https:\/\/sakaba.mghosteur.com\/en\/wp-json\/wp\/v2\/product\/23386\/revisions"}],"wp:attachment":[{"href":"https:\/\/sakaba.mghosteur.com\/en\/wp-json\/wp\/v2\/media?parent=23386"}],"wp:term":[{"taxonomy":"product_brand","embeddable":true,"href":"https:\/\/sakaba.mghosteur.com\/en\/wp-json\/wp\/v2\/product_brand?post=23386"},{"taxonomy":"product_cat","embeddable":true,"href":"https:\/\/sakaba.mghosteur.com\/en\/wp-json\/wp\/v2\/product_cat?post=23386"},{"taxonomy":"product_tag","embeddable":true,"href":"https:\/\/sakaba.mghosteur.com\/en\/wp-json\/wp\/v2\/product_tag?post=23386"}],"curies":[{"name":"wp","href":"https:\/\/api.w.org\/{rel}","templated":true}]}}