{"id":23442,"date":"2022-10-27T12:34:35","date_gmt":"2022-10-27T12:34:35","guid":{"rendered":"http:\/\/www.sakababeauty.com\/?post_type=product&#038;p=23442"},"modified":"2024-08-09T01:47:10","modified_gmt":"2024-08-09T01:47:10","slug":"victoria-secret-bombshell-seduction-eau-de-parfum","status":"publish","type":"product","link":"https:\/\/sakaba.mghosteur.com\/en\/product\/victoria-secret-bombshell-seduction-eau-de-parfum\/","title":{"rendered":"Victoria Secret Bombshell seduction Eau de Parfum"},"content":{"rendered":"","protected":false},"excerpt":{"rendered":"","protected":false},"featured_media":0,"comment_status":"open","ping_status":"closed","template":"","meta":[],"product_brand":[],"product_cat":[283,376],"product_tag":[],"class_list":{"0":"post-23442","1":"product","2":"type-product","3":"status-publish","5":"product_cat-aah-parfums","6":"product_cat-victoria-secret","8":"first","9":"instock","10":"shipping-taxable","11":"product-type-simple"},"jetpack-related-posts":[{"id":23149,"url":"https:\/\/sakaba.mghosteur.com\/en\/product\/victorias-secret-eau-de-parfum\/","url_meta":{"origin":23442,"position":0},"title":"Victoria&#8217;s Secret Eau de Parfum","author":"admin","date":"October 26, 2022","format":false,"excerpt":"","rel":"","context":"Similar post","block_context":{"text":"Similar post","link":""},"img":{"alt_text":"","src":"","width":0,"height":0},"classes":[]},{"id":32050,"url":"https:\/\/sakaba.mghosteur.com\/en\/product\/victoria-secret-pineapple-high\/","url_meta":{"origin":23442,"position":1},"title":"Victoria Secret PINEAPPLE HIGH","author":"admin","date":"May 13, 2024","format":false,"excerpt":"Impr\u00e9gnez-vous-en, buvez-le. Les fruits juteux ajoutent une touche percutante aux escapades ensoleill\u00e9es. Avec des notes de rhum coco, de chair de melon et d'\u00e9corce de mangue. Amplifiez avec la lotion parfum\u00e9e assortie. Choisissez parmi: ANANAS HAUT Tranche d'ananas. Le kiwi fond. Rush de rhum vanille. Style de parfum\u00a0: Fruit\u00e9 Chaud\u2026","rel":"","context":"Similar post","block_context":{"text":"Similar post","link":""},"img":{"alt_text":"","src":"","width":0,"height":0},"classes":[]},{"id":32043,"url":"https:\/\/sakaba.mghosteur.com\/en\/product\/victoria-secret-melon-drench\/","url_meta":{"origin":23442,"position":2},"title":"Victoria Secret MELON DRENCH","author":"admin","date":"May 13, 2024","format":false,"excerpt":"Laissez-vous enivrer par ce parfum juteux, fruit\u00e9 et accrocheur qui vous emportera vers un paradis ensoleill\u00e9. Note de rhum coco, de chair de melon et d\u2019\u00e9corce de mangue. Type : solaire et sensuel Notes : chair de melon, copeaux de noix de coco, cl\u00e9mentine Brillez dans un nuage radieux de\u2026","rel":"","context":"Similar post","block_context":{"text":"Similar post","link":""},"img":{"alt_text":"","src":"","width":0,"height":0},"classes":[]},{"id":23228,"url":"https:\/\/sakaba.mghosteur.com\/en\/product\/victoria-secret-coffret\/","url_meta":{"origin":23442,"position":3},"title":"VICTORIA SECRET COFFRET","author":"admin","date":"October 26, 2022","format":false,"excerpt":"","rel":"","context":"Similar post","block_context":{"text":"Similar post","link":""},"img":{"alt_text":"","src":"","width":0,"height":0},"classes":[]},{"id":23175,"url":"https:\/\/sakaba.mghosteur.com\/en\/product\/victoria-secret-brume-parfumee\/","url_meta":{"origin":23442,"position":4},"title":"VICTORIA SECRET BRUME PARFUMEE","author":"admin","date":"October 26, 2022","format":false,"excerpt":"","rel":"","context":"Similar post","block_context":{"text":"Similar post","link":""},"img":{"alt_text":"","src":"","width":0,"height":0},"classes":[]},{"id":23447,"url":"https:\/\/sakaba.mghosteur.com\/en\/product\/victoria-secret-coffret-rose\/","url_meta":{"origin":23442,"position":5},"title":"VICTORIA SECRET COFFRET ROSE","author":"admin","date":"October 27, 2022","format":false,"excerpt":"","rel":"","context":"Similar post","block_context":{"text":"Similar post","link":""},"img":{"alt_text":"","src":"","width":0,"height":0},"classes":[]}],"_links":{"self":[{"href":"https:\/\/sakaba.mghosteur.com\/en\/wp-json\/wp\/v2\/product\/23442","targetHints":{"allow":["GET"]}}],"collection":[{"href":"https:\/\/sakaba.mghosteur.com\/en\/wp-json\/wp\/v2\/product"}],"about":[{"href":"https:\/\/sakaba.mghosteur.com\/en\/wp-json\/wp\/v2\/types\/product"}],"replies":[{"embeddable":true,"href":"https:\/\/sakaba.mghosteur.com\/en\/wp-json\/wp\/v2\/comments?post=23442"}],"version-history":[{"count":0,"href":"https:\/\/sakaba.mghosteur.com\/en\/wp-json\/wp\/v2\/product\/23442\/revisions"}],"wp:attachment":[{"href":"https:\/\/sakaba.mghosteur.com\/en\/wp-json\/wp\/v2\/media?parent=23442"}],"wp:term":[{"taxonomy":"product_brand","embeddable":true,"href":"https:\/\/sakaba.mghosteur.com\/en\/wp-json\/wp\/v2\/product_brand?post=23442"},{"taxonomy":"product_cat","embeddable":true,"href":"https:\/\/sakaba.mghosteur.com\/en\/wp-json\/wp\/v2\/product_cat?post=23442"},{"taxonomy":"product_tag","embeddable":true,"href":"https:\/\/sakaba.mghosteur.com\/en\/wp-json\/wp\/v2\/product_tag?post=23442"}],"curies":[{"name":"wp","href":"https:\/\/api.w.org\/{rel}","templated":true}]}}