{"id":23447,"date":"2022-10-27T12:36:06","date_gmt":"2022-10-27T12:36:06","guid":{"rendered":"http:\/\/www.sakababeauty.com\/?post_type=product&#038;p=23447"},"modified":"2024-08-09T01:41:31","modified_gmt":"2024-08-09T01:41:31","slug":"victoria-secret-coffret-rose","status":"publish","type":"product","link":"https:\/\/sakaba.mghosteur.com\/en\/product\/victoria-secret-coffret-rose\/","title":{"rendered":"VICTORIA SECRET COFFRET ROSE"},"content":{"rendered":"","protected":false},"excerpt":{"rendered":"","protected":false},"featured_media":0,"comment_status":"open","ping_status":"closed","template":"","meta":[],"product_brand":[],"product_cat":[283,376],"product_tag":[],"class_list":{"0":"post-23447","1":"product","2":"type-product","3":"status-publish","5":"product_cat-aah-parfums","6":"product_cat-victoria-secret","8":"first","9":"instock","10":"shipping-taxable","11":"product-type-simple"},"jetpack-related-posts":[{"id":23228,"url":"https:\/\/sakaba.mghosteur.com\/en\/product\/victoria-secret-coffret\/","url_meta":{"origin":23447,"position":0},"title":"VICTORIA SECRET COFFRET","author":"admin","date":"October 26, 2022","format":false,"excerpt":"","rel":"","context":"Similar post","block_context":{"text":"Similar post","link":""},"img":{"alt_text":"","src":"","width":0,"height":0},"classes":[]},{"id":23409,"url":"https:\/\/sakaba.mghosteur.com\/en\/product\/trousse-victoria-secret\/","url_meta":{"origin":23447,"position":1},"title":"TROUSSE VICTORIA SECRET","author":"admin","date":"October 27, 2022","format":false,"excerpt":"","rel":"","context":"Similar post","block_context":{"text":"Similar post","link":""},"img":{"alt_text":"","src":"","width":0,"height":0},"classes":[]},{"id":23416,"url":"https:\/\/sakaba.mghosteur.com\/en\/product\/trousse-victoria-secret-valise-noir\/","url_meta":{"origin":23447,"position":2},"title":"TROUSSE VICTORIA SECRET VALISE NOIR","author":"admin","date":"October 27, 2022","format":false,"excerpt":"","rel":"","context":"Similar post","block_context":{"text":"Similar post","link":""},"img":{"alt_text":"","src":"","width":0,"height":0},"classes":[]},{"id":23393,"url":"https:\/\/sakaba.mghosteur.com\/en\/product\/trousse-victoria-secret-2-en-1-transparent\/","url_meta":{"origin":23447,"position":3},"title":"TROUSSE Victoria Secret 2 EN 1 TRANSPARENT","author":"admin","date":"October 27, 2022","format":false,"excerpt":"","rel":"","context":"Similar post","block_context":{"text":"Similar post","link":""},"img":{"alt_text":"","src":"","width":0,"height":0},"classes":[]},{"id":23414,"url":"https:\/\/sakaba.mghosteur.com\/en\/product\/trousse-victoria-secret-3-en-1-maron-noir\/","url_meta":{"origin":23447,"position":4},"title":"TROUSSE VICTORIA SECRET 3 EN 1 MARON NOIR","author":"admin","date":"October 27, 2022","format":false,"excerpt":"","rel":"","context":"Similar post","block_context":{"text":"Similar post","link":""},"img":{"alt_text":"","src":"","width":0,"height":0},"classes":[]},{"id":24246,"url":"https:\/\/sakaba.mghosteur.com\/en\/product\/victoria-secret-exfolianting-body-scrub\/","url_meta":{"origin":23447,"position":5},"title":"VICTORIA SECRET EXFOLIATING BODY SCRUB COCONUT MILK &amp; ROSE","author":"admin","date":"November 9, 2022","format":false,"excerpt":"Un nouveau genre de rituel corporel quotidien. R\u00e9v\u00e9lez une peau lisse et douce avec ce gommage au sucre riche. \u00c9limine la peau s\u00e8che gr\u00e2ce \u00e0 la poudre de coquille de noix exfoliante. Sentez-vous calme avec le parfum du lait de coco et de la rose. C'est une v\u00e9ritable tranquillit\u00e9. Fait\u2026","rel":"","context":"Similar post","block_context":{"text":"Similar post","link":""},"img":{"alt_text":"","src":"","width":0,"height":0},"classes":[]}],"_links":{"self":[{"href":"https:\/\/sakaba.mghosteur.com\/en\/wp-json\/wp\/v2\/product\/23447","targetHints":{"allow":["GET"]}}],"collection":[{"href":"https:\/\/sakaba.mghosteur.com\/en\/wp-json\/wp\/v2\/product"}],"about":[{"href":"https:\/\/sakaba.mghosteur.com\/en\/wp-json\/wp\/v2\/types\/product"}],"replies":[{"embeddable":true,"href":"https:\/\/sakaba.mghosteur.com\/en\/wp-json\/wp\/v2\/comments?post=23447"}],"version-history":[{"count":0,"href":"https:\/\/sakaba.mghosteur.com\/en\/wp-json\/wp\/v2\/product\/23447\/revisions"}],"wp:attachment":[{"href":"https:\/\/sakaba.mghosteur.com\/en\/wp-json\/wp\/v2\/media?parent=23447"}],"wp:term":[{"taxonomy":"product_brand","embeddable":true,"href":"https:\/\/sakaba.mghosteur.com\/en\/wp-json\/wp\/v2\/product_brand?post=23447"},{"taxonomy":"product_cat","embeddable":true,"href":"https:\/\/sakaba.mghosteur.com\/en\/wp-json\/wp\/v2\/product_cat?post=23447"},{"taxonomy":"product_tag","embeddable":true,"href":"https:\/\/sakaba.mghosteur.com\/en\/wp-json\/wp\/v2\/product_tag?post=23447"}],"curies":[{"name":"wp","href":"https:\/\/api.w.org\/{rel}","templated":true}]}}