{"id":23479,"date":"2022-10-31T10:56:18","date_gmt":"2022-10-31T10:56:18","guid":{"rendered":"http:\/\/www.sakababeauty.com\/?post_type=product&#038;p=23479"},"modified":"2022-10-31T10:56:19","modified_gmt":"2022-10-31T10:56:19","slug":"juvias-eyeshadow","status":"publish","type":"product","link":"https:\/\/sakaba.mghosteur.com\/en\/product\/juvias-eyeshadow\/","title":{"rendered":"Juvia&#8217;s-Eyeshadow"},"content":{"rendered":"","protected":false},"excerpt":{"rendered":"","protected":false},"featured_media":0,"comment_status":"open","ping_status":"closed","template":"","meta":[],"product_brand":[],"product_cat":[289],"product_tag":[],"class_list":{"0":"post-23479","1":"product","2":"type-product","3":"status-publish","5":"product_cat-aaa-maquillage","7":"first","8":"instock","9":"shipping-taxable","10":"product-type-variable"},"jetpack-related-posts":[{"id":33835,"url":"https:\/\/sakaba.mghosteur.com\/en\/product\/urban-decay-eyeshadow-primer-potion\/","url_meta":{"origin":23479,"position":0},"title":"Urban Decay Eyeshadow Primer Potion","author":"admin","date":"May 23, 2024","format":false,"excerpt":"","rel":"","context":"Similar post","block_context":{"text":"Similar post","link":""},"img":{"alt_text":"","src":"","width":0,"height":0},"classes":[]},{"id":33841,"url":"https:\/\/sakaba.mghosteur.com\/en\/product\/urban-decay-naked-heat-eyeshadow-palette\/","url_meta":{"origin":23479,"position":1},"title":"Urban Decay Naked Heat Eyeshadow Palette","author":"admin","date":"May 23, 2024","format":false,"excerpt":"","rel":"","context":"Similar post","block_context":{"text":"Similar post","link":""},"img":{"alt_text":"","src":"","width":0,"height":0},"classes":[]},{"id":34712,"url":"https:\/\/sakaba.mghosteur.com\/en\/product\/sephora-eye-love-deep-warm-eyeshadow-palette\/","url_meta":{"origin":23479,"position":2},"title":"SEPHORA EYE LOVE DEEP WARM EYESHADOW PALETTE","author":"admin","date":"May 30, 2024","format":false,"excerpt":"","rel":"","context":"Similar post","block_context":{"text":"Similar post","link":""},"img":{"alt_text":"","src":"","width":0,"height":0},"classes":[]},{"id":33805,"url":"https:\/\/sakaba.mghosteur.com\/en\/product\/juvia-s-place-bronzed-sunkissed\/","url_meta":{"origin":23479,"position":3},"title":"JUVIA S PLACE BRONZED SUNKISSED","author":"admin","date":"May 23, 2024","format":false,"excerpt":"Cr\u00e8me bronzante JUVIA'S PLACE Bronzed Cream Bronzer, votre ticket ultime pour un teint ensoleill\u00e9 et radieux toute l'ann\u00e9e. Am\u00e9liorez votre routine de maquillage avec cette luxueuse cr\u00e8me bronzante qui offre sans effort un \u00e9clat naturel et illumin\u00e9 de l'int\u00e9rieur.","rel":"","context":"Similar post","block_context":{"text":"Similar post","link":""},"img":{"alt_text":"","src":"","width":0,"height":0},"classes":[]},{"id":33783,"url":"https:\/\/sakaba.mghosteur.com\/en\/product\/juvia-s-pinceau\/","url_meta":{"origin":23479,"position":4},"title":"JUVIA S PINCEAU","author":"admin","date":"May 23, 2024","format":false,"excerpt":"","rel":"","context":"Similar post","block_context":{"text":"Similar post","link":""},"img":{"alt_text":"","src":"","width":0,"height":0},"classes":[]},{"id":24472,"url":"https:\/\/sakaba.mghosteur.com\/en\/product\/juvias-place-loose-highlighter\/","url_meta":{"origin":23479,"position":5},"title":"JUVIA&#8217;S PLACE Loose Highlighter","author":"admin","date":"November 10, 2022","format":false,"excerpt":"","rel":"","context":"Similar post","block_context":{"text":"Similar post","link":""},"img":{"alt_text":"","src":"","width":0,"height":0},"classes":[]}],"_links":{"self":[{"href":"https:\/\/sakaba.mghosteur.com\/en\/wp-json\/wp\/v2\/product\/23479","targetHints":{"allow":["GET"]}}],"collection":[{"href":"https:\/\/sakaba.mghosteur.com\/en\/wp-json\/wp\/v2\/product"}],"about":[{"href":"https:\/\/sakaba.mghosteur.com\/en\/wp-json\/wp\/v2\/types\/product"}],"replies":[{"embeddable":true,"href":"https:\/\/sakaba.mghosteur.com\/en\/wp-json\/wp\/v2\/comments?post=23479"}],"version-history":[{"count":0,"href":"https:\/\/sakaba.mghosteur.com\/en\/wp-json\/wp\/v2\/product\/23479\/revisions"}],"wp:attachment":[{"href":"https:\/\/sakaba.mghosteur.com\/en\/wp-json\/wp\/v2\/media?parent=23479"}],"wp:term":[{"taxonomy":"product_brand","embeddable":true,"href":"https:\/\/sakaba.mghosteur.com\/en\/wp-json\/wp\/v2\/product_brand?post=23479"},{"taxonomy":"product_cat","embeddable":true,"href":"https:\/\/sakaba.mghosteur.com\/en\/wp-json\/wp\/v2\/product_cat?post=23479"},{"taxonomy":"product_tag","embeddable":true,"href":"https:\/\/sakaba.mghosteur.com\/en\/wp-json\/wp\/v2\/product_tag?post=23479"}],"curies":[{"name":"wp","href":"https:\/\/api.w.org\/{rel}","templated":true}]}}