{"id":23602,"date":"2022-11-02T16:57:28","date_gmt":"2022-11-02T16:57:28","guid":{"rendered":"http:\/\/www.sakababeauty.com\/?post_type=product&#038;p=23602"},"modified":"2023-04-07T12:35:57","modified_gmt":"2023-04-07T12:35:57","slug":"fenty-beauty-lip-loving-scrubstick","status":"publish","type":"product","link":"https:\/\/sakaba.mghosteur.com\/en\/product\/fenty-beauty-lip-loving-scrubstick\/","title":{"rendered":"PRO KISS&#8217;R LIP-LOVING SCRUBSTICK"},"content":{"rendered":"<p>Le PRO KISS&#8217;R LIP-LOVING SCRUBSTICK est un stick exfoliant pour les l\u00e8vres qui vous donnera des l\u00e8vres douces et lisses en un rien de temps. Ce b\u00e2ton pratique contient des grains exfoliants de noyau d&#8217;abricot pour exfolier en douceur et nourrir les l\u00e8vres, sans le d\u00e9sordre des exfoliants traditionnels. Il est facile \u00e0 utiliser et ne laisse pas de r\u00e9sidus gras, vous pouvez donc l&#8217;utiliser partout et \u00e0 tout moment pour des l\u00e8vres parfaites. Obtenez des l\u00e8vres pr\u00eates pour un baiser ou un maquillage impeccable en un seul geste!<\/p>","protected":false},"excerpt":{"rendered":"<p>Le PRO KISS&#8217;R LIP-LOVING SCRUBSTICK est un stick exfoliant pour les l\u00e8vres qui vous donnera des l\u00e8vres douces et lisses en un rien de temps. Ce b\u00e2ton pratique contient des grains exfoliants de noyau d&#8217;abricot pour exfolier en douceur et nourrir les l\u00e8vres, sans le d\u00e9sordre des exfoliants traditionnels. Il est facile \u00e0 utiliser et<span class=\"read-more-faq\"><a href=\"https:\/\/sakaba.mghosteur.com\/en\/product\/fenty-beauty-lip-loving-scrubstick\/\">Read More<\/a><\/span><\/p>","protected":false},"featured_media":0,"comment_status":"closed","ping_status":"closed","template":"","meta":[],"product_brand":[],"product_cat":[305],"product_tag":[],"class_list":{"0":"post-23602","1":"product","2":"type-product","3":"status-publish","5":"product_cat-levres","7":"first","8":"instock","9":"shipping-taxable","10":"product-type-simple"},"jetpack-related-posts":[{"id":34703,"url":"https:\/\/sakaba.mghosteur.com\/en\/product\/pro-kissr-lip-loving-scrubstick\/","url_meta":{"origin":23602,"position":0},"title":"PRO KISS\u2019R LIP-LOVING SCRUBSTICK","author":"admin","date":"May 30, 2024","format":false,"excerpt":"","rel":"","context":"Similar post","block_context":{"text":"Similar post","link":""},"img":{"alt_text":"","src":"","width":0,"height":0},"classes":[]},{"id":34646,"url":"https:\/\/sakaba.mghosteur.com\/en\/product\/fenty-pro-kissr-coffret-soin-du-levres\/","url_meta":{"origin":23602,"position":1},"title":"FENTY PRO KISS&#8217;R COFFRET SOIN DU LEVRES","author":"admin","date":"May 30, 2024","format":false,"excerpt":"Fenty Beauty Pro Kiss'r Duo Scrubstick + Lip Balm Set est un\u00a0ensemble de deux produits essentiels pour\u00a0le soin des\u00a0l\u00e8vres.\u00a0Offrez\u00a0\u00e0 vos l\u00e8vres le traitement qu'elles m\u00e9ritent! Pr\u00e9parez vos l\u00e8vres en les exfoliant \u00e0 l'aide du Pro Kiss'r scrub pour les lisser instantan\u00e9ment. Faites les ensuite briller gr\u00e2ce au mini Pro Kiss'r\u2026","rel":"","context":"Similar post","block_context":{"text":"Similar post","link":""},"img":{"alt_text":"","src":"","width":0,"height":0},"classes":[]},{"id":34602,"url":"https:\/\/sakaba.mghosteur.com\/en\/product\/fenty-luscious-lip-balm-latte-lips\/","url_meta":{"origin":23602,"position":2},"title":"FENTY LUSCIOUS LIP BALM LATTE LIPS","author":"admin","date":"May 29, 2024","format":false,"excerpt":"Un baume \u00e0 l\u00e8vres cr\u00e9meux et hydratant dot\u00e9 d'un applicateur en forme de pied de biche moelleux qui lisse, adoucit et pr\u00e9pare vos l\u00e8vres pour des l\u00e8vres instantan\u00e9ment pulpeuses et dignes d'un baiser qui durent, dans des teintes transparentes con\u00e7ues pour tous les tons de peau. Description: Super cr\u00e9meux et\u2026","rel":"","context":"Similar post","block_context":{"text":"Similar post","link":""},"img":{"alt_text":"","src":"","width":0,"height":0},"classes":[]},{"id":34599,"url":"https:\/\/sakaba.mghosteur.com\/en\/product\/fenty-luscious-lip-balm-cocoa-drizzle\/","url_meta":{"origin":23602,"position":3},"title":"FENTY LUSCIOUS LIP BALM COCOA DRIZZLE","author":"admin","date":"May 29, 2024","format":false,"excerpt":"Un baume \u00e0 l\u00e8vres cr\u00e9meux et hydratant dot\u00e9 d'un applicateur en forme de pied de biche moelleux qui lisse, adoucit et pr\u00e9pare vos l\u00e8vres pour des l\u00e8vres instantan\u00e9ment pulpeuses et dignes d'un baiser qui durent, dans des teintes transparentes con\u00e7ues pour tous les tons de peau. Description: Super cr\u00e9meux et\u2026","rel":"","context":"Similar post","block_context":{"text":"Similar post","link":""},"img":{"alt_text":"","src":"","width":0,"height":0},"classes":[]},{"id":29462,"url":"https:\/\/sakaba.mghosteur.com\/en\/product\/lip-plump-rafraichir-aha-bha-vitamine-c-levres-repulpantes\/","url_meta":{"origin":23602,"position":4},"title":"Lip Plump &#8211; Rafra\u00eechir AHA BHA Vitamine C L\u00e8vres Repulpantes","author":"admin","date":"April 4, 2023","format":false,"excerpt":"Le Lip Plump de la marque COSRX est un produit ultra-\u00e9clatant qui utilise des ingr\u00e9dients comme la volufiline et des d\u00e9riv\u00e9s de vitamines pour donner un effet repulpant \u00e0 vos l\u00e8vres. Ce produit est disponible en format de 0.70 fl.oz \/ 20g. Avec le Lip Plump, vos l\u00e8vres seront volumis\u00e9es\u2026","rel":"","context":"Similar post","block_context":{"text":"Similar post","link":""},"img":{"alt_text":"","src":"","width":0,"height":0},"classes":[]},{"id":31469,"url":"https:\/\/sakaba.mghosteur.com\/en\/product\/laneige-lip-glowy-balm-baume-brillant-gummy-bear\/","url_meta":{"origin":23602,"position":5},"title":"LANEIGE LIP GLOWY BALM BAUME BRILLANT GUMMY BEAR","author":"admin","date":"May 10, 2024","format":false,"excerpt":"D\u00e9couvrez le baume \u00e0 l\u00e8vres teint\u00e9 et brillant, un indispensable de votre routine beaut\u00e9. Ce baume-gloss 2-en-1 de Laneige est con\u00e7u pour vous offrir un \u00e9clat subtil et naturel. Enrichi en beurres de karit\u00e9 et de murumuru, il nourrit vos l\u00e8vres tout en leur procurant un fini l\u00e9g\u00e8rement teint\u00e9 et\u2026","rel":"","context":"Similar post","block_context":{"text":"Similar post","link":""},"img":{"alt_text":"","src":"","width":0,"height":0},"classes":[]}],"_links":{"self":[{"href":"https:\/\/sakaba.mghosteur.com\/en\/wp-json\/wp\/v2\/product\/23602","targetHints":{"allow":["GET"]}}],"collection":[{"href":"https:\/\/sakaba.mghosteur.com\/en\/wp-json\/wp\/v2\/product"}],"about":[{"href":"https:\/\/sakaba.mghosteur.com\/en\/wp-json\/wp\/v2\/types\/product"}],"replies":[{"embeddable":true,"href":"https:\/\/sakaba.mghosteur.com\/en\/wp-json\/wp\/v2\/comments?post=23602"}],"version-history":[{"count":0,"href":"https:\/\/sakaba.mghosteur.com\/en\/wp-json\/wp\/v2\/product\/23602\/revisions"}],"wp:attachment":[{"href":"https:\/\/sakaba.mghosteur.com\/en\/wp-json\/wp\/v2\/media?parent=23602"}],"wp:term":[{"taxonomy":"product_brand","embeddable":true,"href":"https:\/\/sakaba.mghosteur.com\/en\/wp-json\/wp\/v2\/product_brand?post=23602"},{"taxonomy":"product_cat","embeddable":true,"href":"https:\/\/sakaba.mghosteur.com\/en\/wp-json\/wp\/v2\/product_cat?post=23602"},{"taxonomy":"product_tag","embeddable":true,"href":"https:\/\/sakaba.mghosteur.com\/en\/wp-json\/wp\/v2\/product_tag?post=23602"}],"curies":[{"name":"wp","href":"https:\/\/api.w.org\/{rel}","templated":true}]}}