{"id":23624,"date":"2022-11-03T15:49:55","date_gmt":"2022-11-03T15:49:55","guid":{"rendered":"http:\/\/www.sakababeauty.com\/?post_type=product&#038;p=23624"},"modified":"2022-11-03T15:49:55","modified_gmt":"2022-11-03T15:49:55","slug":"fenty-beauty-stunna-lip","status":"publish","type":"product","link":"https:\/\/sakaba.mghosteur.com\/en\/product\/fenty-beauty-stunna-lip\/","title":{"rendered":"FENTY BEAUTY STUNNA LIP"},"content":{"rendered":"","protected":false},"excerpt":{"rendered":"","protected":false},"featured_media":0,"comment_status":"open","ping_status":"closed","template":"","meta":[],"product_brand":[],"product_cat":[305,289],"product_tag":[],"class_list":{"0":"post-23624","1":"product","2":"type-product","3":"status-publish","5":"product_cat-levres","6":"product_cat-aaa-maquillage","8":"first","9":"instock","10":"shipping-taxable","11":"product-type-variable"},"jetpack-related-posts":[{"id":34530,"url":"https:\/\/sakaba.mghosteur.com\/en\/product\/fenty-beauty-stunna-lip-plaint\/","url_meta":{"origin":23624,"position":0},"title":"FENTY BEAUTY STUNNA LIP PLAINT","author":"admin","date":"May 29, 2024","format":false,"excerpt":"","rel":"","context":"Similar post","block_context":{"text":"Similar post","link":""},"img":{"alt_text":"","src":"","width":0,"height":0},"classes":[]},{"id":34519,"url":"https:\/\/sakaba.mghosteur.com\/en\/product\/fenty-beauty-stunna-lip-paint-uncuffed\/","url_meta":{"origin":23624,"position":1},"title":"FENTY BEAUTY STUNNA LIP PAINT UNCUFFED","author":"admin","date":"May 29, 2024","format":false,"excerpt":"","rel":"","context":"Similar post","block_context":{"text":"Similar post","link":""},"img":{"alt_text":"","src":"","width":0,"height":0},"classes":[]},{"id":34522,"url":"https:\/\/sakaba.mghosteur.com\/en\/product\/fenty-beauty-stunna-lip-paint-unlocked\/","url_meta":{"origin":23624,"position":2},"title":"FENTY BEAUTY STUNNA LIP PAINT UNLOCKED","author":"admin","date":"May 29, 2024","format":false,"excerpt":"","rel":"","context":"Similar post","block_context":{"text":"Similar post","link":""},"img":{"alt_text":"","src":"","width":0,"height":0},"classes":[]},{"id":29544,"url":"https:\/\/sakaba.mghosteur.com\/en\/product\/fenty-beauty-stunna-lip-paint\/","url_meta":{"origin":23624,"position":3},"title":"FENTY BEAUTY STUNNA LIP PAINT","author":"admin","date":"April 7, 2023","format":false,"excerpt":"D\u00e9couvrez le STUNNA LIP PAINT, un rouge \u00e0 l\u00e8vres liquide \u00e0 la finition mate douce et longue tenue. Disponible dans une gamme de 8 teintes \u00e9blouissantes cr\u00e9\u00e9es par Rihanna, ce produit convient \u00e0 toutes les carnations. Sa formule l\u00e9g\u00e8re ne vous alourdira pas et vous permettra de vous concentrer sur\u2026","rel":"","context":"Similar post","block_context":{"text":"Similar post","link":""},"img":{"alt_text":"","src":"","width":0,"height":0},"classes":[]},{"id":23594,"url":"https:\/\/sakaba.mghosteur.com\/en\/product\/fenty-universal-lip-luminizer\/","url_meta":{"origin":23624,"position":4},"title":"FENTY BEAUTY GLOSS BOMB","author":"admin","date":"November 2, 2022","format":false,"excerpt":"","rel":"","context":"Similar post","block_context":{"text":"Similar post","link":""},"img":{"alt_text":"","src":"","width":0,"height":0},"classes":[]},{"id":34539,"url":"https:\/\/sakaba.mghosteur.com\/en\/product\/fenty-cherry-treat-conditioning-lip-oil\/","url_meta":{"origin":23624,"position":5},"title":"FENTY CHERRY TREAT CONDITIONING LIP OIL","author":"admin","date":"May 29, 2024","format":false,"excerpt":"","rel":"","context":"Similar post","block_context":{"text":"Similar post","link":""},"img":{"alt_text":"","src":"","width":0,"height":0},"classes":[]}],"_links":{"self":[{"href":"https:\/\/sakaba.mghosteur.com\/en\/wp-json\/wp\/v2\/product\/23624","targetHints":{"allow":["GET"]}}],"collection":[{"href":"https:\/\/sakaba.mghosteur.com\/en\/wp-json\/wp\/v2\/product"}],"about":[{"href":"https:\/\/sakaba.mghosteur.com\/en\/wp-json\/wp\/v2\/types\/product"}],"replies":[{"embeddable":true,"href":"https:\/\/sakaba.mghosteur.com\/en\/wp-json\/wp\/v2\/comments?post=23624"}],"version-history":[{"count":0,"href":"https:\/\/sakaba.mghosteur.com\/en\/wp-json\/wp\/v2\/product\/23624\/revisions"}],"wp:attachment":[{"href":"https:\/\/sakaba.mghosteur.com\/en\/wp-json\/wp\/v2\/media?parent=23624"}],"wp:term":[{"taxonomy":"product_brand","embeddable":true,"href":"https:\/\/sakaba.mghosteur.com\/en\/wp-json\/wp\/v2\/product_brand?post=23624"},{"taxonomy":"product_cat","embeddable":true,"href":"https:\/\/sakaba.mghosteur.com\/en\/wp-json\/wp\/v2\/product_cat?post=23624"},{"taxonomy":"product_tag","embeddable":true,"href":"https:\/\/sakaba.mghosteur.com\/en\/wp-json\/wp\/v2\/product_tag?post=23624"}],"curies":[{"name":"wp","href":"https:\/\/api.w.org\/{rel}","templated":true}]}}