{"id":23632,"date":"2022-11-03T16:06:28","date_gmt":"2022-11-03T16:06:28","guid":{"rendered":"http:\/\/www.sakababeauty.com\/?post_type=product&#038;p=23632"},"modified":"2023-04-07T13:02:28","modified_gmt":"2023-04-07T13:02:28","slug":"fenty-beauty-plush-matte-lipstick","status":"publish","type":"product","link":"https:\/\/sakaba.mghosteur.com\/en\/product\/fenty-beauty-plush-matte-lipstick\/","title":{"rendered":"FENTY Beauty Plush Matte Lipstick"},"content":{"rendered":"<p>D\u00e9couvrez le Rouge \u00e0 L\u00e8vres Mattemoiselle F&#8217;n Black de Fenty Beauty ! Ce rouge \u00e0 l\u00e8vres noir a une texture mate pour un effet uniforme et non brillant. La couleur est pleine et intense, et sa tenue longue dur\u00e9e signifie que vous n&#8217;aurez pas besoin de l&#8217;appliquer fr\u00e9quemment. Obtenez des l\u00e8vres audacieuses et \u00e9l\u00e9gantes avec ce rouge \u00e0 l\u00e8vres unique.<\/p>","protected":false},"excerpt":{"rendered":"<p>D\u00e9couvrez le Rouge \u00e0 L\u00e8vres Mattemoiselle F&#8217;n Black de Fenty Beauty ! Ce rouge \u00e0 l\u00e8vres noir a une texture mate pour un effet uniforme et non brillant. La couleur est pleine et intense, et sa tenue longue dur\u00e9e signifie que vous n&#8217;aurez pas besoin de l&#8217;appliquer fr\u00e9quemment. Obtenez des l\u00e8vres audacieuses et \u00e9l\u00e9gantes avec<span class=\"read-more-faq\"><a href=\"https:\/\/sakaba.mghosteur.com\/en\/product\/fenty-beauty-plush-matte-lipstick\/\">Read More<\/a><\/span><\/p>","protected":false},"featured_media":0,"comment_status":"closed","ping_status":"closed","template":"","meta":[],"product_brand":[],"product_cat":[305,289],"product_tag":[],"class_list":{"0":"post-23632","1":"product","2":"type-product","3":"status-publish","5":"product_cat-levres","6":"product_cat-aaa-maquillage","8":"first","9":"instock","10":"shipping-taxable","11":"product-type-simple"},"jetpack-related-posts":[{"id":29605,"url":"https:\/\/sakaba.mghosteur.com\/en\/product\/fenty-the-fill-semi-matte-lipstick\/","url_meta":{"origin":23632,"position":0},"title":"FENTY THE FILL SEMI MATTE LIPSTICK","author":"admin","date":"April 10, 2023","format":false,"excerpt":"D\u00e9couvrez le Rouge \u00e0 L\u00e8vres Semi-Mat Rechargeable Fenty Icon de la marque Fenty. Chaque nuance a \u00e9t\u00e9 soigneusement s\u00e9lectionn\u00e9e par Rihanna pour cr\u00e9er la collection parfaite de rouges et de tons neutres \u00e0 haute pigmentation et facile \u00e0 porter. Sa formule semi-mate cr\u00e9meuse assure un confort optimal tout en offrant\u2026","rel":"","context":"Similar post","block_context":{"text":"Similar post","link":""},"img":{"alt_text":"","src":"","width":0,"height":0},"classes":[]},{"id":29577,"url":"https:\/\/sakaba.mghosteur.com\/en\/product\/fenty-gloss-bomb-heat-hot-cherry\/","url_meta":{"origin":23632,"position":1},"title":"FENTY GLOSS BOMB HEAT HOT CHERRY","author":"admin","date":"April 10, 2023","format":false,"excerpt":"D\u00e9couvrez Gloss Bomb Heat, le lip luminizer et plumper de FENTY pour des l\u00e8vres incroyables ! Avec sa formule innovante Plump Job Complex \u00e0 base d'huile de gingembre et d'extrait de fruit de poivre, ce gloss offre un effet repulpant instantan\u00e9 pour des l\u00e8vres lisses et pleines. Enrichi en beurre\u2026","rel":"","context":"Similar post","block_context":{"text":"Similar post","link":""},"img":{"alt_text":"","src":"","width":0,"height":0},"classes":[]},{"id":34664,"url":"https:\/\/sakaba.mghosteur.com\/en\/product\/fenty-the-fill-semi-matte-lipstick-05-pose-queen\/","url_meta":{"origin":23632,"position":2},"title":"FENTY THE FILL SEMI MATTE LIPSTICK 05 POSE QUEEN","author":"admin","date":"May 30, 2024","format":false,"excerpt":"Le rouge \u00e0 l\u00e8vres semi-mat rechargeable Fenty Icon est fait pour \u00eatre vu. Rihanna a s\u00e9lectionn\u00e9 chaque teinte pour une gamme parfaite de rouges et de neutres \u00e0 haute teneur en pigments et n\u00e9cessitant peu d'entretien pour tous. Con\u00e7u pour \u00eatre rechargeable : une fois que vous avez choisi la\u2026","rel":"","context":"Similar post","block_context":{"text":"Similar post","link":""},"img":{"alt_text":"","src":"","width":0,"height":0},"classes":[]},{"id":34667,"url":"https:\/\/sakaba.mghosteur.com\/en\/product\/fenty-the-fill-semi-matte-lipstick-10-flaunty-aunt\/","url_meta":{"origin":23632,"position":3},"title":"FENTY THE FILL SEMI MATTE LIPSTICK 10 FLAUNTY AUNT","author":"admin","date":"May 30, 2024","format":false,"excerpt":"Le rouge \u00e0 l\u00e8vres semi-mat rechargeable Fenty Icon est fait pour \u00eatre vu. Rihanna a s\u00e9lectionn\u00e9 chaque teinte pour une gamme parfaite de rouges et de neutres \u00e0 haute teneur en pigments et n\u00e9cessitant peu d'entretien pour tous. Con\u00e7u pour \u00eatre rechargeable : une fois que vous avez choisi la\u2026","rel":"","context":"Similar post","block_context":{"text":"Similar post","link":""},"img":{"alt_text":"","src":"","width":0,"height":0},"classes":[]},{"id":29544,"url":"https:\/\/sakaba.mghosteur.com\/en\/product\/fenty-beauty-stunna-lip-paint\/","url_meta":{"origin":23632,"position":4},"title":"FENTY BEAUTY STUNNA LIP PAINT","author":"admin","date":"April 7, 2023","format":false,"excerpt":"D\u00e9couvrez le STUNNA LIP PAINT, un rouge \u00e0 l\u00e8vres liquide \u00e0 la finition mate douce et longue tenue. Disponible dans une gamme de 8 teintes \u00e9blouissantes cr\u00e9\u00e9es par Rihanna, ce produit convient \u00e0 toutes les carnations. Sa formule l\u00e9g\u00e8re ne vous alourdira pas et vous permettra de vous concentrer sur\u2026","rel":"","context":"Similar post","block_context":{"text":"Similar post","link":""},"img":{"alt_text":"","src":"","width":0,"height":0},"classes":[]},{"id":34566,"url":"https:\/\/sakaba.mghosteur.com\/en\/product\/fenty-icon-the-fill-semi-matte-lipstick-miss-candy-venom\/","url_meta":{"origin":23632,"position":5},"title":"FENTY ICON THE FILL SEMI MATTE LIPSTICK MISS CANDY VENOM","author":"admin","date":"May 29, 2024","format":false,"excerpt":"Le rouge \u00e0 l\u00e8vres semi-mat rechargeable Fenty Icon est fait pour \u00eatre vu. Rihanna a s\u00e9lectionn\u00e9 chaque teinte pour une gamme parfaite de rouges et de neutres \u00e0 haute teneur en pigments et n\u00e9cessitant peu d'entretien pour tous. Con\u00e7u pour \u00eatre rechargeable : une fois que vous avez choisi la\u2026","rel":"","context":"Similar post","block_context":{"text":"Similar post","link":""},"img":{"alt_text":"","src":"","width":0,"height":0},"classes":[]}],"_links":{"self":[{"href":"https:\/\/sakaba.mghosteur.com\/en\/wp-json\/wp\/v2\/product\/23632","targetHints":{"allow":["GET"]}}],"collection":[{"href":"https:\/\/sakaba.mghosteur.com\/en\/wp-json\/wp\/v2\/product"}],"about":[{"href":"https:\/\/sakaba.mghosteur.com\/en\/wp-json\/wp\/v2\/types\/product"}],"replies":[{"embeddable":true,"href":"https:\/\/sakaba.mghosteur.com\/en\/wp-json\/wp\/v2\/comments?post=23632"}],"version-history":[{"count":0,"href":"https:\/\/sakaba.mghosteur.com\/en\/wp-json\/wp\/v2\/product\/23632\/revisions"}],"wp:attachment":[{"href":"https:\/\/sakaba.mghosteur.com\/en\/wp-json\/wp\/v2\/media?parent=23632"}],"wp:term":[{"taxonomy":"product_brand","embeddable":true,"href":"https:\/\/sakaba.mghosteur.com\/en\/wp-json\/wp\/v2\/product_brand?post=23632"},{"taxonomy":"product_cat","embeddable":true,"href":"https:\/\/sakaba.mghosteur.com\/en\/wp-json\/wp\/v2\/product_cat?post=23632"},{"taxonomy":"product_tag","embeddable":true,"href":"https:\/\/sakaba.mghosteur.com\/en\/wp-json\/wp\/v2\/product_tag?post=23632"}],"curies":[{"name":"wp","href":"https:\/\/api.w.org\/{rel}","templated":true}]}}