{"id":23710,"date":"2022-11-04T10:36:24","date_gmt":"2022-11-04T10:36:24","guid":{"rendered":"http:\/\/www.sakababeauty.com\/?post_type=product&#038;p=23710"},"modified":"2022-11-04T10:36:24","modified_gmt":"2022-11-04T10:36:24","slug":"lip-gloss-collection","status":"publish","type":"product","link":"https:\/\/sakaba.mghosteur.com\/en\/product\/lip-gloss-collection\/","title":{"rendered":"LIP GLOSS COLLECTION"},"content":{"rendered":"","protected":false},"excerpt":{"rendered":"","protected":false},"featured_media":0,"comment_status":"open","ping_status":"closed","template":"","meta":[],"product_brand":[],"product_cat":[305],"product_tag":[],"class_list":{"0":"post-23710","1":"product","2":"type-product","3":"status-publish","5":"product_cat-levres","7":"first","8":"instock","9":"shipping-taxable","10":"product-type-simple"},"jetpack-related-posts":[{"id":34754,"url":"https:\/\/sakaba.mghosteur.com\/en\/product\/lip-injection-power-plumping-lip-gloss\/","url_meta":{"origin":23710,"position":0},"title":"LIP INJECTION POWER PLUMPING LIP GLOSS","author":"admin","date":"May 31, 2024","format":false,"excerpt":"","rel":"","context":"Similar post","block_context":{"text":"Similar post","link":""},"img":{"alt_text":"","src":"","width":0,"height":0},"classes":[]},{"id":23608,"url":"https:\/\/sakaba.mghosteur.com\/en\/product\/gloss-bomb-cream-doubletake-lip-duo\/","url_meta":{"origin":23710,"position":1},"title":"GLOSS BOMB CREAM DOUBLETAKE LIP DUO","author":"admin","date":"November 3, 2022","format":false,"excerpt":"","rel":"","context":"Similar post","block_context":{"text":"Similar post","link":""},"img":{"alt_text":"","src":"","width":0,"height":0},"classes":[]},{"id":29579,"url":"https:\/\/sakaba.mghosteur.com\/en\/product\/fenty-gloss-bomb-ice\/","url_meta":{"origin":23710,"position":2},"title":"FENTY GLOSS BOMB ICE","author":"admin","date":"April 10, 2023","format":false,"excerpt":"D\u00e9couvrez le GLOSS BOMB ICE COOLING LIP LUMINIZER de la marque FENTY, le brillant \u00e0 l\u00e8vres qui vous donnera un look mouill\u00e9 et rafra\u00eechissant gr\u00e2ce \u00e0 son effet menthol\u00e9 instantan\u00e9. Ce brillant \u00e0 l\u00e8vres est la version am\u00e9lior\u00e9e de notre bestseller. Il vous donnera un fini mouill\u00e9 et brillant sans\u2026","rel":"","context":"Similar post","block_context":{"text":"Similar post","link":""},"img":{"alt_text":"","src":"","width":0,"height":0},"classes":[]},{"id":29611,"url":"https:\/\/sakaba.mghosteur.com\/en\/product\/fenty-universal-lip-luminizer-2\/","url_meta":{"origin":23710,"position":3},"title":"FENTY UNIVERSAL LIP LUMINIZER","author":"admin","date":"April 10, 2023","format":false,"excerpt":"D\u00e9couvrez le GLOSS BOMB UNIVERSAL LIP LUMINIZER de la marque FENTY ! Ce gloss \u00e0 l'\u00e9clat explosif est l'accessoire indispensable pour sublimer votre maquillage. Il est disponible en sept teintes universelles s\u00e9lectionn\u00e9es par Rihanna elle-m\u00eame. Sa formule non-collante, enrichie en beurre de karit\u00e9, nourrit vos l\u00e8vres tout en leur donnant\u2026","rel":"","context":"Similar post","block_context":{"text":"Similar post","link":""},"img":{"alt_text":"","src":"","width":0,"height":0},"classes":[]},{"id":23594,"url":"https:\/\/sakaba.mghosteur.com\/en\/product\/fenty-universal-lip-luminizer\/","url_meta":{"origin":23710,"position":4},"title":"FENTY BEAUTY GLOSS BOMB","author":"admin","date":"November 2, 2022","format":false,"excerpt":"","rel":"","context":"Similar post","block_context":{"text":"Similar post","link":""},"img":{"alt_text":"","src":"","width":0,"height":0},"classes":[]},{"id":29577,"url":"https:\/\/sakaba.mghosteur.com\/en\/product\/fenty-gloss-bomb-heat-hot-cherry\/","url_meta":{"origin":23710,"position":5},"title":"FENTY GLOSS BOMB HEAT HOT CHERRY","author":"admin","date":"April 10, 2023","format":false,"excerpt":"D\u00e9couvrez Gloss Bomb Heat, le lip luminizer et plumper de FENTY pour des l\u00e8vres incroyables ! Avec sa formule innovante Plump Job Complex \u00e0 base d'huile de gingembre et d'extrait de fruit de poivre, ce gloss offre un effet repulpant instantan\u00e9 pour des l\u00e8vres lisses et pleines. Enrichi en beurre\u2026","rel":"","context":"Similar post","block_context":{"text":"Similar post","link":""},"img":{"alt_text":"","src":"","width":0,"height":0},"classes":[]}],"_links":{"self":[{"href":"https:\/\/sakaba.mghosteur.com\/en\/wp-json\/wp\/v2\/product\/23710","targetHints":{"allow":["GET"]}}],"collection":[{"href":"https:\/\/sakaba.mghosteur.com\/en\/wp-json\/wp\/v2\/product"}],"about":[{"href":"https:\/\/sakaba.mghosteur.com\/en\/wp-json\/wp\/v2\/types\/product"}],"replies":[{"embeddable":true,"href":"https:\/\/sakaba.mghosteur.com\/en\/wp-json\/wp\/v2\/comments?post=23710"}],"version-history":[{"count":0,"href":"https:\/\/sakaba.mghosteur.com\/en\/wp-json\/wp\/v2\/product\/23710\/revisions"}],"wp:attachment":[{"href":"https:\/\/sakaba.mghosteur.com\/en\/wp-json\/wp\/v2\/media?parent=23710"}],"wp:term":[{"taxonomy":"product_brand","embeddable":true,"href":"https:\/\/sakaba.mghosteur.com\/en\/wp-json\/wp\/v2\/product_brand?post=23710"},{"taxonomy":"product_cat","embeddable":true,"href":"https:\/\/sakaba.mghosteur.com\/en\/wp-json\/wp\/v2\/product_cat?post=23710"},{"taxonomy":"product_tag","embeddable":true,"href":"https:\/\/sakaba.mghosteur.com\/en\/wp-json\/wp\/v2\/product_tag?post=23710"}],"curies":[{"name":"wp","href":"https:\/\/api.w.org\/{rel}","templated":true}]}}