{"id":23733,"date":"2022-11-04T11:02:26","date_gmt":"2022-11-04T11:02:26","guid":{"rendered":"http:\/\/www.sakababeauty.com\/?post_type=product&#038;p=23733"},"modified":"2024-05-24T13:22:36","modified_gmt":"2024-05-24T13:22:36","slug":"eyem-single","status":"publish","type":"product","link":"https:\/\/sakaba.mghosteur.com\/en\/product\/eyem-single\/","title":{"rendered":"EYE&#8217;M SINGLE"},"content":{"rendered":"","protected":false},"excerpt":{"rendered":"","protected":false},"featured_media":0,"comment_status":"open","ping_status":"closed","template":"","meta":[],"product_brand":[],"product_cat":[297],"product_tag":[],"class_list":{"0":"post-23733","1":"product","2":"type-product","3":"status-publish","5":"product_cat-yeux","7":"first","8":"instock","9":"shipping-taxable","10":"product-type-variable"},"jetpack-related-posts":[{"id":29755,"url":"https:\/\/sakaba.mghosteur.com\/en\/product\/skin-success-sheet-mask-1-single\/","url_meta":{"origin":23733,"position":0},"title":"SKIN SUCCESS SHEET  MASK 1 SINGLE","author":"admin","date":"April 19, 2023","format":false,"excerpt":"Le Palmer's Skin Success Glow Radiance Sheet Mask est un masque facial infus\u00e9 d'ingr\u00e9dients naturels pour vous offrir une peau lumineuse et \u00e9clatante. Ce masque contient des ingr\u00e9dients perfecteurs de teint qui aident \u00e0 \u00e9quilibrer le teint de votre peau et \u00e0 am\u00e9liorer son apparence. Il est con\u00e7u pour donner\u2026","rel":"","context":"Similar post","block_context":{"text":"Similar post","link":""},"img":{"alt_text":"","src":"","width":0,"height":0},"classes":[]}],"_links":{"self":[{"href":"https:\/\/sakaba.mghosteur.com\/en\/wp-json\/wp\/v2\/product\/23733","targetHints":{"allow":["GET"]}}],"collection":[{"href":"https:\/\/sakaba.mghosteur.com\/en\/wp-json\/wp\/v2\/product"}],"about":[{"href":"https:\/\/sakaba.mghosteur.com\/en\/wp-json\/wp\/v2\/types\/product"}],"replies":[{"embeddable":true,"href":"https:\/\/sakaba.mghosteur.com\/en\/wp-json\/wp\/v2\/comments?post=23733"}],"version-history":[{"count":0,"href":"https:\/\/sakaba.mghosteur.com\/en\/wp-json\/wp\/v2\/product\/23733\/revisions"}],"wp:attachment":[{"href":"https:\/\/sakaba.mghosteur.com\/en\/wp-json\/wp\/v2\/media?parent=23733"}],"wp:term":[{"taxonomy":"product_brand","embeddable":true,"href":"https:\/\/sakaba.mghosteur.com\/en\/wp-json\/wp\/v2\/product_brand?post=23733"},{"taxonomy":"product_cat","embeddable":true,"href":"https:\/\/sakaba.mghosteur.com\/en\/wp-json\/wp\/v2\/product_cat?post=23733"},{"taxonomy":"product_tag","embeddable":true,"href":"https:\/\/sakaba.mghosteur.com\/en\/wp-json\/wp\/v2\/product_tag?post=23733"}],"curies":[{"name":"wp","href":"https:\/\/api.w.org\/{rel}","templated":true}]}}