{"id":23788,"date":"2022-11-04T11:58:41","date_gmt":"2022-11-04T11:58:41","guid":{"rendered":"http:\/\/www.sakababeauty.com\/?post_type=product&#038;p=23788"},"modified":"2022-11-07T11:10:12","modified_gmt":"2022-11-07T11:10:12","slug":"victorias-secret-liquid-color-intense-lip","status":"publish","type":"product","link":"https:\/\/sakaba.mghosteur.com\/en\/product\/victorias-secret-liquid-color-intense-lip\/","title":{"rendered":"Victoria&#8217;s Secret Liquid Color Intense Lip"},"content":{"rendered":"","protected":false},"excerpt":{"rendered":"","protected":false},"featured_media":0,"comment_status":"open","ping_status":"closed","template":"","meta":[],"product_brand":[],"product_cat":[305,289],"product_tag":[],"class_list":{"0":"post-23788","1":"product","2":"type-product","3":"status-publish","5":"product_cat-levres","6":"product_cat-aaa-maquillage","8":"first","9":"instock","10":"shipping-taxable","11":"product-type-variable"},"jetpack-related-posts":[{"id":23149,"url":"https:\/\/sakaba.mghosteur.com\/en\/product\/victorias-secret-eau-de-parfum\/","url_meta":{"origin":23788,"position":0},"title":"Victoria&#8217;s Secret Eau de Parfum","author":"admin","date":"October 26, 2022","format":false,"excerpt":"","rel":"","context":"Similar post","block_context":{"text":"Similar post","link":""},"img":{"alt_text":"","src":"","width":0,"height":0},"classes":[]},{"id":23106,"url":"https:\/\/sakaba.mghosteur.com\/en\/product\/bobbi-brown-crushed-lip-color\/","url_meta":{"origin":23788,"position":1},"title":"BOBBI BROWN CRUSHED LIP COLOR","author":"admin","date":"October 25, 2022","format":false,"excerpt":"","rel":"","context":"Similar post","block_context":{"text":"Similar post","link":""},"img":{"alt_text":"","src":"","width":0,"height":0},"classes":[]},{"id":23974,"url":"https:\/\/sakaba.mghosteur.com\/en\/product\/clinique-lip-color-plum-pop\/","url_meta":{"origin":23788,"position":2},"title":"CLINIQUE LIP COLOR PLUM POP","author":"admin","date":"November 9, 2022","format":false,"excerpt":"","rel":"","context":"Similar post","block_context":{"text":"Similar post","link":""},"img":{"alt_text":"","src":"","width":0,"height":0},"classes":[]},{"id":23611,"url":"https:\/\/sakaba.mghosteur.com\/en\/product\/bobbi-brown-line-color-shine-lip-kit\/","url_meta":{"origin":23788,"position":3},"title":"Bobbi Brown Line, Color, Shine Lip Kit","author":"admin","date":"November 3, 2022","format":false,"excerpt":"","rel":"","context":"Similar post","block_context":{"text":"Similar post","link":""},"img":{"alt_text":"","src":"","width":0,"height":0},"classes":[]},{"id":26627,"url":"https:\/\/sakaba.mghosteur.com\/en\/product\/alpha-intensive-renewal-serum-14-glycolic-aha\/","url_meta":{"origin":23788,"position":4},"title":"ALPHA INTENSIVE RENEWAL SERUM 14% GLYCOLIC AHA","author":"admin","date":"November 28, 2022","format":false,"excerpt":"Le s\u00e9rum r\u00e9g\u00e9n\u00e9rant intensif Alpha Skin Care 14 % Glycolic AHA est un traitement liquide \u00e0 usage hebdomadaire tr\u00e8s puissant qui contient un m\u00e9lange unique d'acide glycolique et d'antioxydants pour une exfoliation intensive. Il s'agit d'un liquide l\u00e9ger comme de l'eau qui convient \u00e0 tous les types de peau et\u2026","rel":"","context":"Similar post","block_context":{"text":"Similar post","link":""},"img":{"alt_text":"","src":"","width":0,"height":0},"classes":[]},{"id":33738,"url":"https:\/\/sakaba.mghosteur.com\/en\/product\/bobbi-brown-crushed-lip-color-blush\/","url_meta":{"origin":23788,"position":5},"title":"BOBBI BROWN CRUSHED LIP COLOR BLUSH","author":"admin","date":"May 23, 2024","format":false,"excerpt":"","rel":"","context":"Similar post","block_context":{"text":"Similar post","link":""},"img":{"alt_text":"","src":"","width":0,"height":0},"classes":[]}],"_links":{"self":[{"href":"https:\/\/sakaba.mghosteur.com\/en\/wp-json\/wp\/v2\/product\/23788","targetHints":{"allow":["GET"]}}],"collection":[{"href":"https:\/\/sakaba.mghosteur.com\/en\/wp-json\/wp\/v2\/product"}],"about":[{"href":"https:\/\/sakaba.mghosteur.com\/en\/wp-json\/wp\/v2\/types\/product"}],"replies":[{"embeddable":true,"href":"https:\/\/sakaba.mghosteur.com\/en\/wp-json\/wp\/v2\/comments?post=23788"}],"version-history":[{"count":0,"href":"https:\/\/sakaba.mghosteur.com\/en\/wp-json\/wp\/v2\/product\/23788\/revisions"}],"wp:attachment":[{"href":"https:\/\/sakaba.mghosteur.com\/en\/wp-json\/wp\/v2\/media?parent=23788"}],"wp:term":[{"taxonomy":"product_brand","embeddable":true,"href":"https:\/\/sakaba.mghosteur.com\/en\/wp-json\/wp\/v2\/product_brand?post=23788"},{"taxonomy":"product_cat","embeddable":true,"href":"https:\/\/sakaba.mghosteur.com\/en\/wp-json\/wp\/v2\/product_cat?post=23788"},{"taxonomy":"product_tag","embeddable":true,"href":"https:\/\/sakaba.mghosteur.com\/en\/wp-json\/wp\/v2\/product_tag?post=23788"}],"curies":[{"name":"wp","href":"https:\/\/api.w.org\/{rel}","templated":true}]}}