{"id":23812,"date":"2022-11-04T12:02:02","date_gmt":"2022-11-04T12:02:02","guid":{"rendered":"http:\/\/www.sakababeauty.com\/?post_type=product&#038;p=23812"},"modified":"2022-11-04T12:02:02","modified_gmt":"2022-11-04T12:02:02","slug":"modest-matte-liquid-liptick","status":"publish","type":"product","link":"https:\/\/sakaba.mghosteur.com\/en\/product\/modest-matte-liquid-liptick\/","title":{"rendered":"MODEST MATTE LIQUID LIPTICK"},"content":{"rendered":"","protected":false},"excerpt":{"rendered":"","protected":false},"featured_media":0,"comment_status":"open","ping_status":"closed","template":"","meta":[],"product_brand":[],"product_cat":[305],"product_tag":[],"class_list":{"0":"post-23812","1":"product","2":"type-product","3":"status-publish","5":"product_cat-levres","7":"first","8":"instock","9":"shipping-taxable","10":"product-type-simple"},"jetpack-related-posts":[{"id":25018,"url":"https:\/\/sakaba.mghosteur.com\/en\/product\/rare-beauty-perfect-strokes-matte-liquid-liner\/","url_meta":{"origin":23812,"position":0},"title":"RARE BEAUTY PERFECT STROKES MATTE LIQUID LINER","author":"admin","date":"November 11, 2022","format":false,"excerpt":"","rel":"","context":"Similar post","block_context":{"text":"Similar post","link":""},"img":{"alt_text":"","src":"","width":0,"height":0},"classes":[]},{"id":32594,"url":"https:\/\/sakaba.mghosteur.com\/en\/product\/mac-retro-matte-liquid-lipcolour-116-carnivorous\/","url_meta":{"origin":23812,"position":1},"title":"MAC RETRO MATTE LIQUID LIPCOLOUR  116 CARNIVOROUS","author":"admin","date":"May 15, 2024","format":false,"excerpt":"","rel":"","context":"Similar post","block_context":{"text":"Similar post","link":""},"img":{"alt_text":"","src":"","width":0,"height":0},"classes":[]},{"id":32660,"url":"https:\/\/sakaba.mghosteur.com\/en\/product\/mac-retro-matte-liquid-lipcolour-107-lady-be-good\/","url_meta":{"origin":23812,"position":2},"title":"MAC RETRO MATTE LIQUID LIPCOLOUR 107 LADY BE GOOD","author":"admin","date":"May 15, 2024","format":false,"excerpt":"","rel":"","context":"Similar post","block_context":{"text":"Similar post","link":""},"img":{"alt_text":"","src":"","width":0,"height":0},"classes":[]},{"id":26898,"url":"https:\/\/sakaba.mghosteur.com\/en\/product\/cosrx-bha-blackhead-power-liquid\/","url_meta":{"origin":23812,"position":3},"title":"COSRX BHA BLACKHEAD POWER LIQUID","author":"admin","date":"November 28, 2022","format":false,"excerpt":"Le produit est un liquide anti-points noirs BHA de la marque COSRX. Il contient de la BHA et de la niacinamide pour une exfoliation douce et un contr\u00f4le du s\u00e9bum. Il est id\u00e9al pour les utilisateurs d'acide de niveau interm\u00e9diaire. Ce liquide exfoliant vous permettra de dire adieu aux points\u2026","rel":"","context":"Similar post","block_context":{"text":"Similar post","link":""},"img":{"alt_text":"","src":"","width":0,"height":0},"classes":[]},{"id":33811,"url":"https:\/\/sakaba.mghosteur.com\/en\/product\/milani-amore-matte-satin-matte-lip-creme\/","url_meta":{"origin":23812,"position":4},"title":"MILANI Amore Matte Satin Matte LIP CREME","author":"admin","date":"May 23, 2024","format":false,"excerpt":"","rel":"","context":"Similar post","block_context":{"text":"Similar post","link":""},"img":{"alt_text":"","src":"","width":0,"height":0},"classes":[]},{"id":23706,"url":"https:\/\/sakaba.mghosteur.com\/en\/product\/lavish-liquid-lipstick\/","url_meta":{"origin":23812,"position":5},"title":"LAVISH LIQUID LIPSTICK","author":"admin","date":"November 4, 2022","format":false,"excerpt":"","rel":"","context":"Similar post","block_context":{"text":"Similar post","link":""},"img":{"alt_text":"","src":"","width":0,"height":0},"classes":[]}],"_links":{"self":[{"href":"https:\/\/sakaba.mghosteur.com\/en\/wp-json\/wp\/v2\/product\/23812","targetHints":{"allow":["GET"]}}],"collection":[{"href":"https:\/\/sakaba.mghosteur.com\/en\/wp-json\/wp\/v2\/product"}],"about":[{"href":"https:\/\/sakaba.mghosteur.com\/en\/wp-json\/wp\/v2\/types\/product"}],"replies":[{"embeddable":true,"href":"https:\/\/sakaba.mghosteur.com\/en\/wp-json\/wp\/v2\/comments?post=23812"}],"version-history":[{"count":0,"href":"https:\/\/sakaba.mghosteur.com\/en\/wp-json\/wp\/v2\/product\/23812\/revisions"}],"wp:attachment":[{"href":"https:\/\/sakaba.mghosteur.com\/en\/wp-json\/wp\/v2\/media?parent=23812"}],"wp:term":[{"taxonomy":"product_brand","embeddable":true,"href":"https:\/\/sakaba.mghosteur.com\/en\/wp-json\/wp\/v2\/product_brand?post=23812"},{"taxonomy":"product_cat","embeddable":true,"href":"https:\/\/sakaba.mghosteur.com\/en\/wp-json\/wp\/v2\/product_cat?post=23812"},{"taxonomy":"product_tag","embeddable":true,"href":"https:\/\/sakaba.mghosteur.com\/en\/wp-json\/wp\/v2\/product_tag?post=23812"}],"curies":[{"name":"wp","href":"https:\/\/api.w.org\/{rel}","templated":true}]}}