{"id":23826,"date":"2022-11-08T17:12:23","date_gmt":"2022-11-08T17:12:23","guid":{"rendered":"http:\/\/www.sakababeauty.com\/?post_type=product&#038;p=23826"},"modified":"2023-05-02T13:00:49","modified_gmt":"2023-05-02T13:00:49","slug":"satin-skinz-hithion-plus","status":"publish","type":"product","link":"https:\/\/sakaba.mghosteur.com\/en\/product\/satin-skinz-hithion-plus\/","title":{"rendered":"SATIN SKINZ HITHION PLUS"},"content":{"rendered":"<p>Le produit Satin Skinz Hithion Plus de la marque Satin Skin est une formule de blanchiment avanc\u00e9e, sp\u00e9cialement con\u00e7ue pour les peaux brunes \u00e0 tr\u00e8s fonc\u00e9es. Elle est dix fois plus puissante que le L-Glutathion et est formul\u00e9e avec des ingr\u00e9dients de haute qualit\u00e9 tels que la Pureway C, l&#8217;Appleh\u00e9non, la p\u00eache, la coenzyme Q10 et l&#8217;ac\u00e9tate de vitamine E.<\/p>\n<p>La formule Satin Skinz Hithion Plus r\u00e9duit naturellement la production de m\u00e9lanine noire dans la peau, r\u00e9duisant ainsi les taches brunes et les hyperpigmentations. Elle am\u00e9liore \u00e9galement l&#8217;\u00e9lasticit\u00e9 de la peau, restaure sa jeunesse et \u00e9claircit les cicatrices. Les ingr\u00e9dients contenus dans ce produit renforcent efficacement le syst\u00e8me immunitaire contre les virus, r\u00e9duisent l&#8217;inflammation et prot\u00e8gent les cellules contre les dommages.<\/p>\n<p>Parmi les ingr\u00e9dients actifs contenus dans Satin Skinz Hithion Plus, on retrouve 2000mg de Pure HithionWhite poudre, 1000mg de Pureway C, 500mg de coenzyme Q10, 500mg d&#8217;ac\u00e9tate de vitamine E, 500mg d&#8217;Applehenon et 500mg d&#8217;extrait de p\u00eache. Ces ingr\u00e9dients sont connus pour leurs propri\u00e9t\u00e9s blanchissantes, anti-inflammatoires, antioxydantes, raffermissantes et r\u00e9g\u00e9n\u00e9ratrices de la peau.<\/p>\n<p>Satin Skinz Hithion Plus &#8211; Black Series est le suppl\u00e9ment de blanchiment luxueux et le plus sexy que vous attendiez ! C&#8217;est une formule avanc\u00e9e qui vous aide \u00e0 obtenir une peau plus claire et plus jeune.<\/p>","protected":false},"excerpt":{"rendered":"<p>Le produit Satin Skinz Hithion Plus de la marque Satin Skin est une formule de blanchiment avanc\u00e9e, sp\u00e9cialement con\u00e7ue pour les peaux brunes \u00e0 tr\u00e8s fonc\u00e9es. Elle est dix fois plus puissante que le L-Glutathion et est formul\u00e9e avec des ingr\u00e9dients de haute qualit\u00e9 tels que la Pureway C, l&#8217;Appleh\u00e9non, la p\u00eache, la coenzyme Q10<span class=\"read-more-faq\"><a href=\"https:\/\/sakaba.mghosteur.com\/en\/product\/satin-skinz-hithion-plus\/\">Read More<\/a><\/span><\/p>","protected":false},"featured_media":0,"comment_status":"closed","ping_status":"closed","template":"","meta":[],"product_brand":[],"product_cat":[381],"product_tag":[438],"class_list":{"0":"post-23826","1":"product","2":"type-product","3":"status-publish","5":"product_cat-vitamine-et-complements","6":"product_tag-satin-skinz","8":"first","9":"instock","10":"shipping-taxable","11":"product-type-simple"},"jetpack-related-posts":[{"id":23822,"url":"https:\/\/sakaba.mghosteur.com\/en\/product\/satin-skinz-glutathione-plus-astaxanthin-plus\/","url_meta":{"origin":23826,"position":0},"title":"SATIN SKINZ GLUTATHIONE PLUS ASTAXANTHIN PLUS","author":"admin","date":"November 8, 2022","format":false,"excerpt":"Satin Skinz Glutathione Plus & Astaxanthin Plus est un produit de beaut\u00e9 innovant qui offre une multitude d'avantages pour votre peau. Ce produit de la marque Satin Skinz est compos\u00e9 d'un m\u00e9lange d'ingr\u00e9dients soigneusement s\u00e9lectionn\u00e9s pour vous aider \u00e0 obtenir une peau plus jeune et plus lumineuse. Le glutathion est\u2026","rel":"","context":"Similar post","block_context":{"text":"Similar post","link":""},"img":{"alt_text":"","src":"","width":0,"height":0},"classes":[]},{"id":23834,"url":"https:\/\/sakaba.mghosteur.com\/en\/product\/satin-skinz-b-beau\/","url_meta":{"origin":23826,"position":1},"title":"SATIN SKINZ B BEAU PWITEZ PEARL 500MG CAPSULE","author":"admin","date":"November 8, 2022","format":false,"excerpt":"D\u00e9couvrez la perle B'Beau Pwitez de Satin Skin, le l\u00e9gendaire roi des tr\u00e9sors de l'oc\u00e9an de perle. Si vous avez des probl\u00e8mes de peau tels que la haute teneur en m\u00e9lanine, les taches de rousseur, la peau s\u00e8che et squameuse, la peau sujette \u00e0 l'acn\u00e9, le visage fatigu\u00e9 et p\u00e2le,\u2026","rel":"","context":"Similar post","block_context":{"text":"Similar post","link":""},"img":{"alt_text":"","src":"","width":0,"height":0},"classes":[]},{"id":30014,"url":"https:\/\/sakaba.mghosteur.com\/en\/product\/satin-skinz-b-beau-vitamin-c-plus-capsule\/","url_meta":{"origin":23826,"position":2},"title":"SATIN SKINZ B BEAU VITAMIN C PLUS CAPSULE","author":"admin","date":"May 2, 2023","format":false,"excerpt":"D\u00e9couvrez la vitamine C Plus B'BEAU de Satin Skin pour une peau rayonnante et en sant\u00e9. Pour consommer, prenez 2 g\u00e9lules le matin en combinaison avec 1 g\u00e9lule de L-Glutathion B'BEAU. Pour des r\u00e9sultats optimaux, \u00e9vitez les boissons caf\u00e9in\u00e9es, gazeuses et alcoolis\u00e9es, ainsi que la cigarette, et optez plut\u00f4t pour\u2026","rel":"","context":"Similar post","block_context":{"text":"Similar post","link":""},"img":{"alt_text":"","src":"","width":0,"height":0},"classes":[]},{"id":30010,"url":"https:\/\/sakaba.mghosteur.com\/en\/product\/satin-skinz-b-beau-l-glutathione-500mg-capsule\/","url_meta":{"origin":23826,"position":3},"title":"SATIN SKINZ B BEAU L GLUTATHIONE 500MG CAPSULE","author":"admin","date":"May 2, 2023","format":false,"excerpt":"D\u00e9couvrez le B'beau L-Glutathion de Satin Skin, une g\u00e9lule qui aide \u00e0 am\u00e9liorer l'\u00e9tat de votre peau. Associ\u00e9 \u00e0 2 g\u00e9lules de B'beau Vitamine C Plus, ce compl\u00e9ment alimentaire est id\u00e9al pour votre routine matinale. Pour des r\u00e9sultats optimaux, \u00e9vitez la caf\u00e9ine, les boissons gazeuses, l'alcool, les cigarettes et adoptez\u2026","rel":"","context":"Similar post","block_context":{"text":"Similar post","link":""},"img":{"alt_text":"","src":"","width":0,"height":0},"classes":[]},{"id":29847,"url":"https:\/\/sakaba.mghosteur.com\/en\/product\/kojie-san-skin-lightening-body-wash-with-hydromoist-300ml\/","url_meta":{"origin":23826,"position":4},"title":"Kojie San Skin Lightening Body Wash With Hydromoist 300ml","author":"admin","date":"April 26, 2023","format":false,"excerpt":"D\u00e9couvrez le Gel Douche Eclaircissant pour le Corps Kojie San de 300ml, un produit de beaut\u00e9 de qualit\u00e9 qui contient de l'acide kojique comme ingr\u00e9dient actif principal. Ce gel douche nettoie efficacement et \u00e9claircit la peau, tout en apportant des ingr\u00e9dients naturels tels que l'extrait de Bengkoang pour aider \u00e0\u2026","rel":"","context":"Similar post","block_context":{"text":"Similar post","link":""},"img":{"alt_text":"","src":"","width":0,"height":0},"classes":[]},{"id":23828,"url":"https:\/\/sakaba.mghosteur.com\/en\/product\/satin-skin-juliet-eve\/","url_meta":{"origin":23826,"position":5},"title":"SATIN SKIN JULIET EVE","author":"admin","date":"November 8, 2022","format":false,"excerpt":"D\u00e9couvrez Juliet Eve, le dernier suppl\u00e9ment pour le soin des femmes de l'int\u00e9rieur de la marque SATIN SKIN. Ce produit complet est facile et pratique \u00e0 emporter partout o\u00f9 vous allez. Il est parfait pour les femmes modernes qui ont des emplois du temps charg\u00e9s et qui ont du mal\u2026","rel":"","context":"Similar post","block_context":{"text":"Similar post","link":""},"img":{"alt_text":"","src":"","width":0,"height":0},"classes":[]}],"_links":{"self":[{"href":"https:\/\/sakaba.mghosteur.com\/en\/wp-json\/wp\/v2\/product\/23826","targetHints":{"allow":["GET"]}}],"collection":[{"href":"https:\/\/sakaba.mghosteur.com\/en\/wp-json\/wp\/v2\/product"}],"about":[{"href":"https:\/\/sakaba.mghosteur.com\/en\/wp-json\/wp\/v2\/types\/product"}],"replies":[{"embeddable":true,"href":"https:\/\/sakaba.mghosteur.com\/en\/wp-json\/wp\/v2\/comments?post=23826"}],"version-history":[{"count":0,"href":"https:\/\/sakaba.mghosteur.com\/en\/wp-json\/wp\/v2\/product\/23826\/revisions"}],"wp:attachment":[{"href":"https:\/\/sakaba.mghosteur.com\/en\/wp-json\/wp\/v2\/media?parent=23826"}],"wp:term":[{"taxonomy":"product_brand","embeddable":true,"href":"https:\/\/sakaba.mghosteur.com\/en\/wp-json\/wp\/v2\/product_brand?post=23826"},{"taxonomy":"product_cat","embeddable":true,"href":"https:\/\/sakaba.mghosteur.com\/en\/wp-json\/wp\/v2\/product_cat?post=23826"},{"taxonomy":"product_tag","embeddable":true,"href":"https:\/\/sakaba.mghosteur.com\/en\/wp-json\/wp\/v2\/product_tag?post=23826"}],"curies":[{"name":"wp","href":"https:\/\/api.w.org\/{rel}","templated":true}]}}