{"id":23828,"date":"2022-11-08T17:18:34","date_gmt":"2022-11-08T17:18:34","guid":{"rendered":"http:\/\/www.sakababeauty.com\/?post_type=product&#038;p=23828"},"modified":"2023-05-02T10:38:27","modified_gmt":"2023-05-02T10:38:27","slug":"satin-skin-juliet-eve","status":"publish","type":"product","link":"https:\/\/sakaba.mghosteur.com\/en\/product\/satin-skin-juliet-eve\/","title":{"rendered":"SATIN SKIN JULIET EVE"},"content":{"rendered":"<p>D\u00e9couvrez Juliet Eve, le dernier suppl\u00e9ment pour le soin des femmes de l&#8217;int\u00e9rieur de la marque SATIN SKIN. Ce produit complet est facile et pratique \u00e0 emporter partout o\u00f9 vous allez. Il est parfait pour les femmes modernes qui ont des emplois du temps charg\u00e9s et qui ont du mal \u00e0 manger et \u00e0 dormir suffisamment, mais qui souhaitent avoir une peau lisse comme de la soie et une silhouette de r\u00eave.<\/p>\n<p>Juliet Eve contient des nutriments et des ingr\u00e9dients de haute qualit\u00e9 qui sont \u00e9troitement surveill\u00e9s depuis la production des mati\u00e8res premi\u00e8res jusqu&#8217;\u00e0 la mise en bouteille dans des contenants haut de gamme. Ce suppl\u00e9ment est m\u00e9lang\u00e9 exclusivement pour vous aider \u00e0 ressembler \u00e0 un ange illuminant votre entourage.<\/p>\n<p>Il peut \u00e9galement aider les femmes qui viennent d&#8217;accoucher ou qui souhaitent conserver leur \u00e9lasticit\u00e9 et leur beaut\u00e9. Essayez Juliet Eve et ressentez les effets b\u00e9n\u00e9fiques par vous-m\u00eame, sans avoir \u00e0 vous soucier de probl\u00e8mes de peau ou de prise de poids. Faites confiance \u00e0 la phytoth\u00e9rapie moderne pour prendre soin de vous et augmenter votre confiance en vous.<\/p>","protected":false},"excerpt":{"rendered":"<p>D\u00e9couvrez Juliet Eve, le dernier suppl\u00e9ment pour le soin des femmes de l&#8217;int\u00e9rieur de la marque SATIN SKIN. Ce produit complet est facile et pratique \u00e0 emporter partout o\u00f9 vous allez. Il est parfait pour les femmes modernes qui ont des emplois du temps charg\u00e9s et qui ont du mal \u00e0 manger et \u00e0 dormir<span class=\"read-more-faq\"><a href=\"https:\/\/sakaba.mghosteur.com\/en\/product\/satin-skin-juliet-eve\/\">Read More<\/a><\/span><\/p>","protected":false},"featured_media":0,"comment_status":"closed","ping_status":"closed","template":"","meta":[],"product_brand":[],"product_cat":[381],"product_tag":[],"class_list":{"0":"post-23828","1":"product","2":"type-product","3":"status-publish","5":"product_cat-vitamine-et-complements","7":"first","8":"instock","9":"shipping-taxable","10":"product-type-simple"},"jetpack-related-posts":[{"id":23826,"url":"https:\/\/sakaba.mghosteur.com\/en\/product\/satin-skinz-hithion-plus\/","url_meta":{"origin":23828,"position":0},"title":"SATIN SKINZ HITHION PLUS","author":"admin","date":"November 8, 2022","format":false,"excerpt":"Le produit Satin Skinz Hithion Plus de la marque Satin Skin est une formule de blanchiment avanc\u00e9e, sp\u00e9cialement con\u00e7ue pour les peaux brunes \u00e0 tr\u00e8s fonc\u00e9es. Elle est dix fois plus puissante que le L-Glutathion et est formul\u00e9e avec des ingr\u00e9dients de haute qualit\u00e9 tels que la Pureway C, l'Appleh\u00e9non,\u2026","rel":"","context":"Similar post","block_context":{"text":"Similar post","link":""},"img":{"alt_text":"","src":"","width":0,"height":0},"classes":[]},{"id":23834,"url":"https:\/\/sakaba.mghosteur.com\/en\/product\/satin-skinz-b-beau\/","url_meta":{"origin":23828,"position":1},"title":"SATIN SKINZ B BEAU PWITEZ PEARL 500MG CAPSULE","author":"admin","date":"November 8, 2022","format":false,"excerpt":"D\u00e9couvrez la perle B'Beau Pwitez de Satin Skin, le l\u00e9gendaire roi des tr\u00e9sors de l'oc\u00e9an de perle. Si vous avez des probl\u00e8mes de peau tels que la haute teneur en m\u00e9lanine, les taches de rousseur, la peau s\u00e8che et squameuse, la peau sujette \u00e0 l'acn\u00e9, le visage fatigu\u00e9 et p\u00e2le,\u2026","rel":"","context":"Similar post","block_context":{"text":"Similar post","link":""},"img":{"alt_text":"","src":"","width":0,"height":0},"classes":[]},{"id":32830,"url":"https:\/\/sakaba.mghosteur.com\/en\/product\/centrum-silver-65-tablets-multivitamin-supplement\/","url_meta":{"origin":23828,"position":2},"title":"CENTRUM SILVER 65 TABLETS MULTIVITAMIN SUPPLEMENT","author":"admin","date":"May 16, 2024","format":false,"excerpt":"Compl\u00e9ment multivitamin\u00e9\/multimin\u00e9ral contenant des micronutriments pour nourrir vos cellules et aider \u00e0 soutenir le bien-\u00eatre de tout le corps. Cette vitamine pour femmes avec fer contient des nutriments essentiels, notamment de la vitamine D et du calcium pour soutenir des os solides et des vitamines B pour aider \u00e0 promouvoir\u2026","rel":"","context":"Similar post","block_context":{"text":"Similar post","link":""},"img":{"alt_text":"","src":"","width":0,"height":0},"classes":[]},{"id":32842,"url":"https:\/\/sakaba.mghosteur.com\/en\/product\/centrum-women-120-tablets-multivitamin-supplement\/","url_meta":{"origin":23828,"position":3},"title":"CENTRUM WOMEN 120 TABLETS MULTIVITAMIN SUPPLEMENT","author":"admin","date":"May 16, 2024","format":false,"excerpt":"Compl\u00e9ment multivitamin\u00e9\/multimin\u00e9ral contenant des micronutriments pour nourrir vos cellules et aider \u00e0 soutenir le bien-\u00eatre de tout le corps. Cette vitamine pour femmes avec fer contient des nutriments essentiels, notamment de la vitamine D et du calcium pour soutenir des os solides et des vitamines B pour aider \u00e0 promouvoir\u2026","rel":"","context":"Similar post","block_context":{"text":"Similar post","link":""},"img":{"alt_text":"","src":"","width":0,"height":0},"classes":[]},{"id":25426,"url":"https:\/\/sakaba.mghosteur.com\/en\/product\/summers-eve-tahiti-sunset-freshening-spray\/","url_meta":{"origin":23828,"position":4},"title":"Summer&#8217;s eve tahiti sunset freshening spray","author":"admin","date":"November 14, 2022","format":false,"excerpt":"Une exp\u00e9rience rafra\u00eechissante et nettoyante pour votre zone intime afin que vous puissiez tout affronter. Les produits de soins f\u00e9minins rafra\u00eechissants Summer's Eve sont disponibles dans une vari\u00e9t\u00e9 de parfums SafeScents indulgents vous permettant de vivre cette pr\u00e9paration unique et quotidienne de Summer's Eve. Le parfum SafeScent indulgent de Tahitian\u2026","rel":"","context":"Similar post","block_context":{"text":"Similar post","link":""},"img":{"alt_text":"","src":"","width":0,"height":0},"classes":[]},{"id":30010,"url":"https:\/\/sakaba.mghosteur.com\/en\/product\/satin-skinz-b-beau-l-glutathione-500mg-capsule\/","url_meta":{"origin":23828,"position":5},"title":"SATIN SKINZ B BEAU L GLUTATHIONE 500MG CAPSULE","author":"admin","date":"May 2, 2023","format":false,"excerpt":"D\u00e9couvrez le B'beau L-Glutathion de Satin Skin, une g\u00e9lule qui aide \u00e0 am\u00e9liorer l'\u00e9tat de votre peau. Associ\u00e9 \u00e0 2 g\u00e9lules de B'beau Vitamine C Plus, ce compl\u00e9ment alimentaire est id\u00e9al pour votre routine matinale. Pour des r\u00e9sultats optimaux, \u00e9vitez la caf\u00e9ine, les boissons gazeuses, l'alcool, les cigarettes et adoptez\u2026","rel":"","context":"Similar post","block_context":{"text":"Similar post","link":""},"img":{"alt_text":"","src":"","width":0,"height":0},"classes":[]}],"_links":{"self":[{"href":"https:\/\/sakaba.mghosteur.com\/en\/wp-json\/wp\/v2\/product\/23828","targetHints":{"allow":["GET"]}}],"collection":[{"href":"https:\/\/sakaba.mghosteur.com\/en\/wp-json\/wp\/v2\/product"}],"about":[{"href":"https:\/\/sakaba.mghosteur.com\/en\/wp-json\/wp\/v2\/types\/product"}],"replies":[{"embeddable":true,"href":"https:\/\/sakaba.mghosteur.com\/en\/wp-json\/wp\/v2\/comments?post=23828"}],"version-history":[{"count":0,"href":"https:\/\/sakaba.mghosteur.com\/en\/wp-json\/wp\/v2\/product\/23828\/revisions"}],"wp:attachment":[{"href":"https:\/\/sakaba.mghosteur.com\/en\/wp-json\/wp\/v2\/media?parent=23828"}],"wp:term":[{"taxonomy":"product_brand","embeddable":true,"href":"https:\/\/sakaba.mghosteur.com\/en\/wp-json\/wp\/v2\/product_brand?post=23828"},{"taxonomy":"product_cat","embeddable":true,"href":"https:\/\/sakaba.mghosteur.com\/en\/wp-json\/wp\/v2\/product_cat?post=23828"},{"taxonomy":"product_tag","embeddable":true,"href":"https:\/\/sakaba.mghosteur.com\/en\/wp-json\/wp\/v2\/product_tag?post=23828"}],"curies":[{"name":"wp","href":"https:\/\/api.w.org\/{rel}","templated":true}]}}