{"id":23834,"date":"2022-11-08T17:23:58","date_gmt":"2022-11-08T17:23:58","guid":{"rendered":"http:\/\/www.sakababeauty.com\/?post_type=product&#038;p=23834"},"modified":"2023-05-02T12:22:37","modified_gmt":"2023-05-02T12:22:37","slug":"satin-skinz-b-beau","status":"publish","type":"product","link":"https:\/\/sakaba.mghosteur.com\/en\/product\/satin-skinz-b-beau\/","title":{"rendered":"SATIN SKINZ B BEAU PWITEZ PEARL 500MG CAPSULE"},"content":{"rendered":"<p>D\u00e9couvrez la perle B&#8217;Beau Pwitez de Satin Skin, le l\u00e9gendaire roi des tr\u00e9sors de l&#8217;oc\u00e9an de perle. Si vous avez des probl\u00e8mes de peau tels que la haute teneur en m\u00e9lanine, les taches de rousseur, la peau s\u00e8che et squameuse, la peau sujette \u00e0 l&#8217;acn\u00e9, le visage fatigu\u00e9 et p\u00e2le, la peau sensible, les points noirs, les l\u00e8vres sombres, les rides, le coup de soleil, les jointures et coudes sombres, cette perle est pour vous. La perle B&#8217;Beau Pwitez brevet\u00e9e est choisie parmi la poudre de perle enti\u00e8re Hyriopsis Cumingi, \u00e9liminant les impuret\u00e9s et conservant la prot\u00e9ine de perle compl\u00e8te pour un produit 10 fois plus efficace que la poudre de perle commune. Elle aide \u00e0 inhiber la formation de m\u00e9lanine, laissant la peau plus claire, lumineuse, radieuse et sans m\u00e9lasma ni hyperpigmentations. Elle contient \u00e9galement un compos\u00e9 sp\u00e9cial appel\u00e9 conchioline qui favorise la production saine de collag\u00e8ne pour une peau repulp\u00e9e, non flasque ou fatigu\u00e9e. Les bienfaits de la perle B&#8217;Beau Pwitez sont nombreux, notamment la r\u00e9gulation hormonale, l&#8217;anti-melasma et anti-hyperpigmentations, l&#8217;am\u00e9lioration de la d\u00e9coloration et l&#8217;uniformisation du teint, la r\u00e9g\u00e9n\u00e9ration du collag\u00e8ne et l&#8217;augmentation de l&#8217;\u00e9lasticit\u00e9 de la peau, la r\u00e9duction des pores et la promotion d&#8217;une peau plus lisse. Adapt\u00e9 aux femmes enceintes et allaitantes, prenez une g\u00e9lule par jour avant le repas, ou deux fois par jour pour un meilleur r\u00e9sultat.<\/p>","protected":false},"excerpt":{"rendered":"<p>D\u00e9couvrez la perle B&#8217;Beau Pwitez de Satin Skin, le l\u00e9gendaire roi des tr\u00e9sors de l&#8217;oc\u00e9an de perle. Si vous avez des probl\u00e8mes de peau tels que la haute teneur en m\u00e9lanine, les taches de rousseur, la peau s\u00e8che et squameuse, la peau sujette \u00e0 l&#8217;acn\u00e9, le visage fatigu\u00e9 et p\u00e2le, la peau sensible, les points<span class=\"read-more-faq\"><a href=\"https:\/\/sakaba.mghosteur.com\/en\/product\/satin-skinz-b-beau\/\">Read More<\/a><\/span><\/p>","protected":false},"featured_media":0,"comment_status":"closed","ping_status":"closed","template":"","meta":[],"product_brand":[],"product_cat":[381],"product_tag":[],"class_list":{"0":"post-23834","1":"product","2":"type-product","3":"status-publish","5":"product_cat-vitamine-et-complements","7":"first","8":"instock","9":"shipping-taxable","10":"product-type-variable"},"jetpack-related-posts":[{"id":31417,"url":"https:\/\/sakaba.mghosteur.com\/en\/product\/paulas-choice-the-unscrub\/","url_meta":{"origin":23834,"position":0},"title":"Paula&#8217;s Choice The UnScrub","author":"admin","date":"May 10, 2024","format":false,"excerpt":"Le UnScrub Ce gommage visage unique en son genre \u00e9limine en douceur le maquillage, la cr\u00e8me solaire et les impuret\u00e9s tout en renouvelant la peau avec des perles de jojoba rondes et biod\u00e9gradables. Nettoie en profondeur sans perturber la barri\u00e8re cutan\u00e9e Les perles naturelles et dissolvables nettoient d\u00e9licatement la peau\u2026","rel":"","context":"Similar post","block_context":{"text":"Similar post","link":""},"img":{"alt_text":"","src":"","width":0,"height":0},"classes":[]},{"id":30014,"url":"https:\/\/sakaba.mghosteur.com\/en\/product\/satin-skinz-b-beau-vitamin-c-plus-capsule\/","url_meta":{"origin":23834,"position":1},"title":"SATIN SKINZ B BEAU VITAMIN C PLUS CAPSULE","author":"admin","date":"May 2, 2023","format":false,"excerpt":"D\u00e9couvrez la vitamine C Plus B'BEAU de Satin Skin pour une peau rayonnante et en sant\u00e9. Pour consommer, prenez 2 g\u00e9lules le matin en combinaison avec 1 g\u00e9lule de L-Glutathion B'BEAU. Pour des r\u00e9sultats optimaux, \u00e9vitez les boissons caf\u00e9in\u00e9es, gazeuses et alcoolis\u00e9es, ainsi que la cigarette, et optez plut\u00f4t pour\u2026","rel":"","context":"Similar post","block_context":{"text":"Similar post","link":""},"img":{"alt_text":"","src":"","width":0,"height":0},"classes":[]},{"id":30010,"url":"https:\/\/sakaba.mghosteur.com\/en\/product\/satin-skinz-b-beau-l-glutathione-500mg-capsule\/","url_meta":{"origin":23834,"position":2},"title":"SATIN SKINZ B BEAU L GLUTATHIONE 500MG CAPSULE","author":"admin","date":"May 2, 2023","format":false,"excerpt":"D\u00e9couvrez le B'beau L-Glutathion de Satin Skin, une g\u00e9lule qui aide \u00e0 am\u00e9liorer l'\u00e9tat de votre peau. Associ\u00e9 \u00e0 2 g\u00e9lules de B'beau Vitamine C Plus, ce compl\u00e9ment alimentaire est id\u00e9al pour votre routine matinale. Pour des r\u00e9sultats optimaux, \u00e9vitez la caf\u00e9ine, les boissons gazeuses, l'alcool, les cigarettes et adoptez\u2026","rel":"","context":"Similar post","block_context":{"text":"Similar post","link":""},"img":{"alt_text":"","src":"","width":0,"height":0},"classes":[]},{"id":23826,"url":"https:\/\/sakaba.mghosteur.com\/en\/product\/satin-skinz-hithion-plus\/","url_meta":{"origin":23834,"position":3},"title":"SATIN SKINZ HITHION PLUS","author":"admin","date":"November 8, 2022","format":false,"excerpt":"Le produit Satin Skinz Hithion Plus de la marque Satin Skin est une formule de blanchiment avanc\u00e9e, sp\u00e9cialement con\u00e7ue pour les peaux brunes \u00e0 tr\u00e8s fonc\u00e9es. Elle est dix fois plus puissante que le L-Glutathion et est formul\u00e9e avec des ingr\u00e9dients de haute qualit\u00e9 tels que la Pureway C, l'Appleh\u00e9non,\u2026","rel":"","context":"Similar post","block_context":{"text":"Similar post","link":""},"img":{"alt_text":"","src":"","width":0,"height":0},"classes":[]},{"id":24412,"url":"https:\/\/sakaba.mghosteur.com\/en\/product\/palmers-coconut-sugar-facial-scrub\/","url_meta":{"origin":23834,"position":4},"title":"PALMERS COCONUT SUGAR FACIAL SCRUB","author":"admin","date":"November 10, 2022","format":false,"excerpt":"D\u00e9couvrez l'huile pour le visage \u00e0 la noix de coco Palmer's, un produit qui peut faire des merveilles pour votre peau. Cette huile est con\u00e7ue pour polir, exfolier et adoucir votre peau, tout en resurfa\u00e7ant sa texture pour un teint plus lumineux et plus frais. Il est suffisamment doux pour\u2026","rel":"","context":"Similar post","block_context":{"text":"Similar post","link":""},"img":{"alt_text":"","src":"","width":0,"height":0},"classes":[]},{"id":23932,"url":"https:\/\/sakaba.mghosteur.com\/en\/product\/cerave-makeup-removing-cleanser-balm\/","url_meta":{"origin":23834,"position":5},"title":"CERAVE  MAKEUP REMOVING CLEANSER BALM","author":"admin","date":"November 9, 2022","format":false,"excerpt":"Le baume nettoyant d\u00e9maquillant CeraVe est le produit parfait pour tous les types de peau. Il est sans alcool, sans parfum, sans savon et sans paraben, ce qui en fait un choix id\u00e9al pour les peaux sensibles. Ce baume nettoyant est con\u00e7u pour \u00e9liminer efficacement le maquillage, la salet\u00e9 et\u2026","rel":"","context":"Similar post","block_context":{"text":"Similar post","link":""},"img":{"alt_text":"","src":"","width":0,"height":0},"classes":[]}],"_links":{"self":[{"href":"https:\/\/sakaba.mghosteur.com\/en\/wp-json\/wp\/v2\/product\/23834","targetHints":{"allow":["GET"]}}],"collection":[{"href":"https:\/\/sakaba.mghosteur.com\/en\/wp-json\/wp\/v2\/product"}],"about":[{"href":"https:\/\/sakaba.mghosteur.com\/en\/wp-json\/wp\/v2\/types\/product"}],"replies":[{"embeddable":true,"href":"https:\/\/sakaba.mghosteur.com\/en\/wp-json\/wp\/v2\/comments?post=23834"}],"version-history":[{"count":0,"href":"https:\/\/sakaba.mghosteur.com\/en\/wp-json\/wp\/v2\/product\/23834\/revisions"}],"wp:attachment":[{"href":"https:\/\/sakaba.mghosteur.com\/en\/wp-json\/wp\/v2\/media?parent=23834"}],"wp:term":[{"taxonomy":"product_brand","embeddable":true,"href":"https:\/\/sakaba.mghosteur.com\/en\/wp-json\/wp\/v2\/product_brand?post=23834"},{"taxonomy":"product_cat","embeddable":true,"href":"https:\/\/sakaba.mghosteur.com\/en\/wp-json\/wp\/v2\/product_cat?post=23834"},{"taxonomy":"product_tag","embeddable":true,"href":"https:\/\/sakaba.mghosteur.com\/en\/wp-json\/wp\/v2\/product_tag?post=23834"}],"curies":[{"name":"wp","href":"https:\/\/api.w.org\/{rel}","templated":true}]}}