{"id":23849,"date":"2022-11-08T17:38:24","date_gmt":"2022-11-08T17:38:24","guid":{"rendered":"http:\/\/www.sakababeauty.com\/?post_type=product&#038;p=23849"},"modified":"2022-11-08T17:38:24","modified_gmt":"2022-11-08T17:38:24","slug":"dark-and-lovely-go-intense-temporary-hair-color-sprays","status":"publish","type":"product","link":"https:\/\/sakaba.mghosteur.com\/en\/product\/dark-and-lovely-go-intense-temporary-hair-color-sprays\/","title":{"rendered":"Dark and Lovely Go Intense Temporary Hair Color Sprays"},"content":{"rendered":"","protected":false},"excerpt":{"rendered":"","protected":false},"featured_media":0,"comment_status":"closed","ping_status":"closed","template":"","meta":[],"product_brand":[],"product_cat":[440],"product_tag":[],"class_list":{"0":"post-23849","1":"product","2":"type-product","3":"status-publish","5":"product_cat-cheveux-de-couleur","7":"first","8":"instock","9":"shipping-taxable","10":"product-type-variable"},"jetpack-related-posts":[{"id":25646,"url":"https:\/\/sakaba.mghosteur.com\/en\/product\/tresemme-total-volume-hair-spray\/","url_meta":{"origin":23849,"position":0},"title":"TRESEMME TOTAL VOLUME HAIR SPRAY","author":"admin","date":"November 14, 2022","format":false,"excerpt":"","rel":"","context":"Similar post","block_context":{"text":"Similar post","link":""},"img":{"alt_text":"","src":"","width":0,"height":0},"classes":[]},{"id":28405,"url":"https:\/\/sakaba.mghosteur.com\/en\/product\/scotch-porter-beard-hair-conditioner-spray\/","url_meta":{"origin":23849,"position":1},"title":"SCOTCH PORTER BEARD &#038; HAIR CONDITIONER SPRAY","author":"admin","date":"November 30, 2022","format":false,"excerpt":"","rel":"","context":"Similar post","block_context":{"text":"Similar post","link":""},"img":{"alt_text":"","src":"","width":0,"height":0},"classes":[]},{"id":28414,"url":"https:\/\/sakaba.mghosteur.com\/en\/product\/scotch-porter-beard-hair-conditioner-spray-2\/","url_meta":{"origin":23849,"position":2},"title":"SCOTCH PORTER BEARD &#038; HAIR CONDITIONER SPRAY","author":"admin","date":"November 30, 2022","format":false,"excerpt":"","rel":"","context":"Similar post","block_context":{"text":"Similar post","link":""},"img":{"alt_text":"","src":"","width":0,"height":0},"classes":[]},{"id":32377,"url":"https:\/\/sakaba.mghosteur.com\/en\/product\/sheamoisture-intensive-hydration-hair-masque-57g\/","url_meta":{"origin":23849,"position":3},"title":"SHEAMOISTURE INTENSIVE HYDRATION HAIR MASQUE 57g","author":"admin","date":"May 14, 2024","format":false,"excerpt":"D\u00e9couvrez ce produit enrichi d'extrait de figue et d'huile de baobab, con\u00e7u pour hydrater et revitaliser les cheveux extra secs et ab\u00eem\u00e9s. \u00c9labor\u00e9 avec du beurre de karit\u00e9 issu du commerce \u00e9quitable, ce produit est formul\u00e9 sans phtalates, parab\u00e8nes, huile min\u00e9rale, et n'est pas test\u00e9 sur les animaux, ni ne\u2026","rel":"","context":"Similar post","block_context":{"text":"Similar post","link":""},"img":{"alt_text":"","src":"","width":0,"height":0},"classes":[]},{"id":34763,"url":"https:\/\/sakaba.mghosteur.com\/en\/product\/manic-panic-hair-dye-cotton-candy-pink\/","url_meta":{"origin":23849,"position":4},"title":"Manic Panic Hair Dye Cotton Candy Pink","author":"admin","date":"May 31, 2024","format":false,"excerpt":"Manic Panic Classic 118ml in Cotton Candy Pink is the perfect way to add a splash of vibrant color to your hair. This semi-permanent hair dye is made from vegan ingredients and is free from ammonia, peroxide, and PPD. It is designed to last up to 6 weeks and can\u2026","rel":"","context":"Similar post","block_context":{"text":"Similar post","link":""},"img":{"alt_text":"","src":"","width":0,"height":0},"classes":[]},{"id":26040,"url":"https:\/\/sakaba.mghosteur.com\/en\/product\/olaplex-intensive-bond-building-hair-treatment\/","url_meta":{"origin":23849,"position":5},"title":"OLAPLEX INTENSIVE BOND BUILDING HAIR TREATMENT","author":"admin","date":"November 24, 2022","format":false,"excerpt":"","rel":"","context":"Similar post","block_context":{"text":"Similar post","link":""},"img":{"alt_text":"","src":"","width":0,"height":0},"classes":[]}],"_links":{"self":[{"href":"https:\/\/sakaba.mghosteur.com\/en\/wp-json\/wp\/v2\/product\/23849","targetHints":{"allow":["GET"]}}],"collection":[{"href":"https:\/\/sakaba.mghosteur.com\/en\/wp-json\/wp\/v2\/product"}],"about":[{"href":"https:\/\/sakaba.mghosteur.com\/en\/wp-json\/wp\/v2\/types\/product"}],"replies":[{"embeddable":true,"href":"https:\/\/sakaba.mghosteur.com\/en\/wp-json\/wp\/v2\/comments?post=23849"}],"version-history":[{"count":0,"href":"https:\/\/sakaba.mghosteur.com\/en\/wp-json\/wp\/v2\/product\/23849\/revisions"}],"wp:attachment":[{"href":"https:\/\/sakaba.mghosteur.com\/en\/wp-json\/wp\/v2\/media?parent=23849"}],"wp:term":[{"taxonomy":"product_brand","embeddable":true,"href":"https:\/\/sakaba.mghosteur.com\/en\/wp-json\/wp\/v2\/product_brand?post=23849"},{"taxonomy":"product_cat","embeddable":true,"href":"https:\/\/sakaba.mghosteur.com\/en\/wp-json\/wp\/v2\/product_cat?post=23849"},{"taxonomy":"product_tag","embeddable":true,"href":"https:\/\/sakaba.mghosteur.com\/en\/wp-json\/wp\/v2\/product_tag?post=23849"}],"curies":[{"name":"wp","href":"https:\/\/api.w.org\/{rel}","templated":true}]}}