{"id":23883,"date":"2022-11-09T10:46:32","date_gmt":"2022-11-09T10:46:32","guid":{"rendered":"http:\/\/www.sakababeauty.com\/?post_type=product&#038;p=23883"},"modified":"2022-11-09T10:46:33","modified_gmt":"2022-11-09T10:46:33","slug":"clairol-professional-jazzing-80","status":"publish","type":"product","link":"https:\/\/sakaba.mghosteur.com\/en\/product\/clairol-professional-jazzing-80\/","title":{"rendered":"Clairol Professional Jazzing 80"},"content":{"rendered":"","protected":false},"excerpt":{"rendered":"","protected":false},"featured_media":0,"comment_status":"closed","ping_status":"closed","template":"","meta":[],"product_brand":[],"product_cat":[440],"product_tag":[],"class_list":{"0":"post-23883","1":"product","2":"type-product","3":"status-publish","5":"product_cat-cheveux-de-couleur","7":"first","8":"instock","9":"shipping-taxable","10":"product-type-simple"},"jetpack-related-posts":[{"id":33466,"url":"https:\/\/sakaba.mghosteur.com\/en\/product\/clairol-professional-jazzing-50\/","url_meta":{"origin":23883,"position":0},"title":"Clairol Professional Jazzing 50","author":"admin","date":"May 21, 2024","format":false,"excerpt":"Clairol Professional Jazzing 50 est une coloration capillaire semi-permanente qui peut \u00eatre utilis\u00e9e imm\u00e9diatement apr\u00e8s un service de d\u00e9frisage. Elle ne contient pas d'ammoniaque et offre une couleur riche et brillante. Couleur: Fuschia","rel":"","context":"Similar post","block_context":{"text":"Similar post","link":""},"img":{"alt_text":"","src":"","width":0,"height":0},"classes":[]},{"id":33460,"url":"https:\/\/sakaba.mghosteur.com\/en\/product\/clairol-professional-jazzing-30\/","url_meta":{"origin":23883,"position":1},"title":"Clairol Professional Jazzing 30","author":"admin","date":"May 21, 2024","format":false,"excerpt":"Clairol Professional Jazzing 30 est une coloration capillaire semi-permanente qui peut \u00eatre utilis\u00e9e sur des cheveux color\u00e9s, permanent\u00e9s ou d\u00e9fris\u00e9s. Elle peut \u00eatre utilis\u00e9e pour des r\u00e9sultats temporaires ou semi-permanents. La couleur peut \u00eatre rinc\u00e9e au bout d'un mois ou deux. Couleur: Cognac \u00e9pic\u00e9","rel":"","context":"Similar post","block_context":{"text":"Similar post","link":""},"img":{"alt_text":"","src":"","width":0,"height":0},"classes":[]},{"id":33463,"url":"https:\/\/sakaba.mghosteur.com\/en\/product\/clairol-professional-jazzing-40\/","url_meta":{"origin":23883,"position":2},"title":"Clairol Professional Jazzing 40","author":"admin","date":"May 21, 2024","format":false,"excerpt":"Clairol Professional Jazzing 40 est une coloration capillaire semi-permanente qui peut \u00eatre utilis\u00e9e sur des cheveux color\u00e9s, permanent\u00e9s ou d\u00e9fris\u00e9s. Elle peut \u00eatre utilis\u00e9e pour des r\u00e9sultats temporaires ou semi-permanents. La couleur peut \u00eatre rinc\u00e9e au bout d'un mois ou deux. Couleur: rouge chaud","rel":"","context":"Similar post","block_context":{"text":"Similar post","link":""},"img":{"alt_text":"","src":"","width":0,"height":0},"classes":[]},{"id":33472,"url":"https:\/\/sakaba.mghosteur.com\/en\/product\/clairol-professional-moisturising-color-b14w\/","url_meta":{"origin":23883,"position":3},"title":"Clairol Professional Moisturising Color B14W","author":"admin","date":"May 21, 2024","format":false,"excerpt":"Clairol Professional Moisturizing Color B14W est une coloration capillaire semi-permanente enrichie en aloe vera, jojoba et vitamine E. Elle est con\u00e7ue pour fournir des r\u00e9sultats de conditionnement en profondeur et durables ainsi qu'une r\u00e9sistance \u00e0 la d\u00e9coloration.","rel":"","context":"Similar post","block_context":{"text":"Similar post","link":""},"img":{"alt_text":"","src":"","width":0,"height":0},"classes":[]},{"id":23870,"url":"https:\/\/sakaba.mghosteur.com\/en\/product\/clairol-professional-pure-white\/","url_meta":{"origin":23883,"position":4},"title":"Clairol Professional Pure White","author":"admin","date":"November 9, 2022","format":false,"excerpt":"","rel":"","context":"Similar post","block_context":{"text":"Similar post","link":""},"img":{"alt_text":"","src":"","width":0,"height":0},"classes":[]},{"id":33478,"url":"https:\/\/sakaba.mghosteur.com\/en\/product\/clairol-professional-pure-white-40-volume-creme-developer\/","url_meta":{"origin":23883,"position":5},"title":"Clairol Professional Pure White 40 Volume Creme Developer","author":"admin","date":"May 21, 2024","format":false,"excerpt":"","rel":"","context":"Similar post","block_context":{"text":"Similar post","link":""},"img":{"alt_text":"","src":"","width":0,"height":0},"classes":[]}],"_links":{"self":[{"href":"https:\/\/sakaba.mghosteur.com\/en\/wp-json\/wp\/v2\/product\/23883","targetHints":{"allow":["GET"]}}],"collection":[{"href":"https:\/\/sakaba.mghosteur.com\/en\/wp-json\/wp\/v2\/product"}],"about":[{"href":"https:\/\/sakaba.mghosteur.com\/en\/wp-json\/wp\/v2\/types\/product"}],"replies":[{"embeddable":true,"href":"https:\/\/sakaba.mghosteur.com\/en\/wp-json\/wp\/v2\/comments?post=23883"}],"version-history":[{"count":0,"href":"https:\/\/sakaba.mghosteur.com\/en\/wp-json\/wp\/v2\/product\/23883\/revisions"}],"wp:attachment":[{"href":"https:\/\/sakaba.mghosteur.com\/en\/wp-json\/wp\/v2\/media?parent=23883"}],"wp:term":[{"taxonomy":"product_brand","embeddable":true,"href":"https:\/\/sakaba.mghosteur.com\/en\/wp-json\/wp\/v2\/product_brand?post=23883"},{"taxonomy":"product_cat","embeddable":true,"href":"https:\/\/sakaba.mghosteur.com\/en\/wp-json\/wp\/v2\/product_cat?post=23883"},{"taxonomy":"product_tag","embeddable":true,"href":"https:\/\/sakaba.mghosteur.com\/en\/wp-json\/wp\/v2\/product_tag?post=23883"}],"curies":[{"name":"wp","href":"https:\/\/api.w.org\/{rel}","templated":true}]}}