{"id":23897,"date":"2022-11-09T10:58:58","date_gmt":"2022-11-09T10:58:58","guid":{"rendered":"http:\/\/www.sakababeauty.com\/?post_type=product&#038;p=23897"},"modified":"2023-03-09T10:46:51","modified_gmt":"2023-03-09T10:46:51","slug":"cerave-itch-relief-moisturizing-lotion","status":"publish","type":"product","link":"https:\/\/sakaba.mghosteur.com\/en\/product\/cerave-itch-relief-moisturizing-lotion\/","title":{"rendered":"CERAVE  ITCH RELIEF MOISTURIZING LOTION"},"content":{"rendered":"<div class=\"flex-1 overflow-hidden\">\n<div class=\"react-scroll-to-bottom--css-edkih-79elbk h-full dark:bg-gray-800\">\n<div class=\"react-scroll-to-bottom--css-edkih-1n7m0yu\">\n<div class=\"flex flex-col items-center text-sm dark:bg-gray-800\">\n<div class=\"w-full border-b border-black\/10 dark:border-gray-900\/50 text-gray-800 dark:text-gray-100 group bg-gray-50 dark:bg-[#444654]\">\n<div class=\"text-base gap-4 md:gap-6 m-auto md:max-w-2xl lg:max-w-2xl xl:max-w-3xl p-4 md:py-6 flex lg:px-0\">\n<div class=\"relative flex w-[calc(100%-50px)] flex-col gap-1 md:gap-3 lg:w-[calc(100%-115px)]\">\n<div class=\"flex flex-grow flex-col gap-3\">\n<div class=\"min-h-[20px] flex flex-col items-start gap-4 whitespace-pre-wrap\">\n<div class=\"markdown prose w-full break-words dark:prose-invert light\">\n<p>La lotion hydratante anti-d\u00e9mangeaisons de la marque CeraVe est la solution id\u00e9ale pour soulager rapidement et efficacement les d\u00e9mangeaisons associ\u00e9es \u00e0 la peau s\u00e8che, les irritations cutan\u00e9es mineures, les piq\u00fbres d&#8217;insectes et les coups de soleil.<\/p>\n<p>Formul\u00e9e avec 1 % de chlorhydrate de pramoxine, cette lotion procure un soulagement temporaire, \u00e0 action rapide et durable des d\u00e9mangeaisons. Elle est enrichie en c\u00e9ramides, qui aident \u00e0 restaurer la barri\u00e8re naturelle de la peau et \u00e0 maintenir son hydratation pour am\u00e9liorer le confort g\u00e9n\u00e9ral de votre peau.<\/p>\n<p>D\u00e9velopp\u00e9e avec des dermatologues, cette lotion test\u00e9e cliniquement s&#8217;est av\u00e9r\u00e9e procurer un soulagement en deux minutes et durer jusqu&#8217;\u00e0 huit heures. Sans parfum, elle convient \u00e0 tous les types de peau et est enrichie de 3 c\u00e9ramides essentiels qui agissent ensemble pour emprisonner l&#8217;hydratation de la peau et aider \u00e0 restaurer sa barri\u00e8re protectrice.<\/p>\n<p>La technologie MVE encapsule des c\u00e9ramides pour assurer une diffusion efficace dans la barri\u00e8re cutan\u00e9e et une lib\u00e9ration lente dans le temps. Cette lotion est accept\u00e9e par l&#8217;Association nationale de l&#8217;ecz\u00e9ma et ne contient pas de st\u00e9ro\u00efdes.<\/p>\n<p>Pour l&#8217;utiliser, il suffit d&#8217;appliquer la lotion sur la zone affect\u00e9e pas plus de 3 \u00e0 4 fois par jour pour les adultes et les enfants de 2 ans et plus. Les enfants de moins de 2 ans doivent consulter un m\u00e9decin avant utilisation.<\/p>\n<p>En r\u00e9sum\u00e9, la lotion hydratante anti-d\u00e9mangeaisons de CeraVe est une solution rapide et efficace pour soulager les d\u00e9mangeaisons et am\u00e9liorer le confort de votre peau. Elle est formul\u00e9e avec des ingr\u00e9dients de qualit\u00e9 et est recommand\u00e9e par des dermatologues.<\/p>\n<\/div>\n<\/div>\n<\/div>\n<\/div>\n<\/div>\n<\/div>\n<\/div>\n<\/div>\n<\/div>\n<\/div>","protected":false},"excerpt":{"rendered":"<p>La lotion hydratante anti-d\u00e9mangeaisons de la marque CeraVe est la solution id\u00e9ale pour soulager rapidement et efficacement les d\u00e9mangeaisons associ\u00e9es \u00e0 la peau s\u00e8che, les irritations cutan\u00e9es mineures, les piq\u00fbres d&#8217;insectes et les coups de soleil. Formul\u00e9e avec 1 % de chlorhydrate de pramoxine, cette lotion procure un soulagement temporaire, \u00e0 action rapide et durable<span class=\"read-more-faq\"><a href=\"https:\/\/sakaba.mghosteur.com\/en\/product\/cerave-itch-relief-moisturizing-lotion\/\">Read More<\/a><\/span><\/p>","protected":false},"featured_media":0,"comment_status":"closed","ping_status":"closed","template":"","meta":[],"product_brand":[],"product_cat":[354],"product_tag":[],"class_list":{"0":"post-23897","1":"product","2":"type-product","3":"status-publish","5":"product_cat-creme-hydratante-corps","7":"first","8":"instock","9":"shipping-taxable","10":"product-type-simple"},"jetpack-related-posts":[{"id":23928,"url":"https:\/\/sakaba.mghosteur.com\/en\/product\/cerave-itch-relief-moisturizing-cream\/","url_meta":{"origin":23897,"position":0},"title":"CERAVE ITCH RELIEF MOISTURIZING CREAM","author":"admin","date":"November 9, 2022","format":false,"excerpt":"Si vous souffrez de d\u00e9mangeaisons associ\u00e9es \u00e0 l'ecz\u00e9ma, la peau s\u00e8che, les irritations mineures de la peau, les piq\u00fbres d'insectes ou les coups de soleil, la cr\u00e8me hydratante anti-d\u00e9mangeaisons de CeraVe peut vous aider \u00e0 soulager la douleur et les d\u00e9mangeaisons de mani\u00e8re rapide et durable. Formul\u00e9e avec 1 %\u2026","rel":"","context":"Similar post","block_context":{"text":"Similar post","link":""},"img":{"alt_text":"","src":"","width":0,"height":0},"classes":[]},{"id":29005,"url":"https:\/\/sakaba.mghosteur.com\/en\/product\/1-hydrocortisone-anti-itch-cream\/","url_meta":{"origin":23897,"position":1},"title":"1% HYDROCORTISONE ANTI-ITCH CREAM","author":"admin","date":"March 9, 2023","format":false,"excerpt":"La cr\u00e8me anti-d\u00e9mangeaisons \u00e0 l'hydrocortisone de CeraVe est un traitement efficace pour soulager les d\u00e9mangeaisons caus\u00e9es par l'ecz\u00e9ma, les petites \u00e9ruptions cutan\u00e9es et les piq\u00fbres d'insectes mineures. Sa formule contient 1% d'hydrocortisone, la concentration maximale disponible sans ordonnance, ainsi que trois c\u00e9ramides essentiels pour aider \u00e0 restaurer la barri\u00e8re protectrice\u2026","rel":"","context":"Similar post","block_context":{"text":"Similar post","link":""},"img":{"alt_text":"","src":"","width":0,"height":0},"classes":[]},{"id":29088,"url":"https:\/\/sakaba.mghosteur.com\/en\/product\/cerave-moisturizing-cream-453g\/","url_meta":{"origin":23897,"position":2},"title":"CERAVE MOISTURIZING CREAM 453G","author":"admin","date":"March 13, 2023","format":false,"excerpt":"La cr\u00e8me hydratante CeraVe est une solution id\u00e9ale pour les personnes souffrant de s\u00e9cheresse cutan\u00e9e et de d\u00e9mangeaisons. Gr\u00e2ce \u00e0 sa formule riche en acide hyaluronique et en c\u00e9ramides, elle aide \u00e0 hydrater la peau en profondeur et \u00e0 restaurer sa barri\u00e8re naturelle de protection. La cr\u00e8me contient trois c\u00e9ramides\u2026","rel":"","context":"Similar post","block_context":{"text":"Similar post","link":""},"img":{"alt_text":"","src":"","width":0,"height":0},"classes":[]},{"id":24213,"url":"https:\/\/sakaba.mghosteur.com\/en\/product\/cerave-daily-moisturizing-lotion-355-ml\/","url_meta":{"origin":23897,"position":3},"title":"CERAVE DAILY MOISTURIZING LOTION 355 ML","author":"admin","date":"November 9, 2022","format":false,"excerpt":"La Lotion Hydratante Quotidienne de CeraVe est sp\u00e9cialement con\u00e7ue pour les peaux normales \u00e0 s\u00e8ches et de poids l\u00e9ger. Sa formule l\u00e9g\u00e8re et sans huile est facilement absorb\u00e9e par la peau, offrant une hydratation instantan\u00e9e sans laisser de r\u00e9sidus gras. L'acide hyaluronique aide \u00e0 retenir l'humidit\u00e9 de la peau, tandis\u2026","rel":"","context":"Similar post","block_context":{"text":"Similar post","link":""},"img":{"alt_text":"","src":"","width":0,"height":0},"classes":[]},{"id":24187,"url":"https:\/\/sakaba.mghosteur.com\/en\/product\/cerave-facial-moisturizing-lotion-am-60ml\/","url_meta":{"origin":23897,"position":4},"title":"CERAVE FACIAL MOISTURIZING LOTION PM 60ML","author":"admin","date":"November 9, 2022","format":false,"excerpt":"La lotion hydratante pour le visage CeraVe PM est le choix parfait pour ceux qui cherchent une cr\u00e8me de nuit l\u00e9g\u00e8re et non grasse. Cette lotion a \u00e9t\u00e9 sp\u00e9cialement con\u00e7ue pour aider \u00e0 hydrater, calmer et apaiser votre peau tout en restaurant sa barri\u00e8re d'hydratation naturelle, gr\u00e2ce \u00e0 sa formule\u2026","rel":"","context":"Similar post","block_context":{"text":"Similar post","link":""},"img":{"alt_text":"","src":"","width":0,"height":0},"classes":[]},{"id":24179,"url":"https:\/\/sakaba.mghosteur.com\/en\/product\/cerave-sa-lotion-for-rough-bumpy-skin\/","url_meta":{"origin":23897,"position":5},"title":"CERAVE SA LOTION FOR ROUGH &#038; BUMPY SKIN","author":"admin","date":"November 9, 2022","format":false,"excerpt":"","rel":"","context":"Similar post","block_context":{"text":"Similar post","link":""},"img":{"alt_text":"","src":"","width":0,"height":0},"classes":[]}],"_links":{"self":[{"href":"https:\/\/sakaba.mghosteur.com\/en\/wp-json\/wp\/v2\/product\/23897","targetHints":{"allow":["GET"]}}],"collection":[{"href":"https:\/\/sakaba.mghosteur.com\/en\/wp-json\/wp\/v2\/product"}],"about":[{"href":"https:\/\/sakaba.mghosteur.com\/en\/wp-json\/wp\/v2\/types\/product"}],"replies":[{"embeddable":true,"href":"https:\/\/sakaba.mghosteur.com\/en\/wp-json\/wp\/v2\/comments?post=23897"}],"version-history":[{"count":0,"href":"https:\/\/sakaba.mghosteur.com\/en\/wp-json\/wp\/v2\/product\/23897\/revisions"}],"wp:attachment":[{"href":"https:\/\/sakaba.mghosteur.com\/en\/wp-json\/wp\/v2\/media?parent=23897"}],"wp:term":[{"taxonomy":"product_brand","embeddable":true,"href":"https:\/\/sakaba.mghosteur.com\/en\/wp-json\/wp\/v2\/product_brand?post=23897"},{"taxonomy":"product_cat","embeddable":true,"href":"https:\/\/sakaba.mghosteur.com\/en\/wp-json\/wp\/v2\/product_cat?post=23897"},{"taxonomy":"product_tag","embeddable":true,"href":"https:\/\/sakaba.mghosteur.com\/en\/wp-json\/wp\/v2\/product_tag?post=23897"}],"curies":[{"name":"wp","href":"https:\/\/api.w.org\/{rel}","templated":true}]}}