{"id":23903,"date":"2022-11-09T11:19:50","date_gmt":"2022-11-09T11:19:50","guid":{"rendered":"http:\/\/www.sakababeauty.com\/?post_type=product&#038;p=23903"},"modified":"2024-08-07T18:35:15","modified_gmt":"2024-08-07T18:35:15","slug":"cerave-resurfacing-retinol-serum","status":"publish","type":"product","link":"https:\/\/sakaba.mghosteur.com\/en\/product\/cerave-resurfacing-retinol-serum\/","title":{"rendered":"CERAVE RESURFACING RETINOL SERUM"},"content":{"rendered":"<p>Le s\u00e9rum resurfa\u00e7ant au r\u00e9tinol de la marque CeraVe est le choix id\u00e9al pour une peau douce et uniforme. Les marques d&#8217;acn\u00e9 et le teint irr\u00e9gulier peuvent \u00eatre g\u00eanants, m\u00eame apr\u00e8s que votre acn\u00e9 est sous contr\u00f4le. C&#8217;est l\u00e0 que notre s\u00e9rum resurfa\u00e7ant entre en jeu. Formul\u00e9 avec du r\u00e9tinol encapsul\u00e9 pour aider \u00e0 resurfacer votre peau et de l&#8217;extrait de racine de r\u00e9glisse pour \u00e9claircir l&#8217;apparence de votre peau, ce s\u00e9rum aide \u00e0 lisser la texture de votre peau en r\u00e9duisant l&#8217;apparence des marques post-acn\u00e9iques, en minimisant l&#8217;apparence des pores et en am\u00e9liorant la surface de votre peau.<\/p>\n<p>Notre formule est d\u00e9velopp\u00e9e avec des dermatologues pour vous offrir les meilleurs r\u00e9sultats possibles. Elle contient \u00e9galement 3 c\u00e9ramides essentiels pour aider \u00e0 emprisonner l&#8217;hydratation de votre peau et restaurer sa barri\u00e8re protectrice, ainsi que de la niacinamide apaisante pour un teint d&#8217;apparence saine. La technologie MVE encapsule des c\u00e9ramides pour assurer une diffusion efficace dans la barri\u00e8re cutan\u00e9e et une lib\u00e9ration lente dans le temps, soutenant ainsi votre barri\u00e8re cutan\u00e9e protectrice longtemps apr\u00e8s l&#8217;application.<\/p>\n<p>L\u00e9ger et \u00e0 absorption rapide, notre s\u00e9rum resurfa\u00e7ant est facile \u00e0 int\u00e9grer dans votre routine de soins de la peau quotidienne. Il est doux mais efficace, affine votre peau sans compromettre sa barri\u00e8re protectrice et aide \u00e0 restaurer votre teint uniforme. Avec le s\u00e9rum resurfa\u00e7ant au r\u00e9tinol de CeraVe, dites adieu aux marques d&#8217;acn\u00e9 et aux pores visibles pour une peau plus douce et plus uniforme.<\/p>","protected":false},"excerpt":{"rendered":"<p>Le s\u00e9rum resurfa\u00e7ant au r\u00e9tinol de la marque CeraVe est le choix id\u00e9al pour une peau douce et uniforme. Les marques d&#8217;acn\u00e9 et le teint irr\u00e9gulier peuvent \u00eatre g\u00eanants, m\u00eame apr\u00e8s que votre acn\u00e9 est sous contr\u00f4le. C&#8217;est l\u00e0 que notre s\u00e9rum resurfa\u00e7ant entre en jeu. Formul\u00e9 avec du r\u00e9tinol encapsul\u00e9 pour aider \u00e0 resurfacer<span class=\"read-more-faq\"><a href=\"https:\/\/sakaba.mghosteur.com\/en\/product\/cerave-resurfacing-retinol-serum\/\">Read More<\/a><\/span><\/p>","protected":false},"featured_media":0,"comment_status":"closed","ping_status":"closed","template":"","meta":[],"product_brand":[],"product_cat":[1095,294,293,451,334],"product_tag":[],"class_list":{"0":"post-23903","1":"product","2":"type-product","3":"status-publish","5":"product_cat-anti-age","6":"product_cat-acne","7":"product_cat-anti-taches","8":"product_cat-aab-soin-du-visage","9":"product_cat-traitement-serum","11":"first","12":"instock","13":"shipping-taxable","14":"product-type-simple"},"jetpack-related-posts":[{"id":23957,"url":"https:\/\/sakaba.mghosteur.com\/en\/product\/cerave-skin-renewing-retinol-serum\/","url_meta":{"origin":23903,"position":0},"title":"CERAVE SKIN RENEWING RETINOL SERUM","author":"admin","date":"November 9, 2022","format":false,"excerpt":"Le s\u00e9rum r\u00e9g\u00e9n\u00e9rant au r\u00e9tinol pour la peau douce de CeraVe est un excellent choix pour votre routine de soins anti-\u00e2ge. Ce s\u00e9rum est sp\u00e9cialement formul\u00e9 pour am\u00e9liorer l'apparence des ridules et des rides, de la texture et de l'\u00e9clat de votre peau. En utilisant ce s\u00e9rum, vous pourrez b\u00e9n\u00e9ficier\u2026","rel":"","context":"Similar post","block_context":{"text":"Similar post","link":""},"img":{"alt_text":"","src":"","width":0,"height":0},"classes":[]},{"id":29144,"url":"https:\/\/sakaba.mghosteur.com\/en\/product\/the-inkey-list-1-retinol-serum\/","url_meta":{"origin":23903,"position":1},"title":"THE INKEY LIST 1% RETINOL SERUM","author":"admin","date":"March 15, 2023","format":false,"excerpt":"Le s\u00e9rum R\u00e9tinol de la marque The Inkey List est un choix parfait pour tous ceux qui cherchent \u00e0 lutter contre les signes du vieillissement tout en obtenant une peau plus lumineuse et plus uniforme. Enrichi en r\u00e9tinol \u00e0 lib\u00e9ration lente, un d\u00e9riv\u00e9 de la vitamine A, ce s\u00e9rum est\u2026","rel":"","context":"Similar post","block_context":{"text":"Similar post","link":""},"img":{"alt_text":"","src":"","width":0,"height":0},"classes":[]},{"id":26865,"url":"https:\/\/sakaba.mghosteur.com\/en\/product\/paula-choice-1retinol-booster\/","url_meta":{"origin":23903,"position":2},"title":"PAULA CHOICE 1%RETINOL BOOSTER","author":"admin","date":"November 28, 2022","format":false,"excerpt":"Le Booster de R\u00e9tinol 1% de Paula's Choice est un concentr\u00e9 l\u00e9ger qui aide \u00e0 am\u00e9liorer l'apparence de votre peau en uniformisant le teint, en r\u00e9duisant l'apparence des rides et en cr\u00e9ant un teint plus lisse et plus \u00e9clatant. La formule pure de r\u00e9tinol est lib\u00e9r\u00e9e lentement pour une efficacit\u00e9\u2026","rel":"","context":"Similar post","block_context":{"text":"Similar post","link":""},"img":{"alt_text":"","src":"","width":0,"height":0},"classes":[]},{"id":30290,"url":"https:\/\/sakaba.mghosteur.com\/en\/product\/necessaire-the-body-retinol\/","url_meta":{"origin":23903,"position":3},"title":"NECESSAIRE The Body Retinol","author":"admin","date":"May 8, 2023","format":false,"excerpt":"D\u00e9couvrez le Body Retinol de la marque Necessaire, un s\u00e9rum r\u00e9parateur qui aide \u00e0 am\u00e9liorer l'apparence de votre peau. Infus\u00e9 avec 0,1 % de r\u00e9tinol pur encapsul\u00e9, ce produit est con\u00e7u pour r\u00e9parer et pr\u00e9venir les signes de vieillissement tels que les rides, les taches et les cicatrices. Ce s\u00e9rum\u2026","rel":"","context":"Similar post","block_context":{"text":"Similar post","link":""},"img":{"alt_text":"","src":"","width":0,"height":0},"classes":[]},{"id":26988,"url":"https:\/\/sakaba.mghosteur.com\/en\/product\/facetheory-regenacalm-serum\/","url_meta":{"origin":23903,"position":4},"title":"FACETHEORY Regenacalm 2% Retinol and Vitamin C Serum S1","author":"admin","date":"November 28, 2022","format":false,"excerpt":"Produit : Regenacalm 2% R\u00e9tinol et Vitamine C S\u00e9rum S1 Marque : Facetheory Le s\u00e9rum Regenacalm de Facetheory est un produit hautement efficace con\u00e7u pour cibler les ridules, les rides, les imperfections, les cicatrices d'acn\u00e9, la rosac\u00e9e et l'hyperpigmentation. Sa formule contient de l'ester de r\u00e9tinol stabilis\u00e9 \u00e0 2%, de\u2026","rel":"","context":"Similar post","block_context":{"text":"Similar post","link":""},"img":{"alt_text":"","src":"","width":0,"height":0},"classes":[]},{"id":29139,"url":"https:\/\/sakaba.mghosteur.com\/en\/product\/the-inkey-list-coffret-winter-skin-101\/","url_meta":{"origin":23903,"position":5},"title":"THE INKEY LIST COFFRET WINTER SKIN 101","author":"admin","date":"March 15, 2023","format":false,"excerpt":"L'ensemble INKEY List Winter Skin 101 de la marque THE INKEY LIST est la solution parfaite pour les peaux s\u00e8ches et hivernales qui ont besoin d'\u00eatre chouchout\u00e9es. Ce kit complet en 4 \u00e9tapes vous offre des produits en taille r\u00e9elle pour une peau renouvel\u00e9e et hydrat\u00e9e. Le Baume nettoyant \u00e0\u2026","rel":"","context":"Similar post","block_context":{"text":"Similar post","link":""},"img":{"alt_text":"","src":"","width":0,"height":0},"classes":[]}],"_links":{"self":[{"href":"https:\/\/sakaba.mghosteur.com\/en\/wp-json\/wp\/v2\/product\/23903","targetHints":{"allow":["GET"]}}],"collection":[{"href":"https:\/\/sakaba.mghosteur.com\/en\/wp-json\/wp\/v2\/product"}],"about":[{"href":"https:\/\/sakaba.mghosteur.com\/en\/wp-json\/wp\/v2\/types\/product"}],"replies":[{"embeddable":true,"href":"https:\/\/sakaba.mghosteur.com\/en\/wp-json\/wp\/v2\/comments?post=23903"}],"version-history":[{"count":0,"href":"https:\/\/sakaba.mghosteur.com\/en\/wp-json\/wp\/v2\/product\/23903\/revisions"}],"wp:attachment":[{"href":"https:\/\/sakaba.mghosteur.com\/en\/wp-json\/wp\/v2\/media?parent=23903"}],"wp:term":[{"taxonomy":"product_brand","embeddable":true,"href":"https:\/\/sakaba.mghosteur.com\/en\/wp-json\/wp\/v2\/product_brand?post=23903"},{"taxonomy":"product_cat","embeddable":true,"href":"https:\/\/sakaba.mghosteur.com\/en\/wp-json\/wp\/v2\/product_cat?post=23903"},{"taxonomy":"product_tag","embeddable":true,"href":"https:\/\/sakaba.mghosteur.com\/en\/wp-json\/wp\/v2\/product_tag?post=23903"}],"curies":[{"name":"wp","href":"https:\/\/api.w.org\/{rel}","templated":true}]}}