{"id":23905,"date":"2022-11-09T11:23:11","date_gmt":"2022-11-09T11:23:11","guid":{"rendered":"http:\/\/www.sakababeauty.com\/?post_type=product&#038;p=23905"},"modified":"2024-08-07T18:34:58","modified_gmt":"2024-08-07T18:34:58","slug":"cerave-skin-renewing-night-cream","status":"publish","type":"product","link":"https:\/\/sakaba.mghosteur.com\/en\/product\/cerave-skin-renewing-night-cream\/","title":{"rendered":"CERAVE SKIN RENEWING NIGHT CREAM"},"content":{"rendered":"<p>La cr\u00e8me de nuit r\u00e9g\u00e9n\u00e9rante pour la peau CeraVe est un produit incontournable pour ceux qui recherchent une peau plus douce et rafra\u00eechie. Elle a \u00e9t\u00e9 d\u00e9velopp\u00e9e en collaboration avec des dermatologues pour aider \u00e0 restaurer la barri\u00e8re cutan\u00e9e pendant la nuit, lorsque la peau est la plus r\u00e9ceptive.<\/p>\n<p>Cette cr\u00e8me contient des c\u00e9ramides 1, 3 et 6-II qui aident \u00e0 renforcer la barri\u00e8re cutan\u00e9e et \u00e0 maintenir l&#8217;hydratation de la peau. Elle est \u00e9galement enrichie en acide hyaluronique pour aider \u00e0 retenir l&#8217;humidit\u00e9 et en niacinamide pour apaiser la peau fatigu\u00e9e. En outre, elle ne contient pas de parfum et est non com\u00e9dog\u00e8ne pour pr\u00e9venir l&#8217;apparition des imperfections.<\/p>\n<p>La cr\u00e8me de nuit r\u00e9g\u00e9n\u00e9rante pour la peau CeraVe est facile \u00e0 appliquer et est rapidement absorb\u00e9e par la peau. Elle est non grasse et offre une hydratation intense pour une peau plus douce et renouvel\u00e9e. Utilisez-la r\u00e9guli\u00e8rement pour constater une am\u00e9lioration de l&#8217;apparence de votre peau et pour vous r\u00e9veiller avec une peau plus fra\u00eeche et plus \u00e9clatante chaque matin. Choisissez CeraVe pour une peau saine et \u00e9quilibr\u00e9e.<\/p>","protected":false},"excerpt":{"rendered":"<p>La cr\u00e8me de nuit r\u00e9g\u00e9n\u00e9rante pour la peau CeraVe est un produit incontournable pour ceux qui recherchent une peau plus douce et rafra\u00eechie. Elle a \u00e9t\u00e9 d\u00e9velopp\u00e9e en collaboration avec des dermatologues pour aider \u00e0 restaurer la barri\u00e8re cutan\u00e9e pendant la nuit, lorsque la peau est la plus r\u00e9ceptive. Cette cr\u00e8me contient des c\u00e9ramides 1,<span class=\"read-more-faq\"><a href=\"https:\/\/sakaba.mghosteur.com\/en\/product\/cerave-skin-renewing-night-cream\/\">Read More<\/a><\/span><\/p>","protected":false},"featured_media":0,"comment_status":"closed","ping_status":"closed","template":"","meta":[],"product_brand":[],"product_cat":[1095,331,451,334],"product_tag":[],"class_list":{"0":"post-23905","1":"product","2":"type-product","3":"status-publish","5":"product_cat-anti-age","6":"product_cat-hydratant-visage","7":"product_cat-aab-soin-du-visage","8":"product_cat-traitement-serum","10":"first","11":"instock","12":"shipping-taxable","13":"product-type-simple"},"jetpack-related-posts":[{"id":24187,"url":"https:\/\/sakaba.mghosteur.com\/en\/product\/cerave-facial-moisturizing-lotion-am-60ml\/","url_meta":{"origin":23905,"position":0},"title":"CERAVE FACIAL MOISTURIZING LOTION PM 60ML","author":"admin","date":"November 9, 2022","format":false,"excerpt":"La lotion hydratante pour le visage CeraVe PM est le choix parfait pour ceux qui cherchent une cr\u00e8me de nuit l\u00e9g\u00e8re et non grasse. Cette lotion a \u00e9t\u00e9 sp\u00e9cialement con\u00e7ue pour aider \u00e0 hydrater, calmer et apaiser votre peau tout en restaurant sa barri\u00e8re d'hydratation naturelle, gr\u00e2ce \u00e0 sa formule\u2026","rel":"","context":"Similar post","block_context":{"text":"Similar post","link":""},"img":{"alt_text":"","src":"","width":0,"height":0},"classes":[]},{"id":31957,"url":"https:\/\/sakaba.mghosteur.com\/en\/product\/cerave-facial-moisturizing-lotion-pm-89ml\/","url_meta":{"origin":23905,"position":1},"title":"CERAVE FACIAL MOISTURIZING LOTION PM 89ML","author":"admin","date":"May 13, 2024","format":false,"excerpt":"Quel que soit votre type de peau, m\u00eame si elle est grasse, votre peau a besoin d'hydratation 24 heures sur 24. Mais il peut aussi avoir besoin d'autres choses, comme des ingr\u00e9dients apaisants, une texture plus douce et une aide \u00e0 restaurer sa barri\u00e8re d'hydratation naturelle. L'int\u00e9gration d'une cr\u00e8me de\u2026","rel":"","context":"Similar post","block_context":{"text":"Similar post","link":""},"img":{"alt_text":"","src":"","width":0,"height":0},"classes":[]},{"id":32012,"url":"https:\/\/sakaba.mghosteur.com\/en\/product\/cerave-facial-moisturizing-lotion-pm-60ml\/","url_meta":{"origin":23905,"position":2},"title":"CERAVE FACIAL MOISTURIZING LOTION PM 60ML","author":"admin","date":"May 13, 2024","format":false,"excerpt":"Quel que soit votre type de peau, m\u00eame si elle est grasse, votre peau a besoin d'hydratation 24 heures sur 24. Mais il peut aussi avoir besoin d'autres choses, comme des ingr\u00e9dients apaisants, une texture plus douce et une aide \u00e0 restaurer sa barri\u00e8re d'hydratation naturelle. L'int\u00e9gration d'une cr\u00e8me de\u2026","rel":"","context":"Similar post","block_context":{"text":"Similar post","link":""},"img":{"alt_text":"","src":"","width":0,"height":0},"classes":[]},{"id":29088,"url":"https:\/\/sakaba.mghosteur.com\/en\/product\/cerave-moisturizing-cream-453g\/","url_meta":{"origin":23905,"position":3},"title":"CERAVE MOISTURIZING CREAM 453G","author":"admin","date":"March 13, 2023","format":false,"excerpt":"La cr\u00e8me hydratante CeraVe est une solution id\u00e9ale pour les personnes souffrant de s\u00e9cheresse cutan\u00e9e et de d\u00e9mangeaisons. Gr\u00e2ce \u00e0 sa formule riche en acide hyaluronique et en c\u00e9ramides, elle aide \u00e0 hydrater la peau en profondeur et \u00e0 restaurer sa barri\u00e8re naturelle de protection. La cr\u00e8me contient trois c\u00e9ramides\u2026","rel":"","context":"Similar post","block_context":{"text":"Similar post","link":""},"img":{"alt_text":"","src":"","width":0,"height":0},"classes":[]},{"id":24192,"url":"https:\/\/sakaba.mghosteur.com\/en\/product\/cerave-facial-moisturizing-lotion-am-60ml-2\/","url_meta":{"origin":23905,"position":4},"title":"CERAVE FACIAL MOISTURIZING LOTION AM 60ML","author":"admin","date":"November 9, 2022","format":false,"excerpt":"La lotion hydratante pour le visage CeraVe AM avec FPS 30 est une cr\u00e8me hydratante quotidienne essentielle qui aide \u00e0 prot\u00e9ger votre peau des rayons UVA et UVB nocifs, tout en restaurant votre barri\u00e8re cutan\u00e9e. Enrichi en acide hyaluronique, niacinamide et c\u00e9ramides, cette formule non com\u00e9dog\u00e8ne hydrate la peau en\u2026","rel":"","context":"Similar post","block_context":{"text":"Similar post","link":""},"img":{"alt_text":"","src":"","width":0,"height":0},"classes":[]},{"id":29028,"url":"https:\/\/sakaba.mghosteur.com\/en\/product\/cerave-facial-moisturizing-cream-19-oz\/","url_meta":{"origin":23905,"position":5},"title":"Cerave Facial Moisturizing Cream 19 OZ","author":"admin","date":"March 10, 2023","format":false,"excerpt":"La cr\u00e8me hydratante restauratrice de barri\u00e8res CeraVe est sp\u00e9cialement con\u00e7ue pour les peaux s\u00e8ches \u00e0 tr\u00e8s s\u00e8ches du visage et du corps. Cette cr\u00e8me contient de l'acide hyaluronique et 3 c\u00e9ramides essentiels qui agissent ensemble pour hydrater la peau et restaurer sa barri\u00e8re naturelle. La technologie MVE encapsule les c\u00e9ramides\u2026","rel":"","context":"Similar post","block_context":{"text":"Similar post","link":""},"img":{"alt_text":"","src":"","width":0,"height":0},"classes":[]}],"_links":{"self":[{"href":"https:\/\/sakaba.mghosteur.com\/en\/wp-json\/wp\/v2\/product\/23905","targetHints":{"allow":["GET"]}}],"collection":[{"href":"https:\/\/sakaba.mghosteur.com\/en\/wp-json\/wp\/v2\/product"}],"about":[{"href":"https:\/\/sakaba.mghosteur.com\/en\/wp-json\/wp\/v2\/types\/product"}],"replies":[{"embeddable":true,"href":"https:\/\/sakaba.mghosteur.com\/en\/wp-json\/wp\/v2\/comments?post=23905"}],"version-history":[{"count":0,"href":"https:\/\/sakaba.mghosteur.com\/en\/wp-json\/wp\/v2\/product\/23905\/revisions"}],"wp:attachment":[{"href":"https:\/\/sakaba.mghosteur.com\/en\/wp-json\/wp\/v2\/media?parent=23905"}],"wp:term":[{"taxonomy":"product_brand","embeddable":true,"href":"https:\/\/sakaba.mghosteur.com\/en\/wp-json\/wp\/v2\/product_brand?post=23905"},{"taxonomy":"product_cat","embeddable":true,"href":"https:\/\/sakaba.mghosteur.com\/en\/wp-json\/wp\/v2\/product_cat?post=23905"},{"taxonomy":"product_tag","embeddable":true,"href":"https:\/\/sakaba.mghosteur.com\/en\/wp-json\/wp\/v2\/product_tag?post=23905"}],"curies":[{"name":"wp","href":"https:\/\/api.w.org\/{rel}","templated":true}]}}