{"id":23918,"date":"2022-11-09T11:35:49","date_gmt":"2022-11-09T11:35:49","guid":{"rendered":"http:\/\/www.sakababeauty.com\/?post_type=product&#038;p=23918"},"modified":"2023-03-09T11:54:31","modified_gmt":"2023-03-09T11:54:31","slug":"cerave-acne-control-cleanser","status":"publish","type":"product","link":"https:\/\/sakaba.mghosteur.com\/en\/product\/cerave-acne-control-cleanser\/","title":{"rendered":"CERAVE ACNE CONTROL CLEANSER"},"content":{"rendered":"<p>Le nettoyant anti-acn\u00e9 de CeraVe est un gel nettoyant pour le visage sp\u00e9cialement con\u00e7u pour les peaux sujettes \u00e0 l&#8217;acn\u00e9. Il contient 2% d&#8217;acide salicylique, qui aide \u00e0 traiter l&#8217;acn\u00e9 existante et \u00e0 pr\u00e9venir de nouvelles \u00e9ruptions en p\u00e9n\u00e9trant les pores de la peau. En outre, l&#8217;argile hectorite aide \u00e0 absorber l&#8217;exc\u00e8s de s\u00e9bum, ce qui contribue \u00e0 r\u00e9duire la brillance de la peau.<\/p>\n<p>Ce nettoyant contient \u00e9galement trois c\u00e9ramides essentiels qui aident \u00e0 maintenir la barri\u00e8re naturelle de la peau, ainsi que de la niacinamide pour calmer la peau. Il est non com\u00e9dog\u00e8ne, sans parfum ni paraben, et a \u00e9t\u00e9 test\u00e9 contre les allergies. Les dermatologues recommandent cette marque d&#8217;hydratants pour les peaux sujettes \u00e0 l&#8217;acn\u00e9.<\/p>\n<p>Pour utiliser le nettoyant anti-acn\u00e9 de CeraVe, il suffit de mouiller le visage, puis de faire mousser une noisette de produit dans vos mains. Massez doucement le produit sur votre visage, en \u00e9vitant le contour des yeux, puis rincez soigneusement. Nous recommandons d&#8217;utiliser ce nettoyant matin et soir pour de meilleurs r\u00e9sultats.<\/p>\n<p>En somme, si vous cherchez un nettoyant efficace contre l&#8217;acn\u00e9 qui traite les \u00e9ruptions cutan\u00e9es et pr\u00e9vient de nouvelles \u00e9ruptions, le nettoyant anti-acn\u00e9 de CeraVe avec 2% d&#8217;acide salicylique est une excellente option. Avec sa formule douce, mais efficace, et sa capacit\u00e9 \u00e0 r\u00e9duire la brillance de la peau, ce nettoyant est un choix s\u00fbr pour tous ceux qui cherchent \u00e0 am\u00e9liorer leur routine de soins de la peau anti-acn\u00e9.<\/p>","protected":false},"excerpt":{"rendered":"<p>Le nettoyant anti-acn\u00e9 de CeraVe est un gel nettoyant pour le visage sp\u00e9cialement con\u00e7u pour les peaux sujettes \u00e0 l&#8217;acn\u00e9. Il contient 2% d&#8217;acide salicylique, qui aide \u00e0 traiter l&#8217;acn\u00e9 existante et \u00e0 pr\u00e9venir de nouvelles \u00e9ruptions en p\u00e9n\u00e9trant les pores de la peau. En outre, l&#8217;argile hectorite aide \u00e0 absorber l&#8217;exc\u00e8s de s\u00e9bum, ce<span class=\"read-more-faq\"><a href=\"https:\/\/sakaba.mghosteur.com\/en\/product\/cerave-acne-control-cleanser\/\">Read More<\/a><\/span><\/p>","protected":false},"featured_media":0,"comment_status":"closed","ping_status":"closed","template":"","meta":[],"product_brand":[],"product_cat":[446],"product_tag":[],"class_list":{"0":"post-23918","1":"product","2":"type-product","3":"status-publish","5":"product_cat-nettoyant","7":"first","8":"instock","9":"shipping-taxable","10":"product-type-simple"},"jetpack-related-posts":[{"id":31934,"url":"https:\/\/sakaba.mghosteur.com\/en\/product\/cerave-acne-control-cleanser-473ml\/","url_meta":{"origin":23918,"position":0},"title":"CERAVE ACNE CONTROL CLEANSER 473ML","author":"admin","date":"May 13, 2024","format":false,"excerpt":"Le nettoyant visage anti-acn\u00e9 de CeraVe est formul\u00e9 avec 2 % d'acide salicylique pour \u00e9liminer l'acn\u00e9 et r\u00e9duire les points noirs. L'argile purifiante aide \u00e0 am\u00e9liorer l'apparence des pores gr\u00e2ce \u00e0 une technologie d'absorption d'huile. Dans une texture gel-mousse rafra\u00eechissante, ce traitement contre l'acn\u00e9 nettoie la peau et cible les\u2026","rel":"","context":"Similar post","block_context":{"text":"Similar post","link":""},"img":{"alt_text":"","src":"","width":0,"height":0},"classes":[]},{"id":31937,"url":"https:\/\/sakaba.mghosteur.com\/en\/product\/cerave-acne-faoming-cream-wash-10-benzolyl\/","url_meta":{"origin":23918,"position":1},"title":"CERAVE ACNE FAOMING CREAM WASH 10% BENZOLYL","author":"admin","date":"May 13, 2024","format":false,"excerpt":"D\u00e9velopp\u00e9e avec des dermatologues, la cr\u00e8me nettoyante moussante contre l'acn\u00e9 de CeraVe contient 10 % de peroxyde de benzoyle pour aider \u00e0 lutter contre l'acn\u00e9 et pr\u00e9venir la formation de nouvelles pouss\u00e9es. Ce nettoyant visage quotidien contre l'acn\u00e9 agit pour nettoyer la peau, traiter les pouss\u00e9es actives et maintenir la\u2026","rel":"","context":"Similar post","block_context":{"text":"Similar post","link":""},"img":{"alt_text":"","src":"","width":0,"height":0},"classes":[]},{"id":30347,"url":"https:\/\/sakaba.mghosteur.com\/en\/product\/neutrogena-oil-free-acne-wash-scrub\/","url_meta":{"origin":23918,"position":2},"title":"NEUTROGENA OIL FREE ACNE WASH SCRUB","author":"admin","date":"May 8, 2023","format":false,"excerpt":"Le Nettoyant Moussant pour le Visage Anti-acn\u00e9 Neutrogena au Pamplemousse Rose est un gommage facial moussant con\u00e7u pour aider \u00e0 traiter les \u00e9ruptions cutan\u00e9es tout en exfoliant en douceur votre peau. Il est formul\u00e9 avec une technologie MicroClear et un m\u00e9dicament contre l'acn\u00e9 \u00e0 l'acide salicylique de force maximale pour\u2026","rel":"","context":"Similar post","block_context":{"text":"Similar post","link":""},"img":{"alt_text":"","src":"","width":0,"height":0},"classes":[]},{"id":23969,"url":"https:\/\/sakaba.mghosteur.com\/en\/product\/cerave-acne-foaming-cream-cleanser\/","url_meta":{"origin":23918,"position":3},"title":"CERAVE ACNE FOAMING CREAM CLEANSER","author":"admin","date":"November 9, 2022","format":false,"excerpt":"La cr\u00e8me nettoyante moussante contre l'acn\u00e9 de CeraVe est un produit essentiel pour tout r\u00e9gime de soin de la peau contre l'acn\u00e9. Cette formule efficace contient 4 % de peroxyde de benzoyle pour aider \u00e0 \u00e9liminer l'acn\u00e9 et les points noirs, tout en pr\u00e9venant la formation de nouvelles imperfections. Les\u2026","rel":"","context":"Similar post","block_context":{"text":"Similar post","link":""},"img":{"alt_text":"","src":"","width":0,"height":0},"classes":[]},{"id":23934,"url":"https:\/\/sakaba.mghosteur.com\/en\/product\/cerave-acne-control-gel-2-salicylic-acid\/","url_meta":{"origin":23918,"position":4},"title":"CERAVE : ACNE CONTROL GEL 2% SALICYLIC ACID","author":"admin","date":"November 9, 2022","format":false,"excerpt":"Le gel anti-acn\u00e9 hydratant CeraVe Acne Control Gel est la solution compl\u00e8te pour traiter l'acn\u00e9 et pr\u00e9venir les \u00e9ruptions cutan\u00e9es futures. Avec sa formule l\u00e9g\u00e8re et non ass\u00e9chante, il est parfait pour une utilisation quotidienne et convient \u00e0 tous les types de peau, m\u00eame les plus sensibles. Enrichi en acides\u2026","rel":"","context":"Similar post","block_context":{"text":"Similar post","link":""},"img":{"alt_text":"","src":"","width":0,"height":0},"classes":[]},{"id":24181,"url":"https:\/\/sakaba.mghosteur.com\/en\/product\/cerave-hydrating-cleanser-bar\/","url_meta":{"origin":23918,"position":5},"title":"CERAVE HYDRATING CLEANSER BAR","author":"admin","date":"November 9, 2022","format":false,"excerpt":"La barre nettoyante hydratante CeraVe est un produit de soin de la peau de haute qualit\u00e9 qui a \u00e9t\u00e9 sp\u00e9cialement con\u00e7u pour les personnes ayant une peau normale \u00e0 s\u00e8che. Elle nettoie en douceur la peau tout en fournissant une hydratation en profondeur pour aider \u00e0 restaurer la barri\u00e8re cutan\u00e9e\u2026","rel":"","context":"Similar post","block_context":{"text":"Similar post","link":""},"img":{"alt_text":"","src":"","width":0,"height":0},"classes":[]}],"_links":{"self":[{"href":"https:\/\/sakaba.mghosteur.com\/en\/wp-json\/wp\/v2\/product\/23918","targetHints":{"allow":["GET"]}}],"collection":[{"href":"https:\/\/sakaba.mghosteur.com\/en\/wp-json\/wp\/v2\/product"}],"about":[{"href":"https:\/\/sakaba.mghosteur.com\/en\/wp-json\/wp\/v2\/types\/product"}],"replies":[{"embeddable":true,"href":"https:\/\/sakaba.mghosteur.com\/en\/wp-json\/wp\/v2\/comments?post=23918"}],"version-history":[{"count":0,"href":"https:\/\/sakaba.mghosteur.com\/en\/wp-json\/wp\/v2\/product\/23918\/revisions"}],"wp:attachment":[{"href":"https:\/\/sakaba.mghosteur.com\/en\/wp-json\/wp\/v2\/media?parent=23918"}],"wp:term":[{"taxonomy":"product_brand","embeddable":true,"href":"https:\/\/sakaba.mghosteur.com\/en\/wp-json\/wp\/v2\/product_brand?post=23918"},{"taxonomy":"product_cat","embeddable":true,"href":"https:\/\/sakaba.mghosteur.com\/en\/wp-json\/wp\/v2\/product_cat?post=23918"},{"taxonomy":"product_tag","embeddable":true,"href":"https:\/\/sakaba.mghosteur.com\/en\/wp-json\/wp\/v2\/product_tag?post=23918"}],"curies":[{"name":"wp","href":"https:\/\/api.w.org\/{rel}","templated":true}]}}