{"id":23926,"date":"2022-11-09T11:40:52","date_gmt":"2022-11-09T11:40:52","guid":{"rendered":"http:\/\/www.sakababeauty.com\/?post_type=product&#038;p=23926"},"modified":"2023-03-14T13:51:57","modified_gmt":"2023-03-14T13:51:57","slug":"ultra-light-moisturizing-lotion-30","status":"publish","type":"product","link":"https:\/\/sakaba.mghosteur.com\/en\/product\/ultra-light-moisturizing-lotion-30\/","title":{"rendered":"Ultra-Light Moisturizing Lotion SPF 30"},"content":{"rendered":"<p>Le lait hydratant ultra-l\u00e9ger SPF 30 de CeraVe est un produit de soin essentiel pour les personnes ayant une peau normale \u00e0 grasse. Cette lotion hydratante l\u00e9g\u00e8re et non com\u00e9dog\u00e8ne est formul\u00e9e avec un \u00e9cran solaire \u00e0 large spectre SPF 30 pour prot\u00e9ger votre peau des dommages caus\u00e9s par les rayons UV, qui peuvent causer des signes pr\u00e9matur\u00e9s de vieillissement et augmenter le risque de cancer de la peau.<\/p>\n<p>En plus de la protection solaire, ce lait hydratant ultra-l\u00e9ger contient de l&#8217;acide hyaluronique et trois c\u00e9ramides essentiels pour aider \u00e0 restaurer la barri\u00e8re cutan\u00e9e et maintenir une hydratation optimale tout au long de la journ\u00e9e. Cette formule non grasse laisse la peau avec un fini mat et ne bouche pas les pores, laissant votre peau douce, lisse et prot\u00e9g\u00e9e du soleil.<\/p>\n<p>Facile \u00e0 appliquer et absorb\u00e9 rapidement, ce lait hydratant ultra-l\u00e9ger est id\u00e9al pour une utilisation quotidienne sous le maquillage ou seul. La formule l\u00e9g\u00e8re est \u00e9galement parfaite pour les personnes qui ont tendance \u00e0 avoir la peau grasse ou brillante, car elle ne laisse pas de r\u00e9sidus huileux ou collants.<\/p>\n<p>Ajoutez le lait hydratant ultra-l\u00e9ger SPF 30 de CeraVe \u00e0 votre routine quotidienne de soins de la peau pour prot\u00e9ger et hydrater votre peau tout en \u00e9vitant les signes pr\u00e9matur\u00e9s de vieillissement et en pr\u00e9servant une belle peau.<\/p>","protected":false},"excerpt":{"rendered":"<p>Le lait hydratant ultra-l\u00e9ger SPF 30 de CeraVe est un produit de soin essentiel pour les personnes ayant une peau normale \u00e0 grasse. Cette lotion hydratante l\u00e9g\u00e8re et non com\u00e9dog\u00e8ne est formul\u00e9e avec un \u00e9cran solaire \u00e0 large spectre SPF 30 pour prot\u00e9ger votre peau des dommages caus\u00e9s par les rayons UV, qui peuvent causer<span class=\"read-more-faq\"><a href=\"https:\/\/sakaba.mghosteur.com\/en\/product\/ultra-light-moisturizing-lotion-30\/\">Read More<\/a><\/span><\/p>","protected":false},"featured_media":0,"comment_status":"closed","ping_status":"closed","template":"","meta":[],"product_brand":[],"product_cat":[447],"product_tag":[],"class_list":{"0":"post-23926","1":"product","2":"type-product","3":"status-publish","5":"product_cat-aac-bain-et-corps","7":"first","8":"instock","9":"shipping-taxable","10":"product-type-simple"},"jetpack-related-posts":[{"id":31422,"url":"https:\/\/sakaba.mghosteur.com\/en\/product\/paula-choice-clear-60ml\/","url_meta":{"origin":23926,"position":0},"title":"PAULA CHOICE CLEAR 60ML","author":"admin","date":"May 10, 2024","format":false,"excerpt":"D\u00e9couvrez notre hydratant le plus l\u00e9ger, parfaitement adapt\u00e9 aux peaux grasses sujettes aux imperfections. Cette cr\u00e8me fluide ultra-l\u00e9g\u00e8re agit en plusieurs \u00e9tapes pour offrir \u00e0 votre peau une protection et une hydratation optimales : Matifie la peau : Sa formule sp\u00e9ciale aide \u00e0 r\u00e9duire l'exc\u00e8s de s\u00e9bum, laissant votre peau\u2026","rel":"","context":"Similar post","block_context":{"text":"Similar post","link":""},"img":{"alt_text":"","src":"","width":0,"height":0},"classes":[]},{"id":25578,"url":"https:\/\/sakaba.mghosteur.com\/en\/product\/neutrogena-ultra-sheer-body-mist-sunscreen-spf-70\/","url_meta":{"origin":23926,"position":1},"title":"Neutrogena Ultra Sheer Body Mist Sunscreen SPF 70","author":"admin","date":"November 14, 2022","format":false,"excerpt":"Le Spray Solaire L\u00e9ger Neutrogena Ultra Sheer, SPF 70 est un \u00e9cran solaire haute protection con\u00e7u pour vous prot\u00e9ger efficacement des rayons UVA\/UVB. Sa formule non grasse, l\u00e9g\u00e8re et facile \u00e0 appliquer laisse un fini transparent et ultral\u00e9ger. Gr\u00e2ce \u00e0 la technologie HELIOPLEX\u00ae, ce spray solaire offre une protection solaire\u2026","rel":"","context":"Similar post","block_context":{"text":"Similar post","link":""},"img":{"alt_text":"","src":"","width":0,"height":0},"classes":[]},{"id":31965,"url":"https:\/\/sakaba.mghosteur.com\/en\/product\/cerave-facial-moisturizing-lotion-am-89ml-spf-30\/","url_meta":{"origin":23926,"position":2},"title":"CERAVE FACIAL MOISTURIZING LOTION AM 89ML SPF 30","author":"admin","date":"May 13, 2024","format":false,"excerpt":"L'hydratant pour le visage CeraVe AM avec \u00e9cran solaire SPF 30 \u00e0 large spectre est un soin matinal multit\u00e2che qui fournit une hydratation continue tout au long de la journ\u00e9e tout en aidant \u00e0 absorber et \u00e0 refl\u00e9ter les rayons UVA et UVB nocifs du soleil et \u00e0 restaurer la\u2026","rel":"","context":"Similar post","block_context":{"text":"Similar post","link":""},"img":{"alt_text":"","src":"","width":0,"height":0},"classes":[]},{"id":29933,"url":"https:\/\/sakaba.mghosteur.com\/en\/product\/vaseline-soothing-hyration-600-ml\/","url_meta":{"origin":23926,"position":3},"title":"VASELINE SOOTHING HYRATION 600 ML","author":"admin","date":"April 28, 2023","format":false,"excerpt":"D\u00e9couvrez la lotion pour le corps hydratante apaisante Vaseline Intensive Care, sp\u00e9cialement con\u00e7ue pour les peaux s\u00e8ches et d\u00e9shydrat\u00e9es. Cette lotion pour le corps contient des lipides ultra-hydratants qui aident \u00e0 renforcer la barri\u00e8re cutan\u00e9e et \u00e0 reconstituer l'hydratation de votre peau. L'extrait d'aloe vera \u00e0 1 % contenu dans\u2026","rel":"","context":"Similar post","block_context":{"text":"Similar post","link":""},"img":{"alt_text":"","src":"","width":0,"height":0},"classes":[]},{"id":32007,"url":"https:\/\/sakaba.mghosteur.com\/en\/product\/cerave-facial-moisturizing-lotion-am-60ml-3\/","url_meta":{"origin":23926,"position":4},"title":"CERAVE FACIAL MOISTURIZING LOTION AM 60ML","author":"admin","date":"May 13, 2024","format":false,"excerpt":"L'hydratant pour le visage CeraVe AM avec \u00e9cran solaire SPF 30 \u00e0 large spectre est un soin matinal multit\u00e2che qui fournit une hydratation continue tout au long de la journ\u00e9e tout en aidant \u00e0 absorber et \u00e0 refl\u00e9ter les rayons UVA et UVB nocifs du soleil et \u00e0 restaurer la\u2026","rel":"","context":"Similar post","block_context":{"text":"Similar post","link":""},"img":{"alt_text":"","src":"","width":0,"height":0},"classes":[]},{"id":31559,"url":"https:\/\/sakaba.mghosteur.com\/en\/product\/vaseline-nourishing-moisture-600ml\/","url_meta":{"origin":23926,"position":5},"title":"VASELINE NOURISHING MOISTURE 600ML","author":"admin","date":"May 10, 2024","format":false,"excerpt":"D\u00e9couvrez la lotion hydratante nourrissante Vaseline Intensive Care, une solution innovante pour revitaliser votre peau. Formul\u00e9e avec de l'extrait d'avoine pur, cette lotion est sp\u00e9cialement con\u00e7ue pour r\u00e9tablir l'hydratation de votre peau. Test\u00e9e par des dermatologues, sa formule \u00e0 absorption rapide assure 48 heures d'hydratation, laissant votre peau douce et\u2026","rel":"","context":"Similar post","block_context":{"text":"Similar post","link":""},"img":{"alt_text":"","src":"","width":0,"height":0},"classes":[]}],"_links":{"self":[{"href":"https:\/\/sakaba.mghosteur.com\/en\/wp-json\/wp\/v2\/product\/23926","targetHints":{"allow":["GET"]}}],"collection":[{"href":"https:\/\/sakaba.mghosteur.com\/en\/wp-json\/wp\/v2\/product"}],"about":[{"href":"https:\/\/sakaba.mghosteur.com\/en\/wp-json\/wp\/v2\/types\/product"}],"replies":[{"embeddable":true,"href":"https:\/\/sakaba.mghosteur.com\/en\/wp-json\/wp\/v2\/comments?post=23926"}],"version-history":[{"count":0,"href":"https:\/\/sakaba.mghosteur.com\/en\/wp-json\/wp\/v2\/product\/23926\/revisions"}],"wp:attachment":[{"href":"https:\/\/sakaba.mghosteur.com\/en\/wp-json\/wp\/v2\/media?parent=23926"}],"wp:term":[{"taxonomy":"product_brand","embeddable":true,"href":"https:\/\/sakaba.mghosteur.com\/en\/wp-json\/wp\/v2\/product_brand?post=23926"},{"taxonomy":"product_cat","embeddable":true,"href":"https:\/\/sakaba.mghosteur.com\/en\/wp-json\/wp\/v2\/product_cat?post=23926"},{"taxonomy":"product_tag","embeddable":true,"href":"https:\/\/sakaba.mghosteur.com\/en\/wp-json\/wp\/v2\/product_tag?post=23926"}],"curies":[{"name":"wp","href":"https:\/\/api.w.org\/{rel}","templated":true}]}}