{"id":23928,"date":"2022-11-09T11:43:29","date_gmt":"2022-11-09T11:43:29","guid":{"rendered":"http:\/\/www.sakababeauty.com\/?post_type=product&#038;p=23928"},"modified":"2023-03-09T11:23:58","modified_gmt":"2023-03-09T11:23:58","slug":"cerave-itch-relief-moisturizing-cream","status":"publish","type":"product","link":"https:\/\/sakaba.mghosteur.com\/en\/product\/cerave-itch-relief-moisturizing-cream\/","title":{"rendered":"CERAVE ITCH RELIEF MOISTURIZING CREAM"},"content":{"rendered":"<p>Si vous souffrez de d\u00e9mangeaisons associ\u00e9es \u00e0 l&#8217;ecz\u00e9ma, la peau s\u00e8che, les irritations mineures de la peau, les piq\u00fbres d&#8217;insectes ou les coups de soleil, la cr\u00e8me hydratante anti-d\u00e9mangeaisons de CeraVe peut vous aider \u00e0 soulager la douleur et les d\u00e9mangeaisons de mani\u00e8re rapide et durable. Formul\u00e9e avec 1 % de chlorhydrate de pramoxine et des c\u00e9ramides pour restaurer la barri\u00e8re naturelle de la peau, cette cr\u00e8me est test\u00e9e cliniquement pour offrir un soulagement en deux minutes et durer jusqu&#8217;\u00e0 huit heures. Elle convient \u00e0 tous les types de peau et est non com\u00e9dog\u00e8ne, sans parfum et sans st\u00e9ro\u00efde. D\u00e9velopp\u00e9e avec des dermatologues et accept\u00e9e par l&#8217;Association nationale de l&#8217;ecz\u00e9ma, cette cr\u00e8me est facile \u00e0 utiliser en appliquant sur la zone affect\u00e9e jusqu&#8217;\u00e0 3 \u00e0 4 fois par jour pour les adultes et les enfants de 2 ans et plus. Pour les enfants de moins de 2 ans, consultez un m\u00e9decin avant utilisation.<\/p>","protected":false},"excerpt":{"rendered":"<p>Si vous souffrez de d\u00e9mangeaisons associ\u00e9es \u00e0 l&#8217;ecz\u00e9ma, la peau s\u00e8che, les irritations mineures de la peau, les piq\u00fbres d&#8217;insectes ou les coups de soleil, la cr\u00e8me hydratante anti-d\u00e9mangeaisons de CeraVe peut vous aider \u00e0 soulager la douleur et les d\u00e9mangeaisons de mani\u00e8re rapide et durable. Formul\u00e9e avec 1 % de chlorhydrate de pramoxine et<span class=\"read-more-faq\"><a href=\"https:\/\/sakaba.mghosteur.com\/en\/product\/cerave-itch-relief-moisturizing-cream\/\">Read More<\/a><\/span><\/p>","protected":false},"featured_media":0,"comment_status":"closed","ping_status":"closed","template":"","meta":[],"product_brand":[],"product_cat":[447],"product_tag":[],"class_list":{"0":"post-23928","1":"product","2":"type-product","3":"status-publish","5":"product_cat-aac-bain-et-corps","7":"first","8":"instock","9":"shipping-taxable","10":"product-type-simple"},"jetpack-related-posts":[{"id":29005,"url":"https:\/\/sakaba.mghosteur.com\/en\/product\/1-hydrocortisone-anti-itch-cream\/","url_meta":{"origin":23928,"position":0},"title":"1% HYDROCORTISONE ANTI-ITCH CREAM","author":"admin","date":"March 9, 2023","format":false,"excerpt":"La cr\u00e8me anti-d\u00e9mangeaisons \u00e0 l'hydrocortisone de CeraVe est un traitement efficace pour soulager les d\u00e9mangeaisons caus\u00e9es par l'ecz\u00e9ma, les petites \u00e9ruptions cutan\u00e9es et les piq\u00fbres d'insectes mineures. Sa formule contient 1% d'hydrocortisone, la concentration maximale disponible sans ordonnance, ainsi que trois c\u00e9ramides essentiels pour aider \u00e0 restaurer la barri\u00e8re protectrice\u2026","rel":"","context":"Similar post","block_context":{"text":"Similar post","link":""},"img":{"alt_text":"","src":"","width":0,"height":0},"classes":[]},{"id":23897,"url":"https:\/\/sakaba.mghosteur.com\/en\/product\/cerave-itch-relief-moisturizing-lotion\/","url_meta":{"origin":23928,"position":1},"title":"CERAVE  ITCH RELIEF MOISTURIZING LOTION","author":"admin","date":"November 9, 2022","format":false,"excerpt":"La lotion hydratante anti-d\u00e9mangeaisons de la marque CeraVe est la solution id\u00e9ale pour soulager rapidement et efficacement les d\u00e9mangeaisons associ\u00e9es \u00e0 la peau s\u00e8che, les irritations cutan\u00e9es mineures, les piq\u00fbres d'insectes et les coups de soleil. Formul\u00e9e avec 1 % de chlorhydrate de pramoxine, cette lotion procure un soulagement temporaire,\u2026","rel":"","context":"Similar post","block_context":{"text":"Similar post","link":""},"img":{"alt_text":"","src":"","width":0,"height":0},"classes":[]},{"id":25552,"url":"https:\/\/sakaba.mghosteur.com\/en\/product\/eucerin-eczema-relief-body-cream\/","url_meta":{"origin":23928,"position":2},"title":"EUCERIN ECZEMA RELIEF BODY CREAM","author":"admin","date":"November 14, 2022","format":false,"excerpt":"Cette cr\u00e8me est rapidement absorb\u00e9e et formul\u00e9e uniquement avec les meilleurs ingr\u00e9dients. Enrichie en flocons d'avoine collo\u00efdaux, un protecteur cutan\u00e9 qui soulage les d\u00e9mangeaisons. Enrichie en c\u00e9ramide-3 pour renforcer la barri\u00e8re d'hydratation de la peau afin de garder l'humidit\u00e9 \u00e0 l'int\u00e9rieur et les irritants \u00e0 l'ext\u00e9rieur, et en extrait de\u2026","rel":"","context":"Similar post","block_context":{"text":"Similar post","link":""},"img":{"alt_text":"","src":"","width":0,"height":0},"classes":[]},{"id":28141,"url":"https:\/\/sakaba.mghosteur.com\/en\/product\/gold-bond-ultimate-healing-skin-therapy-lotion-14-oz-3\/","url_meta":{"origin":23928,"position":3},"title":"Gold Bond Ultimate Eczema relief, 14 oz","author":"admin","date":"November 30, 2022","format":false,"excerpt":"La cr\u00e8me\/lotion m\u00e9dicamenteuse Gold Bond Anti-ecz\u00e9ma est la solution id\u00e9ale pour soulager les sympt\u00f4mes de l'ecz\u00e9ma. Elle contient 2% d'avoine collo\u00efdale qui prot\u00e8ge et soulage temporairement les irritations cutan\u00e9es mineures et les d\u00e9mangeaisons caus\u00e9es par l'ecz\u00e9ma. La formule est enrichie de 7 hydratants nourrissants et 3 vitamines, dont la vitamine\u2026","rel":"","context":"Similar post","block_context":{"text":"Similar post","link":""},"img":{"alt_text":"","src":"","width":0,"height":0},"classes":[]},{"id":25507,"url":"https:\/\/sakaba.mghosteur.com\/en\/product\/gold-bond-eczema-relief-2-colloidal-oatmeal\/","url_meta":{"origin":23928,"position":4},"title":"GOLD BOND ECZEMA RELIEF 2% COLLOIDAL OATMEAL","author":"admin","date":"November 14, 2022","format":false,"excerpt":"D\u00e9couvrez la lotion m\u00e9dicamenteuse Gold Bond Anti-Ecz\u00e9ma, le choix num\u00e9ro un pour soulager les sympt\u00f4mes de l'ecz\u00e9ma. Cette lotion contient 2% d'avoine collo\u00efdale pour aider \u00e0 soulager les irritations et les d\u00e9mangeaisons mineures de la peau. La formule est enrichie de 7 hydratants nourrissants et de 3 vitamines, dont la\u2026","rel":"","context":"Similar post","block_context":{"text":"Similar post","link":""},"img":{"alt_text":"","src":"","width":0,"height":0},"classes":[]},{"id":29088,"url":"https:\/\/sakaba.mghosteur.com\/en\/product\/cerave-moisturizing-cream-453g\/","url_meta":{"origin":23928,"position":5},"title":"CERAVE MOISTURIZING CREAM 453G","author":"admin","date":"March 13, 2023","format":false,"excerpt":"La cr\u00e8me hydratante CeraVe est une solution id\u00e9ale pour les personnes souffrant de s\u00e9cheresse cutan\u00e9e et de d\u00e9mangeaisons. Gr\u00e2ce \u00e0 sa formule riche en acide hyaluronique et en c\u00e9ramides, elle aide \u00e0 hydrater la peau en profondeur et \u00e0 restaurer sa barri\u00e8re naturelle de protection. La cr\u00e8me contient trois c\u00e9ramides\u2026","rel":"","context":"Similar post","block_context":{"text":"Similar post","link":""},"img":{"alt_text":"","src":"","width":0,"height":0},"classes":[]}],"_links":{"self":[{"href":"https:\/\/sakaba.mghosteur.com\/en\/wp-json\/wp\/v2\/product\/23928","targetHints":{"allow":["GET"]}}],"collection":[{"href":"https:\/\/sakaba.mghosteur.com\/en\/wp-json\/wp\/v2\/product"}],"about":[{"href":"https:\/\/sakaba.mghosteur.com\/en\/wp-json\/wp\/v2\/types\/product"}],"replies":[{"embeddable":true,"href":"https:\/\/sakaba.mghosteur.com\/en\/wp-json\/wp\/v2\/comments?post=23928"}],"version-history":[{"count":0,"href":"https:\/\/sakaba.mghosteur.com\/en\/wp-json\/wp\/v2\/product\/23928\/revisions"}],"wp:attachment":[{"href":"https:\/\/sakaba.mghosteur.com\/en\/wp-json\/wp\/v2\/media?parent=23928"}],"wp:term":[{"taxonomy":"product_brand","embeddable":true,"href":"https:\/\/sakaba.mghosteur.com\/en\/wp-json\/wp\/v2\/product_brand?post=23928"},{"taxonomy":"product_cat","embeddable":true,"href":"https:\/\/sakaba.mghosteur.com\/en\/wp-json\/wp\/v2\/product_cat?post=23928"},{"taxonomy":"product_tag","embeddable":true,"href":"https:\/\/sakaba.mghosteur.com\/en\/wp-json\/wp\/v2\/product_tag?post=23928"}],"curies":[{"name":"wp","href":"https:\/\/api.w.org\/{rel}","templated":true}]}}