{"id":23930,"date":"2022-11-09T11:46:01","date_gmt":"2022-11-09T11:46:01","guid":{"rendered":"http:\/\/www.sakababeauty.com\/?post_type=product&#038;p=23930"},"modified":"2023-03-10T16:16:11","modified_gmt":"2023-03-10T16:16:11","slug":"cerave-hydrating-body-wash","status":"publish","type":"product","link":"https:\/\/sakaba.mghosteur.com\/en\/product\/cerave-hydrating-body-wash\/","title":{"rendered":"CERAVE HYDRATING BODY WASH"},"content":{"rendered":"<p>Le gel douche hydratant CeraVe est parfait pour ceux qui recherchent un nettoyant pour le corps doux et hydratant. Cette formule nettoyante moussante est con\u00e7ue pour les peaux normales \u00e0 s\u00e8ches et aide \u00e0 \u00e9liminer la salet\u00e9 et les impuret\u00e9s sans dess\u00e9cher la peau. Au lieu de cela, il contient des c\u00e9ramides et de l&#8217;acide hyaluronique pour aider \u00e0 retenir l&#8217;humidit\u00e9 naturelle de la peau, laissant votre peau douce et confortable.<\/p>\n<p>En plus de nettoyer en douceur, le gel douche hydratant CeraVe est \u00e9galement formul\u00e9 pour aider \u00e0 restaurer la barri\u00e8re protectrice naturelle de la peau gr\u00e2ce \u00e0 ses trois c\u00e9ramides essentiels. Les \u00e9mollients pr\u00e9sents dans cette formule contribuent \u00e0 maintenir l&#8217;hydratation tout au long de la journ\u00e9e, laissant votre peau lisse et souple.<\/p>\n<p>D\u00e9velopp\u00e9 avec des dermatologues, ce gel douche hydratant est doux et non irritant, convient donc aux peaux sensibles. Offrez \u00e0 votre peau une hydratation durable avec le gel douche hydratant CeraVe, qui laissera votre peau propre, douce et confortable.<\/p>","protected":false},"excerpt":{"rendered":"<p>Le gel douche hydratant CeraVe est parfait pour ceux qui recherchent un nettoyant pour le corps doux et hydratant. Cette formule nettoyante moussante est con\u00e7ue pour les peaux normales \u00e0 s\u00e8ches et aide \u00e0 \u00e9liminer la salet\u00e9 et les impuret\u00e9s sans dess\u00e9cher la peau. Au lieu de cela, il contient des c\u00e9ramides et de l&#8217;acide<span class=\"read-more-faq\"><a href=\"https:\/\/sakaba.mghosteur.com\/en\/product\/cerave-hydrating-body-wash\/\">Read More<\/a><\/span><\/p>","protected":false},"featured_media":0,"comment_status":"closed","ping_status":"closed","template":"","meta":[],"product_brand":[],"product_cat":[446],"product_tag":[],"class_list":{"0":"post-23930","1":"product","2":"type-product","3":"status-publish","5":"product_cat-nettoyant","7":"first","8":"instock","9":"shipping-taxable","10":"product-type-simple"},"jetpack-related-posts":[{"id":24177,"url":"https:\/\/sakaba.mghosteur.com\/en\/product\/cerave-sa-body-wash-for-rough-and-bumpy-skin\/","url_meta":{"origin":23930,"position":0},"title":"CERAVE SA BODY WASH FOR ROUGH AND BUMPY SKIN","author":"admin","date":"November 9, 2022","format":false,"excerpt":"Le nettoyant pour le corps CeraVe SA est sp\u00e9cialement con\u00e7u pour les peaux rugueuses et bossel\u00e9es. Il utilise une combinaison d'acide salicylique, de c\u00e9ramides, d'acide hyaluronique et de niacinamide pour nettoyer et exfolier en douceur tout en offrant une hydratation optimale. L'acide salicylique est un exfoliant doux qui aide \u00e0\u2026","rel":"","context":"Similar post","block_context":{"text":"Similar post","link":""},"img":{"alt_text":"","src":"","width":0,"height":0},"classes":[]},{"id":31780,"url":"https:\/\/sakaba.mghosteur.com\/en\/product\/olay-ceramide-gel-de-douche-591ml\/","url_meta":{"origin":23930,"position":1},"title":"OLAY CERAMIDE GEL DE DOUCHE 591ML","author":"admin","date":"May 10, 2024","format":false,"excerpt":"R\u00e9v\u00e9lez une peau belle et saine avec le nettoyant pour le corps nettoyant et fortifiant Olay avec complexe de c\u00e9ramides et de vitamine B3. Cette formule avanc\u00e9e hydrate en profondeur pour aider \u00e0 renforcer la barri\u00e8re d'hydratation de votre peau et la laisser douce et r\u00e9g\u00e9n\u00e9r\u00e9e. Gr\u00e2ce \u00e0 la technologie\u2026","rel":"","context":"Similar post","block_context":{"text":"Similar post","link":""},"img":{"alt_text":"","src":"","width":0,"height":0},"classes":[]},{"id":24171,"url":"https:\/\/sakaba.mghosteur.com\/en\/product\/cerave-hydrating-cream-to-foam-cleanser\/","url_meta":{"origin":23930,"position":2},"title":"CERAVE HYDRATING CREAM TO FOAM CLEANSER 355ML","author":"admin","date":"November 9, 2022","format":false,"excerpt":"Le nettoyant cr\u00e8me-mousse hydratant de CeraVe est sp\u00e9cialement con\u00e7u pour les peaux normales \u00e0 s\u00e8ches. Ce nettoyant pour le visage est formul\u00e9 pour \u00e9liminer en douceur la salet\u00e9, le s\u00e9bum, le maquillage et la pollution sans enlever l'hydratation naturelle de la peau. Cette formule innovante commence comme une cr\u00e8me, puis\u2026","rel":"","context":"Similar post","block_context":{"text":"Similar post","link":""},"img":{"alt_text":"","src":"","width":0,"height":0},"classes":[]},{"id":25540,"url":"https:\/\/sakaba.mghosteur.com\/en\/product\/eucerin-skin-calming-body-wash\/","url_meta":{"origin":23930,"position":3},"title":"EUCERIN SKIN CALMING BODY WASH","author":"admin","date":"November 14, 2022","format":false,"excerpt":"Le gel douche apaisant pour la peau d\u2019Eucerin nettoie et apaise la peau s\u00e8che et qui d\u00e9mange. Sa formule sans savon nettoie en douceur sans dess\u00e9cher la peau afin de ne pas l\u2019irriter. Ce gel douche doux aide \u00e0 conserver l\u2019hydratation essentielle de la peau et est formul\u00e9 avec des\u2026","rel":"","context":"Similar post","block_context":{"text":"Similar post","link":""},"img":{"alt_text":"","src":"","width":0,"height":0},"classes":[]},{"id":24173,"url":"https:\/\/sakaba.mghosteur.com\/en\/product\/cerave-hydrating-facial-cleanser-355-ml\/","url_meta":{"origin":23930,"position":4},"title":"CERAVE HYDRATING FACIAL CLEANSER 355 ML","author":"admin","date":"November 9, 2022","format":false,"excerpt":"Le nettoyant hydratant pour le visage CeraVe est le choix parfait pour une peau propre, hydrat\u00e9e et saine. Con\u00e7u avec des ingr\u00e9dients soigneusement s\u00e9lectionn\u00e9s, tels que les c\u00e9ramides et l'acide hyaluronique, ce nettoyant doux pour le visage est sp\u00e9cialement formul\u00e9 pour les peaux normales \u00e0 s\u00e8ches. Contrairement aux nettoyants classiques\u2026","rel":"","context":"Similar post","block_context":{"text":"Similar post","link":""},"img":{"alt_text":"","src":"","width":0,"height":0},"classes":[]},{"id":31970,"url":"https:\/\/sakaba.mghosteur.com\/en\/product\/cerave-diabetics-dry-skin-relief-cleansing-wash-2\/","url_meta":{"origin":23930,"position":5},"title":"CERAVE DIABETICS DRY SKIN RELIEF CLEANSING WASH","author":"admin","date":"May 13, 2024","format":false,"excerpt":"Le nettoyant pour le corps pour diab\u00e9tiques CeraVe a \u00e9t\u00e9 d\u00e9velopp\u00e9 avec des dermatologues pour nettoyer en douceur, hydrater et apaiser la peau s\u00e8che des diab\u00e9tiques en un seul lavage. Formul\u00e9 avec trois c\u00e9ramides essentiels pour aider \u00e0 maintenir la barri\u00e8re cutan\u00e9e, de l'ur\u00e9e, un humectant qui attire l'humidit\u00e9 vers\u2026","rel":"","context":"Similar post","block_context":{"text":"Similar post","link":""},"img":{"alt_text":"","src":"","width":0,"height":0},"classes":[]}],"_links":{"self":[{"href":"https:\/\/sakaba.mghosteur.com\/en\/wp-json\/wp\/v2\/product\/23930","targetHints":{"allow":["GET"]}}],"collection":[{"href":"https:\/\/sakaba.mghosteur.com\/en\/wp-json\/wp\/v2\/product"}],"about":[{"href":"https:\/\/sakaba.mghosteur.com\/en\/wp-json\/wp\/v2\/types\/product"}],"replies":[{"embeddable":true,"href":"https:\/\/sakaba.mghosteur.com\/en\/wp-json\/wp\/v2\/comments?post=23930"}],"version-history":[{"count":0,"href":"https:\/\/sakaba.mghosteur.com\/en\/wp-json\/wp\/v2\/product\/23930\/revisions"}],"wp:attachment":[{"href":"https:\/\/sakaba.mghosteur.com\/en\/wp-json\/wp\/v2\/media?parent=23930"}],"wp:term":[{"taxonomy":"product_brand","embeddable":true,"href":"https:\/\/sakaba.mghosteur.com\/en\/wp-json\/wp\/v2\/product_brand?post=23930"},{"taxonomy":"product_cat","embeddable":true,"href":"https:\/\/sakaba.mghosteur.com\/en\/wp-json\/wp\/v2\/product_cat?post=23930"},{"taxonomy":"product_tag","embeddable":true,"href":"https:\/\/sakaba.mghosteur.com\/en\/wp-json\/wp\/v2\/product_tag?post=23930"}],"curies":[{"name":"wp","href":"https:\/\/api.w.org\/{rel}","templated":true}]}}