{"id":23934,"date":"2022-11-09T11:49:50","date_gmt":"2022-11-09T11:49:50","guid":{"rendered":"http:\/\/www.sakababeauty.com\/?post_type=product&#038;p=23934"},"modified":"2023-03-09T10:22:56","modified_gmt":"2023-03-09T10:22:56","slug":"cerave-acne-control-gel-2-salicylic-acid","status":"publish","type":"product","link":"https:\/\/sakaba.mghosteur.com\/en\/product\/cerave-acne-control-gel-2-salicylic-acid\/","title":{"rendered":"CERAVE : ACNE CONTROL GEL 2% SALICYLIC ACID"},"content":{"rendered":"<p>Le gel anti-acn\u00e9 hydratant CeraVe Acne Control Gel est la solution compl\u00e8te pour traiter l&#8217;acn\u00e9 et pr\u00e9venir les \u00e9ruptions cutan\u00e9es futures. Avec sa formule l\u00e9g\u00e8re et non ass\u00e9chante, il est parfait pour une utilisation quotidienne et convient \u00e0 tous les types de peau, m\u00eame les plus sensibles.<\/p>\n<p>Enrichi en acides alpha et b\u00eata-hydroxyl\u00e9s (AHA et BHA) ainsi qu&#8217;en niacinamide et c\u00e9ramides, ce gel aide \u00e0 minimiser l&#8217;apparence des pores, \u00e0 am\u00e9liorer la texture de la peau et \u00e0 restaurer la barri\u00e8re protectrice naturelle de la peau. Les acides glycolique et lactique aident \u00e0 uniformiser la texture de la peau pour une apparence plus lisse, tandis que l&#8217;acide salicylique traite l&#8217;acn\u00e9 et pr\u00e9vient les nouvelles \u00e9ruptions.<\/p>\n<p>Le gel est \u00e9galement formul\u00e9 avec la technologie MVE, qui assure une diffusion efficace des c\u00e9ramides dans la barri\u00e8re cutan\u00e9e et une lib\u00e9ration lente dans le temps, pour une hydratation constante tout au long de la journ\u00e9e.<\/p>\n<p>Le gel est facile \u00e0 utiliser : il suffit de nettoyer soigneusement la peau avant l&#8217;application et de couvrir toute la zone affect\u00e9e avec une fine couche une \u00e0 trois fois par jour. Comme avec tout produit anti-acn\u00e9, il est important de suivre les instructions et de commencer par une application par jour, en augmentant progressivement jusqu&#8217;\u00e0 deux ou trois fois par jour si n\u00e9cessaire.<\/p>\n<p>Attention, le gel contient un acide alpha-hydroxy (AHA) qui peut augmenter la sensibilit\u00e9 de votre peau au soleil et en particulier la possibilit\u00e9 de coups de soleil. Il est donc important d&#8217;utiliser un \u00e9cran solaire, de porter des v\u00eatements de protection et de limiter l&#8217;exposition au soleil pendant l&#8217;utilisation de ce produit et pendant une semaine apr\u00e8s.<\/p>\n<p>Test\u00e9 dermatologiquement, non com\u00e9dog\u00e8ne et sans huile, parfum ni paraben, le gel anti-acn\u00e9 hydratant CeraVe Acne Control Gel est le choix parfait pour une peau claire, saine et radieuse.<\/p>","protected":false},"excerpt":{"rendered":"<p>Le gel anti-acn\u00e9 hydratant CeraVe Acne Control Gel est la solution compl\u00e8te pour traiter l&#8217;acn\u00e9 et pr\u00e9venir les \u00e9ruptions cutan\u00e9es futures. Avec sa formule l\u00e9g\u00e8re et non ass\u00e9chante, il est parfait pour une utilisation quotidienne et convient \u00e0 tous les types de peau, m\u00eame les plus sensibles. Enrichi en acides alpha et b\u00eata-hydroxyl\u00e9s (AHA et<span class=\"read-more-faq\"><a href=\"https:\/\/sakaba.mghosteur.com\/en\/product\/cerave-acne-control-gel-2-salicylic-acid\/\">Read More<\/a><\/span><\/p>","protected":false},"featured_media":0,"comment_status":"closed","ping_status":"closed","template":"","meta":[],"product_brand":[],"product_cat":[334],"product_tag":[],"class_list":{"0":"post-23934","1":"product","2":"type-product","3":"status-publish","5":"product_cat-traitement-serum","7":"first","8":"instock","9":"shipping-taxable","10":"product-type-simple"},"jetpack-related-posts":[{"id":31934,"url":"https:\/\/sakaba.mghosteur.com\/en\/product\/cerave-acne-control-cleanser-473ml\/","url_meta":{"origin":23934,"position":0},"title":"CERAVE ACNE CONTROL CLEANSER 473ML","author":"admin","date":"May 13, 2024","format":false,"excerpt":"Le nettoyant visage anti-acn\u00e9 de CeraVe est formul\u00e9 avec 2 % d'acide salicylique pour \u00e9liminer l'acn\u00e9 et r\u00e9duire les points noirs. L'argile purifiante aide \u00e0 am\u00e9liorer l'apparence des pores gr\u00e2ce \u00e0 une technologie d'absorption d'huile. Dans une texture gel-mousse rafra\u00eechissante, ce traitement contre l'acn\u00e9 nettoie la peau et cible les\u2026","rel":"","context":"Similar post","block_context":{"text":"Similar post","link":""},"img":{"alt_text":"","src":"","width":0,"height":0},"classes":[]},{"id":23918,"url":"https:\/\/sakaba.mghosteur.com\/en\/product\/cerave-acne-control-cleanser\/","url_meta":{"origin":23934,"position":1},"title":"CERAVE ACNE CONTROL CLEANSER","author":"admin","date":"November 9, 2022","format":false,"excerpt":"Le nettoyant anti-acn\u00e9 de CeraVe est un gel nettoyant pour le visage sp\u00e9cialement con\u00e7u pour les peaux sujettes \u00e0 l'acn\u00e9. Il contient 2% d'acide salicylique, qui aide \u00e0 traiter l'acn\u00e9 existante et \u00e0 pr\u00e9venir de nouvelles \u00e9ruptions en p\u00e9n\u00e9trant les pores de la peau. En outre, l'argile hectorite aide \u00e0\u2026","rel":"","context":"Similar post","block_context":{"text":"Similar post","link":""},"img":{"alt_text":"","src":"","width":0,"height":0},"classes":[]},{"id":23903,"url":"https:\/\/sakaba.mghosteur.com\/en\/product\/cerave-resurfacing-retinol-serum\/","url_meta":{"origin":23934,"position":2},"title":"CERAVE RESURFACING RETINOL SERUM","author":"admin","date":"November 9, 2022","format":false,"excerpt":"Le s\u00e9rum resurfa\u00e7ant au r\u00e9tinol de la marque CeraVe est le choix id\u00e9al pour une peau douce et uniforme. Les marques d'acn\u00e9 et le teint irr\u00e9gulier peuvent \u00eatre g\u00eanants, m\u00eame apr\u00e8s que votre acn\u00e9 est sous contr\u00f4le. C'est l\u00e0 que notre s\u00e9rum resurfa\u00e7ant entre en jeu. Formul\u00e9 avec du r\u00e9tinol\u2026","rel":"","context":"Similar post","block_context":{"text":"Similar post","link":""},"img":{"alt_text":"","src":"","width":0,"height":0},"classes":[]},{"id":24352,"url":"https:\/\/sakaba.mghosteur.com\/en\/product\/neutrogena-rapid-clear-acne-eliminating-spot-gel\/","url_meta":{"origin":23934,"position":3},"title":"NEUTROGENA RAPID CLEAR ACNE ELIMINATING SPOT GEL","author":"admin","date":"November 10, 2022","format":false,"excerpt":"D\u00e9couvrez le traitement rapide et transparent de l'acn\u00e9 \u00e0 l'acide salicylique avec hamam\u00e9lis de la marque Neutrogena. Ce gel contre l'acn\u00e9 est l'ajout parfait \u00e0 votre routine de soins de la peau pour pr\u00e9venir et traiter les boutons. Con\u00e7u pour les peaux sujettes \u00e0 l'acn\u00e9, il \u00e9limine rapidement les \u00e9ruptions\u2026","rel":"","context":"Similar post","block_context":{"text":"Similar post","link":""},"img":{"alt_text":"","src":"","width":0,"height":0},"classes":[]},{"id":24177,"url":"https:\/\/sakaba.mghosteur.com\/en\/product\/cerave-sa-body-wash-for-rough-and-bumpy-skin\/","url_meta":{"origin":23934,"position":4},"title":"CERAVE SA BODY WASH FOR ROUGH AND BUMPY SKIN","author":"admin","date":"November 9, 2022","format":false,"excerpt":"Le nettoyant pour le corps CeraVe SA est sp\u00e9cialement con\u00e7u pour les peaux rugueuses et bossel\u00e9es. Il utilise une combinaison d'acide salicylique, de c\u00e9ramides, d'acide hyaluronique et de niacinamide pour nettoyer et exfolier en douceur tout en offrant une hydratation optimale. L'acide salicylique est un exfoliant doux qui aide \u00e0\u2026","rel":"","context":"Similar post","block_context":{"text":"Similar post","link":""},"img":{"alt_text":"","src":"","width":0,"height":0},"classes":[]},{"id":23969,"url":"https:\/\/sakaba.mghosteur.com\/en\/product\/cerave-acne-foaming-cream-cleanser\/","url_meta":{"origin":23934,"position":5},"title":"CERAVE ACNE FOAMING CREAM CLEANSER","author":"admin","date":"November 9, 2022","format":false,"excerpt":"La cr\u00e8me nettoyante moussante contre l'acn\u00e9 de CeraVe est un produit essentiel pour tout r\u00e9gime de soin de la peau contre l'acn\u00e9. Cette formule efficace contient 4 % de peroxyde de benzoyle pour aider \u00e0 \u00e9liminer l'acn\u00e9 et les points noirs, tout en pr\u00e9venant la formation de nouvelles imperfections. Les\u2026","rel":"","context":"Similar post","block_context":{"text":"Similar post","link":""},"img":{"alt_text":"","src":"","width":0,"height":0},"classes":[]}],"_links":{"self":[{"href":"https:\/\/sakaba.mghosteur.com\/en\/wp-json\/wp\/v2\/product\/23934","targetHints":{"allow":["GET"]}}],"collection":[{"href":"https:\/\/sakaba.mghosteur.com\/en\/wp-json\/wp\/v2\/product"}],"about":[{"href":"https:\/\/sakaba.mghosteur.com\/en\/wp-json\/wp\/v2\/types\/product"}],"replies":[{"embeddable":true,"href":"https:\/\/sakaba.mghosteur.com\/en\/wp-json\/wp\/v2\/comments?post=23934"}],"version-history":[{"count":0,"href":"https:\/\/sakaba.mghosteur.com\/en\/wp-json\/wp\/v2\/product\/23934\/revisions"}],"wp:attachment":[{"href":"https:\/\/sakaba.mghosteur.com\/en\/wp-json\/wp\/v2\/media?parent=23934"}],"wp:term":[{"taxonomy":"product_brand","embeddable":true,"href":"https:\/\/sakaba.mghosteur.com\/en\/wp-json\/wp\/v2\/product_brand?post=23934"},{"taxonomy":"product_cat","embeddable":true,"href":"https:\/\/sakaba.mghosteur.com\/en\/wp-json\/wp\/v2\/product_cat?post=23934"},{"taxonomy":"product_tag","embeddable":true,"href":"https:\/\/sakaba.mghosteur.com\/en\/wp-json\/wp\/v2\/product_tag?post=23934"}],"curies":[{"name":"wp","href":"https:\/\/api.w.org\/{rel}","templated":true}]}}