{"id":23938,"date":"2022-11-09T11:51:29","date_gmt":"2022-11-09T11:51:29","guid":{"rendered":"http:\/\/www.sakababeauty.com\/?post_type=product&#038;p=23938"},"modified":"2023-03-10T11:16:11","modified_gmt":"2023-03-10T11:16:11","slug":"cerave-eye-repair-cream","status":"publish","type":"product","link":"https:\/\/sakaba.mghosteur.com\/en\/product\/cerave-eye-repair-cream\/","title":{"rendered":"CERAVE EYE REPAIR CREAM"},"content":{"rendered":"<p>La Cr\u00e8me R\u00e9paratrice Yeux s\u00e8che des diab\u00e9tiques de CeraVe est sp\u00e9cialement con\u00e7ue pour les personnes atteintes de diab\u00e8te qui souffrent de s\u00e9cheresse oculaire. Cette cr\u00e8me hydratante pour les yeux est formul\u00e9e avec de l&#8217;acide hyaluronique et des c\u00e9ramides qui aident \u00e0 hydrater et \u00e0 renforcer la barri\u00e8re protectrice de la peau. La technologie de livraison MVE lib\u00e8re en continu des ingr\u00e9dients hydratants pour une hydratation toute la journ\u00e9e.<\/p>\n<p>En plus de traiter la s\u00e9cheresse oculaire, cette cr\u00e8me contour des yeux est \u00e9galement efficace pour r\u00e9duire l&#8217;apparence des cernes et des poches sous les yeux. Sa formule non grasse, \u00e0 absorption rapide et sans parfum en fait un choix id\u00e9al pour les peaux sensibles. De plus, cette cr\u00e8me est test\u00e9e par des ophtalmologistes pour s&#8217;assurer qu&#8217;elle est s\u00fbre pour une utilisation autour des yeux.<\/p>\n<p>Donnez \u00e0 vos yeux fatigu\u00e9s l&#8217;hydratation et les soins dont ils ont besoin avec la Cr\u00e8me R\u00e9paratrice Yeux s\u00e8che des diab\u00e9tiques de CeraVe.<\/p>","protected":false},"excerpt":{"rendered":"<p>La Cr\u00e8me R\u00e9paratrice Yeux s\u00e8che des diab\u00e9tiques de CeraVe est sp\u00e9cialement con\u00e7ue pour les personnes atteintes de diab\u00e8te qui souffrent de s\u00e9cheresse oculaire. Cette cr\u00e8me hydratante pour les yeux est formul\u00e9e avec de l&#8217;acide hyaluronique et des c\u00e9ramides qui aident \u00e0 hydrater et \u00e0 renforcer la barri\u00e8re protectrice de la peau. La technologie de livraison<span class=\"read-more-faq\"><a href=\"https:\/\/sakaba.mghosteur.com\/en\/product\/cerave-eye-repair-cream\/\">Read More<\/a><\/span><\/p>","protected":false},"featured_media":0,"comment_status":"closed","ping_status":"closed","template":"","meta":[],"product_brand":[],"product_cat":[377],"product_tag":[],"class_list":{"0":"post-23938","1":"product","2":"type-product","3":"status-publish","5":"product_cat-bath-body-works","7":"first","8":"instock","9":"shipping-taxable","10":"product-type-simple"},"jetpack-related-posts":[{"id":34661,"url":"https:\/\/sakaba.mghosteur.com\/en\/product\/fenty-skin-thicc-n-smooth-creme-contour-yeux\/","url_meta":{"origin":23938,"position":0},"title":"FENTY SKIN THICC N SMOOTH CREME CONTOUR YEUX","author":"admin","date":"May 30, 2024","format":false,"excerpt":"Jeune ou adulte, il est temps de lutter contre la s\u00e9cheresse et les cernes sous les yeux avec une cr\u00e8me pour les yeux polyvalente. Hydratez, illuminez et r\u00e9duisez l'apparence des poches gr\u00e2ce \u00e0 un m\u00e9lange d'ingr\u00e9dients cibl\u00e9s sur les yeux, notamment des peptides, de la caf\u00e9ine et des vitamines qui\u2026","rel":"","context":"Similar post","block_context":{"text":"Similar post","link":""},"img":{"alt_text":"","src":"","width":0,"height":0},"classes":[]},{"id":24194,"url":"https:\/\/sakaba.mghosteur.com\/en\/product\/cerave-therapeutic-hand-cream\/","url_meta":{"origin":23938,"position":1},"title":"CERAVE THERAPEUTIC HAND CREAM","author":"admin","date":"November 9, 2022","format":false,"excerpt":"La cr\u00e8me mains th\u00e9rapeutique CeraVe est la solution id\u00e9ale pour nourrir, prot\u00e9ger et hydrater vos mains, en particulier en p\u00e9riode de froid et de s\u00e9cheresse. Elle est sp\u00e9cialement formul\u00e9e pour les peaux sensibles, sans parfum et non grasse, ce qui la rend facile \u00e0 utiliser sans laisser de r\u00e9sidu collant\u2026","rel":"","context":"Similar post","block_context":{"text":"Similar post","link":""},"img":{"alt_text":"","src":"","width":0,"height":0},"classes":[]},{"id":27622,"url":"https:\/\/sakaba.mghosteur.com\/en\/product\/age-correcting-eye-cream\/","url_meta":{"origin":23938,"position":2},"title":"AGE CORRECTING EYE CREAM","author":"admin","date":"November 29, 2022","format":false,"excerpt":"La marque HadaLabo vous pr\u00e9sente sa cr\u00e8me contour des yeux anti-\u00e2ge, une formule l\u00e9g\u00e8re et multifonctionnelle con\u00e7ue pour traiter les principaux signes de l'\u00e2ge et de la fatigue pour transformer visiblement toute la zone des yeux. Cette cr\u00e8me de 0,5 oz est id\u00e9ale pour restaurer l'humidit\u00e9, lisser les rides et\u2026","rel":"","context":"Similar post","block_context":{"text":"Similar post","link":""},"img":{"alt_text":"","src":"","width":0,"height":0},"classes":[]},{"id":29221,"url":"https:\/\/sakaba.mghosteur.com\/en\/product\/caffeine-energizing-hydrogel-eye-patches\/","url_meta":{"origin":23938,"position":3},"title":"CAFFEINE ENERGIZING HYDROGEL EYE PATCHES","author":"admin","date":"March 21, 2023","format":false,"excerpt":"Le CAFFEINE ENERGIZING HYDROGEL EYE PATCHES de Good Molecules est un produit essentiel pour ceux qui cherchent \u00e0 se r\u00e9veiller et \u00e0 rafra\u00eechir leur regard fatigu\u00e9. Ces patchs pour les yeux hydrogel \u00e0 la caf\u00e9ine sont con\u00e7us pour \u00e9claircir et hydrater la peau d\u00e9licate autour de vos yeux tout en\u2026","rel":"","context":"Similar post","block_context":{"text":"Similar post","link":""},"img":{"alt_text":"","src":"","width":0,"height":0},"classes":[]},{"id":31645,"url":"https:\/\/sakaba.mghosteur.com\/en\/product\/the-inkey-retinol-eye-cream-2\/","url_meta":{"origin":23938,"position":4},"title":"THE INKEY RETINOL EYE CREAM","author":"admin","date":"May 10, 2024","format":false,"excerpt":"Une cr\u00e8me contour des yeux de nuit con\u00e7ue pour cibler les ridules, formul\u00e9e sp\u00e9cifiquement pour r\u00e9duire l'apparence des rides tout en offrant un soutien suppl\u00e9mentaire \u00e0 la peau la plus fragile. Cette cr\u00e8me pour les yeux au r\u00e9tinol a \u00e9t\u00e9 \u00e9labor\u00e9e avec des d\u00e9riv\u00e9s de vitamine A \u00e0 lib\u00e9ration lente,\u2026","rel":"","context":"Similar post","block_context":{"text":"Similar post","link":""},"img":{"alt_text":"","src":"","width":0,"height":0},"classes":[]},{"id":23969,"url":"https:\/\/sakaba.mghosteur.com\/en\/product\/cerave-acne-foaming-cream-cleanser\/","url_meta":{"origin":23938,"position":5},"title":"CERAVE ACNE FOAMING CREAM CLEANSER","author":"admin","date":"November 9, 2022","format":false,"excerpt":"La cr\u00e8me nettoyante moussante contre l'acn\u00e9 de CeraVe est un produit essentiel pour tout r\u00e9gime de soin de la peau contre l'acn\u00e9. Cette formule efficace contient 4 % de peroxyde de benzoyle pour aider \u00e0 \u00e9liminer l'acn\u00e9 et les points noirs, tout en pr\u00e9venant la formation de nouvelles imperfections. Les\u2026","rel":"","context":"Similar post","block_context":{"text":"Similar post","link":""},"img":{"alt_text":"","src":"","width":0,"height":0},"classes":[]}],"_links":{"self":[{"href":"https:\/\/sakaba.mghosteur.com\/en\/wp-json\/wp\/v2\/product\/23938","targetHints":{"allow":["GET"]}}],"collection":[{"href":"https:\/\/sakaba.mghosteur.com\/en\/wp-json\/wp\/v2\/product"}],"about":[{"href":"https:\/\/sakaba.mghosteur.com\/en\/wp-json\/wp\/v2\/types\/product"}],"replies":[{"embeddable":true,"href":"https:\/\/sakaba.mghosteur.com\/en\/wp-json\/wp\/v2\/comments?post=23938"}],"version-history":[{"count":0,"href":"https:\/\/sakaba.mghosteur.com\/en\/wp-json\/wp\/v2\/product\/23938\/revisions"}],"wp:attachment":[{"href":"https:\/\/sakaba.mghosteur.com\/en\/wp-json\/wp\/v2\/media?parent=23938"}],"wp:term":[{"taxonomy":"product_brand","embeddable":true,"href":"https:\/\/sakaba.mghosteur.com\/en\/wp-json\/wp\/v2\/product_brand?post=23938"},{"taxonomy":"product_cat","embeddable":true,"href":"https:\/\/sakaba.mghosteur.com\/en\/wp-json\/wp\/v2\/product_cat?post=23938"},{"taxonomy":"product_tag","embeddable":true,"href":"https:\/\/sakaba.mghosteur.com\/en\/wp-json\/wp\/v2\/product_tag?post=23938"}],"curies":[{"name":"wp","href":"https:\/\/api.w.org\/{rel}","templated":true}]}}