{"id":23957,"date":"2022-11-09T12:07:53","date_gmt":"2022-11-09T12:07:53","guid":{"rendered":"http:\/\/www.sakababeauty.com\/?post_type=product&#038;p=23957"},"modified":"2024-08-07T18:34:43","modified_gmt":"2024-08-07T18:34:43","slug":"cerave-skin-renewing-retinol-serum","status":"publish","type":"product","link":"https:\/\/sakaba.mghosteur.com\/en\/product\/cerave-skin-renewing-retinol-serum\/","title":{"rendered":"CERAVE SKIN RENEWING RETINOL SERUM"},"content":{"rendered":"<p>Le s\u00e9rum r\u00e9g\u00e9n\u00e9rant au r\u00e9tinol pour la peau douce de CeraVe est un excellent choix pour votre routine de soins anti-\u00e2ge. Ce s\u00e9rum est sp\u00e9cialement formul\u00e9 pour am\u00e9liorer l&#8217;apparence des ridules et des rides, de la texture et de l&#8217;\u00e9clat de votre peau. En utilisant ce s\u00e9rum, vous pourrez b\u00e9n\u00e9ficier des avantages anti-\u00e2ge du r\u00e9tinol tout en prot\u00e9geant votre barri\u00e8re cutan\u00e9e gr\u00e2ce aux c\u00e9ramides.<\/p>\n<p>La technologie MVE de ce s\u00e9rum assure une diffusion efficace des c\u00e9ramides dans la barri\u00e8re cutan\u00e9e, ce qui favorise une hydratation prolong\u00e9e et une lib\u00e9ration lente au fil du temps. De plus, la formule contient de l&#8217;acide hyaluronique et de la niacinamide pour une hydratation et un apaisement suppl\u00e9mentaires.<\/p>\n<p>Pour \u00e9viter toute irritation, il est recommand\u00e9 de progresser lentement dans l&#8217;utilisation quotidienne de ce s\u00e9rum. Avec une utilisation r\u00e9guli\u00e8re, vous pouvez vous attendre \u00e0 une peau plus douce, plus ferme et plus jeune.<\/p>\n<p>En somme, si vous cherchez un s\u00e9rum anti-\u00e2ge efficace pour am\u00e9liorer l&#8217;apparence de votre peau, le s\u00e9rum r\u00e9g\u00e9n\u00e9rant au r\u00e9tinol pour la peau douce de CeraVe est un excellent choix.<\/p>","protected":false},"excerpt":{"rendered":"<p>Le s\u00e9rum r\u00e9g\u00e9n\u00e9rant au r\u00e9tinol pour la peau douce de CeraVe est un excellent choix pour votre routine de soins anti-\u00e2ge. Ce s\u00e9rum est sp\u00e9cialement formul\u00e9 pour am\u00e9liorer l&#8217;apparence des ridules et des rides, de la texture et de l&#8217;\u00e9clat de votre peau. En utilisant ce s\u00e9rum, vous pourrez b\u00e9n\u00e9ficier des avantages anti-\u00e2ge du r\u00e9tinol<span class=\"read-more-faq\"><a href=\"https:\/\/sakaba.mghosteur.com\/en\/product\/cerave-skin-renewing-retinol-serum\/\">Read More<\/a><\/span><\/p>","protected":false},"featured_media":0,"comment_status":"closed","ping_status":"closed","template":"","meta":[],"product_brand":[],"product_cat":[1095,293,451,334],"product_tag":[],"class_list":{"0":"post-23957","1":"product","2":"type-product","3":"status-publish","5":"product_cat-anti-age","6":"product_cat-anti-taches","7":"product_cat-aab-soin-du-visage","8":"product_cat-traitement-serum","10":"first","11":"instock","12":"shipping-taxable","13":"product-type-simple"},"jetpack-related-posts":[{"id":23903,"url":"https:\/\/sakaba.mghosteur.com\/en\/product\/cerave-resurfacing-retinol-serum\/","url_meta":{"origin":23957,"position":0},"title":"CERAVE RESURFACING RETINOL SERUM","author":"admin","date":"November 9, 2022","format":false,"excerpt":"Le s\u00e9rum resurfa\u00e7ant au r\u00e9tinol de la marque CeraVe est le choix id\u00e9al pour une peau douce et uniforme. Les marques d'acn\u00e9 et le teint irr\u00e9gulier peuvent \u00eatre g\u00eanants, m\u00eame apr\u00e8s que votre acn\u00e9 est sous contr\u00f4le. C'est l\u00e0 que notre s\u00e9rum resurfa\u00e7ant entre en jeu. Formul\u00e9 avec du r\u00e9tinol\u2026","rel":"","context":"Similar post","block_context":{"text":"Similar post","link":""},"img":{"alt_text":"","src":"","width":0,"height":0},"classes":[]},{"id":29056,"url":"https:\/\/sakaba.mghosteur.com\/en\/product\/cerave-hydrating-hyaluronic-acid-serum\/","url_meta":{"origin":23957,"position":1},"title":"CERAVE HYDRATING HYALURONIC ACID SERUM","author":"admin","date":"March 13, 2023","format":false,"excerpt":"Le S\u00e9rum hydratant \u00e0 l'acide hyaluronique de CeraVe est un puissant hydratant contenant de l'acide hyaluronique, de la vitamine B5 et trois c\u00e9ramides essentiels qui aident \u00e0 restaurer la barri\u00e8re protectrice de votre peau et \u00e0 lui donner une hydratation intense jusqu'\u00e0 24 heures. La technologie brevet\u00e9e MVE assure une\u2026","rel":"","context":"Similar post","block_context":{"text":"Similar post","link":""},"img":{"alt_text":"","src":"","width":0,"height":0},"classes":[]},{"id":23965,"url":"https:\/\/sakaba.mghosteur.com\/en\/product\/cerave-skin-renewing-vitamin-c-serum\/","url_meta":{"origin":23957,"position":2},"title":"CERAVE SKIN RENEWING VITAMIN C SERUM","author":"admin","date":"November 9, 2022","format":false,"excerpt":"Le s\u00e9rum \u00e0 la vitamine C r\u00e9g\u00e9n\u00e9rant pour la peau de CeraVe est un v\u00e9ritable alli\u00e9 pour votre peau. Enrichi en 10% de vitamine C pure, ce s\u00e9rum antioxydant \u00e9claircit visiblement le teint et am\u00e9liore l'apparence des ridules, des taches brunes et du teint irr\u00e9gulier. Formul\u00e9 avec trois c\u00e9ramides essentiels,\u2026","rel":"","context":"Similar post","block_context":{"text":"Similar post","link":""},"img":{"alt_text":"","src":"","width":0,"height":0},"classes":[]},{"id":23934,"url":"https:\/\/sakaba.mghosteur.com\/en\/product\/cerave-acne-control-gel-2-salicylic-acid\/","url_meta":{"origin":23957,"position":3},"title":"CERAVE : ACNE CONTROL GEL 2% SALICYLIC ACID","author":"admin","date":"November 9, 2022","format":false,"excerpt":"Le gel anti-acn\u00e9 hydratant CeraVe Acne Control Gel est la solution compl\u00e8te pour traiter l'acn\u00e9 et pr\u00e9venir les \u00e9ruptions cutan\u00e9es futures. Avec sa formule l\u00e9g\u00e8re et non ass\u00e9chante, il est parfait pour une utilisation quotidienne et convient \u00e0 tous les types de peau, m\u00eame les plus sensibles. Enrichi en acides\u2026","rel":"","context":"Similar post","block_context":{"text":"Similar post","link":""},"img":{"alt_text":"","src":"","width":0,"height":0},"classes":[]},{"id":31373,"url":"https:\/\/sakaba.mghosteur.com\/en\/product\/paulas-choice-intensive-wrinkle-repair-retinol-serum\/","url_meta":{"origin":23957,"position":4},"title":"PAULA&#8217;S CHOICE INTENSIVE WRINKLE REPAIR RETINOL SERUM","author":"admin","date":"May 10, 2024","format":false,"excerpt":"S\u00e9rum Anti-\u00c2ge au R\u00e9tinol Pour celles et ceux qui cherchent \u00e0 pr\u00e9server la jeunesse de leur peau tout en att\u00e9nuant les signes visibles du temps, le S\u00e9rum Anti-\u00c2ge au R\u00e9tinol est un alli\u00e9 pr\u00e9cieux. Con\u00e7u pour tous les types de peau, il r\u00e9pond aux besoins de ceux souhaitant lutter contre\u2026","rel":"","context":"Similar post","block_context":{"text":"Similar post","link":""},"img":{"alt_text":"","src":"","width":0,"height":0},"classes":[]},{"id":31581,"url":"https:\/\/sakaba.mghosteur.com\/en\/product\/cosrx-the-retinol-super-vitamine-e-panthenol\/","url_meta":{"origin":23957,"position":5},"title":"COSRX THE RETINOL SUPER VITAMINE E + PANTHENOL","author":"admin","date":"May 10, 2024","format":false,"excerpt":"D\u00e9couvrez la cr\u00e8me The Retinol 0.1 Cream de COSRX, un incontournable pour votre routine de soin. Sa formule unique associe 0,1 % de r\u00e9tinol anti-\u00e2ge \u00e0 des actifs apaisants et hydratants, tels que la vitamine E et le panth\u00e9nol. Gr\u00e2ce \u00e0 cette combinaison, cette cr\u00e8me assure une initiation en douceur\u2026","rel":"","context":"Similar post","block_context":{"text":"Similar post","link":""},"img":{"alt_text":"","src":"","width":0,"height":0},"classes":[]}],"_links":{"self":[{"href":"https:\/\/sakaba.mghosteur.com\/en\/wp-json\/wp\/v2\/product\/23957","targetHints":{"allow":["GET"]}}],"collection":[{"href":"https:\/\/sakaba.mghosteur.com\/en\/wp-json\/wp\/v2\/product"}],"about":[{"href":"https:\/\/sakaba.mghosteur.com\/en\/wp-json\/wp\/v2\/types\/product"}],"replies":[{"embeddable":true,"href":"https:\/\/sakaba.mghosteur.com\/en\/wp-json\/wp\/v2\/comments?post=23957"}],"version-history":[{"count":0,"href":"https:\/\/sakaba.mghosteur.com\/en\/wp-json\/wp\/v2\/product\/23957\/revisions"}],"wp:attachment":[{"href":"https:\/\/sakaba.mghosteur.com\/en\/wp-json\/wp\/v2\/media?parent=23957"}],"wp:term":[{"taxonomy":"product_brand","embeddable":true,"href":"https:\/\/sakaba.mghosteur.com\/en\/wp-json\/wp\/v2\/product_brand?post=23957"},{"taxonomy":"product_cat","embeddable":true,"href":"https:\/\/sakaba.mghosteur.com\/en\/wp-json\/wp\/v2\/product_cat?post=23957"},{"taxonomy":"product_tag","embeddable":true,"href":"https:\/\/sakaba.mghosteur.com\/en\/wp-json\/wp\/v2\/product_tag?post=23957"}],"curies":[{"name":"wp","href":"https:\/\/api.w.org\/{rel}","templated":true}]}}