{"id":23969,"date":"2022-11-09T12:17:36","date_gmt":"2022-11-09T12:17:36","guid":{"rendered":"http:\/\/www.sakababeauty.com\/?post_type=product&#038;p=23969"},"modified":"2023-03-09T12:02:13","modified_gmt":"2023-03-09T12:02:13","slug":"cerave-acne-foaming-cream-cleanser","status":"publish","type":"product","link":"https:\/\/sakaba.mghosteur.com\/en\/product\/cerave-acne-foaming-cream-cleanser\/","title":{"rendered":"CERAVE ACNE FOAMING CREAM CLEANSER"},"content":{"rendered":"<p>La cr\u00e8me nettoyante moussante contre l&#8217;acn\u00e9 de CeraVe est un produit essentiel pour tout r\u00e9gime de soin de la peau contre l&#8217;acn\u00e9. Cette formule efficace contient 4 % de peroxyde de benzoyle pour aider \u00e0 \u00e9liminer l&#8217;acn\u00e9 et les points noirs, tout en pr\u00e9venant la formation de nouvelles imperfections. Les c\u00e9ramides aident \u00e0 maintenir la barri\u00e8re naturelle de la peau, tandis que l&#8217;acide hyaluronique attire l&#8217;hydratation \u00e0 la surface de la peau, aidant ainsi \u00e0 retenir l&#8217;humidit\u00e9. La niacinamide calme la peau, tandis que les trois c\u00e9ramides essentiels aident \u00e0 maintenir la barri\u00e8re cutan\u00e9e, laissant votre peau douce et confortable.<\/p>\n<p>Utilisez une noisette de produit sur la peau humide, matin et soir, en \u00e9vitant le contour des yeux. Massez doucement et rincez abondamment. Commencez par une application par jour pour \u00e9viter un dess\u00e8chement excessif de la peau, puis augmentez progressivement jusqu&#8217;\u00e0 deux fois par jour si n\u00e9cessaire ou selon les directives d&#8217;un m\u00e9decin. En cas de s\u00e9cheresse ou de desquamation g\u00eanante, r\u00e9duisez l&#8217;application \u00e0 une fois par jour ou tous les deux jours. N&#8217;oubliez pas d&#8217;appliquer un \u00e9cran solaire apr\u00e8s avoir utilis\u00e9 ce produit si vous sortez. Si une irritation ou une sensibilit\u00e9 se d\u00e9veloppe, arr\u00eatez l&#8217;utilisation des deux produits ou demandez \u00e0 un m\u00e9decin de vous conseiller.<\/p>\n<p>Le nettoyant moussant pour le visage contre l&#8217;acn\u00e9 \u00e0 4 % de peroxyde de benzoyle de CeraVe est une solution efficace et douce pour \u00e9liminer l&#8217;acn\u00e9, r\u00e9duire les points noirs et pr\u00e9venir la formation de nouvelles imperfections. Faites confiance \u00e0 la marque d&#8217;hydratants #1 recommand\u00e9e par les dermatologues pour l&#8217;acn\u00e9.<\/p>","protected":false},"excerpt":{"rendered":"<p>La cr\u00e8me nettoyante moussante contre l&#8217;acn\u00e9 de CeraVe est un produit essentiel pour tout r\u00e9gime de soin de la peau contre l&#8217;acn\u00e9. Cette formule efficace contient 4 % de peroxyde de benzoyle pour aider \u00e0 \u00e9liminer l&#8217;acn\u00e9 et les points noirs, tout en pr\u00e9venant la formation de nouvelles imperfections. Les c\u00e9ramides aident \u00e0 maintenir la<span class=\"read-more-faq\"><a href=\"https:\/\/sakaba.mghosteur.com\/en\/product\/cerave-acne-foaming-cream-cleanser\/\">Read More<\/a><\/span><\/p>","protected":false},"featured_media":0,"comment_status":"closed","ping_status":"closed","template":"","meta":[],"product_brand":[],"product_cat":[334],"product_tag":[],"class_list":{"0":"post-23969","1":"product","2":"type-product","3":"status-publish","5":"product_cat-traitement-serum","7":"first","8":"instock","9":"shipping-taxable","10":"product-type-simple"},"jetpack-related-posts":[{"id":23918,"url":"https:\/\/sakaba.mghosteur.com\/en\/product\/cerave-acne-control-cleanser\/","url_meta":{"origin":23969,"position":0},"title":"CERAVE ACNE CONTROL CLEANSER","author":"admin","date":"November 9, 2022","format":false,"excerpt":"Le nettoyant anti-acn\u00e9 de CeraVe est un gel nettoyant pour le visage sp\u00e9cialement con\u00e7u pour les peaux sujettes \u00e0 l'acn\u00e9. Il contient 2% d'acide salicylique, qui aide \u00e0 traiter l'acn\u00e9 existante et \u00e0 pr\u00e9venir de nouvelles \u00e9ruptions en p\u00e9n\u00e9trant les pores de la peau. En outre, l'argile hectorite aide \u00e0\u2026","rel":"","context":"Similar post","block_context":{"text":"Similar post","link":""},"img":{"alt_text":"","src":"","width":0,"height":0},"classes":[]},{"id":31934,"url":"https:\/\/sakaba.mghosteur.com\/en\/product\/cerave-acne-control-cleanser-473ml\/","url_meta":{"origin":23969,"position":1},"title":"CERAVE ACNE CONTROL CLEANSER 473ML","author":"admin","date":"May 13, 2024","format":false,"excerpt":"Le nettoyant visage anti-acn\u00e9 de CeraVe est formul\u00e9 avec 2 % d'acide salicylique pour \u00e9liminer l'acn\u00e9 et r\u00e9duire les points noirs. L'argile purifiante aide \u00e0 am\u00e9liorer l'apparence des pores gr\u00e2ce \u00e0 une technologie d'absorption d'huile. Dans une texture gel-mousse rafra\u00eechissante, ce traitement contre l'acn\u00e9 nettoie la peau et cible les\u2026","rel":"","context":"Similar post","block_context":{"text":"Similar post","link":""},"img":{"alt_text":"","src":"","width":0,"height":0},"classes":[]},{"id":23934,"url":"https:\/\/sakaba.mghosteur.com\/en\/product\/cerave-acne-control-gel-2-salicylic-acid\/","url_meta":{"origin":23969,"position":2},"title":"CERAVE : ACNE CONTROL GEL 2% SALICYLIC ACID","author":"admin","date":"November 9, 2022","format":false,"excerpt":"Le gel anti-acn\u00e9 hydratant CeraVe Acne Control Gel est la solution compl\u00e8te pour traiter l'acn\u00e9 et pr\u00e9venir les \u00e9ruptions cutan\u00e9es futures. Avec sa formule l\u00e9g\u00e8re et non ass\u00e9chante, il est parfait pour une utilisation quotidienne et convient \u00e0 tous les types de peau, m\u00eame les plus sensibles. Enrichi en acides\u2026","rel":"","context":"Similar post","block_context":{"text":"Similar post","link":""},"img":{"alt_text":"","src":"","width":0,"height":0},"classes":[]},{"id":23903,"url":"https:\/\/sakaba.mghosteur.com\/en\/product\/cerave-resurfacing-retinol-serum\/","url_meta":{"origin":23969,"position":3},"title":"CERAVE RESURFACING RETINOL SERUM","author":"admin","date":"November 9, 2022","format":false,"excerpt":"Le s\u00e9rum resurfa\u00e7ant au r\u00e9tinol de la marque CeraVe est le choix id\u00e9al pour une peau douce et uniforme. Les marques d'acn\u00e9 et le teint irr\u00e9gulier peuvent \u00eatre g\u00eanants, m\u00eame apr\u00e8s que votre acn\u00e9 est sous contr\u00f4le. C'est l\u00e0 que notre s\u00e9rum resurfa\u00e7ant entre en jeu. Formul\u00e9 avec du r\u00e9tinol\u2026","rel":"","context":"Similar post","block_context":{"text":"Similar post","link":""},"img":{"alt_text":"","src":"","width":0,"height":0},"classes":[]},{"id":24177,"url":"https:\/\/sakaba.mghosteur.com\/en\/product\/cerave-sa-body-wash-for-rough-and-bumpy-skin\/","url_meta":{"origin":23969,"position":4},"title":"CERAVE SA BODY WASH FOR ROUGH AND BUMPY SKIN","author":"admin","date":"November 9, 2022","format":false,"excerpt":"Le nettoyant pour le corps CeraVe SA est sp\u00e9cialement con\u00e7u pour les peaux rugueuses et bossel\u00e9es. Il utilise une combinaison d'acide salicylique, de c\u00e9ramides, d'acide hyaluronique et de niacinamide pour nettoyer et exfolier en douceur tout en offrant une hydratation optimale. L'acide salicylique est un exfoliant doux qui aide \u00e0\u2026","rel":"","context":"Similar post","block_context":{"text":"Similar post","link":""},"img":{"alt_text":"","src":"","width":0,"height":0},"classes":[]},{"id":24192,"url":"https:\/\/sakaba.mghosteur.com\/en\/product\/cerave-facial-moisturizing-lotion-am-60ml-2\/","url_meta":{"origin":23969,"position":5},"title":"CERAVE FACIAL MOISTURIZING LOTION AM 60ML","author":"admin","date":"November 9, 2022","format":false,"excerpt":"La lotion hydratante pour le visage CeraVe AM avec FPS 30 est une cr\u00e8me hydratante quotidienne essentielle qui aide \u00e0 prot\u00e9ger votre peau des rayons UVA et UVB nocifs, tout en restaurant votre barri\u00e8re cutan\u00e9e. Enrichi en acide hyaluronique, niacinamide et c\u00e9ramides, cette formule non com\u00e9dog\u00e8ne hydrate la peau en\u2026","rel":"","context":"Similar post","block_context":{"text":"Similar post","link":""},"img":{"alt_text":"","src":"","width":0,"height":0},"classes":[]}],"_links":{"self":[{"href":"https:\/\/sakaba.mghosteur.com\/en\/wp-json\/wp\/v2\/product\/23969","targetHints":{"allow":["GET"]}}],"collection":[{"href":"https:\/\/sakaba.mghosteur.com\/en\/wp-json\/wp\/v2\/product"}],"about":[{"href":"https:\/\/sakaba.mghosteur.com\/en\/wp-json\/wp\/v2\/types\/product"}],"replies":[{"embeddable":true,"href":"https:\/\/sakaba.mghosteur.com\/en\/wp-json\/wp\/v2\/comments?post=23969"}],"version-history":[{"count":0,"href":"https:\/\/sakaba.mghosteur.com\/en\/wp-json\/wp\/v2\/product\/23969\/revisions"}],"wp:attachment":[{"href":"https:\/\/sakaba.mghosteur.com\/en\/wp-json\/wp\/v2\/media?parent=23969"}],"wp:term":[{"taxonomy":"product_brand","embeddable":true,"href":"https:\/\/sakaba.mghosteur.com\/en\/wp-json\/wp\/v2\/product_brand?post=23969"},{"taxonomy":"product_cat","embeddable":true,"href":"https:\/\/sakaba.mghosteur.com\/en\/wp-json\/wp\/v2\/product_cat?post=23969"},{"taxonomy":"product_tag","embeddable":true,"href":"https:\/\/sakaba.mghosteur.com\/en\/wp-json\/wp\/v2\/product_tag?post=23969"}],"curies":[{"name":"wp","href":"https:\/\/api.w.org\/{rel}","templated":true}]}}