{"id":23977,"date":"2022-11-09T13:23:33","date_gmt":"2022-11-09T13:23:33","guid":{"rendered":"http:\/\/www.sakababeauty.com\/?post_type=product&#038;p=23977"},"modified":"2022-11-09T13:23:33","modified_gmt":"2022-11-09T13:23:33","slug":"garnier-skinactive-clean-purifying-oil-free-cleansing-towelettes","status":"publish","type":"product","link":"https:\/\/sakaba.mghosteur.com\/en\/product\/garnier-skinactive-clean-purifying-oil-free-cleansing-towelettes\/","title":{"rendered":"Garnier SkinActive Clean+ Purifying Oil-Free Cleansing Towelettes"},"content":{"rendered":"","protected":false},"excerpt":{"rendered":"","protected":false},"featured_media":0,"comment_status":"closed","ping_status":"closed","template":"","meta":[],"product_brand":[],"product_cat":[377],"product_tag":[],"class_list":{"0":"post-23977","1":"product","2":"type-product","3":"status-publish","5":"product_cat-bath-body-works","7":"first","8":"instock","9":"shipping-taxable","10":"product-type-simple"},"jetpack-related-posts":[{"id":24048,"url":"https:\/\/sakaba.mghosteur.com\/en\/product\/garnier-skinactive-micellar-makeup-removing-wipes500\/","url_meta":{"origin":23977,"position":0},"title":"Garnier SkinActive Micellar Makeup Removing WIPES500","author":"admin","date":"November 9, 2022","format":false,"excerpt":"","rel":"","context":"Similar post","block_context":{"text":"Similar post","link":""},"img":{"alt_text":"","src":"","width":0,"height":0},"classes":[]},{"id":24078,"url":"https:\/\/sakaba.mghosteur.com\/en\/product\/garnier-skinactive-micellar-makeup-removing-wipes\/","url_meta":{"origin":23977,"position":1},"title":"Garnier SkinActive Micellar Makeup Removing WIPES","author":"admin","date":"November 9, 2022","format":false,"excerpt":"","rel":"","context":"Similar post","block_context":{"text":"Similar post","link":""},"img":{"alt_text":"","src":"","width":0,"height":0},"classes":[]},{"id":24054,"url":"https:\/\/sakaba.mghosteur.com\/en\/product\/garnier-skinactive-micellar-water-all-in-1-700ml\/","url_meta":{"origin":23977,"position":2},"title":"Garnier SkinActive Micellar Water All-In-1 700ML","author":"admin","date":"November 9, 2022","format":false,"excerpt":"","rel":"","context":"Similar post","block_context":{"text":"Similar post","link":""},"img":{"alt_text":"","src":"","width":0,"height":0},"classes":[]},{"id":24019,"url":"https:\/\/sakaba.mghosteur.com\/en\/product\/neutrogena-deep-clean-purifying-cream-to-foam\/","url_meta":{"origin":23977,"position":3},"title":"NEUTROGENA DEEP CLEAN PURIFYING CREAM TO FOAM","author":"admin","date":"November 9, 2022","format":false,"excerpt":"D\u00e9couvrez le Deep Clean Purifying Cream to Foam Detox Cleanser de Neutrogena, une cr\u00e8me nettoyante qui purifie votre peau en une seule \u00e9tape facile. Ce nettoyant pour le visage \u00e0 base de cr\u00e8me nettoie efficacement en profondeur les pores pour \u00e9liminer la salet\u00e9, l'huile et autres impuret\u00e9s qui polluent votre\u2026","rel":"","context":"Similar post","block_context":{"text":"Similar post","link":""},"img":{"alt_text":"","src":"","width":0,"height":0},"classes":[]},{"id":24057,"url":"https:\/\/sakaba.mghosteur.com\/en\/product\/garnier-micellar-cleansing-water-all-skin-types-23-7-oz\/","url_meta":{"origin":23977,"position":4},"title":"Garnier Micellar Cleansing Water &#8211; All Skin Types 23.7 OZ","author":"admin","date":"November 9, 2022","format":false,"excerpt":"","rel":"","context":"Similar post","block_context":{"text":"Similar post","link":""},"img":{"alt_text":"","src":"","width":0,"height":0},"classes":[]},{"id":30242,"url":"https:\/\/sakaba.mghosteur.com\/en\/product\/deep-clean-purifying-wash-off-clay-mask\/","url_meta":{"origin":23977,"position":5},"title":"Deep Clean Purifying Wash-Off Clay Mask","author":"admin","date":"May 4, 2023","format":false,"excerpt":"Un masque \u00e0 l'argile purifiant et nettoyant en profondeur est un type de produit de soin con\u00e7u pour aider \u00e0 \u00e9liminer les impuret\u00e9s et l'exc\u00e8s de s\u00e9bum de la peau. Le masque est g\u00e9n\u00e9ralement fabriqu\u00e9 \u00e0 partir d'une combinaison d'argiles naturelles, telles que la bentonite, le kaolin ou Pour utiliser\u2026","rel":"","context":"Similar post","block_context":{"text":"Similar post","link":""},"img":{"alt_text":"","src":"","width":0,"height":0},"classes":[]}],"_links":{"self":[{"href":"https:\/\/sakaba.mghosteur.com\/en\/wp-json\/wp\/v2\/product\/23977","targetHints":{"allow":["GET"]}}],"collection":[{"href":"https:\/\/sakaba.mghosteur.com\/en\/wp-json\/wp\/v2\/product"}],"about":[{"href":"https:\/\/sakaba.mghosteur.com\/en\/wp-json\/wp\/v2\/types\/product"}],"replies":[{"embeddable":true,"href":"https:\/\/sakaba.mghosteur.com\/en\/wp-json\/wp\/v2\/comments?post=23977"}],"version-history":[{"count":0,"href":"https:\/\/sakaba.mghosteur.com\/en\/wp-json\/wp\/v2\/product\/23977\/revisions"}],"wp:attachment":[{"href":"https:\/\/sakaba.mghosteur.com\/en\/wp-json\/wp\/v2\/media?parent=23977"}],"wp:term":[{"taxonomy":"product_brand","embeddable":true,"href":"https:\/\/sakaba.mghosteur.com\/en\/wp-json\/wp\/v2\/product_brand?post=23977"},{"taxonomy":"product_cat","embeddable":true,"href":"https:\/\/sakaba.mghosteur.com\/en\/wp-json\/wp\/v2\/product_cat?post=23977"},{"taxonomy":"product_tag","embeddable":true,"href":"https:\/\/sakaba.mghosteur.com\/en\/wp-json\/wp\/v2\/product_tag?post=23977"}],"curies":[{"name":"wp","href":"https:\/\/api.w.org\/{rel}","templated":true}]}}