{"id":23978,"date":"2022-11-09T12:28:35","date_gmt":"2022-11-09T12:28:35","guid":{"rendered":"http:\/\/www.sakababeauty.com\/?post_type=product&#038;p=23978"},"modified":"2024-09-02T04:38:17","modified_gmt":"2024-09-02T04:38:17","slug":"neutrogena-sheer-oil-lotion-sesame-formula","status":"publish","type":"product","link":"https:\/\/sakaba.mghosteur.com\/en\/product\/neutrogena-sheer-oil-lotion-sesame-formula\/","title":{"rendered":"Neutrogena Sheer Oil-Lotion sesame formula"},"content":{"rendered":"<p>Flacon pompe de 32 onces liquides de lotion pour le corps l\u00e9g\u00e8re et hydratante enrichie d&#8217;huile de s\u00e9same de la marque de soins de la peau Neutrogena recommand\u00e9e par les dermatologues. La formule mi-lotion mi-huile de s\u00e9same de cet hydratant pour le corps adoucit la peau tout en l&#8217;hydratant et s&#8217;absorbe rapidement avec une sensation de l\u00e9g\u00e8ret\u00e9, laissant la peau hydrat\u00e9e sans la sensation de lourdeur des autres lotions.<\/p>\n<p>Formul\u00e9e pour le corps, cette lotion pour le corps \u00e0 l&#8217;huile de s\u00e9same glisse facilement et hydrate en profondeur pour que la peau soit douce, soyeuse et lisse. La lotion pour le corps \u00e0 l&#8217;huile est si transparente et l\u00e9g\u00e8re qu&#8217;elle absorbe instantan\u00e9ment permettant \u00e0 votre peau de respirer et est non com\u00e9dog\u00e8ne pour ne pas obstruer les pores, ce qui la rend adapt\u00e9e \u00e0 tous les types de peau.<\/p>\n<p>Adapt\u00e9 \u00e0 un usage quotidien, appliquez cet hydratant pour le corps sur votre peau apr\u00e8s le bain et tout au long de la journ\u00e9e pour une peau radieuse et d&#8217;apparence plus saine.<\/p>","protected":false},"excerpt":{"rendered":"<p>Flacon pompe de 32 onces liquides de lotion pour le corps l\u00e9g\u00e8re et hydratante enrichie d&#8217;huile de s\u00e9same de la marque de soins de la peau Neutrogena recommand\u00e9e par les dermatologues. La formule mi-lotion mi-huile de s\u00e9same de cet hydratant pour le corps adoucit la peau tout en l&#8217;hydratant et s&#8217;absorbe rapidement avec une sensation<span class=\"read-more-faq\"><a href=\"https:\/\/sakaba.mghosteur.com\/en\/product\/neutrogena-sheer-oil-lotion-sesame-formula\/\">Read More<\/a><\/span><\/p>","protected":false},"featured_media":0,"comment_status":"closed","ping_status":"closed","template":"","meta":[],"product_brand":[],"product_cat":[447,1061],"product_tag":[],"class_list":{"0":"post-23978","1":"product","2":"type-product","3":"status-publish","5":"product_cat-aac-bain-et-corps","6":"product_cat-lait-huile_corporelle","8":"first","9":"instock","10":"shipping-taxable","11":"product-type-simple"},"jetpack-related-posts":[{"id":24002,"url":"https:\/\/sakaba.mghosteur.com\/en\/product\/neutrogena-body-oil-light-sesame-formula\/","url_meta":{"origin":23978,"position":0},"title":"NEUTROGENA BODY OIL LIGHT SESAME FORMULA","author":"admin","date":"November 9, 2022","format":false,"excerpt":"D\u00e9couvrez l'huile pour le corps Neutrogena \u00ae, une formule l\u00e9g\u00e8re au s\u00e9same sp\u00e9cialement con\u00e7ue pour les peaux s\u00e8ches. Cette huile corporelle pure et hydratante est un v\u00e9ritable plaisir pour votre peau. La formule d\u00e9licate au s\u00e9same se fond facilement dans votre peau pour vous offrir une hydratation essentielle. Gr\u00e2ce \u00e0\u2026","rel":"","context":"Similar post","block_context":{"text":"Similar post","link":""},"img":{"alt_text":"","src":"","width":0,"height":0},"classes":[]},{"id":24134,"url":"https:\/\/sakaba.mghosteur.com\/en\/product\/jergens-hydrating-coconut\/","url_meta":{"origin":23978,"position":1},"title":"JERGENS HYDRATING COCONUT","author":"admin","date":"November 9, 2022","format":false,"excerpt":"D\u00e9couvrez la lotion hydratante pour les mains et le corps \u00e0 la noix de coco de Jergens de la marque Satin Skin ! Cette lotion est impr\u00e9gn\u00e9e d'huile pour une hydratation instantan\u00e9e et intense de votre peau. Gr\u00e2ce \u00e0 la combinaison unique d'eau de coco et d'huile de coco, cette\u2026","rel":"","context":"Similar post","block_context":{"text":"Similar post","link":""},"img":{"alt_text":"","src":"","width":0,"height":0},"classes":[]},{"id":29933,"url":"https:\/\/sakaba.mghosteur.com\/en\/product\/vaseline-soothing-hyration-600-ml\/","url_meta":{"origin":23978,"position":2},"title":"VASELINE SOOTHING HYRATION 600 ML","author":"admin","date":"April 28, 2023","format":false,"excerpt":"D\u00e9couvrez la lotion pour le corps hydratante apaisante Vaseline Intensive Care, sp\u00e9cialement con\u00e7ue pour les peaux s\u00e8ches et d\u00e9shydrat\u00e9es. Cette lotion pour le corps contient des lipides ultra-hydratants qui aident \u00e0 renforcer la barri\u00e8re cutan\u00e9e et \u00e0 reconstituer l'hydratation de votre peau. L'extrait d'aloe vera \u00e0 1 % contenu dans\u2026","rel":"","context":"Similar post","block_context":{"text":"Similar post","link":""},"img":{"alt_text":"","src":"","width":0,"height":0},"classes":[]},{"id":29893,"url":"https:\/\/sakaba.mghosteur.com\/en\/product\/vaseline-advanced-repair-unscented-600ml\/","url_meta":{"origin":23978,"position":3},"title":"VASELINE ADVANCED REPAIR UNSCENTED 600ML","author":"admin","date":"April 27, 2023","format":false,"excerpt":"La lotion inodore Vaseline Intensive Care Advanced Repair est sp\u00e9cialement con\u00e7ue pour hydrater les peaux s\u00e8ches et tenaces. Test\u00e9e par des dermatologues, elle procure une hydratation cicatrisante rapide pour une peau douce et d'apparence saine. Sa formule \u00e0 absorption rapide contient des microgouttelettes de gel\u00e9e Vaseline et des lipides ultra-hydratants\u2026","rel":"","context":"Similar post","block_context":{"text":"Similar post","link":""},"img":{"alt_text":"","src":"","width":0,"height":0},"classes":[]},{"id":29899,"url":"https:\/\/sakaba.mghosteur.com\/en\/product\/vaseline-calm-healing-600ml\/","url_meta":{"origin":23978,"position":4},"title":"VASELINE CALM HEALING 600ML","author":"admin","date":"April 27, 2023","format":false,"excerpt":"D\u00e9couvrez la lotion apaisante Vaseline Intensive Care pour une peau s\u00e8che et stress\u00e9e. Cette lotion test\u00e9e par des dermatologues est con\u00e7ue pour aider \u00e0 gu\u00e9rir et \u00e0 restaurer la peau s\u00e8che tout en procurant un moment de d\u00e9tente gr\u00e2ce \u00e0 son l\u00e9ger parfum de lavande. Elle contient de l'extrait de\u2026","rel":"","context":"Similar post","block_context":{"text":"Similar post","link":""},"img":{"alt_text":"","src":"","width":0,"height":0},"classes":[]},{"id":24138,"url":"https:\/\/sakaba.mghosteur.com\/en\/product\/jergens-enriching-shea-butter\/","url_meta":{"origin":23978,"position":5},"title":"JERGENS ENRICHING SHEA BUTTER","author":"admin","date":"November 9, 2022","format":false,"excerpt":"La lotion pour le corps et les mains enrichissante au beurre de karit\u00e9 de Jergens de Satin Skin est un hydratant en profondeur qui revitalise la peau terne et s\u00e8che. Sa formule l\u00e9g\u00e8rement parfum\u00e9e hydrate et renforce la brillance de la peau, la laissant 3 fois plus \u00e9clatante. Cette formule\u2026","rel":"","context":"Similar post","block_context":{"text":"Similar post","link":""},"img":{"alt_text":"","src":"","width":0,"height":0},"classes":[]}],"_links":{"self":[{"href":"https:\/\/sakaba.mghosteur.com\/en\/wp-json\/wp\/v2\/product\/23978","targetHints":{"allow":["GET"]}}],"collection":[{"href":"https:\/\/sakaba.mghosteur.com\/en\/wp-json\/wp\/v2\/product"}],"about":[{"href":"https:\/\/sakaba.mghosteur.com\/en\/wp-json\/wp\/v2\/types\/product"}],"replies":[{"embeddable":true,"href":"https:\/\/sakaba.mghosteur.com\/en\/wp-json\/wp\/v2\/comments?post=23978"}],"version-history":[{"count":0,"href":"https:\/\/sakaba.mghosteur.com\/en\/wp-json\/wp\/v2\/product\/23978\/revisions"}],"wp:attachment":[{"href":"https:\/\/sakaba.mghosteur.com\/en\/wp-json\/wp\/v2\/media?parent=23978"}],"wp:term":[{"taxonomy":"product_brand","embeddable":true,"href":"https:\/\/sakaba.mghosteur.com\/en\/wp-json\/wp\/v2\/product_brand?post=23978"},{"taxonomy":"product_cat","embeddable":true,"href":"https:\/\/sakaba.mghosteur.com\/en\/wp-json\/wp\/v2\/product_cat?post=23978"},{"taxonomy":"product_tag","embeddable":true,"href":"https:\/\/sakaba.mghosteur.com\/en\/wp-json\/wp\/v2\/product_tag?post=23978"}],"curies":[{"name":"wp","href":"https:\/\/api.w.org\/{rel}","templated":true}]}}