{"id":24000,"date":"2022-11-09T12:30:19","date_gmt":"2022-11-09T12:30:19","guid":{"rendered":"http:\/\/www.sakababeauty.com\/?post_type=product&#038;p=24000"},"modified":"2024-09-02T04:30:15","modified_gmt":"2024-09-02T04:30:15","slug":"neutrogena-rainbath-refreshing-shower-and-bath-gel","status":"publish","type":"product","link":"https:\/\/sakaba.mghosteur.com\/en\/product\/neutrogena-rainbath-refreshing-shower-and-bath-gel\/","title":{"rendered":"NEUTROGENA RAINBATH REFRESHING SHOWER AND BATH GEL"},"content":{"rendered":"<p>Offrez \u00e0 votre corps une exp\u00e9rience de douche ou de bain rafra\u00eechissante avec le gel douche et bain Rainbath de Neutrogena. Ce nettoyant pour le corps est l&#8217;un des produits les plus vendus et vous pouvez compter sur lui pour adoucir et revitaliser votre peau sans laisser de r\u00e9sidus lourds. Sa mousse riche utilise un parfum unique d&#8217;\u00e9pices, de fruits et d&#8217;herbes pour \u00e9veiller vos sens et rafra\u00eechir votre corps. Ce gel douche nettoie \u00e9galement les bact\u00e9ries pour une sensation de propret\u00e9 ultime. Utilisez-le sous la douche avec les mains humidifi\u00e9es, une houppette ou un gant de toilette en le faisant mousser doucement puis rincer. Pour une exp\u00e9rience de bain, distribuez-le dans l&#8217;eau courante. Vous pouvez \u00e9galement l&#8217;utiliser comme gel de rasage lissant pour les jambes. Choisissez le gel douche et bain Rainbath de Neutrogena pour une peau propre, douce et revitalis\u00e9e.<\/p>","protected":false},"excerpt":{"rendered":"<p>Offrez \u00e0 votre corps une exp\u00e9rience de douche ou de bain rafra\u00eechissante avec le gel douche et bain Rainbath de Neutrogena. Ce nettoyant pour le corps est l&#8217;un des produits les plus vendus et vous pouvez compter sur lui pour adoucir et revitaliser votre peau sans laisser de r\u00e9sidus lourds. Sa mousse riche utilise un<span class=\"read-more-faq\"><a href=\"https:\/\/sakaba.mghosteur.com\/en\/product\/neutrogena-rainbath-refreshing-shower-and-bath-gel\/\">Read More<\/a><\/span><\/p>","protected":false},"featured_media":0,"comment_status":"closed","ping_status":"closed","template":"","meta":[],"product_brand":[],"product_cat":[358,447],"product_tag":[],"class_list":{"0":"post-24000","1":"product","2":"type-product","3":"status-publish","5":"product_cat-bain-douche","6":"product_cat-aac-bain-et-corps","8":"first","9":"instock","10":"shipping-taxable","11":"product-type-simple"},"jetpack-related-posts":[{"id":30362,"url":"https:\/\/sakaba.mghosteur.com\/en\/product\/neutrogena-rainbath-bath-gel-pear-green-tea\/","url_meta":{"origin":24000,"position":0},"title":"NEUTROGENA RAINBATH BATH GEL PEAR &amp; GREEN TEA","author":"admin","date":"May 9, 2023","format":false,"excerpt":"D\u00e9couvrez le gel douche et bain r\u00e9g\u00e9n\u00e9rant Rainbath\u00ae Poire & Th\u00e9 vert de Neutrogena. Sa formule unique nettoie en profondeur votre peau avec une mousse riche et hydratante pour la laisser douce, lisse et vraiment renouvel\u00e9e. Le parfum frais et d\u00e9licat de poire et de th\u00e9 vert apporte une touche\u2026","rel":"","context":"Similar post","block_context":{"text":"Similar post","link":""},"img":{"alt_text":"","src":"","width":0,"height":0},"classes":[]},{"id":30358,"url":"https:\/\/sakaba.mghosteur.com\/en\/product\/neutrogena-rainbath-bath-gel-ocean-mist\/","url_meta":{"origin":24000,"position":1},"title":"NEUTROGENA RAINBATH BATH GEL OCEAN MIST","author":"admin","date":"May 9, 2023","format":false,"excerpt":"D\u00e9couvrez le gel douche et bain Neutrogena Rainbath Reconstituant \u00e0 la Brume Oc\u00e9ane, qui vous permet de r\u00e9g\u00e9n\u00e9rer l'apparence de votre peau chaque matin. Ce gel douche au parfum frais de brume oc\u00e9anique tropicale \u00e9veille vos sens et laisse votre peau se sentir renouvel\u00e9e. Sa mousse riche et cr\u00e9meuse se\u2026","rel":"","context":"Similar post","block_context":{"text":"Similar post","link":""},"img":{"alt_text":"","src":"","width":0,"height":0},"classes":[]},{"id":30353,"url":"https:\/\/sakaba.mghosteur.com\/en\/product\/neutrogena-rainbath-bath-gel-fresh-plum\/","url_meta":{"origin":24000,"position":2},"title":"NEUTROGENA RAINBATH BATH GEL FRESH PLUM","author":"admin","date":"May 8, 2023","format":false,"excerpt":"D\u00e9couvrez le gel douche et bain Neutrogena Rainbath Restoring Fresh Plum, con\u00e7u pour aider \u00e0 restaurer l'apparence et la sensation saines de votre peau. Le parfum frais et m\u00fbr de prunes et de fleurs vous transporte dans une exp\u00e9rience de spa relaxante. Ce gel douche hydratant nettoie en douceur, adoucit\u2026","rel":"","context":"Similar post","block_context":{"text":"Similar post","link":""},"img":{"alt_text":"","src":"","width":0,"height":0},"classes":[]},{"id":24004,"url":"https:\/\/sakaba.mghosteur.com\/en\/product\/neutrogena-rainbath-bath-gel\/","url_meta":{"origin":24000,"position":3},"title":"NEUTROGENA RAINBATH BATH GEL","author":"admin","date":"November 9, 2022","format":false,"excerpt":"","rel":"","context":"Similar post","block_context":{"text":"Similar post","link":""},"img":{"alt_text":"","src":"","width":0,"height":0},"classes":[]},{"id":32165,"url":"https:\/\/sakaba.mghosteur.com\/en\/product\/tree-hut-gel-de-douche-watermelon-hydrate-glow\/","url_meta":{"origin":24000,"position":4},"title":"TREE HUT GEL DE DOUCHE WATERMELON HYDRATE + GLOW","author":"admin","date":"May 13, 2024","format":false,"excerpt":"Rafra\u00eechissez votre routine de douche avec le gel nettoyant moussant Tree Hut au parfum rafra\u00eechissant de past\u00e8que. Enveloppez votre corps d'une mousse luxueuse qui nourrit la peau et laisse un parfum longue dur\u00e9e. Les produits nettoyants Tree Hut sont infus\u00e9s de complexe d'huiles hydratantes, riche en huiles d'avocat, de kiwi\u2026","rel":"","context":"Similar post","block_context":{"text":"Similar post","link":""},"img":{"alt_text":"","src":"","width":0,"height":0},"classes":[]},{"id":32162,"url":"https:\/\/sakaba.mghosteur.com\/en\/product\/tree-hut-gel-de-douche-vitamine-c-brighten-tone\/","url_meta":{"origin":24000,"position":5},"title":"TREE HUT GEL DE DOUCHE VITAMINE C BRIGHTEN + TONE","author":"admin","date":"May 13, 2024","format":false,"excerpt":"Rafra\u00eechissez votre routine de douche avec le gel nettoyant moussant Tree Hut au parfum \u00e9clatant de vitamine C. Enveloppez votre corps d'une mousse luxueuse qui nourrit la peau et laisse un parfum longue dur\u00e9e. Les produits nettoyants Tree Hut sont infus\u00e9s de complexe d'huiles hydratantes, riche en huiles d'avocat, de\u2026","rel":"","context":"Similar post","block_context":{"text":"Similar post","link":""},"img":{"alt_text":"","src":"","width":0,"height":0},"classes":[]}],"_links":{"self":[{"href":"https:\/\/sakaba.mghosteur.com\/en\/wp-json\/wp\/v2\/product\/24000","targetHints":{"allow":["GET"]}}],"collection":[{"href":"https:\/\/sakaba.mghosteur.com\/en\/wp-json\/wp\/v2\/product"}],"about":[{"href":"https:\/\/sakaba.mghosteur.com\/en\/wp-json\/wp\/v2\/types\/product"}],"replies":[{"embeddable":true,"href":"https:\/\/sakaba.mghosteur.com\/en\/wp-json\/wp\/v2\/comments?post=24000"}],"version-history":[{"count":0,"href":"https:\/\/sakaba.mghosteur.com\/en\/wp-json\/wp\/v2\/product\/24000\/revisions"}],"wp:attachment":[{"href":"https:\/\/sakaba.mghosteur.com\/en\/wp-json\/wp\/v2\/media?parent=24000"}],"wp:term":[{"taxonomy":"product_brand","embeddable":true,"href":"https:\/\/sakaba.mghosteur.com\/en\/wp-json\/wp\/v2\/product_brand?post=24000"},{"taxonomy":"product_cat","embeddable":true,"href":"https:\/\/sakaba.mghosteur.com\/en\/wp-json\/wp\/v2\/product_cat?post=24000"},{"taxonomy":"product_tag","embeddable":true,"href":"https:\/\/sakaba.mghosteur.com\/en\/wp-json\/wp\/v2\/product_tag?post=24000"}],"curies":[{"name":"wp","href":"https:\/\/api.w.org\/{rel}","templated":true}]}}