{"id":24002,"date":"2022-11-09T12:32:28","date_gmt":"2022-11-09T12:32:28","guid":{"rendered":"http:\/\/www.sakababeauty.com\/?post_type=product&#038;p=24002"},"modified":"2024-09-02T04:26:28","modified_gmt":"2024-09-02T04:26:28","slug":"neutrogena-body-oil-light-sesame-formula","status":"publish","type":"product","link":"https:\/\/sakaba.mghosteur.com\/en\/product\/neutrogena-body-oil-light-sesame-formula\/","title":{"rendered":"NEUTROGENA BODY OIL LIGHT SESAME FORMULA"},"content":{"rendered":"<p>D\u00e9couvrez l&#8217;huile pour le corps Neutrogena \u00ae, une formule l\u00e9g\u00e8re au s\u00e9same sp\u00e9cialement con\u00e7ue pour les peaux s\u00e8ches. Cette huile corporelle pure et hydratante est un v\u00e9ritable plaisir pour votre peau. La formule d\u00e9licate au s\u00e9same se fond facilement dans votre peau pour vous offrir une hydratation essentielle. Gr\u00e2ce \u00e0 sa texture l\u00e9g\u00e8re, cette huile corporelle glisse facilement et laisse votre peau douce et soyeuse.<\/p>\n<p>Vous pouvez choisir entre la version originale et la version sans parfum pour r\u00e9pondre \u00e0 vos besoins sp\u00e9cifiques. Les ingr\u00e9dients cl\u00e9s, tels que l&#8217;huile de s\u00e9same, nourrissent votre peau en profondeur pour la rendre plus douce et plus souple.<\/p>\n<p>Pour profiter au maximum de cette huile corporelle hydratante, appliquez quelques gouttes sur votre peau encore humide apr\u00e8s votre douche ou votre bain. Vous pouvez \u00e9galement ajouter l&#8217;huile dans votre bain pour nourrir votre peau pendant que vous vous d\u00e9tendez. Offrez \u00e0 votre peau une exp\u00e9rience de soin hydratante et luxueuse avec l&#8217;huile pour le corps Neutrogena \u00ae.<\/p>","protected":false},"excerpt":{"rendered":"<p>D\u00e9couvrez l&#8217;huile pour le corps Neutrogena \u00ae, une formule l\u00e9g\u00e8re au s\u00e9same sp\u00e9cialement con\u00e7ue pour les peaux s\u00e8ches. Cette huile corporelle pure et hydratante est un v\u00e9ritable plaisir pour votre peau. La formule d\u00e9licate au s\u00e9same se fond facilement dans votre peau pour vous offrir une hydratation essentielle. Gr\u00e2ce \u00e0 sa texture l\u00e9g\u00e8re, cette huile<span class=\"read-more-faq\"><a href=\"https:\/\/sakaba.mghosteur.com\/en\/product\/neutrogena-body-oil-light-sesame-formula\/\">Read More<\/a><\/span><\/p>","protected":false},"featured_media":0,"comment_status":"closed","ping_status":"closed","template":"","meta":[],"product_brand":[],"product_cat":[447,1061],"product_tag":[],"class_list":{"0":"post-24002","1":"product","2":"type-product","3":"status-publish","5":"product_cat-aac-bain-et-corps","6":"product_cat-lait-huile_corporelle","8":"first","9":"instock","10":"shipping-taxable","11":"product-type-simple"},"jetpack-related-posts":[{"id":23978,"url":"https:\/\/sakaba.mghosteur.com\/en\/product\/neutrogena-sheer-oil-lotion-sesame-formula\/","url_meta":{"origin":24002,"position":0},"title":"Neutrogena Sheer Oil-Lotion sesame formula","author":"admin","date":"November 9, 2022","format":false,"excerpt":"Flacon pompe de 32 onces liquides de lotion pour le corps l\u00e9g\u00e8re et hydratante enrichie d'huile de s\u00e9same de la marque de soins de la peau Neutrogena recommand\u00e9e par les dermatologues. La formule mi-lotion mi-huile de s\u00e9same de cet hydratant pour le corps adoucit la peau tout en l'hydratant et\u2026","rel":"","context":"Similar post","block_context":{"text":"Similar post","link":""},"img":{"alt_text":"","src":"","width":0,"height":0},"classes":[]},{"id":24017,"url":"https:\/\/sakaba.mghosteur.com\/en\/product\/neutrogene-hydro-boost-body-gel-cream\/","url_meta":{"origin":24002,"position":1},"title":"NEUTROGENA Hydro Boost Body gel Cream","author":"admin","date":"November 9, 2022","format":false,"excerpt":"Le Gel-cr\u00e8me corporel Hydro Boost de Neutrogena est un produit de soin du corps expert en hydratation, con\u00e7u pour apporter une expertise avanc\u00e9e en mati\u00e8re d'hydratation du visage aux soins du corps. Cette formule ultra-l\u00e9g\u00e8re et rafra\u00eechissante est aliment\u00e9e par de l'acide hyaluronique, capable de retenir jusqu'\u00e0 1000 fois son\u2026","rel":"","context":"Similar post","block_context":{"text":"Similar post","link":""},"img":{"alt_text":"","src":"","width":0,"height":0},"classes":[]},{"id":56187,"url":"https:\/\/sakaba.mghosteur.com\/en\/product\/eos-cashmere-body-oil-vanilla-cashmere\/","url_meta":{"origin":24002,"position":2},"title":"eos Cashmere Body Oil  Vanilla Cashmere","author":"Sope DIA","date":"January 2, 2026","format":false,"excerpt":"COMPLEXE DOUX CACHEMIRE : Notre formule d'huile corporelle Cachemire Vanille contient les beurres les plus naturellement hydratants et protecteurs pour une peau douce et velout\u00e9e comme du cachemire ; le beurre de karit\u00e9 adoucit et nourrit, le beurre de cacao hydrate tandis que le beurre d'argan apaise et lisse. HYDRATATION\u2026","rel":"","context":"Similar post","block_context":{"text":"Similar post","link":""},"img":{"alt_text":"","src":"","width":0,"height":0},"classes":[]},{"id":24009,"url":"https:\/\/sakaba.mghosteur.com\/en\/product\/neutrogena-hydro-boost-hydrating-cleansing-gel\/","url_meta":{"origin":24002,"position":3},"title":"NEUTROGENA HYDRO BOOST HYDRATING CLEANSING GEL","author":"admin","date":"November 9, 2022","format":false,"excerpt":"D\u00e9couvrez le Gel Nettoyant et D\u00e9maquillant sans Huile de Neutrogena, le compagnon parfait pour une peau d'apparence saine et hydrat\u00e9e. Ce nettoyant pour le visage l\u00e9ger est formul\u00e9 avec de l'acide hyaluronique, offrant une hydratation en profondeur pour une peau douce et \u00e9clatante. Il \u00e9limine efficacement les impuret\u00e9s, l'exc\u00e8s de\u2026","rel":"","context":"Similar post","block_context":{"text":"Similar post","link":""},"img":{"alt_text":"","src":"","width":0,"height":0},"classes":[]},{"id":29666,"url":"https:\/\/sakaba.mghosteur.com\/en\/product\/palmers-coconut-hydrate-body-oil\/","url_meta":{"origin":24002,"position":4},"title":"PALMERS COCONUT HYDRATE BODY OIL","author":"admin","date":"April 13, 2023","format":false,"excerpt":"L'huile corporelle hydratante \u00e0 la noix de coco de Palmer's est une formule de qualit\u00e9 sup\u00e9rieure qui hydrate intens\u00e9ment votre peau pendant 48 heures. Cette huile est enrichie en huile de noix de coco extra vierge biologique certifi\u00e9e \u00e9quitable, reconnue pour ses propri\u00e9t\u00e9s nourrissantes et r\u00e9g\u00e9n\u00e9rantes. De plus, elle contient\u2026","rel":"","context":"Similar post","block_context":{"text":"Similar post","link":""},"img":{"alt_text":"","src":"","width":0,"height":0},"classes":[]},{"id":56126,"url":"https:\/\/sakaba.mghosteur.com\/en\/product\/advanced-clinicals-vitamin-c-brightening-body-oil\/","url_meta":{"origin":24002,"position":5},"title":"Advanced Clinicals Vitamin C Brightening Body Oil","author":"Sope DIA","date":"January 2, 2026","format":false,"excerpt":"L'HUILE CORPORELLE \u00c0 LA VITAMINE C REVIENT LES TEINTS TERN\u00c9S POUR UN \u00c9CLAT \u00c9CLATANT ET SOUPLE \u2013 Cette huile corporelle nourrissante am\u00e9liore l'hydratation tout en adoucissant l'apparence des peaux irr\u00e9guli\u00e8res et ternes. La peau est douce, visiblement rafra\u00eechie et revitalis\u00e9e, avec un \u00e9clat sain. Formul\u00e9e par des chimistes cosm\u00e9tiques pour\u2026","rel":"","context":"Similar post","block_context":{"text":"Similar post","link":""},"img":{"alt_text":"","src":"","width":0,"height":0},"classes":[]}],"_links":{"self":[{"href":"https:\/\/sakaba.mghosteur.com\/en\/wp-json\/wp\/v2\/product\/24002","targetHints":{"allow":["GET"]}}],"collection":[{"href":"https:\/\/sakaba.mghosteur.com\/en\/wp-json\/wp\/v2\/product"}],"about":[{"href":"https:\/\/sakaba.mghosteur.com\/en\/wp-json\/wp\/v2\/types\/product"}],"replies":[{"embeddable":true,"href":"https:\/\/sakaba.mghosteur.com\/en\/wp-json\/wp\/v2\/comments?post=24002"}],"version-history":[{"count":0,"href":"https:\/\/sakaba.mghosteur.com\/en\/wp-json\/wp\/v2\/product\/24002\/revisions"}],"wp:attachment":[{"href":"https:\/\/sakaba.mghosteur.com\/en\/wp-json\/wp\/v2\/media?parent=24002"}],"wp:term":[{"taxonomy":"product_brand","embeddable":true,"href":"https:\/\/sakaba.mghosteur.com\/en\/wp-json\/wp\/v2\/product_brand?post=24002"},{"taxonomy":"product_cat","embeddable":true,"href":"https:\/\/sakaba.mghosteur.com\/en\/wp-json\/wp\/v2\/product_cat?post=24002"},{"taxonomy":"product_tag","embeddable":true,"href":"https:\/\/sakaba.mghosteur.com\/en\/wp-json\/wp\/v2\/product_tag?post=24002"}],"curies":[{"name":"wp","href":"https:\/\/api.w.org\/{rel}","templated":true}]}}