{"id":24004,"date":"2022-11-09T12:37:48","date_gmt":"2022-11-09T12:37:48","guid":{"rendered":"http:\/\/www.sakababeauty.com\/?post_type=product&#038;p=24004"},"modified":"2024-09-02T16:00:01","modified_gmt":"2024-09-02T16:00:01","slug":"neutrogena-rainbath-bath-gel","status":"publish","type":"product","link":"https:\/\/sakaba.mghosteur.com\/en\/product\/neutrogena-rainbath-bath-gel\/","title":{"rendered":"NEUTROGENA RAINBATH BATH GEL"},"content":{"rendered":"","protected":false},"excerpt":{"rendered":"","protected":false},"featured_media":0,"comment_status":"closed","ping_status":"closed","template":"","meta":[],"product_brand":[],"product_cat":[358,447],"product_tag":[],"class_list":{"0":"post-24004","1":"product","2":"type-product","3":"status-publish","5":"product_cat-bain-douche","6":"product_cat-aac-bain-et-corps","8":"first","9":"instock","10":"shipping-taxable","11":"product-type-variable"},"jetpack-related-posts":[{"id":30353,"url":"https:\/\/sakaba.mghosteur.com\/en\/product\/neutrogena-rainbath-bath-gel-fresh-plum\/","url_meta":{"origin":24004,"position":0},"title":"NEUTROGENA RAINBATH BATH GEL FRESH PLUM","author":"admin","date":"May 8, 2023","format":false,"excerpt":"D\u00e9couvrez le gel douche et bain Neutrogena Rainbath Restoring Fresh Plum, con\u00e7u pour aider \u00e0 restaurer l'apparence et la sensation saines de votre peau. Le parfum frais et m\u00fbr de prunes et de fleurs vous transporte dans une exp\u00e9rience de spa relaxante. Ce gel douche hydratant nettoie en douceur, adoucit\u2026","rel":"","context":"Similar post","block_context":{"text":"Similar post","link":""},"img":{"alt_text":"","src":"","width":0,"height":0},"classes":[]},{"id":30358,"url":"https:\/\/sakaba.mghosteur.com\/en\/product\/neutrogena-rainbath-bath-gel-ocean-mist\/","url_meta":{"origin":24004,"position":1},"title":"NEUTROGENA RAINBATH BATH GEL OCEAN MIST","author":"admin","date":"May 9, 2023","format":false,"excerpt":"D\u00e9couvrez le gel douche et bain Neutrogena Rainbath Reconstituant \u00e0 la Brume Oc\u00e9ane, qui vous permet de r\u00e9g\u00e9n\u00e9rer l'apparence de votre peau chaque matin. Ce gel douche au parfum frais de brume oc\u00e9anique tropicale \u00e9veille vos sens et laisse votre peau se sentir renouvel\u00e9e. Sa mousse riche et cr\u00e9meuse se\u2026","rel":"","context":"Similar post","block_context":{"text":"Similar post","link":""},"img":{"alt_text":"","src":"","width":0,"height":0},"classes":[]},{"id":24000,"url":"https:\/\/sakaba.mghosteur.com\/en\/product\/neutrogena-rainbath-refreshing-shower-and-bath-gel\/","url_meta":{"origin":24004,"position":2},"title":"NEUTROGENA RAINBATH REFRESHING SHOWER AND BATH GEL","author":"admin","date":"November 9, 2022","format":false,"excerpt":"Offrez \u00e0 votre corps une exp\u00e9rience de douche ou de bain rafra\u00eechissante avec le gel douche et bain Rainbath de Neutrogena. Ce nettoyant pour le corps est l'un des produits les plus vendus et vous pouvez compter sur lui pour adoucir et revitaliser votre peau sans laisser de r\u00e9sidus lourds.\u2026","rel":"","context":"Similar post","block_context":{"text":"Similar post","link":""},"img":{"alt_text":"","src":"","width":0,"height":0},"classes":[]},{"id":30362,"url":"https:\/\/sakaba.mghosteur.com\/en\/product\/neutrogena-rainbath-bath-gel-pear-green-tea\/","url_meta":{"origin":24004,"position":3},"title":"NEUTROGENA RAINBATH BATH GEL PEAR &amp; GREEN TEA","author":"admin","date":"May 9, 2023","format":false,"excerpt":"D\u00e9couvrez le gel douche et bain r\u00e9g\u00e9n\u00e9rant Rainbath\u00ae Poire & Th\u00e9 vert de Neutrogena. Sa formule unique nettoie en profondeur votre peau avec une mousse riche et hydratante pour la laisser douce, lisse et vraiment renouvel\u00e9e. Le parfum frais et d\u00e9licat de poire et de th\u00e9 vert apporte une touche\u2026","rel":"","context":"Similar post","block_context":{"text":"Similar post","link":""},"img":{"alt_text":"","src":"","width":0,"height":0},"classes":[]},{"id":24304,"url":"https:\/\/sakaba.mghosteur.com\/en\/product\/neutrogena-soothing-clear-turmeric-oil-free-gel-moisturizer\/","url_meta":{"origin":24004,"position":4},"title":"Neutrogena Soothing Clear Turmeric oil-free gel moisturizer","author":"admin","date":"November 9, 2022","format":false,"excerpt":"Offrez \u00e0 votre peau une hydratation et une sensation de confort avec l'hydratant pour le visage au gel de curcuma apaisant et nourrissant de Neutrogena. Ce gel hydratant pour le visage est sp\u00e9cialement con\u00e7u pour les peaux mixtes, d\u00e9shydrat\u00e9es ou \u00e0 tendance acn\u00e9ique. Il est formul\u00e9 avec du curcuma, reconnu\u2026","rel":"","context":"Similar post","block_context":{"text":"Similar post","link":""},"img":{"alt_text":"","src":"","width":0,"height":0},"classes":[]},{"id":25683,"url":"https:\/\/sakaba.mghosteur.com\/en\/product\/neutrogena-hydro-boost-body-gel-cream\/","url_meta":{"origin":24004,"position":5},"title":"NEUTROGENA Hydro Boost Body gel Cream","author":"admin","date":"November 17, 2022","format":false,"excerpt":"D\u00e9couvrez le Gel-Cr\u00e8me Hydro Boost Extra Dry de Neutrogena, l'hydratant id\u00e9al pour les peaux extra-s\u00e8ches. Sa formule l\u00e9g\u00e8re et non grasse contient de l'acide hyaluronique, un ingr\u00e9dient hydratant naturel, pour aider \u00e0 renforcer la barri\u00e8re d'hydratation de la peau et lui donner un aspect sain et \u00e9clatant. Cliniquement prouv\u00e9e pour\u2026","rel":"","context":"Similar post","block_context":{"text":"Similar post","link":""},"img":{"alt_text":"","src":"","width":0,"height":0},"classes":[]}],"_links":{"self":[{"href":"https:\/\/sakaba.mghosteur.com\/en\/wp-json\/wp\/v2\/product\/24004","targetHints":{"allow":["GET"]}}],"collection":[{"href":"https:\/\/sakaba.mghosteur.com\/en\/wp-json\/wp\/v2\/product"}],"about":[{"href":"https:\/\/sakaba.mghosteur.com\/en\/wp-json\/wp\/v2\/types\/product"}],"replies":[{"embeddable":true,"href":"https:\/\/sakaba.mghosteur.com\/en\/wp-json\/wp\/v2\/comments?post=24004"}],"version-history":[{"count":0,"href":"https:\/\/sakaba.mghosteur.com\/en\/wp-json\/wp\/v2\/product\/24004\/revisions"}],"wp:attachment":[{"href":"https:\/\/sakaba.mghosteur.com\/en\/wp-json\/wp\/v2\/media?parent=24004"}],"wp:term":[{"taxonomy":"product_brand","embeddable":true,"href":"https:\/\/sakaba.mghosteur.com\/en\/wp-json\/wp\/v2\/product_brand?post=24004"},{"taxonomy":"product_cat","embeddable":true,"href":"https:\/\/sakaba.mghosteur.com\/en\/wp-json\/wp\/v2\/product_cat?post=24004"},{"taxonomy":"product_tag","embeddable":true,"href":"https:\/\/sakaba.mghosteur.com\/en\/wp-json\/wp\/v2\/product_tag?post=24004"}],"curies":[{"name":"wp","href":"https:\/\/api.w.org\/{rel}","templated":true}]}}