{"id":24009,"date":"2022-11-09T12:40:45","date_gmt":"2022-11-09T12:40:45","guid":{"rendered":"http:\/\/www.sakababeauty.com\/?post_type=product&#038;p=24009"},"modified":"2024-09-02T04:28:26","modified_gmt":"2024-09-02T04:28:26","slug":"neutrogena-hydro-boost-hydrating-cleansing-gel","status":"publish","type":"product","link":"https:\/\/sakaba.mghosteur.com\/en\/product\/neutrogena-hydro-boost-hydrating-cleansing-gel\/","title":{"rendered":"NEUTROGENA HYDRO BOOST HYDRATING CLEANSING GEL"},"content":{"rendered":"<p>D\u00e9couvrez le Gel Nettoyant et D\u00e9maquillant sans Huile de Neutrogena, le compagnon parfait pour une peau d&#8217;apparence saine et hydrat\u00e9e. Ce nettoyant pour le visage l\u00e9ger est formul\u00e9 avec de l&#8217;acide hyaluronique, offrant une hydratation en profondeur pour une peau douce et \u00e9clatante. Il \u00e9limine efficacement les impuret\u00e9s, l&#8217;exc\u00e8s de s\u00e9bum et le maquillage sans d\u00e9caper votre peau, gr\u00e2ce \u00e0 sa formule douce et hypoallerg\u00e9nique cr\u00e9\u00e9e sans savon, huile et parab\u00e8nes. La formule sp\u00e9ciale retient l&#8217;humidit\u00e9, laissant la peau fra\u00eechement propre et douce au toucher.<\/p>\n<p>Utilisation : Commencez par mouiller votre visage et vos mains avec de l&#8217;eau ti\u00e8de, puis pompez le nettoyant dans vos mains et faites mousser. Massez la mousse doucement et circulairement sur votre visage, puis rincez \u00e0 l&#8217;eau ti\u00e8de et s\u00e9chez avec une serviette douce. Vous pouvez \u00e9galement utiliser ce nettoyant doux avant et apr\u00e8s le port de votre masque facial pour nettoyer en profondeur votre peau.<\/p>\n<p>Offrez \u00e0 votre peau l&#8217;attention qu&#8217;elle m\u00e9rite avec le Gel Nettoyant et D\u00e9maquillant sans Huile de Neutrogena<\/p>","protected":false},"excerpt":{"rendered":"<p>D\u00e9couvrez le Gel Nettoyant et D\u00e9maquillant sans Huile de Neutrogena, le compagnon parfait pour une peau d&#8217;apparence saine et hydrat\u00e9e. Ce nettoyant pour le visage l\u00e9ger est formul\u00e9 avec de l&#8217;acide hyaluronique, offrant une hydratation en profondeur pour une peau douce et \u00e9clatante. Il \u00e9limine efficacement les impuret\u00e9s, l&#8217;exc\u00e8s de s\u00e9bum et le maquillage sans<span class=\"read-more-faq\"><a href=\"https:\/\/sakaba.mghosteur.com\/en\/product\/neutrogena-hydro-boost-hydrating-cleansing-gel\/\">Read More<\/a><\/span><\/p>","protected":false},"featured_media":0,"comment_status":"closed","ping_status":"closed","template":"","meta":[],"product_brand":[],"product_cat":[324,451],"product_tag":[],"class_list":{"0":"post-24009","1":"product","2":"type-product","3":"status-publish","5":"product_cat-demaquillant-nettoyant","6":"product_cat-aab-soin-du-visage","8":"first","9":"instock","10":"shipping-taxable","11":"product-type-simple"},"jetpack-related-posts":[],"_links":{"self":[{"href":"https:\/\/sakaba.mghosteur.com\/en\/wp-json\/wp\/v2\/product\/24009","targetHints":{"allow":["GET"]}}],"collection":[{"href":"https:\/\/sakaba.mghosteur.com\/en\/wp-json\/wp\/v2\/product"}],"about":[{"href":"https:\/\/sakaba.mghosteur.com\/en\/wp-json\/wp\/v2\/types\/product"}],"replies":[{"embeddable":true,"href":"https:\/\/sakaba.mghosteur.com\/en\/wp-json\/wp\/v2\/comments?post=24009"}],"version-history":[{"count":0,"href":"https:\/\/sakaba.mghosteur.com\/en\/wp-json\/wp\/v2\/product\/24009\/revisions"}],"wp:attachment":[{"href":"https:\/\/sakaba.mghosteur.com\/en\/wp-json\/wp\/v2\/media?parent=24009"}],"wp:term":[{"taxonomy":"product_brand","embeddable":true,"href":"https:\/\/sakaba.mghosteur.com\/en\/wp-json\/wp\/v2\/product_brand?post=24009"},{"taxonomy":"product_cat","embeddable":true,"href":"https:\/\/sakaba.mghosteur.com\/en\/wp-json\/wp\/v2\/product_cat?post=24009"},{"taxonomy":"product_tag","embeddable":true,"href":"https:\/\/sakaba.mghosteur.com\/en\/wp-json\/wp\/v2\/product_tag?post=24009"}],"curies":[{"name":"wp","href":"https:\/\/api.w.org\/{rel}","templated":true}]}}