{"id":24011,"date":"2022-11-09T12:43:28","date_gmt":"2022-11-09T12:43:28","guid":{"rendered":"http:\/\/www.sakababeauty.com\/?post_type=product&#038;p=24011"},"modified":"2023-05-05T10:06:38","modified_gmt":"2023-05-05T10:06:38","slug":"neutrogena-hydro-boost-boost-whipped-body-balm","status":"publish","type":"product","link":"https:\/\/sakaba.mghosteur.com\/en\/product\/neutrogena-hydro-boost-boost-whipped-body-balm\/","title":{"rendered":"NEUTROGENA : HYDRO BOOST BOOST WHIPPED BODY BALM"},"content":{"rendered":"<p>Le Baume Fouett\u00e9 pour le Corps Hydro Boost de Neutrogena est un produit de soin du corps expert en hydratation, inspir\u00e9 de l&#8217;expertise avanc\u00e9e de la marque en mati\u00e8re d&#8217;hydratation du visage. Cette formule ultra-l\u00e9g\u00e8re et rafra\u00eechissante est aliment\u00e9e par de l&#8217;acide hyaluronique, capable de retenir jusqu&#8217;\u00e0 1000 fois son poids en eau, pour donner \u00e0 la peau une hydratation intense et durable.<\/p>\n<p>Ce baume fouett\u00e9 pour le corps aide \u00e0 retenir l&#8217;hydratation d\u00e9salt\u00e9rante de la peau, en lib\u00e9rant continuellement de l&#8217;hydratation au fur et \u00e0 mesure que la peau en a besoin. Il convient particuli\u00e8rement aux peaux s\u00e8ches, sensibles et n\u00e9cessitant une hydratation renforc\u00e9e.<\/p>\n<p>Ce produit a \u00e9t\u00e9 test\u00e9 sous contr\u00f4le dermatologique et convient \u00e0 une utilisation quotidienne, matin ou soir. Les r\u00e9sultats sont cliniquement prouv\u00e9s : apr\u00e8s deux semaines d&#8217;utilisation quotidienne, 70% des femmes ont constat\u00e9 une am\u00e9lioration visible de la peau, qui est plus souple, plus douce et plus belle.<\/p>\n<p>Le Baume Fouett\u00e9 pour le Corps Hydro Boost de Neutrogena est pr\u00e9sent\u00e9 en flacon de 200 ml et est absorb\u00e9 instantan\u00e9ment, sans laisser de sensation grasse ou collante sur la peau. Utilisez-le pendant la nuit pour une r\u00e9cup\u00e9ration nocturne et une peau hydrat\u00e9e et saine au r\u00e9veil<\/p>","protected":false},"excerpt":{"rendered":"<p>Le Baume Fouett\u00e9 pour le Corps Hydro Boost de Neutrogena est un produit de soin du corps expert en hydratation, inspir\u00e9 de l&#8217;expertise avanc\u00e9e de la marque en mati\u00e8re d&#8217;hydratation du visage. Cette formule ultra-l\u00e9g\u00e8re et rafra\u00eechissante est aliment\u00e9e par de l&#8217;acide hyaluronique, capable de retenir jusqu&#8217;\u00e0 1000 fois son poids en eau, pour donner<span class=\"read-more-faq\"><a href=\"https:\/\/sakaba.mghosteur.com\/en\/product\/neutrogena-hydro-boost-boost-whipped-body-balm\/\">Read More<\/a><\/span><\/p>","protected":false},"featured_media":0,"comment_status":"closed","ping_status":"closed","template":"","meta":[],"product_brand":[],"product_cat":[450],"product_tag":[],"class_list":{"0":"post-24011","1":"product","2":"type-product","3":"status-publish","5":"product_cat-soin-de-la-peau","7":"first","8":"instock","9":"shipping-taxable","10":"product-type-simple"},"jetpack-related-posts":[{"id":24017,"url":"https:\/\/sakaba.mghosteur.com\/en\/product\/neutrogene-hydro-boost-body-gel-cream\/","url_meta":{"origin":24011,"position":0},"title":"NEUTROGENA Hydro Boost Body gel Cream","author":"admin","date":"November 9, 2022","format":false,"excerpt":"Le Gel-cr\u00e8me corporel Hydro Boost de Neutrogena est un produit de soin du corps expert en hydratation, con\u00e7u pour apporter une expertise avanc\u00e9e en mati\u00e8re d'hydratation du visage aux soins du corps. Cette formule ultra-l\u00e9g\u00e8re et rafra\u00eechissante est aliment\u00e9e par de l'acide hyaluronique, capable de retenir jusqu'\u00e0 1000 fois son\u2026","rel":"","context":"Similar post","block_context":{"text":"Similar post","link":""},"img":{"alt_text":"","src":"","width":0,"height":0},"classes":[]},{"id":30330,"url":"https:\/\/sakaba.mghosteur.com\/en\/product\/neutrogena-hydro-boost-night-pressed-serum\/","url_meta":{"origin":24011,"position":1},"title":"NEUTROGENA HYDRO BOOST NIGHT PRESSED SERUM","author":"admin","date":"May 8, 2023","format":false,"excerpt":"D\u00e9couvrez le s\u00e9rum press\u00e9 pour le visage Hydro Boost Night \u00e0 l'acide hyaluronique pur de la marque Neutrogena, un concentr\u00e9 multi-r\u00e9parateur unique con\u00e7u pour revitaliser et restaurer la barri\u00e8re d'hydratation de votre peau pendant la nuit. Ce s\u00e9rum pour le visage fond instantan\u00e9ment dans votre peau pour une hydratation en\u2026","rel":"","context":"Similar post","block_context":{"text":"Similar post","link":""},"img":{"alt_text":"","src":"","width":0,"height":0},"classes":[]},{"id":24015,"url":"https:\/\/sakaba.mghosteur.com\/en\/product\/neutrogena-hydro-boost-hyaluronic-acid-serum\/","url_meta":{"origin":24011,"position":2},"title":"NEUTROGENA HYDRO BOOST HYALURONIC ACID SERUM","author":"admin","date":"November 9, 2022","format":false,"excerpt":"Le s\u00e9rum visage quotidien \u00e0 l'acide hyaluronique Neutrogena Hydro Boost est un produit de soin de la peau ultra-l\u00e9ger qui offre une hydratation longue dur\u00e9e pour une peau extra-lisse et souple. Adapt\u00e9 aux peaux sensibles, il d\u00e9salt\u00e8re la peau en profondeur gr\u00e2ce \u00e0 sa formule unique contenant deux tailles d'acide\u2026","rel":"","context":"Similar post","block_context":{"text":"Similar post","link":""},"img":{"alt_text":"","src":"","width":0,"height":0},"classes":[]},{"id":30266,"url":"https:\/\/sakaba.mghosteur.com\/en\/product\/neutragena-hydro-boost-water-gel-hyaluronic-acid\/","url_meta":{"origin":24011,"position":3},"title":"NEUTROGENA HYDRO BOOST WATER GEL HYALURONIC ACID","author":"admin","date":"May 5, 2023","format":false,"excerpt":"D\u00e9couvrez le Gel d'Eau Hydro Boost de Neutrogena, une solution r\u00e9volutionnaire pour les peaux s\u00e8ches en qu\u00eate d'hydratation. Gr\u00e2ce \u00e0 sa formule prim\u00e9e \u00e0 l'acide hyaluronique, ce gel hydratant p\u00e9n\u00e8tre rapidement comme un gel tout en offrant une hydratation intense et durable comme une cr\u00e8me. Cliniquement prouv\u00e9 pour renforcer la\u2026","rel":"","context":"Similar post","block_context":{"text":"Similar post","link":""},"img":{"alt_text":"","src":"","width":0,"height":0},"classes":[]},{"id":30334,"url":"https:\/\/sakaba.mghosteur.com\/en\/product\/neutrogena-hydro-boost-water-gel-48g\/","url_meta":{"origin":24011,"position":4},"title":"NEUTROGENA HYDRO BOOST WATER GEL 48g","author":"admin","date":"May 8, 2023","format":false,"excerpt":"D\u00e9couvrez le Gel d'eau Hydro Boost \u00e0 l'acide hyaluronique de Neutrogena\u00ae, sp\u00e9cialement con\u00e7u pour r\u00e9pondre aux besoins de la peau s\u00e8che. Gr\u00e2ce \u00e0 sa formule prim\u00e9e, ce gel hydratant p\u00e9n\u00e8tre rapidement dans la peau pour offrir une hydratation intense et durable. Cette cr\u00e8me hydratante pour le visage est la plus\u2026","rel":"","context":"Similar post","block_context":{"text":"Similar post","link":""},"img":{"alt_text":"","src":"","width":0,"height":0},"classes":[]},{"id":25683,"url":"https:\/\/sakaba.mghosteur.com\/en\/product\/neutrogena-hydro-boost-body-gel-cream\/","url_meta":{"origin":24011,"position":5},"title":"NEUTROGENA Hydro Boost Body gel Cream","author":"admin","date":"November 17, 2022","format":false,"excerpt":"D\u00e9couvrez le Gel-Cr\u00e8me Hydro Boost Extra Dry de Neutrogena, l'hydratant id\u00e9al pour les peaux extra-s\u00e8ches. Sa formule l\u00e9g\u00e8re et non grasse contient de l'acide hyaluronique, un ingr\u00e9dient hydratant naturel, pour aider \u00e0 renforcer la barri\u00e8re d'hydratation de la peau et lui donner un aspect sain et \u00e9clatant. Cliniquement prouv\u00e9e pour\u2026","rel":"","context":"Similar post","block_context":{"text":"Similar post","link":""},"img":{"alt_text":"","src":"","width":0,"height":0},"classes":[]}],"_links":{"self":[{"href":"https:\/\/sakaba.mghosteur.com\/en\/wp-json\/wp\/v2\/product\/24011","targetHints":{"allow":["GET"]}}],"collection":[{"href":"https:\/\/sakaba.mghosteur.com\/en\/wp-json\/wp\/v2\/product"}],"about":[{"href":"https:\/\/sakaba.mghosteur.com\/en\/wp-json\/wp\/v2\/types\/product"}],"replies":[{"embeddable":true,"href":"https:\/\/sakaba.mghosteur.com\/en\/wp-json\/wp\/v2\/comments?post=24011"}],"version-history":[{"count":0,"href":"https:\/\/sakaba.mghosteur.com\/en\/wp-json\/wp\/v2\/product\/24011\/revisions"}],"wp:attachment":[{"href":"https:\/\/sakaba.mghosteur.com\/en\/wp-json\/wp\/v2\/media?parent=24011"}],"wp:term":[{"taxonomy":"product_brand","embeddable":true,"href":"https:\/\/sakaba.mghosteur.com\/en\/wp-json\/wp\/v2\/product_brand?post=24011"},{"taxonomy":"product_cat","embeddable":true,"href":"https:\/\/sakaba.mghosteur.com\/en\/wp-json\/wp\/v2\/product_cat?post=24011"},{"taxonomy":"product_tag","embeddable":true,"href":"https:\/\/sakaba.mghosteur.com\/en\/wp-json\/wp\/v2\/product_tag?post=24011"}],"curies":[{"name":"wp","href":"https:\/\/api.w.org\/{rel}","templated":true}]}}