{"id":24013,"date":"2022-11-09T12:48:45","date_gmt":"2022-11-09T12:48:45","guid":{"rendered":"http:\/\/www.sakababeauty.com\/?post_type=product&#038;p=24013"},"modified":"2024-09-02T04:29:28","modified_gmt":"2024-09-02T04:29:28","slug":"neutrogena-hydro-boost-hydrating-serum-hyaluronic-acid","status":"publish","type":"product","link":"https:\/\/sakaba.mghosteur.com\/en\/product\/neutrogena-hydro-boost-hydrating-serum-hyaluronic-acid\/","title":{"rendered":"NEUTROGENA HYDRO BOOST HYDRATING SERUM HYALURONIC ACID"},"content":{"rendered":"<p>Hydro Boost pour une hydratation suppl\u00e9mentaire. Masser d\u00e9licatement sur la peau en \u00e9vitant le contour des yeux. Utiliser matin et soir pour des r\u00e9sultats optimaux.<\/p>\n<p>INGR\u00c9DIENTS<\/p>\n<p>Eau, glyc\u00e9rine, dim\u00e9thicone, cyclohexasiloxane, cyclopentasiloxane, polym\u00e8re crois\u00e9 de dim\u00e9thiconol, polyacrylamide, acide hyaluronique, acide carbom\u00e8re, C13-14 isoparaffine, chlorph\u00e9n\u00e9sine, laureth-7, propyl\u00e8ne glycol, EDTA disodique, parfum.<\/p>\n<p>Le s\u00e9rum hydratant Neutrogena Hydro Boost est une solution id\u00e9ale pour ceux qui recherchent une hydratation en profondeur et une peau plus souple et plus lisse. Il est facile \u00e0 utiliser et s&#8217;absorbe rapidement pour une peau douce et hydrat\u00e9e toute la journ\u00e9e. Le s\u00e9rum est parfait pour une utilisation quotidienne sous le maquillage et peut \u00eatre utilis\u00e9 en combinaison avec le gel ou le gel-cr\u00e8me Neutrogena Hydro Boost pour une hydratation suppl\u00e9mentaire. Obtenez une peau \u00e9clatante de sant\u00e9 avec le s\u00e9rum hydratant Neutrogena Hydro Boost.<\/p>","protected":false},"excerpt":{"rendered":"<p>Hydro Boost pour une hydratation suppl\u00e9mentaire. Masser d\u00e9licatement sur la peau en \u00e9vitant le contour des yeux. Utiliser matin et soir pour des r\u00e9sultats optimaux. INGR\u00c9DIENTS Eau, glyc\u00e9rine, dim\u00e9thicone, cyclohexasiloxane, cyclopentasiloxane, polym\u00e8re crois\u00e9 de dim\u00e9thiconol, polyacrylamide, acide hyaluronique, acide carbom\u00e8re, C13-14 isoparaffine, chlorph\u00e9n\u00e9sine, laureth-7, propyl\u00e8ne glycol, EDTA disodique, parfum. Le s\u00e9rum hydratant Neutrogena Hydro Boost<span class=\"read-more-faq\"><a href=\"https:\/\/sakaba.mghosteur.com\/en\/product\/neutrogena-hydro-boost-hydrating-serum-hyaluronic-acid\/\">Read More<\/a><\/span><\/p>","protected":false},"featured_media":0,"comment_status":"closed","ping_status":"closed","template":"","meta":[],"product_brand":[],"product_cat":[451,334],"product_tag":[],"class_list":{"0":"post-24013","1":"product","2":"type-product","3":"status-publish","5":"product_cat-aab-soin-du-visage","6":"product_cat-traitement-serum","8":"first","9":"instock","10":"shipping-taxable","11":"product-type-simple"},"jetpack-related-posts":[{"id":24015,"url":"https:\/\/sakaba.mghosteur.com\/en\/product\/neutrogena-hydro-boost-hyaluronic-acid-serum\/","url_meta":{"origin":24013,"position":0},"title":"NEUTROGENA HYDRO BOOST HYALURONIC ACID SERUM","author":"admin","date":"November 9, 2022","format":false,"excerpt":"Le s\u00e9rum visage quotidien \u00e0 l'acide hyaluronique Neutrogena Hydro Boost est un produit de soin de la peau ultra-l\u00e9ger qui offre une hydratation longue dur\u00e9e pour une peau extra-lisse et souple. Adapt\u00e9 aux peaux sensibles, il d\u00e9salt\u00e8re la peau en profondeur gr\u00e2ce \u00e0 sa formule unique contenant deux tailles d'acide\u2026","rel":"","context":"Similar post","block_context":{"text":"Similar post","link":""},"img":{"alt_text":"","src":"","width":0,"height":0},"classes":[]},{"id":30330,"url":"https:\/\/sakaba.mghosteur.com\/en\/product\/neutrogena-hydro-boost-night-pressed-serum\/","url_meta":{"origin":24013,"position":1},"title":"NEUTROGENA HYDRO BOOST NIGHT PRESSED SERUM","author":"admin","date":"May 8, 2023","format":false,"excerpt":"D\u00e9couvrez le s\u00e9rum press\u00e9 pour le visage Hydro Boost Night \u00e0 l'acide hyaluronique pur de la marque Neutrogena, un concentr\u00e9 multi-r\u00e9parateur unique con\u00e7u pour revitaliser et restaurer la barri\u00e8re d'hydratation de votre peau pendant la nuit. Ce s\u00e9rum pour le visage fond instantan\u00e9ment dans votre peau pour une hydratation en\u2026","rel":"","context":"Similar post","block_context":{"text":"Similar post","link":""},"img":{"alt_text":"","src":"","width":0,"height":0},"classes":[]},{"id":30334,"url":"https:\/\/sakaba.mghosteur.com\/en\/product\/neutrogena-hydro-boost-water-gel-48g\/","url_meta":{"origin":24013,"position":2},"title":"NEUTROGENA HYDRO BOOST WATER GEL 48g","author":"admin","date":"May 8, 2023","format":false,"excerpt":"D\u00e9couvrez le Gel d'eau Hydro Boost \u00e0 l'acide hyaluronique de Neutrogena\u00ae, sp\u00e9cialement con\u00e7u pour r\u00e9pondre aux besoins de la peau s\u00e8che. Gr\u00e2ce \u00e0 sa formule prim\u00e9e, ce gel hydratant p\u00e9n\u00e8tre rapidement dans la peau pour offrir une hydratation intense et durable. Cette cr\u00e8me hydratante pour le visage est la plus\u2026","rel":"","context":"Similar post","block_context":{"text":"Similar post","link":""},"img":{"alt_text":"","src":"","width":0,"height":0},"classes":[]},{"id":30266,"url":"https:\/\/sakaba.mghosteur.com\/en\/product\/neutragena-hydro-boost-water-gel-hyaluronic-acid\/","url_meta":{"origin":24013,"position":3},"title":"NEUTROGENA HYDRO BOOST WATER GEL HYALURONIC ACID","author":"admin","date":"May 5, 2023","format":false,"excerpt":"D\u00e9couvrez le Gel d'Eau Hydro Boost de Neutrogena, une solution r\u00e9volutionnaire pour les peaux s\u00e8ches en qu\u00eate d'hydratation. Gr\u00e2ce \u00e0 sa formule prim\u00e9e \u00e0 l'acide hyaluronique, ce gel hydratant p\u00e9n\u00e8tre rapidement comme un gel tout en offrant une hydratation intense et durable comme une cr\u00e8me. Cliniquement prouv\u00e9 pour renforcer la\u2026","rel":"","context":"Similar post","block_context":{"text":"Similar post","link":""},"img":{"alt_text":"","src":"","width":0,"height":0},"classes":[]},{"id":24017,"url":"https:\/\/sakaba.mghosteur.com\/en\/product\/neutrogene-hydro-boost-body-gel-cream\/","url_meta":{"origin":24013,"position":4},"title":"NEUTROGENA Hydro Boost Body gel Cream","author":"admin","date":"November 9, 2022","format":false,"excerpt":"Le Gel-cr\u00e8me corporel Hydro Boost de Neutrogena est un produit de soin du corps expert en hydratation, con\u00e7u pour apporter une expertise avanc\u00e9e en mati\u00e8re d'hydratation du visage aux soins du corps. Cette formule ultra-l\u00e9g\u00e8re et rafra\u00eechissante est aliment\u00e9e par de l'acide hyaluronique, capable de retenir jusqu'\u00e0 1000 fois son\u2026","rel":"","context":"Similar post","block_context":{"text":"Similar post","link":""},"img":{"alt_text":"","src":"","width":0,"height":0},"classes":[]},{"id":25683,"url":"https:\/\/sakaba.mghosteur.com\/en\/product\/neutrogena-hydro-boost-body-gel-cream\/","url_meta":{"origin":24013,"position":5},"title":"NEUTROGENA Hydro Boost Body gel Cream","author":"admin","date":"November 17, 2022","format":false,"excerpt":"D\u00e9couvrez le Gel-Cr\u00e8me Hydro Boost Extra Dry de Neutrogena, l'hydratant id\u00e9al pour les peaux extra-s\u00e8ches. Sa formule l\u00e9g\u00e8re et non grasse contient de l'acide hyaluronique, un ingr\u00e9dient hydratant naturel, pour aider \u00e0 renforcer la barri\u00e8re d'hydratation de la peau et lui donner un aspect sain et \u00e9clatant. Cliniquement prouv\u00e9e pour\u2026","rel":"","context":"Similar post","block_context":{"text":"Similar post","link":""},"img":{"alt_text":"","src":"","width":0,"height":0},"classes":[]}],"_links":{"self":[{"href":"https:\/\/sakaba.mghosteur.com\/en\/wp-json\/wp\/v2\/product\/24013","targetHints":{"allow":["GET"]}}],"collection":[{"href":"https:\/\/sakaba.mghosteur.com\/en\/wp-json\/wp\/v2\/product"}],"about":[{"href":"https:\/\/sakaba.mghosteur.com\/en\/wp-json\/wp\/v2\/types\/product"}],"replies":[{"embeddable":true,"href":"https:\/\/sakaba.mghosteur.com\/en\/wp-json\/wp\/v2\/comments?post=24013"}],"version-history":[{"count":0,"href":"https:\/\/sakaba.mghosteur.com\/en\/wp-json\/wp\/v2\/product\/24013\/revisions"}],"wp:attachment":[{"href":"https:\/\/sakaba.mghosteur.com\/en\/wp-json\/wp\/v2\/media?parent=24013"}],"wp:term":[{"taxonomy":"product_brand","embeddable":true,"href":"https:\/\/sakaba.mghosteur.com\/en\/wp-json\/wp\/v2\/product_brand?post=24013"},{"taxonomy":"product_cat","embeddable":true,"href":"https:\/\/sakaba.mghosteur.com\/en\/wp-json\/wp\/v2\/product_cat?post=24013"},{"taxonomy":"product_tag","embeddable":true,"href":"https:\/\/sakaba.mghosteur.com\/en\/wp-json\/wp\/v2\/product_tag?post=24013"}],"curies":[{"name":"wp","href":"https:\/\/api.w.org\/{rel}","templated":true}]}}