{"id":24015,"date":"2022-11-09T12:56:29","date_gmt":"2022-11-09T12:56:29","guid":{"rendered":"http:\/\/www.sakababeauty.com\/?post_type=product&#038;p=24015"},"modified":"2024-09-02T04:27:52","modified_gmt":"2024-09-02T04:27:52","slug":"neutrogena-hydro-boost-hyaluronic-acid-serum","status":"publish","type":"product","link":"https:\/\/sakaba.mghosteur.com\/en\/product\/neutrogena-hydro-boost-hyaluronic-acid-serum\/","title":{"rendered":"NEUTROGENA HYDRO BOOST HYALURONIC ACID SERUM"},"content":{"rendered":"<p>Le s\u00e9rum visage quotidien \u00e0 l&#8217;acide hyaluronique Neutrogena Hydro Boost est un produit de soin de la peau ultra-l\u00e9ger qui offre une hydratation longue dur\u00e9e pour une peau extra-lisse et souple. Adapt\u00e9 aux peaux sensibles, il d\u00e9salt\u00e8re la peau en profondeur gr\u00e2ce \u00e0 sa formule unique contenant deux tailles d&#8217;acide hyaluronique et un m\u00e9lange d&#8217;aimants \u00e0 eau qui p\u00e9n\u00e8trent profond\u00e9ment dans la surface de la peau. L&#8217;acide hyaluronique purifi\u00e9 se lie \u00e0 l&#8217;eau et la retient \u00e0 la surface de la peau pour une peau plus souple et plus lisse, tandis que la glyc\u00e9rine et le tr\u00e9halose recommand\u00e9s par les dermatologues maintiennent une barri\u00e8re cutan\u00e9e hydrat\u00e9e et saine. Ce s\u00e9rum visage hydratant quotidien non parfum\u00e9 a \u00e9t\u00e9 test\u00e9 par des dermatologues et convient \u00e0 tous les types de peau. Pour l&#8217;utiliser, appliquez 4 \u00e0 5 gouttes de ce s\u00e9rum l\u00e9ger matin et soir sur votre visage et votre cou propres avant d&#8217;appliquer votre cr\u00e8me hydratante. Pour une hydratation suppl\u00e9mentaire, suivez avec Hydro Boost Water Gel.<\/p>","protected":false},"excerpt":{"rendered":"<p>Le s\u00e9rum visage quotidien \u00e0 l&#8217;acide hyaluronique Neutrogena Hydro Boost est un produit de soin de la peau ultra-l\u00e9ger qui offre une hydratation longue dur\u00e9e pour une peau extra-lisse et souple. Adapt\u00e9 aux peaux sensibles, il d\u00e9salt\u00e8re la peau en profondeur gr\u00e2ce \u00e0 sa formule unique contenant deux tailles d&#8217;acide hyaluronique et un m\u00e9lange d&#8217;aimants<span class=\"read-more-faq\"><a href=\"https:\/\/sakaba.mghosteur.com\/en\/product\/neutrogena-hydro-boost-hyaluronic-acid-serum\/\">Read More<\/a><\/span><\/p>","protected":false},"featured_media":0,"comment_status":"closed","ping_status":"closed","template":"","meta":[],"product_brand":[],"product_cat":[451,334],"product_tag":[],"class_list":{"0":"post-24015","1":"product","2":"type-product","3":"status-publish","5":"product_cat-aab-soin-du-visage","6":"product_cat-traitement-serum","8":"first","9":"instock","10":"shipping-taxable","11":"product-type-simple"},"jetpack-related-posts":[{"id":30330,"url":"https:\/\/sakaba.mghosteur.com\/en\/product\/neutrogena-hydro-boost-night-pressed-serum\/","url_meta":{"origin":24015,"position":0},"title":"NEUTROGENA HYDRO BOOST NIGHT PRESSED SERUM","author":"admin","date":"May 8, 2023","format":false,"excerpt":"D\u00e9couvrez le s\u00e9rum press\u00e9 pour le visage Hydro Boost Night \u00e0 l'acide hyaluronique pur de la marque Neutrogena, un concentr\u00e9 multi-r\u00e9parateur unique con\u00e7u pour revitaliser et restaurer la barri\u00e8re d'hydratation de votre peau pendant la nuit. Ce s\u00e9rum pour le visage fond instantan\u00e9ment dans votre peau pour une hydratation en\u2026","rel":"","context":"Similar post","block_context":{"text":"Similar post","link":""},"img":{"alt_text":"","src":"","width":0,"height":0},"classes":[]},{"id":24013,"url":"https:\/\/sakaba.mghosteur.com\/en\/product\/neutrogena-hydro-boost-hydrating-serum-hyaluronic-acid\/","url_meta":{"origin":24015,"position":1},"title":"NEUTROGENA HYDRO BOOST HYDRATING SERUM HYALURONIC ACID","author":"admin","date":"November 9, 2022","format":false,"excerpt":"Hydro Boost pour une hydratation suppl\u00e9mentaire. Masser d\u00e9licatement sur la peau en \u00e9vitant le contour des yeux. Utiliser matin et soir pour des r\u00e9sultats optimaux. INGR\u00c9DIENTS Eau, glyc\u00e9rine, dim\u00e9thicone, cyclohexasiloxane, cyclopentasiloxane, polym\u00e8re crois\u00e9 de dim\u00e9thiconol, polyacrylamide, acide hyaluronique, acide carbom\u00e8re, C13-14 isoparaffine, chlorph\u00e9n\u00e9sine, laureth-7, propyl\u00e8ne glycol, EDTA disodique, parfum. Le\u2026","rel":"","context":"Similar post","block_context":{"text":"Similar post","link":""},"img":{"alt_text":"","src":"","width":0,"height":0},"classes":[]},{"id":30334,"url":"https:\/\/sakaba.mghosteur.com\/en\/product\/neutrogena-hydro-boost-water-gel-48g\/","url_meta":{"origin":24015,"position":2},"title":"NEUTROGENA HYDRO BOOST WATER GEL 48g","author":"admin","date":"May 8, 2023","format":false,"excerpt":"D\u00e9couvrez le Gel d'eau Hydro Boost \u00e0 l'acide hyaluronique de Neutrogena\u00ae, sp\u00e9cialement con\u00e7u pour r\u00e9pondre aux besoins de la peau s\u00e8che. Gr\u00e2ce \u00e0 sa formule prim\u00e9e, ce gel hydratant p\u00e9n\u00e8tre rapidement dans la peau pour offrir une hydratation intense et durable. Cette cr\u00e8me hydratante pour le visage est la plus\u2026","rel":"","context":"Similar post","block_context":{"text":"Similar post","link":""},"img":{"alt_text":"","src":"","width":0,"height":0},"classes":[]},{"id":24011,"url":"https:\/\/sakaba.mghosteur.com\/en\/product\/neutrogena-hydro-boost-boost-whipped-body-balm\/","url_meta":{"origin":24015,"position":3},"title":"NEUTROGENA : HYDRO BOOST BOOST WHIPPED BODY BALM","author":"admin","date":"November 9, 2022","format":false,"excerpt":"Le Baume Fouett\u00e9 pour le Corps Hydro Boost de Neutrogena est un produit de soin du corps expert en hydratation, inspir\u00e9 de l'expertise avanc\u00e9e de la marque en mati\u00e8re d'hydratation du visage. Cette formule ultra-l\u00e9g\u00e8re et rafra\u00eechissante est aliment\u00e9e par de l'acide hyaluronique, capable de retenir jusqu'\u00e0 1000 fois son\u2026","rel":"","context":"Similar post","block_context":{"text":"Similar post","link":""},"img":{"alt_text":"","src":"","width":0,"height":0},"classes":[]},{"id":30254,"url":"https:\/\/sakaba.mghosteur.com\/en\/product\/hydro-boost-exfolianting-cleanser\/","url_meta":{"origin":24015,"position":4},"title":"HYDRO BOOST EXFOLIATING CLEANSER","author":"admin","date":"May 5, 2023","format":false,"excerpt":"Le gel-cr\u00e8me exfoliant nettoyant quotidien Hydro Boost avec acide hyaluronique de Neutrogena est le choix parfait pour une peau instantan\u00e9ment douce et rafra\u00eechie. Sa formule l\u00e9g\u00e8re \u00e9limine efficacement la salet\u00e9, l'huile et les cellules mortes de la peau, tout en stimulant l'hydratation gr\u00e2ce \u00e0 l'acide hyaluronique, un ingr\u00e9dient cliniquement prouv\u00e9\u2026","rel":"","context":"Similar post","block_context":{"text":"Similar post","link":""},"img":{"alt_text":"","src":"","width":0,"height":0},"classes":[]},{"id":24017,"url":"https:\/\/sakaba.mghosteur.com\/en\/product\/neutrogene-hydro-boost-body-gel-cream\/","url_meta":{"origin":24015,"position":5},"title":"NEUTROGENA Hydro Boost Body gel Cream","author":"admin","date":"November 9, 2022","format":false,"excerpt":"Le Gel-cr\u00e8me corporel Hydro Boost de Neutrogena est un produit de soin du corps expert en hydratation, con\u00e7u pour apporter une expertise avanc\u00e9e en mati\u00e8re d'hydratation du visage aux soins du corps. Cette formule ultra-l\u00e9g\u00e8re et rafra\u00eechissante est aliment\u00e9e par de l'acide hyaluronique, capable de retenir jusqu'\u00e0 1000 fois son\u2026","rel":"","context":"Similar post","block_context":{"text":"Similar post","link":""},"img":{"alt_text":"","src":"","width":0,"height":0},"classes":[]}],"_links":{"self":[{"href":"https:\/\/sakaba.mghosteur.com\/en\/wp-json\/wp\/v2\/product\/24015","targetHints":{"allow":["GET"]}}],"collection":[{"href":"https:\/\/sakaba.mghosteur.com\/en\/wp-json\/wp\/v2\/product"}],"about":[{"href":"https:\/\/sakaba.mghosteur.com\/en\/wp-json\/wp\/v2\/types\/product"}],"replies":[{"embeddable":true,"href":"https:\/\/sakaba.mghosteur.com\/en\/wp-json\/wp\/v2\/comments?post=24015"}],"version-history":[{"count":0,"href":"https:\/\/sakaba.mghosteur.com\/en\/wp-json\/wp\/v2\/product\/24015\/revisions"}],"wp:attachment":[{"href":"https:\/\/sakaba.mghosteur.com\/en\/wp-json\/wp\/v2\/media?parent=24015"}],"wp:term":[{"taxonomy":"product_brand","embeddable":true,"href":"https:\/\/sakaba.mghosteur.com\/en\/wp-json\/wp\/v2\/product_brand?post=24015"},{"taxonomy":"product_cat","embeddable":true,"href":"https:\/\/sakaba.mghosteur.com\/en\/wp-json\/wp\/v2\/product_cat?post=24015"},{"taxonomy":"product_tag","embeddable":true,"href":"https:\/\/sakaba.mghosteur.com\/en\/wp-json\/wp\/v2\/product_tag?post=24015"}],"curies":[{"name":"wp","href":"https:\/\/api.w.org\/{rel}","templated":true}]}}