{"id":24019,"date":"2022-11-09T13:00:47","date_gmt":"2022-11-09T13:00:47","guid":{"rendered":"http:\/\/www.sakababeauty.com\/?post_type=product&#038;p=24019"},"modified":"2024-09-02T04:27:11","modified_gmt":"2024-09-02T04:27:11","slug":"neutrogena-deep-clean-purifying-cream-to-foam","status":"publish","type":"product","link":"https:\/\/sakaba.mghosteur.com\/en\/product\/neutrogena-deep-clean-purifying-cream-to-foam\/","title":{"rendered":"NEUTROGENA DEEP CLEAN PURIFYING CREAM TO FOAM"},"content":{"rendered":"<p>D\u00e9couvrez le Deep Clean Purifying Cream to Foam Detox Cleanser de Neutrogena, une cr\u00e8me nettoyante qui purifie votre peau en une seule \u00e9tape facile. Ce nettoyant pour le visage \u00e0 base de cr\u00e8me nettoie efficacement en profondeur les pores pour \u00e9liminer la salet\u00e9, l&#8217;huile et autres impuret\u00e9s qui polluent votre peau, sans la dess\u00e9cher. Recommand\u00e9 par les dermatologues, ce nettoyant facial se transforme en une mousse purifiante et l\u00e9g\u00e8re de microbulles lorsque mass\u00e9 avec de l&#8217;eau sur votre visage ou vos mains, et laisse votre peau propre, douce et d&#8217;apparence saine. Ce nettoyant pour le visage en mousse non com\u00e9dog\u00e8ne est assez doux pour \u00eatre utilis\u00e9 quotidiennement dans le cadre d&#8217;une routine de nettoyage purifiante Neutrogena Deep Clean Purifying.<\/p>","protected":false},"excerpt":{"rendered":"<p>D\u00e9couvrez le Deep Clean Purifying Cream to Foam Detox Cleanser de Neutrogena, une cr\u00e8me nettoyante qui purifie votre peau en une seule \u00e9tape facile. Ce nettoyant pour le visage \u00e0 base de cr\u00e8me nettoie efficacement en profondeur les pores pour \u00e9liminer la salet\u00e9, l&#8217;huile et autres impuret\u00e9s qui polluent votre peau, sans la dess\u00e9cher. Recommand\u00e9<span class=\"read-more-faq\"><a href=\"https:\/\/sakaba.mghosteur.com\/en\/product\/neutrogena-deep-clean-purifying-cream-to-foam\/\">Read More<\/a><\/span><\/p>","protected":false},"featured_media":0,"comment_status":"closed","ping_status":"closed","template":"","meta":[],"product_brand":[],"product_cat":[324,451],"product_tag":[],"class_list":{"0":"post-24019","1":"product","2":"type-product","3":"status-publish","5":"product_cat-demaquillant-nettoyant","6":"product_cat-aab-soin-du-visage","8":"first","9":"instock","10":"shipping-taxable","11":"product-type-simple"},"jetpack-related-posts":[],"_links":{"self":[{"href":"https:\/\/sakaba.mghosteur.com\/en\/wp-json\/wp\/v2\/product\/24019","targetHints":{"allow":["GET"]}}],"collection":[{"href":"https:\/\/sakaba.mghosteur.com\/en\/wp-json\/wp\/v2\/product"}],"about":[{"href":"https:\/\/sakaba.mghosteur.com\/en\/wp-json\/wp\/v2\/types\/product"}],"replies":[{"embeddable":true,"href":"https:\/\/sakaba.mghosteur.com\/en\/wp-json\/wp\/v2\/comments?post=24019"}],"version-history":[{"count":0,"href":"https:\/\/sakaba.mghosteur.com\/en\/wp-json\/wp\/v2\/product\/24019\/revisions"}],"wp:attachment":[{"href":"https:\/\/sakaba.mghosteur.com\/en\/wp-json\/wp\/v2\/media?parent=24019"}],"wp:term":[{"taxonomy":"product_brand","embeddable":true,"href":"https:\/\/sakaba.mghosteur.com\/en\/wp-json\/wp\/v2\/product_brand?post=24019"},{"taxonomy":"product_cat","embeddable":true,"href":"https:\/\/sakaba.mghosteur.com\/en\/wp-json\/wp\/v2\/product_cat?post=24019"},{"taxonomy":"product_tag","embeddable":true,"href":"https:\/\/sakaba.mghosteur.com\/en\/wp-json\/wp\/v2\/product_tag?post=24019"}],"curies":[{"name":"wp","href":"https:\/\/api.w.org\/{rel}","templated":true}]}}