{"id":24021,"date":"2022-11-09T13:03:39","date_gmt":"2022-11-09T13:03:39","guid":{"rendered":"http:\/\/www.sakababeauty.com\/?post_type=product&#038;p=24021"},"modified":"2024-09-02T04:32:02","modified_gmt":"2024-09-02T04:32:02","slug":"neutrogena-refreshingly-clear","status":"publish","type":"product","link":"https:\/\/sakaba.mghosteur.com\/en\/product\/neutrogena-refreshingly-clear\/","title":{"rendered":"NEUTROGENA REFRESHINGLY CLEAR"},"content":{"rendered":"<p>D\u00e9couvrez l&#8217;hydratant sans huile NEUTROGENA Refreshingly Clear, con\u00e7u pour les peaux sujettes aux imperfections. Cette formule l\u00e9g\u00e8re et rafra\u00eechissante, d\u00e9velopp\u00e9e avec des dermatologues, procure une hydratation 24 heures sans obstruer les pores. Son parfum de pamplemousse rose vous offre une exp\u00e9rience rafra\u00eechissante. Utilisez-le matin et soir sur le visage et le cou pour garder votre peau claire et \u00e9clatante. \u00c9vitez le contact avec les yeux et en cas de contact, rincez abondamment. Offrez \u00e0 votre peau l&#8217;hydratation dont elle a besoin sans compromettre sa clart\u00e9 avec l&#8217;hydratant sans huile NEUTROGENA Refreshingly Clear.<\/p>","protected":false},"excerpt":{"rendered":"<p>D\u00e9couvrez l&#8217;hydratant sans huile NEUTROGENA Refreshingly Clear, con\u00e7u pour les peaux sujettes aux imperfections. Cette formule l\u00e9g\u00e8re et rafra\u00eechissante, d\u00e9velopp\u00e9e avec des dermatologues, procure une hydratation 24 heures sans obstruer les pores. Son parfum de pamplemousse rose vous offre une exp\u00e9rience rafra\u00eechissante. Utilisez-le matin et soir sur le visage et le cou pour garder votre<span class=\"read-more-faq\"><a href=\"https:\/\/sakaba.mghosteur.com\/en\/product\/neutrogena-refreshingly-clear\/\">Read More<\/a><\/span><\/p>","protected":false},"featured_media":0,"comment_status":"closed","ping_status":"closed","template":"","meta":[],"product_brand":[],"product_cat":[331,451],"product_tag":[],"class_list":{"0":"post-24021","1":"product","2":"type-product","3":"status-publish","5":"product_cat-hydratant-visage","6":"product_cat-aab-soin-du-visage","8":"first","9":"instock","10":"shipping-taxable","11":"product-type-simple"},"jetpack-related-posts":[{"id":30429,"url":"https:\/\/sakaba.mghosteur.com\/en\/product\/refreshingly-clear-facial-wash\/","url_meta":{"origin":24021,"position":0},"title":"REFRESHINGLY CLEAR FACIAL WASH","author":"admin","date":"May 10, 2023","format":false,"excerpt":"D\u00e9couvrez le nettoyant pour le visage NEUTROGENA Rafra\u00eechissant et clair au pamplemousse rose et \u00e0 la vitamine C, un nettoyant quotidien vivifiant pour le visage d\u00e9velopp\u00e9 avec des dermatologues. Sp\u00e9cialement con\u00e7u pour les peaux sujettes aux imperfections, ce gel nettoyant nettoie en douceur pour aider \u00e0 pr\u00e9venir les imperfections, sans\u2026","rel":"","context":"Similar post","block_context":{"text":"Similar post","link":""},"img":{"alt_text":"","src":"","width":0,"height":0},"classes":[]},{"id":24304,"url":"https:\/\/sakaba.mghosteur.com\/en\/product\/neutrogena-soothing-clear-turmeric-oil-free-gel-moisturizer\/","url_meta":{"origin":24021,"position":1},"title":"Neutrogena Soothing Clear Turmeric oil-free gel moisturizer","author":"admin","date":"November 9, 2022","format":false,"excerpt":"Offrez \u00e0 votre peau une hydratation et une sensation de confort avec l'hydratant pour le visage au gel de curcuma apaisant et nourrissant de Neutrogena. Ce gel hydratant pour le visage est sp\u00e9cialement con\u00e7u pour les peaux mixtes, d\u00e9shydrat\u00e9es ou \u00e0 tendance acn\u00e9ique. Il est formul\u00e9 avec du curcuma, reconnu\u2026","rel":"","context":"Similar post","block_context":{"text":"Similar post","link":""},"img":{"alt_text":"","src":"","width":0,"height":0},"classes":[]},{"id":30330,"url":"https:\/\/sakaba.mghosteur.com\/en\/product\/neutrogena-hydro-boost-night-pressed-serum\/","url_meta":{"origin":24021,"position":2},"title":"NEUTROGENA HYDRO BOOST NIGHT PRESSED SERUM","author":"admin","date":"May 8, 2023","format":false,"excerpt":"D\u00e9couvrez le s\u00e9rum press\u00e9 pour le visage Hydro Boost Night \u00e0 l'acide hyaluronique pur de la marque Neutrogena, un concentr\u00e9 multi-r\u00e9parateur unique con\u00e7u pour revitaliser et restaurer la barri\u00e8re d'hydratation de votre peau pendant la nuit. Ce s\u00e9rum pour le visage fond instantan\u00e9ment dans votre peau pour une hydratation en\u2026","rel":"","context":"Similar post","block_context":{"text":"Similar post","link":""},"img":{"alt_text":"","src":"","width":0,"height":0},"classes":[]},{"id":24017,"url":"https:\/\/sakaba.mghosteur.com\/en\/product\/neutrogene-hydro-boost-body-gel-cream\/","url_meta":{"origin":24021,"position":3},"title":"NEUTROGENA Hydro Boost Body gel Cream","author":"admin","date":"November 9, 2022","format":false,"excerpt":"Le Gel-cr\u00e8me corporel Hydro Boost de Neutrogena est un produit de soin du corps expert en hydratation, con\u00e7u pour apporter une expertise avanc\u00e9e en mati\u00e8re d'hydratation du visage aux soins du corps. Cette formule ultra-l\u00e9g\u00e8re et rafra\u00eechissante est aliment\u00e9e par de l'acide hyaluronique, capable de retenir jusqu'\u00e0 1000 fois son\u2026","rel":"","context":"Similar post","block_context":{"text":"Similar post","link":""},"img":{"alt_text":"","src":"","width":0,"height":0},"classes":[]},{"id":24002,"url":"https:\/\/sakaba.mghosteur.com\/en\/product\/neutrogena-body-oil-light-sesame-formula\/","url_meta":{"origin":24021,"position":4},"title":"NEUTROGENA BODY OIL LIGHT SESAME FORMULA","author":"admin","date":"November 9, 2022","format":false,"excerpt":"D\u00e9couvrez l'huile pour le corps Neutrogena \u00ae, une formule l\u00e9g\u00e8re au s\u00e9same sp\u00e9cialement con\u00e7ue pour les peaux s\u00e8ches. Cette huile corporelle pure et hydratante est un v\u00e9ritable plaisir pour votre peau. La formule d\u00e9licate au s\u00e9same se fond facilement dans votre peau pour vous offrir une hydratation essentielle. Gr\u00e2ce \u00e0\u2026","rel":"","context":"Similar post","block_context":{"text":"Similar post","link":""},"img":{"alt_text":"","src":"","width":0,"height":0},"classes":[]},{"id":23978,"url":"https:\/\/sakaba.mghosteur.com\/en\/product\/neutrogena-sheer-oil-lotion-sesame-formula\/","url_meta":{"origin":24021,"position":5},"title":"Neutrogena Sheer Oil-Lotion sesame formula","author":"admin","date":"November 9, 2022","format":false,"excerpt":"Flacon pompe de 32 onces liquides de lotion pour le corps l\u00e9g\u00e8re et hydratante enrichie d'huile de s\u00e9same de la marque de soins de la peau Neutrogena recommand\u00e9e par les dermatologues. La formule mi-lotion mi-huile de s\u00e9same de cet hydratant pour le corps adoucit la peau tout en l'hydratant et\u2026","rel":"","context":"Similar post","block_context":{"text":"Similar post","link":""},"img":{"alt_text":"","src":"","width":0,"height":0},"classes":[]}],"_links":{"self":[{"href":"https:\/\/sakaba.mghosteur.com\/en\/wp-json\/wp\/v2\/product\/24021","targetHints":{"allow":["GET"]}}],"collection":[{"href":"https:\/\/sakaba.mghosteur.com\/en\/wp-json\/wp\/v2\/product"}],"about":[{"href":"https:\/\/sakaba.mghosteur.com\/en\/wp-json\/wp\/v2\/types\/product"}],"replies":[{"embeddable":true,"href":"https:\/\/sakaba.mghosteur.com\/en\/wp-json\/wp\/v2\/comments?post=24021"}],"version-history":[{"count":0,"href":"https:\/\/sakaba.mghosteur.com\/en\/wp-json\/wp\/v2\/product\/24021\/revisions"}],"wp:attachment":[{"href":"https:\/\/sakaba.mghosteur.com\/en\/wp-json\/wp\/v2\/media?parent=24021"}],"wp:term":[{"taxonomy":"product_brand","embeddable":true,"href":"https:\/\/sakaba.mghosteur.com\/en\/wp-json\/wp\/v2\/product_brand?post=24021"},{"taxonomy":"product_cat","embeddable":true,"href":"https:\/\/sakaba.mghosteur.com\/en\/wp-json\/wp\/v2\/product_cat?post=24021"},{"taxonomy":"product_tag","embeddable":true,"href":"https:\/\/sakaba.mghosteur.com\/en\/wp-json\/wp\/v2\/product_tag?post=24021"}],"curies":[{"name":"wp","href":"https:\/\/api.w.org\/{rel}","templated":true}]}}