{"id":24023,"date":"2022-11-09T13:04:52","date_gmt":"2022-11-09T13:04:52","guid":{"rendered":"http:\/\/www.sakababeauty.com\/?post_type=product&#038;p=24023"},"modified":"2024-09-02T04:34:22","modified_gmt":"2024-09-02T04:34:22","slug":"neutrogena-stubborn-acne-am","status":"publish","type":"product","link":"https:\/\/sakaba.mghosteur.com\/en\/product\/neutrogena-stubborn-acne-am\/","title":{"rendered":"NEUTROGENA STUBBORN ACNE AM"},"content":{"rendered":"<p>Produit : Traitement de l&#8217;acn\u00e9 tenace le matin de la marque NEUTROGENA<\/p>\n<p>Description : Ce traitement anti-acn\u00e9 est con\u00e7u pour r\u00e9duire les boutons et les rougeurs en quelques heures seulement. Il est aliment\u00e9 par du peroxyde de benzoyle micronis\u00e9 \u00e0 2,5 %, recommand\u00e9 par les dermatologues pour p\u00e9n\u00e9trer efficacement dans les pores de la peau. Il tue les bact\u00e9ries responsables de l&#8217;acn\u00e9 et r\u00e9duit visiblement les \u00e9ruptions cutan\u00e9es et les rougeurs tout au long de la journ\u00e9e.<\/p>\n<p>Ce traitement est inspir\u00e9 d&#8217;un r\u00e9gime recommand\u00e9 par un dermatologue pour obtenir une peau claire. En seulement 12 semaines*, 91 % des utilisateurs ont constat\u00e9 une am\u00e9lioration des boutons. Ce produit peut \u00eatre utilis\u00e9 sur tout le visage et dispara\u00eet apr\u00e8s application.<\/p>\n<p>Con\u00e7u sp\u00e9cialement pour les peaux \u00e0 tendance acn\u00e9ique, ce soin AM est sans huile, parab\u00e8ne, phtalate, colorant et sans parfum. Pour de meilleurs r\u00e9sultats, il est recommand\u00e9 d&#8217;utiliser avec le traitement Neutrogena Stubborn Marks PM.<\/p>","protected":false},"excerpt":{"rendered":"<p>Produit : Traitement de l&#8217;acn\u00e9 tenace le matin de la marque NEUTROGENA Description : Ce traitement anti-acn\u00e9 est con\u00e7u pour r\u00e9duire les boutons et les rougeurs en quelques heures seulement. Il est aliment\u00e9 par du peroxyde de benzoyle micronis\u00e9 \u00e0 2,5 %, recommand\u00e9 par les dermatologues pour p\u00e9n\u00e9trer efficacement dans les pores de la peau.<span class=\"read-more-faq\"><a href=\"https:\/\/sakaba.mghosteur.com\/en\/product\/neutrogena-stubborn-acne-am\/\">Read More<\/a><\/span><\/p>","protected":false},"featured_media":0,"comment_status":"closed","ping_status":"closed","template":"","meta":[],"product_brand":[],"product_cat":[294,451,334],"product_tag":[],"class_list":{"0":"post-24023","1":"product","2":"type-product","3":"status-publish","5":"product_cat-acne","6":"product_cat-aab-soin-du-visage","7":"product_cat-traitement-serum","9":"first","10":"instock","11":"shipping-taxable","12":"product-type-simple"},"jetpack-related-posts":[{"id":30411,"url":"https:\/\/sakaba.mghosteur.com\/en\/product\/neutrogenastubborn-marks-pm-treatment\/","url_meta":{"origin":24023,"position":0},"title":"NEUTROGENA STUBBORN MARKS PM TREATMENT","author":"admin","date":"May 10, 2023","format":false,"excerpt":"D\u00e9couvrez le traitement des marques tenaces PM de Neutrogena, un produit dermatologique qui peut r\u00e9duire visiblement les marques d'acn\u00e9 pendant votre sommeil. Ce traitement est inspir\u00e9 d'un r\u00e9gime recommand\u00e9 par les dermatologues pour une peau nette. Pour de meilleurs r\u00e9sultats, nous vous recommandons d'utiliser \u00e9galement le traitement Neutrogena Stubborn Acne\u2026","rel":"","context":"Similar post","block_context":{"text":"Similar post","link":""},"img":{"alt_text":"","src":"","width":0,"height":0},"classes":[]},{"id":24352,"url":"https:\/\/sakaba.mghosteur.com\/en\/product\/neutrogena-rapid-clear-acne-eliminating-spot-gel\/","url_meta":{"origin":24023,"position":1},"title":"NEUTROGENA RAPID CLEAR ACNE ELIMINATING SPOT GEL","author":"admin","date":"November 10, 2022","format":false,"excerpt":"D\u00e9couvrez le traitement rapide et transparent de l'acn\u00e9 \u00e0 l'acide salicylique avec hamam\u00e9lis de la marque Neutrogena. Ce gel contre l'acn\u00e9 est l'ajout parfait \u00e0 votre routine de soins de la peau pour pr\u00e9venir et traiter les boutons. Con\u00e7u pour les peaux sujettes \u00e0 l'acn\u00e9, il \u00e9limine rapidement les \u00e9ruptions\u2026","rel":"","context":"Similar post","block_context":{"text":"Similar post","link":""},"img":{"alt_text":"","src":"","width":0,"height":0},"classes":[]},{"id":30416,"url":"https:\/\/sakaba.mghosteur.com\/en\/product\/rapid-clear-2-in-1-fight-and-fade-toner\/","url_meta":{"origin":24023,"position":2},"title":"RAPID CLEAR 2 IN 1 FIGHT AND FADE TONER","author":"admin","date":"May 10, 2023","format":false,"excerpt":"Le Rapid Clear 2-en-1 Fight & Fade Toner de la marque Neutrogena est un toner innovant con\u00e7u pour lutter efficacement contre l'acn\u00e9 et les marques post-acn\u00e9iques. Gr\u00e2ce \u00e0 sa formule unique \u00e0 base d'acide salicylique et glycolique, ce toner agit rapidement pour r\u00e9duire les \u00e9ruptions cutan\u00e9es en quelques heures seulement.\u2026","rel":"","context":"Similar post","block_context":{"text":"Similar post","link":""},"img":{"alt_text":"","src":"","width":0,"height":0},"classes":[]},{"id":30347,"url":"https:\/\/sakaba.mghosteur.com\/en\/product\/neutrogena-oil-free-acne-wash-scrub\/","url_meta":{"origin":24023,"position":3},"title":"NEUTROGENA OIL FREE ACNE WASH SCRUB","author":"admin","date":"May 8, 2023","format":false,"excerpt":"Le Nettoyant Moussant pour le Visage Anti-acn\u00e9 Neutrogena au Pamplemousse Rose est un gommage facial moussant con\u00e7u pour aider \u00e0 traiter les \u00e9ruptions cutan\u00e9es tout en exfoliant en douceur votre peau. Il est formul\u00e9 avec une technologie MicroClear et un m\u00e9dicament contre l'acn\u00e9 \u00e0 l'acide salicylique de force maximale pour\u2026","rel":"","context":"Similar post","block_context":{"text":"Similar post","link":""},"img":{"alt_text":"","src":"","width":0,"height":0},"classes":[]},{"id":24287,"url":"https:\/\/sakaba.mghosteur.com\/en\/product\/neutrogena-oil-free-acne-moisturizer-pink-grapefruit\/","url_meta":{"origin":24023,"position":4},"title":"Neutrogena Oil-Free Acne Moisturizer pink grapefruit","author":"admin","date":"November 9, 2022","format":false,"excerpt":"Description du produit : L'hydratant pour le visage contre l'acn\u00e9 au pamplemousse rose de la marque NEUTROGENA est un produit l\u00e9ger et non com\u00e9dog\u00e8ne qui hydrate et combat les \u00e9ruptions cutan\u00e9es pour obtenir une peau claire et douce. Sa formule sans huile et \u00e0 base d'acide salicylique aide \u00e0 \u00e9liminer\u2026","rel":"","context":"Similar post","block_context":{"text":"Similar post","link":""},"img":{"alt_text":"","src":"","width":0,"height":0},"classes":[]},{"id":31566,"url":"https:\/\/sakaba.mghosteur.com\/en\/product\/cosrx-master-pacth-set-90-patches-4\/","url_meta":{"origin":24023,"position":5},"title":"COSRX MASTER PATCH SET 90 PATCHES","author":"admin","date":"May 10, 2024","format":false,"excerpt":"D\u00e9couvrez ce produit r\u00e9volutionnaire pour une peau impeccable et \u00e9clatante. Con\u00e7u pour prot\u00e9ger votre peau des irritations ext\u00e9rieures et des contaminants, ce produit est votre alli\u00e9 ultime contre les imperfections. Gr\u00e2ce \u00e0 sa formule innovante, il aide \u00e0 r\u00e9duire visiblement les rougeurs tout en absorbant l'exc\u00e8s de s\u00e9bum et les\u2026","rel":"","context":"Similar post","block_context":{"text":"Similar post","link":""},"img":{"alt_text":"","src":"","width":0,"height":0},"classes":[]}],"_links":{"self":[{"href":"https:\/\/sakaba.mghosteur.com\/en\/wp-json\/wp\/v2\/product\/24023","targetHints":{"allow":["GET"]}}],"collection":[{"href":"https:\/\/sakaba.mghosteur.com\/en\/wp-json\/wp\/v2\/product"}],"about":[{"href":"https:\/\/sakaba.mghosteur.com\/en\/wp-json\/wp\/v2\/types\/product"}],"replies":[{"embeddable":true,"href":"https:\/\/sakaba.mghosteur.com\/en\/wp-json\/wp\/v2\/comments?post=24023"}],"version-history":[{"count":0,"href":"https:\/\/sakaba.mghosteur.com\/en\/wp-json\/wp\/v2\/product\/24023\/revisions"}],"wp:attachment":[{"href":"https:\/\/sakaba.mghosteur.com\/en\/wp-json\/wp\/v2\/media?parent=24023"}],"wp:term":[{"taxonomy":"product_brand","embeddable":true,"href":"https:\/\/sakaba.mghosteur.com\/en\/wp-json\/wp\/v2\/product_brand?post=24023"},{"taxonomy":"product_cat","embeddable":true,"href":"https:\/\/sakaba.mghosteur.com\/en\/wp-json\/wp\/v2\/product_cat?post=24023"},{"taxonomy":"product_tag","embeddable":true,"href":"https:\/\/sakaba.mghosteur.com\/en\/wp-json\/wp\/v2\/product_tag?post=24023"}],"curies":[{"name":"wp","href":"https:\/\/api.w.org\/{rel}","templated":true}]}}