{"id":24035,"date":"2022-11-09T13:21:04","date_gmt":"2022-11-09T13:21:04","guid":{"rendered":"http:\/\/www.sakababeauty.com\/?post_type=product&#038;p=24035"},"modified":"2022-11-09T13:21:04","modified_gmt":"2022-11-09T13:21:04","slug":"lubriderm-daily-moisture-lotion","status":"publish","type":"product","link":"https:\/\/sakaba.mghosteur.com\/en\/product\/lubriderm-daily-moisture-lotion\/","title":{"rendered":"LUBRIDERM DAILY MOISTURE LOTION"},"content":{"rendered":"","protected":false},"excerpt":{"rendered":"","protected":false},"featured_media":0,"comment_status":"closed","ping_status":"closed","template":"","meta":[],"product_brand":[],"product_cat":[447],"product_tag":[],"class_list":{"0":"post-24035","1":"product","2":"type-product","3":"status-publish","5":"product_cat-aac-bain-et-corps","7":"first","8":"instock","9":"shipping-taxable","10":"product-type-simple"},"jetpack-related-posts":[{"id":24109,"url":"https:\/\/sakaba.mghosteur.com\/en\/product\/lubriderm-daily-moisture-lotion-for-sensitive-skin\/","url_meta":{"origin":24035,"position":0},"title":"Lubriderm Daily Moisture Lotion for Sensitive Skin","author":"admin","date":"November 9, 2022","format":false,"excerpt":"","rel":"","context":"Similar post","block_context":{"text":"Similar post","link":""},"img":{"alt_text":"","src":"","width":0,"height":0},"classes":[]},{"id":24041,"url":"https:\/\/sakaba.mghosteur.com\/en\/product\/lubriderm-advanced-therapy-moisturizing-lotion\/","url_meta":{"origin":24035,"position":1},"title":"Lubriderm Advanced Therapy Moisturizing Lotion","author":"admin","date":"November 9, 2022","format":false,"excerpt":"","rel":"","context":"Similar post","block_context":{"text":"Similar post","link":""},"img":{"alt_text":"","src":"","width":0,"height":0},"classes":[]},{"id":33388,"url":"https:\/\/sakaba.mghosteur.com\/en\/product\/scotch-porter-moisture-face-lotion\/","url_meta":{"origin":24035,"position":2},"title":"SCOTCH PORTER MOISTURE FACE LOTION","author":"admin","date":"May 21, 2024","format":false,"excerpt":"","rel":"","context":"Similar post","block_context":{"text":"Similar post","link":""},"img":{"alt_text":"","src":"","width":0,"height":0},"classes":[]},{"id":33308,"url":"https:\/\/sakaba.mghosteur.com\/en\/product\/shea-better-24h-moisture-body-lotion-vanilla-cashmere\/","url_meta":{"origin":24035,"position":3},"title":"SHEA BETTER 24H MOISTURE BODY LOTION VANILLA CASHMERE","author":"admin","date":"May 20, 2024","format":false,"excerpt":"","rel":"","context":"Similar post","block_context":{"text":"Similar post","link":""},"img":{"alt_text":"","src":"","width":0,"height":0},"classes":[]},{"id":24862,"url":"https:\/\/sakaba.mghosteur.com\/en\/product\/eos-24-moisture-body-lotion\/","url_meta":{"origin":24035,"position":4},"title":"EOS 24 MOISTURE BODY LOTION","author":"admin","date":"November 11, 2022","format":false,"excerpt":"La lotion corporelle hydratante 24 heures Eos Shea Better contient de l'huile de karit\u00e9 hydratante instantan\u00e9e et du beurre de karit\u00e9 \u00e0 protection longue dur\u00e9e qui p\u00e9n\u00e8tre rapidement pour une hydratation de 24 heures. Dites bonjour \u00e0\u2026 une absorption rapide, une peau l\u00e9g\u00e8re et douce et du karit\u00e9 durable. Dites\u2026","rel":"","context":"Similar post","block_context":{"text":"Similar post","link":""},"img":{"alt_text":"","src":"","width":0,"height":0},"classes":[]},{"id":33157,"url":"https:\/\/sakaba.mghosteur.com\/en\/product\/eos-24-moisture-body-lotion-pomegranate-raspberry\/","url_meta":{"origin":24035,"position":5},"title":"EOS 24 MOISTURE BODY LOTION POMEGRANATE RASPBERRY","author":"admin","date":"May 20, 2024","format":false,"excerpt":"La lotion corporelle hydratante 24 heures Eos Shea Better contient de l'huile de karit\u00e9 hydratante instantan\u00e9e et du beurre de karit\u00e9 \u00e0 protection longue dur\u00e9e qui p\u00e9n\u00e8tre rapidement pour une hydratation de 24 heures. Dites bonjour \u00e0\u2026 une absorption rapide, une peau l\u00e9g\u00e8re et douce et du karit\u00e9 durable. Dites\u2026","rel":"","context":"Similar post","block_context":{"text":"Similar post","link":""},"img":{"alt_text":"","src":"","width":0,"height":0},"classes":[]}],"_links":{"self":[{"href":"https:\/\/sakaba.mghosteur.com\/en\/wp-json\/wp\/v2\/product\/24035","targetHints":{"allow":["GET"]}}],"collection":[{"href":"https:\/\/sakaba.mghosteur.com\/en\/wp-json\/wp\/v2\/product"}],"about":[{"href":"https:\/\/sakaba.mghosteur.com\/en\/wp-json\/wp\/v2\/types\/product"}],"replies":[{"embeddable":true,"href":"https:\/\/sakaba.mghosteur.com\/en\/wp-json\/wp\/v2\/comments?post=24035"}],"version-history":[{"count":0,"href":"https:\/\/sakaba.mghosteur.com\/en\/wp-json\/wp\/v2\/product\/24035\/revisions"}],"wp:attachment":[{"href":"https:\/\/sakaba.mghosteur.com\/en\/wp-json\/wp\/v2\/media?parent=24035"}],"wp:term":[{"taxonomy":"product_brand","embeddable":true,"href":"https:\/\/sakaba.mghosteur.com\/en\/wp-json\/wp\/v2\/product_brand?post=24035"},{"taxonomy":"product_cat","embeddable":true,"href":"https:\/\/sakaba.mghosteur.com\/en\/wp-json\/wp\/v2\/product_cat?post=24035"},{"taxonomy":"product_tag","embeddable":true,"href":"https:\/\/sakaba.mghosteur.com\/en\/wp-json\/wp\/v2\/product_tag?post=24035"}],"curies":[{"name":"wp","href":"https:\/\/api.w.org\/{rel}","templated":true}]}}